{"id":7962,"date":"2022-02-11T12:37:48","date_gmt":"2022-02-11T12:37:48","guid":{"rendered":"https:\/\/www.etoilederose.fr\/?page_id=7962"},"modified":"2022-02-12T09:49:32","modified_gmt":"2022-02-12T09:49:32","slug":"le-bar-a-champagne","status":"publish","type":"page","link":"https:\/\/www.etoilederose.fr\/index.php\/tarifs-locations\/le-bar-a-champagne","title":{"rendered":"Le Bar \u00e0 Champagne"},"content":{"rendered":"\n<div class=\"wp-block-image is-style-default\"><figure class=\"aligncenter size-large is-resized\"><a href=\"https:\/\/www.etoilederose.fr\/wp-content\/uploads\/2022\/02\/Bar-a-Champagne-scaled.jpg\" rel=\"lightbox[7962]\"><img loading=\"lazy\" decoding=\"async\" src=\"https:\/\/www.etoilederose.fr\/wp-content\/uploads\/2022\/02\/Bar-a-Champagne-1024x683.jpg\" alt=\"Le Bar \u00e0 Champagne\" class=\"wp-image-7966\" width=\"545\" height=\"363\" srcset=\"https:\/\/www.etoilederose.fr\/wp-content\/uploads\/2022\/02\/Bar-a-Champagne-1024x683.jpg 1024w, https:\/\/www.etoilederose.fr\/wp-content\/uploads\/2022\/02\/Bar-a-Champagne-300x200.jpg 300w, https:\/\/www.etoilederose.fr\/wp-content\/uploads\/2022\/02\/Bar-a-Champagne-768x512.jpg 768w, https:\/\/www.etoilederose.fr\/wp-content\/uploads\/2022\/02\/Bar-a-Champagne-1536x1024.jpg 1536w, https:\/\/www.etoilederose.fr\/wp-content\/uploads\/2022\/02\/Bar-a-Champagne-2048x1365.jpg 2048w\" sizes=\"auto, (max-width: 545px) 100vw, 545px\" \/><\/a><figcaption>Le Bar \u00e0 Champagne<\/figcaption><\/figure><\/div>\n\n\n\n<p>Le Bar \u00e0 Champagne est un chariot unique en bois. en or et noir.  Une pyramide de flutes de Champagne illumin\u00e9e par une base LED se pose en son centre. Quand vous versez la boisson, les plateaux de s\u00e9paration redistribuent le Champagne dans chaque flute.  Les seaux \u00e0 Champagne, poubelles \u00e0 bouchons, etc toute la d\u00e9coration se base autour du noir et or. <\/p>\n\n\n\n<div class=\"wp-block-image is-style-default\"><figure class=\"aligncenter size-large is-resized\"><a href=\"https:\/\/www.etoilederose.fr\/wp-content\/uploads\/2022\/02\/J3bis-floute.jpg\" rel=\"lightbox[7962]\"><img loading=\"lazy\" decoding=\"async\" src=\"https:\/\/www.etoilederose.fr\/wp-content\/uploads\/2022\/02\/J3bis-floute-683x1024.jpg\" alt=\"Mari\u00e9s et leur bar \u00e0 Champagne\" class=\"wp-image-7995\" width=\"533\" height=\"800\" srcset=\"https:\/\/www.etoilederose.fr\/wp-content\/uploads\/2022\/02\/J3bis-floute-683x1024.jpg 683w, https:\/\/www.etoilederose.fr\/wp-content\/uploads\/2022\/02\/J3bis-floute-200x300.jpg 200w, https:\/\/www.etoilederose.fr\/wp-content\/uploads\/2022\/02\/J3bis-floute-768x1152.jpg 768w, https:\/\/www.etoilederose.fr\/wp-content\/uploads\/2022\/02\/J3bis-floute.jpg 1000w\" sizes=\"auto, (max-width: 533px) 100vw, 533px\" \/><\/a><figcaption>Mari\u00e9s et leur bar \u00e0 Champagne<\/figcaption><\/figure><\/div>\n\n\n\n<p>Louez le chariot pour sublimer l&rsquo;instant de votre choix ! Lors de votre vin d&rsquo;honneur vous pourrez porter un toast \u00e0 vos invit\u00e9s avec \u00e9l\u00e9gance, ou pour l&rsquo;ouverture de votre repas. Enfin , \u00e0 c\u00f4t\u00e9 de votre buffet de desserts afin de mettre en f\u00eate son arriv\u00e9e. A vous d&rsquo;avoir vos id\u00e9es et de d\u00e9velopper votre imagination pour l&rsquo;utiliser !<\/p>\n\n\n\n<p>Au salon du mariage de <a href=\"https:\/\/www.reims.fr\/\" target=\"_blank\" rel=\"noreferrer noopener\">Reims<\/a> avec Miss Champagne Ardenne. <\/p>\n\n\n\n<div class=\"wp-block-image is-style-default\"><figure class=\"aligncenter size-large is-resized\"><a href=\"https:\/\/www.etoilederose.fr\/wp-content\/uploads\/2022\/02\/Salon-2019-20.jpg\" rel=\"lightbox[7962]\"><img loading=\"lazy\" decoding=\"async\" src=\"https:\/\/www.etoilederose.fr\/wp-content\/uploads\/2022\/02\/Salon-2019-20-683x1024.jpg\" alt=\"Bar \u00e0 Champagne valid\u00e9 par Miss Champagne Ardenne\" class=\"wp-image-7991\" width=\"532\" height=\"798\" srcset=\"https:\/\/www.etoilederose.fr\/wp-content\/uploads\/2022\/02\/Salon-2019-20-683x1024.jpg 683w, https:\/\/www.etoilederose.fr\/wp-content\/uploads\/2022\/02\/Salon-2019-20-200x300.jpg 200w, https:\/\/www.etoilederose.fr\/wp-content\/uploads\/2022\/02\/Salon-2019-20-768x1152.jpg 768w, https:\/\/www.etoilederose.fr\/wp-content\/uploads\/2022\/02\/Salon-2019-20-1024x1536.jpg 1024w, https:\/\/www.etoilederose.fr\/wp-content\/uploads\/2022\/02\/Salon-2019-20-1365x2048.jpg 1365w, https:\/\/www.etoilederose.fr\/wp-content\/uploads\/2022\/02\/Salon-2019-20.jpg 1500w\" sizes=\"auto, (max-width: 532px) 100vw, 532px\" \/><\/a><figcaption>Valid\u00e9 par Miss Champagne Ardenne<\/figcaption><\/figure><\/div>\n\n\n\n<div class=\"wp-block-image is-style-default\"><figure class=\"aligncenter size-large is-resized\"><a href=\"https:\/\/www.etoilederose.fr\/wp-content\/uploads\/2022\/02\/J38.jpg\" rel=\"lightbox[7962]\"><img loading=\"lazy\" decoding=\"async\" src=\"https:\/\/www.etoilederose.fr\/wp-content\/uploads\/2022\/02\/J38-683x1024.jpg\" alt=\"Pyramide de flutes sur Bar \u00e0 Champagne\" class=\"wp-image-7971\" width=\"536\" height=\"803\" srcset=\"https:\/\/www.etoilederose.fr\/wp-content\/uploads\/2022\/02\/J38-683x1024.jpg 683w, https:\/\/www.etoilederose.fr\/wp-content\/uploads\/2022\/02\/J38-200x300.jpg 200w, https:\/\/www.etoilederose.fr\/wp-content\/uploads\/2022\/02\/J38-768x1152.jpg 768w, https:\/\/www.etoilederose.fr\/wp-content\/uploads\/2022\/02\/J38-1024x1536.jpg 1024w, https:\/\/www.etoilederose.fr\/wp-content\/uploads\/2022\/02\/J38.jpg 1200w\" sizes=\"auto, (max-width: 536px) 100vw, 536px\" \/><\/a><figcaption>Pyramide de flutes <\/figcaption><\/figure><\/div>\n\n\n\n<div class=\"wp-block-image is-style-default\"><figure class=\"aligncenter size-large is-resized\"><a href=\"https:\/\/www.etoilederose.fr\/wp-content\/uploads\/2022\/02\/9-OrvJPG-1.jpg\" rel=\"lightbox[7962]\"><img loading=\"lazy\" decoding=\"async\" src=\"https:\/\/www.etoilederose.fr\/wp-content\/uploads\/2022\/02\/9-OrvJPG-1-683x1024.jpg\" alt=\"Bar \u00e0 Champagne\" class=\"wp-image-7974\" width=\"543\" height=\"815\" srcset=\"https:\/\/www.etoilederose.fr\/wp-content\/uploads\/2022\/02\/9-OrvJPG-1-683x1024.jpg 683w, https:\/\/www.etoilederose.fr\/wp-content\/uploads\/2022\/02\/9-OrvJPG-1-200x300.jpg 200w, https:\/\/www.etoilederose.fr\/wp-content\/uploads\/2022\/02\/9-OrvJPG-1-768x1152.jpg 768w, https:\/\/www.etoilederose.fr\/wp-content\/uploads\/2022\/02\/9-OrvJPG-1-1024x1536.jpg 1024w, https:\/\/www.etoilederose.fr\/wp-content\/uploads\/2022\/02\/9-OrvJPG-1-1365x2048.jpg 1365w, https:\/\/www.etoilederose.fr\/wp-content\/uploads\/2022\/02\/9-OrvJPG-1.jpg 1500w\" sizes=\"auto, (max-width: 543px) 100vw, 543px\" \/><\/a><\/figure><\/div>\n\n\n\n<p>Il s&rsquo;adapte <a href=\"https:\/\/www.etoilederose.fr\/index.php\/quelques-realisations\/mariage-bronze-et-blanc\" target=\"_blank\" rel=\"noreferrer noopener\">\u00e0 tous les lieux<\/a> avec et avec sa hauteur majestueuse, en impose dans toutes les r\u00e9ceptions.<\/p>\n\n\n\n<p>Vous aussi , demandez votre devis pour la location du bar \u00e0 Champagne, il est unique et surprendra vos invit\u00e9s ! Exclusivement transport\u00e9 et install\u00e9 par nos soins, prix attractif, d\u00e9coration chic et \u00e9l\u00e9gante, il a tout pour plaire. Je livre partout en France. Il suffit de me donner la date et le lieu de votre \u00e9v\u00e9nement pour obtenir votre devis gratuit.<\/p>\n\n\n\n<p>En ext\u00e9rieur ou en int\u00e9rieur, nous nous adapterons \u00e0 toutes vos demandes. <a href=\"https:\/\/maisons-champagne.com\/\" target=\"_blank\" rel=\"noreferrer noopener\">Maisons de Champagne<\/a>, pr\u00e9sentez votre nouvelle cuv\u00e9e avec gr\u00e2ce. Possibilit\u00e9 d&rsquo;ajouter vos supports publicitaires, seaux \u00e0 Champagne personnalis\u00e9s, flutes grav\u00e9es.. sur simple demande.<\/p>\n\n\n\nngg_shortcode_0_placeholder\n","protected":false},"excerpt":{"rendered":"<p>Le Bar \u00e0 Champagne est un chariot unique en bois. en or et noir. Une pyramide de flutes de Champagne illumin\u00e9e par une base LED se pose en son centre. Quand vous versez la boisson, les plateaux de s\u00e9paration redistribuent le Champagne dans chaque flute. Les seaux \u00e0 Champagne, poubelles \u00e0 bouchons, etc toute la [&hellip;]<\/p>\n","protected":false},"author":1,"featured_media":0,"parent":458,"menu_order":10,"comment_status":"closed","ping_status":"closed","template":"","meta":{"ngg_post_thumbnail":0,"footnotes":"","_links_to":"","_links_to_target":""},"class_list":["post-7962","page","type-page","status-publish","hentry"],"yoast_head":"<!-- This site is optimized with the Yoast SEO plugin v21.5 - https:\/\/yoast.com\/wordpress\/plugins\/seo\/ -->\n<title>Le Bar \u00e0 Champagne | Etoile de rose<\/title>\n<meta name=\"description\" content=\"Le Bar \u00e0 Champagne est un chariot pr\u00e9sentant une pyramide de flutes e Champagne sur une base lumineuse. Une location exclusive \u00c9toile de rose\" \/>\n<meta name=\"robots\" content=\"index, follow, max-snippet:-1, max-image-preview:large, max-video-preview:-1\" \/>\n<link rel=\"canonical\" href=\"https:\/\/www.etoilederose.fr\/index.php\/tarifs-locations\/le-bar-a-champagne\" \/>\n<meta name=\"twitter:label1\" content=\"Dur\u00e9e de lecture estim\u00e9e\" \/>\n\t<meta name=\"twitter:data1\" content=\"3 minutes\" \/>\n<script type=\"application\/ld+json\" class=\"yoast-schema-graph\">{\"@context\":\"https:\/\/schema.org\",\"@graph\":[{\"@type\":\"WebPage\",\"@id\":\"https:\/\/www.etoilederose.fr\/index.php\/tarifs-locations\/le-bar-a-champagne\",\"url\":\"https:\/\/www.etoilederose.fr\/index.php\/tarifs-locations\/le-bar-a-champagne\",\"name\":\"Le Bar \u00e0 Champagne | Etoile de rose\",\"isPartOf\":{\"@id\":\"https:\/\/www.etoilederose.fr\/#website\"},\"datePublished\":\"2022-02-11T12:37:48+00:00\",\"dateModified\":\"2022-02-12T09:49:32+00:00\",\"description\":\"Le Bar \u00e0 Champagne est un chariot pr\u00e9sentant une pyramide de flutes e Champagne sur une base lumineuse. Une location exclusive \u00c9toile de rose\",\"breadcrumb\":{\"@id\":\"https:\/\/www.etoilederose.fr\/index.php\/tarifs-locations\/le-bar-a-champagne#breadcrumb\"},\"inLanguage\":\"fr-FR\",\"potentialAction\":[{\"@type\":\"ReadAction\",\"target\":[\"https:\/\/www.etoilederose.fr\/index.php\/tarifs-locations\/le-bar-a-champagne\"]}]},{\"@type\":\"BreadcrumbList\",\"@id\":\"https:\/\/www.etoilederose.fr\/index.php\/tarifs-locations\/le-bar-a-champagne#breadcrumb\",\"itemListElement\":[{\"@type\":\"ListItem\",\"position\":1,\"name\":\"Home\",\"item\":\"https:\/\/www.etoilederose.fr\/\"},{\"@type\":\"ListItem\",\"position\":2,\"name\":\"Tarifs Locations\",\"item\":\"https:\/\/www.etoilederose.fr\/index.php\/tarifs-locations\"},{\"@type\":\"ListItem\",\"position\":3,\"name\":\"Le Bar \u00e0 Champagne\"}]},{\"@type\":\"WebSite\",\"@id\":\"https:\/\/www.etoilederose.fr\/#website\",\"url\":\"https:\/\/www.etoilederose.fr\/\",\"name\":\"Etoile de rose\",\"description\":\"Etoile de rose D\u00e9coration \u00e9v\u00e9nementielle\",\"publisher\":{\"@id\":\"https:\/\/www.etoilederose.fr\/#\/schema\/person\/2d9d1db00dba3c640fa38b8b1abbdcaf\"},\"potentialAction\":[{\"@type\":\"SearchAction\",\"target\":{\"@type\":\"EntryPoint\",\"urlTemplate\":\"https:\/\/www.etoilederose.fr\/?s={search_term_string}\"},\"query-input\":\"required name=search_term_string\"}],\"inLanguage\":\"fr-FR\"},{\"@type\":[\"Person\",\"Organization\"],\"@id\":\"https:\/\/www.etoilederose.fr\/#\/schema\/person\/2d9d1db00dba3c640fa38b8b1abbdcaf\",\"name\":\"admin\",\"image\":{\"@type\":\"ImageObject\",\"inLanguage\":\"fr-FR\",\"@id\":\"https:\/\/www.etoilederose.fr\/#\/schema\/person\/image\/\",\"url\":\"https:\/\/www.etoilederose.fr\/wp-content\/uploads\/2026\/01\/logo_noir.jpg\",\"contentUrl\":\"https:\/\/www.etoilederose.fr\/wp-content\/uploads\/2026\/01\/logo_noir.jpg\",\"width\":1150,\"height\":1150,\"caption\":\"admin\"},\"logo\":{\"@id\":\"https:\/\/www.etoilederose.fr\/#\/schema\/person\/image\/\"},\"description\":\"D\u00e9coratrice \u00e9v\u00e9nementiel depuis 15 ans, je me suis dirig\u00e9e depuis 8 ans dans le domaine de la d\u00e9coration de vitrines de magasins.\",\"sameAs\":[\"http:\/\/www.etoilederose.fr\",\"https:\/\/www.facebook.com\/etoilederose.fr\/?ref=aymt_homepage_panel\",\"https:\/\/www.instagram.com\/etoile.de.rose\/\",\"https:\/\/twitter.com\/https:\/\/twitter.com\/wwwetoilederose?lang=fr\"]}]}<\/script>\n<!-- \/ Yoast SEO plugin. -->","yoast_head_json":{"title":"Le Bar \u00e0 Champagne | Etoile de rose","description":"Le Bar \u00e0 Champagne est un chariot pr\u00e9sentant une pyramide de flutes e Champagne sur une base lumineuse. Une location exclusive \u00c9toile de rose","robots":{"index":"index","follow":"follow","max-snippet":"max-snippet:-1","max-image-preview":"max-image-preview:large","max-video-preview":"max-video-preview:-1"},"canonical":"https:\/\/www.etoilederose.fr\/index.php\/tarifs-locations\/le-bar-a-champagne","twitter_misc":{"Dur\u00e9e de lecture estim\u00e9e":"3 minutes"},"schema":{"@context":"https:\/\/schema.org","@graph":[{"@type":"WebPage","@id":"https:\/\/www.etoilederose.fr\/index.php\/tarifs-locations\/le-bar-a-champagne","url":"https:\/\/www.etoilederose.fr\/index.php\/tarifs-locations\/le-bar-a-champagne","name":"Le Bar \u00e0 Champagne | Etoile de rose","isPartOf":{"@id":"https:\/\/www.etoilederose.fr\/#website"},"datePublished":"2022-02-11T12:37:48+00:00","dateModified":"2022-02-12T09:49:32+00:00","description":"Le Bar \u00e0 Champagne est un chariot pr\u00e9sentant une pyramide de flutes e Champagne sur une base lumineuse. Une location exclusive \u00c9toile de rose","breadcrumb":{"@id":"https:\/\/www.etoilederose.fr\/index.php\/tarifs-locations\/le-bar-a-champagne#breadcrumb"},"inLanguage":"fr-FR","potentialAction":[{"@type":"ReadAction","target":["https:\/\/www.etoilederose.fr\/index.php\/tarifs-locations\/le-bar-a-champagne"]}]},{"@type":"BreadcrumbList","@id":"https:\/\/www.etoilederose.fr\/index.php\/tarifs-locations\/le-bar-a-champagne#breadcrumb","itemListElement":[{"@type":"ListItem","position":1,"name":"Home","item":"https:\/\/www.etoilederose.fr\/"},{"@type":"ListItem","position":2,"name":"Tarifs Locations","item":"https:\/\/www.etoilederose.fr\/index.php\/tarifs-locations"},{"@type":"ListItem","position":3,"name":"Le Bar \u00e0 Champagne"}]},{"@type":"WebSite","@id":"https:\/\/www.etoilederose.fr\/#website","url":"https:\/\/www.etoilederose.fr\/","name":"Etoile de rose","description":"Etoile de rose D\u00e9coration \u00e9v\u00e9nementielle","publisher":{"@id":"https:\/\/www.etoilederose.fr\/#\/schema\/person\/2d9d1db00dba3c640fa38b8b1abbdcaf"},"potentialAction":[{"@type":"SearchAction","target":{"@type":"EntryPoint","urlTemplate":"https:\/\/www.etoilederose.fr\/?s={search_term_string}"},"query-input":"required name=search_term_string"}],"inLanguage":"fr-FR"},{"@type":["Person","Organization"],"@id":"https:\/\/www.etoilederose.fr\/#\/schema\/person\/2d9d1db00dba3c640fa38b8b1abbdcaf","name":"admin","image":{"@type":"ImageObject","inLanguage":"fr-FR","@id":"https:\/\/www.etoilederose.fr\/#\/schema\/person\/image\/","url":"https:\/\/www.etoilederose.fr\/wp-content\/uploads\/2026\/01\/logo_noir.jpg","contentUrl":"https:\/\/www.etoilederose.fr\/wp-content\/uploads\/2026\/01\/logo_noir.jpg","width":1150,"height":1150,"caption":"admin"},"logo":{"@id":"https:\/\/www.etoilederose.fr\/#\/schema\/person\/image\/"},"description":"D\u00e9coratrice \u00e9v\u00e9nementiel depuis 15 ans, je me suis dirig\u00e9e depuis 8 ans dans le domaine de la d\u00e9coration de vitrines de magasins.","sameAs":["http:\/\/www.etoilederose.fr","https:\/\/www.facebook.com\/etoilederose.fr\/?ref=aymt_homepage_panel","https:\/\/www.instagram.com\/etoile.de.rose\/","https:\/\/twitter.com\/https:\/\/twitter.com\/wwwetoilederose?lang=fr"]}]}},"_links":{"self":[{"href":"https:\/\/www.etoilederose.fr\/index.php\/wp-json\/wp\/v2\/pages\/7962","targetHints":{"allow":["GET"]}}],"collection":[{"href":"https:\/\/www.etoilederose.fr\/index.php\/wp-json\/wp\/v2\/pages"}],"about":[{"href":"https:\/\/www.etoilederose.fr\/index.php\/wp-json\/wp\/v2\/types\/page"}],"author":[{"embeddable":true,"href":"https:\/\/www.etoilederose.fr\/index.php\/wp-json\/wp\/v2\/users\/1"}],"replies":[{"embeddable":true,"href":"https:\/\/www.etoilederose.fr\/index.php\/wp-json\/wp\/v2\/comments?post=7962"}],"version-history":[{"count":10,"href":"https:\/\/www.etoilederose.fr\/index.php\/wp-json\/wp\/v2\/pages\/7962\/revisions"}],"predecessor-version":[{"id":8102,"href":"https:\/\/www.etoilederose.fr\/index.php\/wp-json\/wp\/v2\/pages\/7962\/revisions\/8102"}],"up":[{"embeddable":true,"href":"https:\/\/www.etoilederose.fr\/index.php\/wp-json\/wp\/v2\/pages\/458"}],"wp:attachment":[{"href":"https:\/\/www.etoilederose.fr\/index.php\/wp-json\/wp\/v2\/media?parent=7962"}],"curies":[{"name":"wp","href":"https:\/\/api.w.org\/{rel}","templated":true}]}}