{"id":7886,"date":"2022-02-10T17:57:54","date_gmt":"2022-02-10T17:57:54","guid":{"rendered":"https:\/\/www.etoilederose.fr\/?page_id=7886"},"modified":"2022-02-12T09:46:31","modified_gmt":"2022-02-12T09:46:31","slug":"mariage-marine-et-blanc","status":"publish","type":"page","link":"https:\/\/www.etoilederose.fr\/index.php\/quelques-realisations\/mariage-marine-et-blanc","title":{"rendered":"Mariage marine et blanc"},"content":{"rendered":"\n<div class=\"wp-block-image is-style-default\"><figure class=\"aligncenter size-large is-resized\"><a href=\"https:\/\/www.etoilederose.fr\/wp-content\/uploads\/2022\/02\/J41.jpg\" rel=\"lightbox[7886]\"><img loading=\"lazy\" decoding=\"async\" src=\"https:\/\/www.etoilederose.fr\/wp-content\/uploads\/2022\/02\/J41-1024x683.jpg\" alt=\"Mariage marine et blanc\" class=\"wp-image-7887\" width=\"543\" height=\"362\" srcset=\"https:\/\/www.etoilederose.fr\/wp-content\/uploads\/2022\/02\/J41-1024x683.jpg 1024w, https:\/\/www.etoilederose.fr\/wp-content\/uploads\/2022\/02\/J41-300x200.jpg 300w, https:\/\/www.etoilederose.fr\/wp-content\/uploads\/2022\/02\/J41-768x512.jpg 768w, https:\/\/www.etoilederose.fr\/wp-content\/uploads\/2022\/02\/J41.jpg 1200w\" sizes=\"auto, (max-width: 543px) 100vw, 543px\" \/><\/a><figcaption>Mariage marine et blanc<\/figcaption><\/figure><\/div>\n\n\n\n<p>Ce mariage marine et blanc nous permet presque de partir en vacances le temps d&rsquo;un week-end. Pourtant il a lieu au <a href=\"https:\/\/www.jschweitzer.fr\/monuments-eglises-ch%C3%A2teaux-h%C3%B4pitaux\/ch%C3%A2teaux-de-l-aube\/ch%C3%A2teau-de-rosi%C3%A8res\/\" target=\"_blank\" rel=\"noreferrer noopener\">Ch\u00e2teau de Rosi\u00e8res<\/a>, dans un domaine priv\u00e9 dans l&rsquo;Aube. <\/p>\n\n\n\n<p>Dans un premier temps, d\u00e9couvrons le vin d&rsquo;honneur et son bar \u00e0 Champagne, mod\u00e8le unique par \u00c9toile de rose. Le bar \u00e0 Champagne est un mod\u00e8le unique de chariot avec une base lumineuse sur laquelle on pose une pyramide de flutes de Champagne. Les flutes sont fournies avec , et les s\u00e9parations \u00e9galement. Elles r\u00e9partissent le Champagne dans chaque flute. Il permet de porter un toast lors d&rsquo;un vin d&rsquo;honneur, ou pour ouvrir votre repas, ou pour partager le Champagne au dessert.<\/p>\n\n\n\n<p>Il peut \u00eatre plac\u00e9 au vin d&rsquo;honneur puis, dans la salle de r\u00e9ception, sur simple demande.<\/p>\n\n\n\n<div class=\"wp-block-image is-style-default\"><figure class=\"aligncenter size-large is-resized\"><a href=\"https:\/\/www.etoilederose.fr\/wp-content\/uploads\/2022\/02\/J10.jpg\" rel=\"lightbox[7886]\"><img loading=\"lazy\" decoding=\"async\" src=\"https:\/\/www.etoilederose.fr\/wp-content\/uploads\/2022\/02\/J10-683x1024.jpg\" alt=\"Bar \u00e0 Champagne\" class=\"wp-image-7891\" width=\"537\" height=\"806\" srcset=\"https:\/\/www.etoilederose.fr\/wp-content\/uploads\/2022\/02\/J10-683x1024.jpg 683w, https:\/\/www.etoilederose.fr\/wp-content\/uploads\/2022\/02\/J10-200x300.jpg 200w, https:\/\/www.etoilederose.fr\/wp-content\/uploads\/2022\/02\/J10-768x1152.jpg 768w, https:\/\/www.etoilederose.fr\/wp-content\/uploads\/2022\/02\/J10-1024x1536.jpg 1024w, https:\/\/www.etoilederose.fr\/wp-content\/uploads\/2022\/02\/J10.jpg 1200w\" sizes=\"auto, (max-width: 537px) 100vw, 537px\" \/><\/a><figcaption>Bar \u00e0 Champagne<\/figcaption><\/figure><\/div>\n\n\n\nngg_shortcode_0_placeholder\n\n\n\n<p>Je souligne la d\u00e9coration du buffet de vin d&rsquo;honneur dans le th\u00e8me, \u00eeles, bleu et blanc. On retrouve les coquillages, les arums, le sable les cailloux, caisses en bois, lanternes.. l&rsquo;imagination fait le reste.<\/p>\n\n\n\n<div class=\"wp-block-image is-style-default\"><figure class=\"aligncenter size-large is-resized\"><a href=\"https:\/\/www.etoilederose.fr\/wp-content\/uploads\/2022\/02\/J8.jpg\" rel=\"lightbox[7886]\"><img loading=\"lazy\" decoding=\"async\" src=\"https:\/\/www.etoilederose.fr\/wp-content\/uploads\/2022\/02\/J8-683x1024.jpg\" alt=\"D\u00e9coration de vin d'honneur en bleu et blanc\" class=\"wp-image-7907\" width=\"538\" height=\"807\" srcset=\"https:\/\/www.etoilederose.fr\/wp-content\/uploads\/2022\/02\/J8-683x1024.jpg 683w, https:\/\/www.etoilederose.fr\/wp-content\/uploads\/2022\/02\/J8-200x300.jpg 200w, https:\/\/www.etoilederose.fr\/wp-content\/uploads\/2022\/02\/J8-768x1152.jpg 768w, https:\/\/www.etoilederose.fr\/wp-content\/uploads\/2022\/02\/J8-1024x1536.jpg 1024w, https:\/\/www.etoilederose.fr\/wp-content\/uploads\/2022\/02\/J8.jpg 1200w\" sizes=\"auto, (max-width: 538px) 100vw, 538px\" \/><\/a><figcaption>D\u00e9coration de vin d&rsquo;honneur en bleu et blanc<\/figcaption><\/figure><\/div>\n\n\n\nngg_shortcode_1_placeholder\n\n\n\n<p>Tentures et LEDS au plafond dans la salle du ch\u00e2teau<\/p>\n\n\n\n<div class=\"wp-block-image is-style-default\"><figure class=\"aligncenter size-large is-resized\"><a href=\"https:\/\/www.etoilederose.fr\/wp-content\/uploads\/2022\/02\/J21.jpg\" rel=\"lightbox[7886]\"><img loading=\"lazy\" decoding=\"async\" src=\"https:\/\/www.etoilederose.fr\/wp-content\/uploads\/2022\/02\/J21-1024x683.jpg\" alt=\"Tentures et guirlandes de LEDS\" class=\"wp-image-7919\" width=\"545\" height=\"362\" srcset=\"https:\/\/www.etoilederose.fr\/wp-content\/uploads\/2022\/02\/J21-300x200.jpg 300w, https:\/\/www.etoilederose.fr\/wp-content\/uploads\/2022\/02\/J21-768x512.jpg 768w, https:\/\/www.etoilederose.fr\/wp-content\/uploads\/2022\/02\/J21.jpg 1200w\" sizes=\"auto, (max-width: 545px) 100vw, 545px\" \/><\/a><figcaption>Tentures et guirlandes de LEDS, mariage marine et blanc <\/figcaption><\/figure><\/div>\n\n\n\n<p>Sur les tables, les invit\u00e9s trouvent un coquillages avec une \u00e9tiquette pour indiquer leur emplacement. Du sable rappelle la plage et les \u00eeles. Les serviettes sont en intiss\u00e9, roul\u00e9.<\/p>\n\n\n\n<p>2 rubans satin marine et turquoise courent le long des tables et rappellent le th\u00e8me marine et blanc <\/p>\n\n\n\n<div class=\"wp-block-image is-style-default\"><figure class=\"aligncenter size-large is-resized\"><a href=\"https:\/\/www.etoilederose.fr\/wp-content\/uploads\/2022\/02\/J25.jpg\" rel=\"lightbox[7886]\"><img loading=\"lazy\" decoding=\"async\" src=\"https:\/\/www.etoilederose.fr\/wp-content\/uploads\/2022\/02\/J25-1024x683.jpg\" alt=\"Marque-place coquillage\" class=\"wp-image-7920\" width=\"541\" height=\"360\" srcset=\"https:\/\/www.etoilederose.fr\/wp-content\/uploads\/2022\/02\/J25-1024x683.jpg 1024w, https:\/\/www.etoilederose.fr\/wp-content\/uploads\/2022\/02\/J25-300x200.jpg 300w, https:\/\/www.etoilederose.fr\/wp-content\/uploads\/2022\/02\/J25-768x512.jpg 768w, https:\/\/www.etoilederose.fr\/wp-content\/uploads\/2022\/02\/J25.jpg 1200w\" sizes=\"auto, (max-width: 541px) 100vw, 541px\" \/><\/a><figcaption>Marque-place coquillage et \u00e9tiquette marine et blanc<\/figcaption><\/figure><\/div>\n\n\n\nngg_shortcode_2_placeholder\n\n\n\n<p>Nous retrouvons les <a href=\"https:\/\/www.etoilederose.fr\/wp-content\/uploads\/2022\/02\/Housse-de-chaise.jpg\" target=\"_blank\" rel=\"noreferrer noopener\" rel=\"lightbox[7886]\">housses de chaises<\/a> en lycra, <a href=\"https:\/\/www.etoilederose.fr\/wp-content\/uploads\/2022\/02\/Ruban-noeud1-.jpg\" target=\"_blank\" rel=\"noreferrer noopener\" rel=\"lightbox[7886]\">les noeuds en organza<\/a> couleur marine qui habillent d\u00e9j\u00e0 la salle de leur installation. 2 <a href=\"https:\/\/www.etoilederose.fr\/wp-content\/uploads\/2022\/02\/Vase-martini-loc.jpg\" target=\"_blank\" rel=\"noreferrer noopener\" rel=\"lightbox[7886]\">vases martini<\/a> avec <a href=\"https:\/\/www.etoilederose.fr\/wp-content\/uploads\/2022\/02\/Billes-de-gel-.jpg\" target=\"_blank\" rel=\"noreferrer noopener\" rel=\"lightbox[7886]\">billes de gel<\/a> et <a href=\"https:\/\/www.etoilederose.fr\/wp-content\/uploads\/2022\/02\/Base-LEDS-.jpg\" target=\"_blank\" rel=\"noreferrer noopener\" rel=\"lightbox[7886]\">LED submersibles<\/a> marquent l&#8217;emplacement des mari\u00e9s sur cette grande table.<\/p>\n","protected":false},"excerpt":{"rendered":"<p>Ce mariage marine et blanc nous permet presque de partir en vacances le temps d&rsquo;un week-end. Pourtant il a lieu au Ch\u00e2teau de Rosi\u00e8res, dans un domaine priv\u00e9 dans l&rsquo;Aube. Dans un premier temps, d\u00e9couvrons le vin d&rsquo;honneur et son bar \u00e0 Champagne, mod\u00e8le unique par \u00c9toile de rose. Le bar \u00e0 Champagne est un [&hellip;]<\/p>\n","protected":false},"author":1,"featured_media":0,"parent":25,"menu_order":40,"comment_status":"closed","ping_status":"closed","template":"","meta":{"ngg_post_thumbnail":0,"footnotes":"","_links_to":"","_links_to_target":""},"class_list":["post-7886","page","type-page","status-publish","hentry"],"yoast_head":"<!-- This site is optimized with the Yoast SEO plugin v21.5 - https:\/\/yoast.com\/wordpress\/plugins\/seo\/ -->\n<title>Mariage marine et blanc | Etoile de rose | Location de Bar \u00e0 Champagne<\/title>\n<meta name=\"description\" content=\"Mariage marine et blanc au Ch\u00e2teau de Rosi\u00e8res, m\u00e9lang\u00e9 au th\u00e8me des \u00eeles. Location bar \u00e0 Champagne pour le vin d&#039;honneur, \u00c9toile de rose\" \/>\n<meta name=\"robots\" content=\"index, follow, max-snippet:-1, max-image-preview:large, max-video-preview:-1\" \/>\n<link rel=\"canonical\" href=\"https:\/\/www.etoilederose.fr\/index.php\/quelques-realisations\/mariage-marine-et-blanc\" \/>\n<meta name=\"twitter:label1\" content=\"Dur\u00e9e de lecture estim\u00e9e\" \/>\n\t<meta name=\"twitter:data1\" content=\"3 minutes\" \/>\n<script type=\"application\/ld+json\" class=\"yoast-schema-graph\">{\"@context\":\"https:\/\/schema.org\",\"@graph\":[{\"@type\":\"WebPage\",\"@id\":\"https:\/\/www.etoilederose.fr\/index.php\/quelques-realisations\/mariage-marine-et-blanc\",\"url\":\"https:\/\/www.etoilederose.fr\/index.php\/quelques-realisations\/mariage-marine-et-blanc\",\"name\":\"Mariage marine et blanc | Etoile de rose | Location de Bar \u00e0 Champagne\",\"isPartOf\":{\"@id\":\"https:\/\/www.etoilederose.fr\/#website\"},\"datePublished\":\"2022-02-10T17:57:54+00:00\",\"dateModified\":\"2022-02-12T09:46:31+00:00\",\"description\":\"Mariage marine et blanc au Ch\u00e2teau de Rosi\u00e8res, m\u00e9lang\u00e9 au th\u00e8me des \u00eeles. Location bar \u00e0 Champagne pour le vin d'honneur, \u00c9toile de rose\",\"breadcrumb\":{\"@id\":\"https:\/\/www.etoilederose.fr\/index.php\/quelques-realisations\/mariage-marine-et-blanc#breadcrumb\"},\"inLanguage\":\"fr-FR\",\"potentialAction\":[{\"@type\":\"ReadAction\",\"target\":[\"https:\/\/www.etoilederose.fr\/index.php\/quelques-realisations\/mariage-marine-et-blanc\"]}]},{\"@type\":\"BreadcrumbList\",\"@id\":\"https:\/\/www.etoilederose.fr\/index.php\/quelques-realisations\/mariage-marine-et-blanc#breadcrumb\",\"itemListElement\":[{\"@type\":\"ListItem\",\"position\":1,\"name\":\"Home\",\"item\":\"https:\/\/www.etoilederose.fr\/\"},{\"@type\":\"ListItem\",\"position\":2,\"name\":\"R\u00e9alisations\",\"item\":\"https:\/\/www.etoilederose.fr\/index.php\/quelques-realisations\"},{\"@type\":\"ListItem\",\"position\":3,\"name\":\"Mariage marine et blanc\"}]},{\"@type\":\"WebSite\",\"@id\":\"https:\/\/www.etoilederose.fr\/#website\",\"url\":\"https:\/\/www.etoilederose.fr\/\",\"name\":\"Etoile de rose\",\"description\":\"Etoile de rose D\u00e9coration \u00e9v\u00e9nementielle\",\"publisher\":{\"@id\":\"https:\/\/www.etoilederose.fr\/#\/schema\/person\/2d9d1db00dba3c640fa38b8b1abbdcaf\"},\"potentialAction\":[{\"@type\":\"SearchAction\",\"target\":{\"@type\":\"EntryPoint\",\"urlTemplate\":\"https:\/\/www.etoilederose.fr\/?s={search_term_string}\"},\"query-input\":\"required name=search_term_string\"}],\"inLanguage\":\"fr-FR\"},{\"@type\":[\"Person\",\"Organization\"],\"@id\":\"https:\/\/www.etoilederose.fr\/#\/schema\/person\/2d9d1db00dba3c640fa38b8b1abbdcaf\",\"name\":\"admin\",\"image\":{\"@type\":\"ImageObject\",\"inLanguage\":\"fr-FR\",\"@id\":\"https:\/\/www.etoilederose.fr\/#\/schema\/person\/image\/\",\"url\":\"https:\/\/www.etoilederose.fr\/wp-content\/uploads\/2026\/01\/logo_noir.jpg\",\"contentUrl\":\"https:\/\/www.etoilederose.fr\/wp-content\/uploads\/2026\/01\/logo_noir.jpg\",\"width\":1150,\"height\":1150,\"caption\":\"admin\"},\"logo\":{\"@id\":\"https:\/\/www.etoilederose.fr\/#\/schema\/person\/image\/\"},\"description\":\"D\u00e9coratrice \u00e9v\u00e9nementiel depuis 15 ans, je me suis dirig\u00e9e depuis 8 ans dans le domaine de la d\u00e9coration de vitrines de magasins.\",\"sameAs\":[\"http:\/\/www.etoilederose.fr\",\"https:\/\/www.facebook.com\/etoilederose.fr\/?ref=aymt_homepage_panel\",\"https:\/\/www.instagram.com\/etoile.de.rose\/\",\"https:\/\/twitter.com\/https:\/\/twitter.com\/wwwetoilederose?lang=fr\"]}]}<\/script>\n<!-- \/ Yoast SEO plugin. -->","yoast_head_json":{"title":"Mariage marine et blanc | Etoile de rose | Location de Bar \u00e0 Champagne","description":"Mariage marine et blanc au Ch\u00e2teau de Rosi\u00e8res, m\u00e9lang\u00e9 au th\u00e8me des \u00eeles. Location bar \u00e0 Champagne pour le vin d'honneur, \u00c9toile de rose","robots":{"index":"index","follow":"follow","max-snippet":"max-snippet:-1","max-image-preview":"max-image-preview:large","max-video-preview":"max-video-preview:-1"},"canonical":"https:\/\/www.etoilederose.fr\/index.php\/quelques-realisations\/mariage-marine-et-blanc","twitter_misc":{"Dur\u00e9e de lecture estim\u00e9e":"3 minutes"},"schema":{"@context":"https:\/\/schema.org","@graph":[{"@type":"WebPage","@id":"https:\/\/www.etoilederose.fr\/index.php\/quelques-realisations\/mariage-marine-et-blanc","url":"https:\/\/www.etoilederose.fr\/index.php\/quelques-realisations\/mariage-marine-et-blanc","name":"Mariage marine et blanc | Etoile de rose | Location de Bar \u00e0 Champagne","isPartOf":{"@id":"https:\/\/www.etoilederose.fr\/#website"},"datePublished":"2022-02-10T17:57:54+00:00","dateModified":"2022-02-12T09:46:31+00:00","description":"Mariage marine et blanc au Ch\u00e2teau de Rosi\u00e8res, m\u00e9lang\u00e9 au th\u00e8me des \u00eeles. Location bar \u00e0 Champagne pour le vin d'honneur, \u00c9toile de rose","breadcrumb":{"@id":"https:\/\/www.etoilederose.fr\/index.php\/quelques-realisations\/mariage-marine-et-blanc#breadcrumb"},"inLanguage":"fr-FR","potentialAction":[{"@type":"ReadAction","target":["https:\/\/www.etoilederose.fr\/index.php\/quelques-realisations\/mariage-marine-et-blanc"]}]},{"@type":"BreadcrumbList","@id":"https:\/\/www.etoilederose.fr\/index.php\/quelques-realisations\/mariage-marine-et-blanc#breadcrumb","itemListElement":[{"@type":"ListItem","position":1,"name":"Home","item":"https:\/\/www.etoilederose.fr\/"},{"@type":"ListItem","position":2,"name":"R\u00e9alisations","item":"https:\/\/www.etoilederose.fr\/index.php\/quelques-realisations"},{"@type":"ListItem","position":3,"name":"Mariage marine et blanc"}]},{"@type":"WebSite","@id":"https:\/\/www.etoilederose.fr\/#website","url":"https:\/\/www.etoilederose.fr\/","name":"Etoile de rose","description":"Etoile de rose D\u00e9coration \u00e9v\u00e9nementielle","publisher":{"@id":"https:\/\/www.etoilederose.fr\/#\/schema\/person\/2d9d1db00dba3c640fa38b8b1abbdcaf"},"potentialAction":[{"@type":"SearchAction","target":{"@type":"EntryPoint","urlTemplate":"https:\/\/www.etoilederose.fr\/?s={search_term_string}"},"query-input":"required name=search_term_string"}],"inLanguage":"fr-FR"},{"@type":["Person","Organization"],"@id":"https:\/\/www.etoilederose.fr\/#\/schema\/person\/2d9d1db00dba3c640fa38b8b1abbdcaf","name":"admin","image":{"@type":"ImageObject","inLanguage":"fr-FR","@id":"https:\/\/www.etoilederose.fr\/#\/schema\/person\/image\/","url":"https:\/\/www.etoilederose.fr\/wp-content\/uploads\/2026\/01\/logo_noir.jpg","contentUrl":"https:\/\/www.etoilederose.fr\/wp-content\/uploads\/2026\/01\/logo_noir.jpg","width":1150,"height":1150,"caption":"admin"},"logo":{"@id":"https:\/\/www.etoilederose.fr\/#\/schema\/person\/image\/"},"description":"D\u00e9coratrice \u00e9v\u00e9nementiel depuis 15 ans, je me suis dirig\u00e9e depuis 8 ans dans le domaine de la d\u00e9coration de vitrines de magasins.","sameAs":["http:\/\/www.etoilederose.fr","https:\/\/www.facebook.com\/etoilederose.fr\/?ref=aymt_homepage_panel","https:\/\/www.instagram.com\/etoile.de.rose\/","https:\/\/twitter.com\/https:\/\/twitter.com\/wwwetoilederose?lang=fr"]}]}},"_links":{"self":[{"href":"https:\/\/www.etoilederose.fr\/index.php\/wp-json\/wp\/v2\/pages\/7886","targetHints":{"allow":["GET"]}}],"collection":[{"href":"https:\/\/www.etoilederose.fr\/index.php\/wp-json\/wp\/v2\/pages"}],"about":[{"href":"https:\/\/www.etoilederose.fr\/index.php\/wp-json\/wp\/v2\/types\/page"}],"author":[{"embeddable":true,"href":"https:\/\/www.etoilederose.fr\/index.php\/wp-json\/wp\/v2\/users\/1"}],"replies":[{"embeddable":true,"href":"https:\/\/www.etoilederose.fr\/index.php\/wp-json\/wp\/v2\/comments?post=7886"}],"version-history":[{"count":9,"href":"https:\/\/www.etoilederose.fr\/index.php\/wp-json\/wp\/v2\/pages\/7886\/revisions"}],"predecessor-version":[{"id":8099,"href":"https:\/\/www.etoilederose.fr\/index.php\/wp-json\/wp\/v2\/pages\/7886\/revisions\/8099"}],"up":[{"embeddable":true,"href":"https:\/\/www.etoilederose.fr\/index.php\/wp-json\/wp\/v2\/pages\/25"}],"wp:attachment":[{"href":"https:\/\/www.etoilederose.fr\/index.php\/wp-json\/wp\/v2\/media?parent=7886"}],"curies":[{"name":"wp","href":"https:\/\/api.w.org\/{rel}","templated":true}]}}