{"id":7843,"date":"2022-02-10T16:38:24","date_gmt":"2022-02-10T16:38:24","guid":{"rendered":"https:\/\/www.etoilederose.fr\/?page_id=7843"},"modified":"2022-02-12T09:44:06","modified_gmt":"2022-02-12T09:44:06","slug":"mariage-bronze-et-blanc","status":"publish","type":"page","link":"https:\/\/www.etoilederose.fr\/index.php\/quelques-realisations\/mariage-bronze-et-blanc","title":{"rendered":"Mariage Bronze et blanc"},"content":{"rendered":"\n<div class=\"wp-block-image is-style-default\"><figure class=\"aligncenter size-large is-resized\"><a href=\"https:\/\/www.etoilederose.fr\/wp-content\/uploads\/2022\/02\/2Orv.jpg\" rel=\"lightbox[7843]\"><img loading=\"lazy\" decoding=\"async\" src=\"https:\/\/www.etoilederose.fr\/wp-content\/uploads\/2022\/02\/2Orv-1024x683.jpg\" alt=\"Mariage bronze et blanc Aux Salons Du Parc\" class=\"wp-image-7844\" width=\"547\" height=\"365\" srcset=\"https:\/\/www.etoilederose.fr\/wp-content\/uploads\/2022\/02\/2Orv-1024x683.jpg 1024w, https:\/\/www.etoilederose.fr\/wp-content\/uploads\/2022\/02\/2Orv-300x200.jpg 300w, https:\/\/www.etoilederose.fr\/wp-content\/uploads\/2022\/02\/2Orv-768x512.jpg 768w, https:\/\/www.etoilederose.fr\/wp-content\/uploads\/2022\/02\/2Orv-1536x1024.jpg 1536w, https:\/\/www.etoilederose.fr\/wp-content\/uploads\/2022\/02\/2Orv.jpg 1800w\" sizes=\"auto, (max-width: 547px) 100vw, 547px\" \/><\/a><figcaption>Mariage bronze et blanc Aux Salons Du Parc<\/figcaption><\/figure><\/div>\n\n\n\n<p>Nous d\u00e9couvrons ce mariage bronze et blanc <a href=\"https:\/\/www.cygne-de-la-croix.fr\/index.php\/les-salons-du-parc-nogent-sur-seine.html\" target=\"_blank\" rel=\"noreferrer noopener\">Aux Salons Du Parc.<\/a> Dans un premier temps, les invit\u00e9s et les futurs mari\u00e9s ont d\u00e9couvert une d\u00e9coration de vin d&rsquo;honneur en accord avec leur th\u00e8me. Une d\u00e9coration chic.<\/p>\n\n\n\n<div class=\"wp-block-image is-style-default\"><figure class=\"aligncenter size-large is-resized\"><a href=\"https:\/\/www.etoilederose.fr\/wp-content\/uploads\/2022\/02\/1bis-Orv.jpg\" rel=\"lightbox[7843]\"><img loading=\"lazy\" decoding=\"async\" src=\"https:\/\/www.etoilederose.fr\/wp-content\/uploads\/2022\/02\/1bis-Orv-1024x1000.jpg\" alt=\"D\u00e9coration de votre buffet ou cocktail\" class=\"wp-image-7845\" width=\"546\" height=\"533\" srcset=\"https:\/\/www.etoilederose.fr\/wp-content\/uploads\/2022\/02\/1bis-Orv-1024x1000.jpg 1024w, https:\/\/www.etoilederose.fr\/wp-content\/uploads\/2022\/02\/1bis-Orv-300x293.jpg 300w, https:\/\/www.etoilederose.fr\/wp-content\/uploads\/2022\/02\/1bis-Orv-768x750.jpg 768w, https:\/\/www.etoilederose.fr\/wp-content\/uploads\/2022\/02\/1bis-Orv.jpg 1500w\" sizes=\"auto, (max-width: 546px) 100vw, 546px\" \/><\/a><figcaption>D\u00e9coration de votre buffet ou cocktail<\/figcaption><\/figure><\/div>\n\n\nngg_shortcode_0_placeholder\n\n\n\n<p>Le Bar \u00e0 Champagne est install\u00e9 dans la salle de r\u00e9ception Des Salons Du Parc. Illumin\u00e9 \u00e0 sa base, il met en valeur ce met de qualit\u00e9. C&rsquo;est un mod\u00e8le unique, et un v\u00e9ritable chariot tr\u00e8s imposant qui saura mettre le Champagne en valeur, lors d&rsquo;un toast ou de l&rsquo;arriv\u00e9e de votre dessert.<\/p>\n\n\n\n<div class=\"wp-block-image is-style-default\"><figure class=\"aligncenter size-large is-resized\"><a href=\"https:\/\/www.etoilederose.fr\/wp-content\/uploads\/2022\/02\/9-OrvJPG.jpg\" rel=\"lightbox[7843]\"><img loading=\"lazy\" decoding=\"async\" src=\"https:\/\/www.etoilederose.fr\/wp-content\/uploads\/2022\/02\/9-OrvJPG-683x1024.jpg\" alt=\"Bar \u00e0 Champagne en location\" class=\"wp-image-7860\" width=\"546\" height=\"819\" srcset=\"https:\/\/www.etoilederose.fr\/wp-content\/uploads\/2022\/02\/9-OrvJPG-683x1024.jpg 683w, https:\/\/www.etoilederose.fr\/wp-content\/uploads\/2022\/02\/9-OrvJPG-200x300.jpg 200w, https:\/\/www.etoilederose.fr\/wp-content\/uploads\/2022\/02\/9-OrvJPG-768x1152.jpg 768w, https:\/\/www.etoilederose.fr\/wp-content\/uploads\/2022\/02\/9-OrvJPG-1024x1536.jpg 1024w, https:\/\/www.etoilederose.fr\/wp-content\/uploads\/2022\/02\/9-OrvJPG-1365x2048.jpg 1365w, https:\/\/www.etoilederose.fr\/wp-content\/uploads\/2022\/02\/9-OrvJPG.jpg 1500w\" sizes=\"auto, (max-width: 546px) 100vw, 546px\" \/><\/a><figcaption>Bar \u00e0 Champagne en location<\/figcaption><\/figure><\/div>\n\n\n\n<p>Pour la d\u00e9coration des chaises Napol\u00e9on, les n\u0153uds bronze en satin apporte le chic sans le surfait de l&rsquo;or. C&rsquo;est une couleur originale qui se marie tr\u00e8s bien avec le cadre. Au centre des tables, le vase martini fleuri est toujours bienvenu pour la note classe. Aucune g\u00e8ne en face \u00e0 face sur les tables gr\u00e2ce \u00e0 sa hauteur de 70 cm. Les fleurs s\u00e9lectionn\u00e9es avec soin termine le c\u00f4t\u00e9 luxueux de ce mariage. <\/p>\n\n\n\n<div class=\"wp-block-image is-style-default\"><figure class=\"aligncenter size-large is-resized\"><a href=\"https:\/\/www.etoilederose.fr\/wp-content\/uploads\/2022\/02\/14-OrvJPG.jpg\" rel=\"lightbox[7843]\"><img loading=\"lazy\" decoding=\"async\" src=\"https:\/\/www.etoilederose.fr\/wp-content\/uploads\/2022\/02\/14-OrvJPG-683x1024.jpg\" alt=\"Vase martini bronze et blanc\" class=\"wp-image-7875\" width=\"537\" height=\"806\" srcset=\"https:\/\/www.etoilederose.fr\/wp-content\/uploads\/2022\/02\/14-OrvJPG-683x1024.jpg 683w, https:\/\/www.etoilederose.fr\/wp-content\/uploads\/2022\/02\/14-OrvJPG-200x300.jpg 200w, https:\/\/www.etoilederose.fr\/wp-content\/uploads\/2022\/02\/14-OrvJPG-768x1152.jpg 768w, https:\/\/www.etoilederose.fr\/wp-content\/uploads\/2022\/02\/14-OrvJPG-1024x1536.jpg 1024w, https:\/\/www.etoilederose.fr\/wp-content\/uploads\/2022\/02\/14-OrvJPG-1365x2048.jpg 1365w, https:\/\/www.etoilederose.fr\/wp-content\/uploads\/2022\/02\/14-OrvJPG.jpg 1500w\" sizes=\"auto, (max-width: 537px) 100vw, 537px\" \/><\/a><figcaption>Vase martini bronze et blanc<\/figcaption><\/figure><\/div>\n\n\n\n<p>Deux rubans en satin, rappel aux noeuds de chaises, se croisent sur la table, tout en discr\u00e9tion mais juste pour apporter une structure en l\u00e9ger d\u00e9cal\u00e9 \u00e0 la d\u00e9co. Pour finir, un menu photophore et quelques petits cailloux bronze assoient la d\u00e9coration. La table des mari\u00e9s arbore un chandelier fleuri pour se d\u00e9marquer des tables d&rsquo;invit\u00e9s.<\/p>\n\n\nngg_shortcode_1_placeholder\n\n\n\n<p>L&rsquo;urne \u00e0 enveloppes et le livre d&rsquo;or. Comme pour tous les mariages et autres \u00e9v\u00e9nements, ces cr\u00e9ations sont fabriqu\u00e9es sur mesure et en accord avec le th\u00e8me. Alors, vous aussi, faites faire vos cr\u00e9ations par mes soins!<\/p>\n\n\n\n<div class=\"wp-block-image is-style-default\"><figure class=\"aligncenter size-large is-resized\"><a href=\"https:\/\/www.etoilederose.fr\/wp-content\/uploads\/2022\/02\/Urne-bronzeblanc1.jpg\" rel=\"lightbox[7843]\"><img loading=\"lazy\" decoding=\"async\" src=\"https:\/\/www.etoilederose.fr\/wp-content\/uploads\/2022\/02\/Urne-bronzeblanc1-1024x1024.jpg\" alt=\"Urne \u00e0 enveloppes Bronze et blanc\" class=\"wp-image-7879\" width=\"538\" height=\"538\" srcset=\"https:\/\/www.etoilederose.fr\/wp-content\/uploads\/2022\/02\/Urne-bronzeblanc1-1024x1024.jpg 1024w, https:\/\/www.etoilederose.fr\/wp-content\/uploads\/2022\/02\/Urne-bronzeblanc1-300x300.jpg 300w, https:\/\/www.etoilederose.fr\/wp-content\/uploads\/2022\/02\/Urne-bronzeblanc1-150x150.jpg 150w, https:\/\/www.etoilederose.fr\/wp-content\/uploads\/2022\/02\/Urne-bronzeblanc1-768x769.jpg 768w, https:\/\/www.etoilederose.fr\/wp-content\/uploads\/2022\/02\/Urne-bronzeblanc1.jpg 1500w\" sizes=\"auto, (max-width: 538px) 100vw, 538px\" \/><\/a><figcaption>Urne \u00e0 enveloppes Bronze et blanc<\/figcaption><\/figure><\/div>\n\n\n\n<div class=\"wp-block-image is-style-default\"><figure class=\"aligncenter size-large is-resized\"><a href=\"https:\/\/www.etoilederose.fr\/wp-content\/uploads\/2022\/02\/Livre-dor-bronzeblanc1.jpg\" rel=\"lightbox[7843]\"><img loading=\"lazy\" decoding=\"async\" src=\"https:\/\/www.etoilederose.fr\/wp-content\/uploads\/2022\/02\/Livre-dor-bronzeblanc1-1024x1024.jpg\" alt=\"Livre d'or bronze et blanc\" class=\"wp-image-7880\" width=\"533\" height=\"533\" srcset=\"https:\/\/www.etoilederose.fr\/wp-content\/uploads\/2022\/02\/Livre-dor-bronzeblanc1-1024x1024.jpg 1024w, https:\/\/www.etoilederose.fr\/wp-content\/uploads\/2022\/02\/Livre-dor-bronzeblanc1-300x300.jpg 300w, https:\/\/www.etoilederose.fr\/wp-content\/uploads\/2022\/02\/Livre-dor-bronzeblanc1-150x150.jpg 150w, https:\/\/www.etoilederose.fr\/wp-content\/uploads\/2022\/02\/Livre-dor-bronzeblanc1-768x769.jpg 768w, https:\/\/www.etoilederose.fr\/wp-content\/uploads\/2022\/02\/Livre-dor-bronzeblanc1.jpg 1500w\" sizes=\"auto, (max-width: 533px) 100vw, 533px\" \/><\/a><figcaption>Livre d&rsquo;or bronze et blanc<\/figcaption><\/figure><\/div>\n","protected":false},"excerpt":{"rendered":"<p>Nous d\u00e9couvrons ce mariage bronze et blanc Aux Salons Du Parc. Dans un premier temps, les invit\u00e9s et les futurs mari\u00e9s ont d\u00e9couvert une d\u00e9coration de vin d&rsquo;honneur en accord avec leur th\u00e8me. Une d\u00e9coration chic. Le Bar \u00e0 Champagne est install\u00e9 dans la salle de r\u00e9ception Des Salons Du Parc. Illumin\u00e9 \u00e0 sa base, [&hellip;]<\/p>\n","protected":false},"author":1,"featured_media":0,"parent":25,"menu_order":20,"comment_status":"closed","ping_status":"closed","template":"","meta":{"ngg_post_thumbnail":0,"footnotes":"","_links_to":"","_links_to_target":""},"class_list":["post-7843","page","type-page","status-publish","hentry"],"yoast_head":"<!-- This site is optimized with the Yoast SEO plugin v21.5 - https:\/\/yoast.com\/wordpress\/plugins\/seo\/ -->\n<title>Mariage Bronze et blanc | Etoile de rose Bar \u00e0 Champagne<\/title>\n<meta name=\"description\" content=\"Mariage Bronze et blanc Aux Salons Du Parc \u00e0 Nogent sur Seine, par \u00c9toile de rose. Bar \u00e0 Champagne en location, unique ! demandez votre devis\" \/>\n<meta name=\"robots\" content=\"index, follow, max-snippet:-1, max-image-preview:large, max-video-preview:-1\" \/>\n<link rel=\"canonical\" href=\"https:\/\/www.etoilederose.fr\/index.php\/quelques-realisations\/mariage-bronze-et-blanc\" \/>\n<meta name=\"twitter:label1\" content=\"Dur\u00e9e de lecture estim\u00e9e\" \/>\n\t<meta name=\"twitter:data1\" content=\"3 minutes\" \/>\n<script type=\"application\/ld+json\" class=\"yoast-schema-graph\">{\"@context\":\"https:\/\/schema.org\",\"@graph\":[{\"@type\":\"WebPage\",\"@id\":\"https:\/\/www.etoilederose.fr\/index.php\/quelques-realisations\/mariage-bronze-et-blanc\",\"url\":\"https:\/\/www.etoilederose.fr\/index.php\/quelques-realisations\/mariage-bronze-et-blanc\",\"name\":\"Mariage Bronze et blanc | Etoile de rose Bar \u00e0 Champagne\",\"isPartOf\":{\"@id\":\"https:\/\/www.etoilederose.fr\/#website\"},\"datePublished\":\"2022-02-10T16:38:24+00:00\",\"dateModified\":\"2022-02-12T09:44:06+00:00\",\"description\":\"Mariage Bronze et blanc Aux Salons Du Parc \u00e0 Nogent sur Seine, par \u00c9toile de rose. Bar \u00e0 Champagne en location, unique ! demandez votre devis\",\"breadcrumb\":{\"@id\":\"https:\/\/www.etoilederose.fr\/index.php\/quelques-realisations\/mariage-bronze-et-blanc#breadcrumb\"},\"inLanguage\":\"fr-FR\",\"potentialAction\":[{\"@type\":\"ReadAction\",\"target\":[\"https:\/\/www.etoilederose.fr\/index.php\/quelques-realisations\/mariage-bronze-et-blanc\"]}]},{\"@type\":\"BreadcrumbList\",\"@id\":\"https:\/\/www.etoilederose.fr\/index.php\/quelques-realisations\/mariage-bronze-et-blanc#breadcrumb\",\"itemListElement\":[{\"@type\":\"ListItem\",\"position\":1,\"name\":\"Home\",\"item\":\"https:\/\/www.etoilederose.fr\/\"},{\"@type\":\"ListItem\",\"position\":2,\"name\":\"R\u00e9alisations\",\"item\":\"https:\/\/www.etoilederose.fr\/index.php\/quelques-realisations\"},{\"@type\":\"ListItem\",\"position\":3,\"name\":\"Mariage Bronze et blanc\"}]},{\"@type\":\"WebSite\",\"@id\":\"https:\/\/www.etoilederose.fr\/#website\",\"url\":\"https:\/\/www.etoilederose.fr\/\",\"name\":\"Etoile de rose\",\"description\":\"Etoile de rose D\u00e9coration \u00e9v\u00e9nementielle\",\"publisher\":{\"@id\":\"https:\/\/www.etoilederose.fr\/#\/schema\/person\/2d9d1db00dba3c640fa38b8b1abbdcaf\"},\"potentialAction\":[{\"@type\":\"SearchAction\",\"target\":{\"@type\":\"EntryPoint\",\"urlTemplate\":\"https:\/\/www.etoilederose.fr\/?s={search_term_string}\"},\"query-input\":\"required name=search_term_string\"}],\"inLanguage\":\"fr-FR\"},{\"@type\":[\"Person\",\"Organization\"],\"@id\":\"https:\/\/www.etoilederose.fr\/#\/schema\/person\/2d9d1db00dba3c640fa38b8b1abbdcaf\",\"name\":\"admin\",\"image\":{\"@type\":\"ImageObject\",\"inLanguage\":\"fr-FR\",\"@id\":\"https:\/\/www.etoilederose.fr\/#\/schema\/person\/image\/\",\"url\":\"https:\/\/www.etoilederose.fr\/wp-content\/uploads\/2026\/01\/logo_noir.jpg\",\"contentUrl\":\"https:\/\/www.etoilederose.fr\/wp-content\/uploads\/2026\/01\/logo_noir.jpg\",\"width\":1150,\"height\":1150,\"caption\":\"admin\"},\"logo\":{\"@id\":\"https:\/\/www.etoilederose.fr\/#\/schema\/person\/image\/\"},\"description\":\"D\u00e9coratrice \u00e9v\u00e9nementiel depuis 15 ans, je me suis dirig\u00e9e depuis 8 ans dans le domaine de la d\u00e9coration de vitrines de magasins.\",\"sameAs\":[\"http:\/\/www.etoilederose.fr\",\"https:\/\/www.facebook.com\/etoilederose.fr\/?ref=aymt_homepage_panel\",\"https:\/\/www.instagram.com\/etoile.de.rose\/\",\"https:\/\/twitter.com\/https:\/\/twitter.com\/wwwetoilederose?lang=fr\"]}]}<\/script>\n<!-- \/ Yoast SEO plugin. -->","yoast_head_json":{"title":"Mariage Bronze et blanc | Etoile de rose Bar \u00e0 Champagne","description":"Mariage Bronze et blanc Aux Salons Du Parc \u00e0 Nogent sur Seine, par \u00c9toile de rose. Bar \u00e0 Champagne en location, unique ! demandez votre devis","robots":{"index":"index","follow":"follow","max-snippet":"max-snippet:-1","max-image-preview":"max-image-preview:large","max-video-preview":"max-video-preview:-1"},"canonical":"https:\/\/www.etoilederose.fr\/index.php\/quelques-realisations\/mariage-bronze-et-blanc","twitter_misc":{"Dur\u00e9e de lecture estim\u00e9e":"3 minutes"},"schema":{"@context":"https:\/\/schema.org","@graph":[{"@type":"WebPage","@id":"https:\/\/www.etoilederose.fr\/index.php\/quelques-realisations\/mariage-bronze-et-blanc","url":"https:\/\/www.etoilederose.fr\/index.php\/quelques-realisations\/mariage-bronze-et-blanc","name":"Mariage Bronze et blanc | Etoile de rose Bar \u00e0 Champagne","isPartOf":{"@id":"https:\/\/www.etoilederose.fr\/#website"},"datePublished":"2022-02-10T16:38:24+00:00","dateModified":"2022-02-12T09:44:06+00:00","description":"Mariage Bronze et blanc Aux Salons Du Parc \u00e0 Nogent sur Seine, par \u00c9toile de rose. Bar \u00e0 Champagne en location, unique ! demandez votre devis","breadcrumb":{"@id":"https:\/\/www.etoilederose.fr\/index.php\/quelques-realisations\/mariage-bronze-et-blanc#breadcrumb"},"inLanguage":"fr-FR","potentialAction":[{"@type":"ReadAction","target":["https:\/\/www.etoilederose.fr\/index.php\/quelques-realisations\/mariage-bronze-et-blanc"]}]},{"@type":"BreadcrumbList","@id":"https:\/\/www.etoilederose.fr\/index.php\/quelques-realisations\/mariage-bronze-et-blanc#breadcrumb","itemListElement":[{"@type":"ListItem","position":1,"name":"Home","item":"https:\/\/www.etoilederose.fr\/"},{"@type":"ListItem","position":2,"name":"R\u00e9alisations","item":"https:\/\/www.etoilederose.fr\/index.php\/quelques-realisations"},{"@type":"ListItem","position":3,"name":"Mariage Bronze et blanc"}]},{"@type":"WebSite","@id":"https:\/\/www.etoilederose.fr\/#website","url":"https:\/\/www.etoilederose.fr\/","name":"Etoile de rose","description":"Etoile de rose D\u00e9coration \u00e9v\u00e9nementielle","publisher":{"@id":"https:\/\/www.etoilederose.fr\/#\/schema\/person\/2d9d1db00dba3c640fa38b8b1abbdcaf"},"potentialAction":[{"@type":"SearchAction","target":{"@type":"EntryPoint","urlTemplate":"https:\/\/www.etoilederose.fr\/?s={search_term_string}"},"query-input":"required name=search_term_string"}],"inLanguage":"fr-FR"},{"@type":["Person","Organization"],"@id":"https:\/\/www.etoilederose.fr\/#\/schema\/person\/2d9d1db00dba3c640fa38b8b1abbdcaf","name":"admin","image":{"@type":"ImageObject","inLanguage":"fr-FR","@id":"https:\/\/www.etoilederose.fr\/#\/schema\/person\/image\/","url":"https:\/\/www.etoilederose.fr\/wp-content\/uploads\/2026\/01\/logo_noir.jpg","contentUrl":"https:\/\/www.etoilederose.fr\/wp-content\/uploads\/2026\/01\/logo_noir.jpg","width":1150,"height":1150,"caption":"admin"},"logo":{"@id":"https:\/\/www.etoilederose.fr\/#\/schema\/person\/image\/"},"description":"D\u00e9coratrice \u00e9v\u00e9nementiel depuis 15 ans, je me suis dirig\u00e9e depuis 8 ans dans le domaine de la d\u00e9coration de vitrines de magasins.","sameAs":["http:\/\/www.etoilederose.fr","https:\/\/www.facebook.com\/etoilederose.fr\/?ref=aymt_homepage_panel","https:\/\/www.instagram.com\/etoile.de.rose\/","https:\/\/twitter.com\/https:\/\/twitter.com\/wwwetoilederose?lang=fr"]}]}},"_links":{"self":[{"href":"https:\/\/www.etoilederose.fr\/index.php\/wp-json\/wp\/v2\/pages\/7843","targetHints":{"allow":["GET"]}}],"collection":[{"href":"https:\/\/www.etoilederose.fr\/index.php\/wp-json\/wp\/v2\/pages"}],"about":[{"href":"https:\/\/www.etoilederose.fr\/index.php\/wp-json\/wp\/v2\/types\/page"}],"author":[{"embeddable":true,"href":"https:\/\/www.etoilederose.fr\/index.php\/wp-json\/wp\/v2\/users\/1"}],"replies":[{"embeddable":true,"href":"https:\/\/www.etoilederose.fr\/index.php\/wp-json\/wp\/v2\/comments?post=7843"}],"version-history":[{"count":8,"href":"https:\/\/www.etoilederose.fr\/index.php\/wp-json\/wp\/v2\/pages\/7843\/revisions"}],"predecessor-version":[{"id":8096,"href":"https:\/\/www.etoilederose.fr\/index.php\/wp-json\/wp\/v2\/pages\/7843\/revisions\/8096"}],"up":[{"embeddable":true,"href":"https:\/\/www.etoilederose.fr\/index.php\/wp-json\/wp\/v2\/pages\/25"}],"wp:attachment":[{"href":"https:\/\/www.etoilederose.fr\/index.php\/wp-json\/wp\/v2\/media?parent=7843"}],"curies":[{"name":"wp","href":"https:\/\/api.w.org\/{rel}","templated":true}]}}