{"id":7701,"date":"2022-02-10T12:10:14","date_gmt":"2022-02-10T12:10:14","guid":{"rendered":"https:\/\/www.etoilederose.fr\/?page_id=7701"},"modified":"2022-02-12T09:42:39","modified_gmt":"2022-02-12T09:42:39","slug":"mariage-theme-champagne","status":"publish","type":"page","link":"https:\/\/www.etoilederose.fr\/index.php\/quelques-realisations\/mariage-theme-champagne","title":{"rendered":"Mariage th\u00e8me Champagne"},"content":{"rendered":"\n<div class=\"wp-block-image is-style-default\"><figure class=\"aligncenter size-large is-resized\"><a href=\"https:\/\/www.etoilederose.fr\/wp-content\/uploads\/2022\/02\/22A.jpg\" rel=\"lightbox[7701]\"><img loading=\"lazy\" decoding=\"async\" src=\"https:\/\/www.etoilederose.fr\/wp-content\/uploads\/2022\/02\/22A-1024x683.jpg\" alt=\"Centre de table th\u00e8me Champagne\" class=\"wp-image-7756\" width=\"543\" height=\"362\" srcset=\"https:\/\/www.etoilederose.fr\/wp-content\/uploads\/2022\/02\/22A-1024x683.jpg 1024w, https:\/\/www.etoilederose.fr\/wp-content\/uploads\/2022\/02\/22A-300x200.jpg 300w, https:\/\/www.etoilederose.fr\/wp-content\/uploads\/2022\/02\/22A-768x512.jpg 768w, https:\/\/www.etoilederose.fr\/wp-content\/uploads\/2022\/02\/22A.jpg 1500w\" sizes=\"auto, (max-width: 543px) 100vw, 543px\" \/><\/a><figcaption>Centre de table th\u00e8me Champagne<\/figcaption><\/figure><\/div>\n\n\n\n<p>Ce mariage th\u00e8me Champagne en vert bouteille et bordeaux a eu lieu au <a href=\"https:\/\/www.ledomaine-miltat.fr\/\" target=\"_blank\" rel=\"noreferrer noopener\">Domaine Miltat<\/a>. <\/p>\n\n\n\n<p>Les th\u00e8mes champ\u00eatre et Champagne sont dominants pour la d\u00e9coration des ext\u00e9rieurs. De nombreux articles tels que cagettes en bois, tonneaux, lanternes sont ajout\u00e9s au d\u00e9cors du domaine pour cr\u00e9er des photobooths \u00e0 divers endroits.<\/p>\n\n\nngg_shortcode_0_placeholder\n\n\n\n<p>D\u00e9couvrons l&rsquo;\u00e9glise de St Mard les Rouffy et ses vases en bout de banc. La mari\u00e9e a voulu cette d\u00e9coration originale, avec des bouquets dans les tons de la ligne coloristique, et des bougies flottantes.<\/p>\n\n\n\n<div class=\"wp-block-image is-style-default\"><figure class=\"aligncenter size-large is-resized\"><a href=\"https:\/\/www.etoilederose.fr\/wp-content\/uploads\/2022\/02\/Photographe-Adeline1.jpg\" rel=\"lightbox[7701]\"><img loading=\"lazy\" decoding=\"async\" src=\"https:\/\/www.etoilederose.fr\/wp-content\/uploads\/2022\/02\/Photographe-Adeline1-1024x681.jpg\" alt=\"D\u00e9coration \u00e9glise bougies flottantes\" class=\"wp-image-7741\" width=\"538\" height=\"357\" srcset=\"https:\/\/www.etoilederose.fr\/wp-content\/uploads\/2022\/02\/Photographe-Adeline1-1024x681.jpg 1024w, https:\/\/www.etoilederose.fr\/wp-content\/uploads\/2022\/02\/Photographe-Adeline1-300x200.jpg 300w, https:\/\/www.etoilederose.fr\/wp-content\/uploads\/2022\/02\/Photographe-Adeline1-768x511.jpg 768w, https:\/\/www.etoilederose.fr\/wp-content\/uploads\/2022\/02\/Photographe-Adeline1.jpg 1500w\" sizes=\"auto, (max-width: 538px) 100vw, 538px\" \/><\/a><figcaption>D\u00e9coration \u00e9glise bougies flottantes<\/figcaption><\/figure><\/div>\n\n\nngg_shortcode_1_placeholder\n\n\n\n<p>Comme souvent,<a href=\"https:\/\/www.etoilederose.fr\/wp-content\/uploads\/2022\/02\/Le-candy-bar-.jpg\" target=\"_blank\" rel=\"noreferrer noopener\" rel=\"lightbox[7701]\">le candy bar<\/a> customis\u00e9 dans les couleurs de l&rsquo;\u00e9v\u00e9nement et pr\u00e9sent\u00e9 au vin d&rsquo;honneur. <\/p>\n\n\n\n<div class=\"wp-block-image is-style-default\"><figure class=\"aligncenter size-large is-resized\"><a href=\"https:\/\/www.etoilederose.fr\/wp-content\/uploads\/2022\/02\/16A.jpg\" rel=\"lightbox[7701]\"><img loading=\"lazy\" decoding=\"async\" src=\"https:\/\/www.etoilederose.fr\/wp-content\/uploads\/2022\/02\/16A-683x1024.jpg\" alt=\"Candy bar en bordeaux et vert bouteille\" class=\"wp-image-7725\" width=\"542\" height=\"813\" srcset=\"https:\/\/www.etoilederose.fr\/wp-content\/uploads\/2022\/02\/16A-683x1024.jpg 683w, https:\/\/www.etoilederose.fr\/wp-content\/uploads\/2022\/02\/16A-200x300.jpg 200w, https:\/\/www.etoilederose.fr\/wp-content\/uploads\/2022\/02\/16A-768x1152.jpg 768w, https:\/\/www.etoilederose.fr\/wp-content\/uploads\/2022\/02\/16A-1024x1536.jpg 1024w, https:\/\/www.etoilederose.fr\/wp-content\/uploads\/2022\/02\/16A-1365x2048.jpg 1365w, https:\/\/www.etoilederose.fr\/wp-content\/uploads\/2022\/02\/16A.jpg 1500w\" sizes=\"auto, (max-width: 542px) 100vw, 542px\" \/><\/a><figcaption>Candy bar en bordeaux et vert bouteille<\/figcaption><\/figure><\/div>\n\n\n\n<p>Le traiteur \u00ab\u00a0La Cuisine de Serge\u00a0\u00bb a assur\u00e9 le reste du spectacle culinaire.<\/p>\n\n\nngg_shortcode_2_placeholder\n\n\n\n<p>Dans la salle, on d\u00e9couvre des tables rondes sur tonneaux. Au milieu des tables on trouve, divers vases, menus positionn\u00e9s, <a href=\"https:\/\/www.etoilederose.fr\/wp-content\/uploads\/2022\/02\/Bougies-LEDS-cire-1-1.jpg\" target=\"_blank\" rel=\"noreferrer noopener\" rel=\"lightbox[7701]\">bougies LEDS en cire<\/a> et fleurs naturelles, et surtout des bouteilles de Champagne. Des feuilles d&rsquo;or constituent le c\u00f4t\u00e9 original des bouteilles. Les noms des tables sont sur les bouchons des bouteilles.<\/p>\n\n\n\n<div class=\"wp-block-image is-style-default\"><figure class=\"aligncenter size-full is-resized\"><a href=\"https:\/\/www.etoilederose.fr\/wp-content\/uploads\/2022\/02\/29A.jpg\" rel=\"lightbox[7701]\"><img loading=\"lazy\" decoding=\"async\" src=\"https:\/\/www.etoilederose.fr\/wp-content\/uploads\/2022\/02\/29A.jpg\" alt=\"Centre de table th\u00e8me Champagne\" class=\"wp-image-7739\" width=\"542\" height=\"722\" srcset=\"https:\/\/www.etoilederose.fr\/wp-content\/uploads\/2022\/02\/29A.jpg 720w, https:\/\/www.etoilederose.fr\/wp-content\/uploads\/2022\/02\/29A-225x300.jpg 225w\" sizes=\"auto, (max-width: 542px) 100vw, 542px\" \/><\/a><figcaption>Centre de table th\u00e8me Champagne<\/figcaption><\/figure><\/div>\n\n\n\n<p>La table d&rsquo;honneur rectangle et ses bougies, bouteille de Champagne.. D\u00e9couvrons la salle de r\u00e9ception au Domaine Miltat. Les bouchons de Champagne indiquent l&#8217;emplacement des invit\u00e9s, et souligne le th\u00e8me. Une urne en bois est plac\u00e9e sur la table des cadeaux avec le livre d&rsquo;or unique. Je vous laisse d\u00e9couvrir les photos.<\/p>\n\n\n\n<div class=\"wp-block-image is-style-default\"><figure class=\"aligncenter size-large is-resized\"><a href=\"https:\/\/www.etoilederose.fr\/wp-content\/uploads\/2022\/02\/Photographe-Adeline28.jpg\" rel=\"lightbox[7701]\"><img loading=\"lazy\" decoding=\"async\" src=\"https:\/\/www.etoilederose.fr\/wp-content\/uploads\/2022\/02\/Photographe-Adeline28-1024x681.jpg\" alt=\"Mariage th\u00e8me champagne\" class=\"wp-image-7702\" width=\"540\" height=\"359\" srcset=\"https:\/\/www.etoilederose.fr\/wp-content\/uploads\/2022\/02\/Photographe-Adeline28-1024x681.jpg 1024w, https:\/\/www.etoilederose.fr\/wp-content\/uploads\/2022\/02\/Photographe-Adeline28-300x200.jpg 300w, https:\/\/www.etoilederose.fr\/wp-content\/uploads\/2022\/02\/Photographe-Adeline28-768x511.jpg 768w, https:\/\/www.etoilederose.fr\/wp-content\/uploads\/2022\/02\/Photographe-Adeline28.jpg 1500w\" sizes=\"auto, (max-width: 540px) 100vw, 540px\" \/><\/a><figcaption>Mariage th\u00e8me champagne<\/figcaption><\/figure><\/div>\n\n\nngg_shortcode_3_placeholder\n\n\n\n<div class=\"wp-block-image is-style-default\"><figure class=\"aligncenter size-large is-resized\"><a href=\"https:\/\/www.etoilederose.fr\/wp-content\/uploads\/2022\/02\/23A.jpg\" rel=\"lightbox[7701]\"><img loading=\"lazy\" decoding=\"async\" src=\"https:\/\/www.etoilederose.fr\/wp-content\/uploads\/2022\/02\/23A-1024x683.jpg\" alt=\"Centre de table mariage th\u00e8me Champagne\" class=\"wp-image-7758\" width=\"545\" height=\"363\" srcset=\"https:\/\/www.etoilederose.fr\/wp-content\/uploads\/2022\/02\/23A-1024x683.jpg 1024w, https:\/\/www.etoilederose.fr\/wp-content\/uploads\/2022\/02\/23A-300x200.jpg 300w, https:\/\/www.etoilederose.fr\/wp-content\/uploads\/2022\/02\/23A-768x512.jpg 768w, https:\/\/www.etoilederose.fr\/wp-content\/uploads\/2022\/02\/23A.jpg 1500w\" sizes=\"auto, (max-width: 545px) 100vw, 545px\" \/><\/a><figcaption>Centre de table mariage th\u00e8me Champagne<\/figcaption><\/figure><\/div>\n","protected":false},"excerpt":{"rendered":"<p>Ce mariage th\u00e8me Champagne en vert bouteille et bordeaux a eu lieu au Domaine Miltat. Les th\u00e8mes champ\u00eatre et Champagne sont dominants pour la d\u00e9coration des ext\u00e9rieurs. De nombreux articles tels que cagettes en bois, tonneaux, lanternes sont ajout\u00e9s au d\u00e9cors du domaine pour cr\u00e9er des photobooths \u00e0 divers endroits. D\u00e9couvrons l&rsquo;\u00e9glise de St Mard [&hellip;]<\/p>\n","protected":false},"author":1,"featured_media":0,"parent":25,"menu_order":12,"comment_status":"closed","ping_status":"closed","template":"","meta":{"ngg_post_thumbnail":0,"footnotes":"","_links_to":"","_links_to_target":""},"class_list":["post-7701","page","type-page","status-publish","hentry"],"yoast_head":"<!-- This site is optimized with the Yoast SEO plugin v21.5 - https:\/\/yoast.com\/wordpress\/plugins\/seo\/ -->\n<title>Mariage th\u00e8me Champagne | Etoile de rose Mariage th\u00e8me Champagne<\/title>\n<meta name=\"description\" content=\"Mariage th\u00e8me Champagne au Domaine Miltat. D\u00e9coration compl\u00e8te des ext\u00e9rieurs, et de la salle par \u00c9toile de rose\" \/>\n<meta name=\"robots\" content=\"index, follow, max-snippet:-1, max-image-preview:large, max-video-preview:-1\" \/>\n<link rel=\"canonical\" href=\"https:\/\/www.etoilederose.fr\/index.php\/quelques-realisations\/mariage-theme-champagne\" \/>\n<meta name=\"twitter:label1\" content=\"Dur\u00e9e de lecture estim\u00e9e\" \/>\n\t<meta name=\"twitter:data1\" content=\"3 minutes\" \/>\n<script type=\"application\/ld+json\" class=\"yoast-schema-graph\">{\"@context\":\"https:\/\/schema.org\",\"@graph\":[{\"@type\":\"WebPage\",\"@id\":\"https:\/\/www.etoilederose.fr\/index.php\/quelques-realisations\/mariage-theme-champagne\",\"url\":\"https:\/\/www.etoilederose.fr\/index.php\/quelques-realisations\/mariage-theme-champagne\",\"name\":\"Mariage th\u00e8me Champagne | Etoile de rose Mariage th\u00e8me Champagne\",\"isPartOf\":{\"@id\":\"https:\/\/www.etoilederose.fr\/#website\"},\"datePublished\":\"2022-02-10T12:10:14+00:00\",\"dateModified\":\"2022-02-12T09:42:39+00:00\",\"description\":\"Mariage th\u00e8me Champagne au Domaine Miltat. D\u00e9coration compl\u00e8te des ext\u00e9rieurs, et de la salle par \u00c9toile de rose\",\"breadcrumb\":{\"@id\":\"https:\/\/www.etoilederose.fr\/index.php\/quelques-realisations\/mariage-theme-champagne#breadcrumb\"},\"inLanguage\":\"fr-FR\",\"potentialAction\":[{\"@type\":\"ReadAction\",\"target\":[\"https:\/\/www.etoilederose.fr\/index.php\/quelques-realisations\/mariage-theme-champagne\"]}]},{\"@type\":\"BreadcrumbList\",\"@id\":\"https:\/\/www.etoilederose.fr\/index.php\/quelques-realisations\/mariage-theme-champagne#breadcrumb\",\"itemListElement\":[{\"@type\":\"ListItem\",\"position\":1,\"name\":\"Home\",\"item\":\"https:\/\/www.etoilederose.fr\/\"},{\"@type\":\"ListItem\",\"position\":2,\"name\":\"R\u00e9alisations\",\"item\":\"https:\/\/www.etoilederose.fr\/index.php\/quelques-realisations\"},{\"@type\":\"ListItem\",\"position\":3,\"name\":\"Mariage th\u00e8me Champagne\"}]},{\"@type\":\"WebSite\",\"@id\":\"https:\/\/www.etoilederose.fr\/#website\",\"url\":\"https:\/\/www.etoilederose.fr\/\",\"name\":\"Etoile de rose\",\"description\":\"Etoile de rose D\u00e9coration \u00e9v\u00e9nementielle\",\"publisher\":{\"@id\":\"https:\/\/www.etoilederose.fr\/#\/schema\/person\/2d9d1db00dba3c640fa38b8b1abbdcaf\"},\"potentialAction\":[{\"@type\":\"SearchAction\",\"target\":{\"@type\":\"EntryPoint\",\"urlTemplate\":\"https:\/\/www.etoilederose.fr\/?s={search_term_string}\"},\"query-input\":\"required name=search_term_string\"}],\"inLanguage\":\"fr-FR\"},{\"@type\":[\"Person\",\"Organization\"],\"@id\":\"https:\/\/www.etoilederose.fr\/#\/schema\/person\/2d9d1db00dba3c640fa38b8b1abbdcaf\",\"name\":\"admin\",\"image\":{\"@type\":\"ImageObject\",\"inLanguage\":\"fr-FR\",\"@id\":\"https:\/\/www.etoilederose.fr\/#\/schema\/person\/image\/\",\"url\":\"https:\/\/www.etoilederose.fr\/wp-content\/uploads\/2026\/01\/logo_noir.jpg\",\"contentUrl\":\"https:\/\/www.etoilederose.fr\/wp-content\/uploads\/2026\/01\/logo_noir.jpg\",\"width\":1150,\"height\":1150,\"caption\":\"admin\"},\"logo\":{\"@id\":\"https:\/\/www.etoilederose.fr\/#\/schema\/person\/image\/\"},\"description\":\"D\u00e9coratrice \u00e9v\u00e9nementiel depuis 15 ans, je me suis dirig\u00e9e depuis 8 ans dans le domaine de la d\u00e9coration de vitrines de magasins.\",\"sameAs\":[\"http:\/\/www.etoilederose.fr\",\"https:\/\/www.facebook.com\/etoilederose.fr\/?ref=aymt_homepage_panel\",\"https:\/\/www.instagram.com\/etoile.de.rose\/\",\"https:\/\/twitter.com\/https:\/\/twitter.com\/wwwetoilederose?lang=fr\"]}]}<\/script>\n<!-- \/ Yoast SEO plugin. -->","yoast_head_json":{"title":"Mariage th\u00e8me Champagne | Etoile de rose Mariage th\u00e8me Champagne","description":"Mariage th\u00e8me Champagne au Domaine Miltat. D\u00e9coration compl\u00e8te des ext\u00e9rieurs, et de la salle par \u00c9toile de rose","robots":{"index":"index","follow":"follow","max-snippet":"max-snippet:-1","max-image-preview":"max-image-preview:large","max-video-preview":"max-video-preview:-1"},"canonical":"https:\/\/www.etoilederose.fr\/index.php\/quelques-realisations\/mariage-theme-champagne","twitter_misc":{"Dur\u00e9e de lecture estim\u00e9e":"3 minutes"},"schema":{"@context":"https:\/\/schema.org","@graph":[{"@type":"WebPage","@id":"https:\/\/www.etoilederose.fr\/index.php\/quelques-realisations\/mariage-theme-champagne","url":"https:\/\/www.etoilederose.fr\/index.php\/quelques-realisations\/mariage-theme-champagne","name":"Mariage th\u00e8me Champagne | Etoile de rose Mariage th\u00e8me Champagne","isPartOf":{"@id":"https:\/\/www.etoilederose.fr\/#website"},"datePublished":"2022-02-10T12:10:14+00:00","dateModified":"2022-02-12T09:42:39+00:00","description":"Mariage th\u00e8me Champagne au Domaine Miltat. D\u00e9coration compl\u00e8te des ext\u00e9rieurs, et de la salle par \u00c9toile de rose","breadcrumb":{"@id":"https:\/\/www.etoilederose.fr\/index.php\/quelques-realisations\/mariage-theme-champagne#breadcrumb"},"inLanguage":"fr-FR","potentialAction":[{"@type":"ReadAction","target":["https:\/\/www.etoilederose.fr\/index.php\/quelques-realisations\/mariage-theme-champagne"]}]},{"@type":"BreadcrumbList","@id":"https:\/\/www.etoilederose.fr\/index.php\/quelques-realisations\/mariage-theme-champagne#breadcrumb","itemListElement":[{"@type":"ListItem","position":1,"name":"Home","item":"https:\/\/www.etoilederose.fr\/"},{"@type":"ListItem","position":2,"name":"R\u00e9alisations","item":"https:\/\/www.etoilederose.fr\/index.php\/quelques-realisations"},{"@type":"ListItem","position":3,"name":"Mariage th\u00e8me Champagne"}]},{"@type":"WebSite","@id":"https:\/\/www.etoilederose.fr\/#website","url":"https:\/\/www.etoilederose.fr\/","name":"Etoile de rose","description":"Etoile de rose D\u00e9coration \u00e9v\u00e9nementielle","publisher":{"@id":"https:\/\/www.etoilederose.fr\/#\/schema\/person\/2d9d1db00dba3c640fa38b8b1abbdcaf"},"potentialAction":[{"@type":"SearchAction","target":{"@type":"EntryPoint","urlTemplate":"https:\/\/www.etoilederose.fr\/?s={search_term_string}"},"query-input":"required name=search_term_string"}],"inLanguage":"fr-FR"},{"@type":["Person","Organization"],"@id":"https:\/\/www.etoilederose.fr\/#\/schema\/person\/2d9d1db00dba3c640fa38b8b1abbdcaf","name":"admin","image":{"@type":"ImageObject","inLanguage":"fr-FR","@id":"https:\/\/www.etoilederose.fr\/#\/schema\/person\/image\/","url":"https:\/\/www.etoilederose.fr\/wp-content\/uploads\/2026\/01\/logo_noir.jpg","contentUrl":"https:\/\/www.etoilederose.fr\/wp-content\/uploads\/2026\/01\/logo_noir.jpg","width":1150,"height":1150,"caption":"admin"},"logo":{"@id":"https:\/\/www.etoilederose.fr\/#\/schema\/person\/image\/"},"description":"D\u00e9coratrice \u00e9v\u00e9nementiel depuis 15 ans, je me suis dirig\u00e9e depuis 8 ans dans le domaine de la d\u00e9coration de vitrines de magasins.","sameAs":["http:\/\/www.etoilederose.fr","https:\/\/www.facebook.com\/etoilederose.fr\/?ref=aymt_homepage_panel","https:\/\/www.instagram.com\/etoile.de.rose\/","https:\/\/twitter.com\/https:\/\/twitter.com\/wwwetoilederose?lang=fr"]}]}},"_links":{"self":[{"href":"https:\/\/www.etoilederose.fr\/index.php\/wp-json\/wp\/v2\/pages\/7701","targetHints":{"allow":["GET"]}}],"collection":[{"href":"https:\/\/www.etoilederose.fr\/index.php\/wp-json\/wp\/v2\/pages"}],"about":[{"href":"https:\/\/www.etoilederose.fr\/index.php\/wp-json\/wp\/v2\/types\/page"}],"author":[{"embeddable":true,"href":"https:\/\/www.etoilederose.fr\/index.php\/wp-json\/wp\/v2\/users\/1"}],"replies":[{"embeddable":true,"href":"https:\/\/www.etoilederose.fr\/index.php\/wp-json\/wp\/v2\/comments?post=7701"}],"version-history":[{"count":10,"href":"https:\/\/www.etoilederose.fr\/index.php\/wp-json\/wp\/v2\/pages\/7701\/revisions"}],"predecessor-version":[{"id":8095,"href":"https:\/\/www.etoilederose.fr\/index.php\/wp-json\/wp\/v2\/pages\/7701\/revisions\/8095"}],"up":[{"embeddable":true,"href":"https:\/\/www.etoilederose.fr\/index.php\/wp-json\/wp\/v2\/pages\/25"}],"wp:attachment":[{"href":"https:\/\/www.etoilederose.fr\/index.php\/wp-json\/wp\/v2\/media?parent=7701"}],"curies":[{"name":"wp","href":"https:\/\/api.w.org\/{rel}","templated":true}]}}