{"id":677,"date":"2012-12-03T14:11:26","date_gmt":"2012-12-03T14:11:26","guid":{"rendered":"http:\/\/www.etoilederose.fr\/index.php\/votre-evenement\/repas-de-noel-des-sapeurs-pompiers"},"modified":"2020-10-31T22:01:21","modified_gmt":"2020-10-31T22:01:21","slug":"noel-des-sapeurs-pompiers","status":"publish","type":"page","link":"https:\/\/www.etoilederose.fr\/index.php\/quelques-realisations\/noel-des-sapeurs-pompiers","title":{"rendered":"No\u00ebl des Sapeurs Pompiers"},"content":{"rendered":"<h2><span style=\"color: #333333;\">No\u00ebl des Sapeurs Pompiers th\u00e8me rouge et vert<\/span><\/h2>\n<p><a href=\"https:\/\/www.etoilederose.fr\/wp-content\/uploads\/2012\/12\/Salle-9.jpg\" rel=\"lightbox[677]\"><img loading=\"lazy\" decoding=\"async\" class=\"aligncenter  wp-image-682\" title=\"Salle 9\" src=\"https:\/\/www.etoilederose.fr\/wp-content\/uploads\/2012\/12\/Salle-9-1024x685.jpg\" alt=\"\" width=\"600\" height=\"429\"><\/a><\/p>\n<p>Cette d\u00e9coration de table \u00e0 \u00e9t\u00e9 demand\u00e9e pour le&nbsp; No\u00ebl des&nbsp;Sapeurs Pompiers de Ste Genevi\u00e8ve (Oise)<\/p>\n<p>Pour cette d\u00e9co , les couleurs impos\u00e9es sont le rouge et le vert.<\/p>\n<p><strong>Etoile de rose&nbsp;<\/strong>\u00e0 cr\u00e9\u00e9 une d\u00e9coration en rouge et vert&nbsp; pour les Sapeurs Pompiers, avec vases coniques et buches de No\u00ebl d\u00e9cor\u00e9es de miniatures de collection&nbsp;&nbsp;en marquant &nbsp;le courage des hommes du feu,&nbsp;par la composition d&rsquo;&nbsp;une d\u00e9coration qu&rsquo;ils ont pu r\u00e9cup\u00e9rer en partie apr\u00e8s la soir\u00e9e.<\/p>\n<p>Des buchettes de bois ont \u00e9t\u00e9 coup\u00e9es et compos\u00e9e avec des articles de No\u00ebl, miniatures de collection et dispos\u00e9es sur les tables.<\/p>\n<p>Des vases coniques ont \u00e9t\u00e9 compos\u00e9s dans le th\u00e8me et les couleurs. Il est a noter que les pliages de serviettes en forme de sapin de <strong>No\u00ebl<\/strong>&nbsp;vert&nbsp;ont \u00e9t\u00e9 imagin\u00e9s \u00e9galement et dispos\u00e9s une fois sur deux avec les pliages rouges en <strong>\u00e9toile<\/strong>.<\/p>\n<p>Les <strong>bougies<\/strong> ont \u00e9t\u00e9 \u00e9galis\u00e9es et coup\u00e9es afin de constituer des amas de lumi\u00e8res avec de diff\u00e9rentes tailles, et des guirlandes de perles rouges d\u00e9licatement gliss\u00e9es dans les flutes.<\/p>\n<p>Je vous invite \u00e0 d\u00e9couvrir les photos de la pr\u00e9paration et de l&rsquo;installation.<\/p>\n<p>&nbsp;<\/p>\n<h3>&nbsp;Cr\u00e9ation pendant la pr\u00e9paration,&nbsp;en d\u00e9tail<\/h3>\n<ul>\n<li><span style=\"text-decoration: underline;\">Cliquer sur les images afin de les d\u00e9couvrir en grand format<\/span><\/li>\n<\/ul>\nngg_shortcode_0_placeholder\n<h3>Apr\u00e8s installation sur les tables dans la salle<\/h3>\nngg_shortcode_1_placeholder\n<p>&nbsp;<\/p>\n<p>&nbsp;<\/p>\n","protected":false},"excerpt":{"rendered":"<p>No\u00ebl des Sapeurs Pompiers th\u00e8me rouge et vert Cette d\u00e9coration de table \u00e0 \u00e9t\u00e9 demand\u00e9e pour le&nbsp; No\u00ebl des&nbsp;Sapeurs Pompiers de Ste Genevi\u00e8ve (Oise) Pour cette d\u00e9co , les couleurs impos\u00e9es sont le rouge et le vert. Etoile de rose&nbsp;\u00e0 cr\u00e9\u00e9 une d\u00e9coration en rouge et vert&nbsp; pour les Sapeurs Pompiers, avec vases coniques et [&hellip;]<\/p>\n","protected":false},"author":1,"featured_media":0,"parent":25,"menu_order":130,"comment_status":"closed","ping_status":"closed","template":"","meta":{"ngg_post_thumbnail":0,"footnotes":"","_links_to":"","_links_to_target":""},"class_list":["post-677","page","type-page","status-publish","hentry"],"yoast_head":"<!-- This site is optimized with the Yoast SEO plugin v21.5 - https:\/\/yoast.com\/wordpress\/plugins\/seo\/ -->\n<title>No\u00ebl des Sapeurs Pompiers | Repas de No\u00ebl |<\/title>\n<meta name=\"description\" content=\"Etoile de rose a cr\u00e9\u00e9 une D\u00e9coration de No\u00ebl des Sapeurs Pompiers th\u00e8me rouge et vert, vous aussi contactez Rozebonbon pour vos soir\u00e9e \u00e0 th\u00e8me\" \/>\n<meta name=\"robots\" content=\"index, follow, max-snippet:-1, max-image-preview:large, max-video-preview:-1\" \/>\n<link rel=\"canonical\" href=\"https:\/\/www.etoilederose.fr\/index.php\/quelques-realisations\/noel-des-sapeurs-pompiers\" \/>\n<meta name=\"twitter:label1\" content=\"Dur\u00e9e de lecture estim\u00e9e\" \/>\n\t<meta name=\"twitter:data1\" content=\"1 minute\" \/>\n<script type=\"application\/ld+json\" class=\"yoast-schema-graph\">{\"@context\":\"https:\/\/schema.org\",\"@graph\":[{\"@type\":\"WebPage\",\"@id\":\"https:\/\/www.etoilederose.fr\/index.php\/quelques-realisations\/noel-des-sapeurs-pompiers\",\"url\":\"https:\/\/www.etoilederose.fr\/index.php\/quelques-realisations\/noel-des-sapeurs-pompiers\",\"name\":\"No\u00ebl des Sapeurs Pompiers | Repas de No\u00ebl |\",\"isPartOf\":{\"@id\":\"https:\/\/www.etoilederose.fr\/#website\"},\"datePublished\":\"2012-12-03T14:11:26+00:00\",\"dateModified\":\"2020-10-31T22:01:21+00:00\",\"description\":\"Etoile de rose a cr\u00e9\u00e9 une D\u00e9coration de No\u00ebl des Sapeurs Pompiers th\u00e8me rouge et vert, vous aussi contactez Rozebonbon pour vos soir\u00e9e \u00e0 th\u00e8me\",\"breadcrumb\":{\"@id\":\"https:\/\/www.etoilederose.fr\/index.php\/quelques-realisations\/noel-des-sapeurs-pompiers#breadcrumb\"},\"inLanguage\":\"fr-FR\",\"potentialAction\":[{\"@type\":\"ReadAction\",\"target\":[\"https:\/\/www.etoilederose.fr\/index.php\/quelques-realisations\/noel-des-sapeurs-pompiers\"]}]},{\"@type\":\"BreadcrumbList\",\"@id\":\"https:\/\/www.etoilederose.fr\/index.php\/quelques-realisations\/noel-des-sapeurs-pompiers#breadcrumb\",\"itemListElement\":[{\"@type\":\"ListItem\",\"position\":1,\"name\":\"Home\",\"item\":\"https:\/\/www.etoilederose.fr\/\"},{\"@type\":\"ListItem\",\"position\":2,\"name\":\"R\u00e9alisations\",\"item\":\"https:\/\/www.etoilederose.fr\/index.php\/quelques-realisations\"},{\"@type\":\"ListItem\",\"position\":3,\"name\":\"No\u00ebl des Sapeurs Pompiers\"}]},{\"@type\":\"WebSite\",\"@id\":\"https:\/\/www.etoilederose.fr\/#website\",\"url\":\"https:\/\/www.etoilederose.fr\/\",\"name\":\"Etoile de rose\",\"description\":\"Etoile de rose D\u00e9coration \u00e9v\u00e9nementielle\",\"publisher\":{\"@id\":\"https:\/\/www.etoilederose.fr\/#\/schema\/person\/2d9d1db00dba3c640fa38b8b1abbdcaf\"},\"potentialAction\":[{\"@type\":\"SearchAction\",\"target\":{\"@type\":\"EntryPoint\",\"urlTemplate\":\"https:\/\/www.etoilederose.fr\/?s={search_term_string}\"},\"query-input\":\"required name=search_term_string\"}],\"inLanguage\":\"fr-FR\"},{\"@type\":[\"Person\",\"Organization\"],\"@id\":\"https:\/\/www.etoilederose.fr\/#\/schema\/person\/2d9d1db00dba3c640fa38b8b1abbdcaf\",\"name\":\"admin\",\"image\":{\"@type\":\"ImageObject\",\"inLanguage\":\"fr-FR\",\"@id\":\"https:\/\/www.etoilederose.fr\/#\/schema\/person\/image\/\",\"url\":\"https:\/\/www.etoilederose.fr\/wp-content\/uploads\/2026\/01\/logo_noir.jpg\",\"contentUrl\":\"https:\/\/www.etoilederose.fr\/wp-content\/uploads\/2026\/01\/logo_noir.jpg\",\"width\":1150,\"height\":1150,\"caption\":\"admin\"},\"logo\":{\"@id\":\"https:\/\/www.etoilederose.fr\/#\/schema\/person\/image\/\"},\"description\":\"D\u00e9coratrice \u00e9v\u00e9nementiel depuis 15 ans, je me suis dirig\u00e9e depuis 8 ans dans le domaine de la d\u00e9coration de vitrines de magasins.\",\"sameAs\":[\"http:\/\/www.etoilederose.fr\",\"https:\/\/www.facebook.com\/etoilederose.fr\/?ref=aymt_homepage_panel\",\"https:\/\/www.instagram.com\/etoile.de.rose\/\",\"https:\/\/twitter.com\/https:\/\/twitter.com\/wwwetoilederose?lang=fr\"]}]}<\/script>\n<!-- \/ Yoast SEO plugin. -->","yoast_head_json":{"title":"No\u00ebl des Sapeurs Pompiers | Repas de No\u00ebl |","description":"Etoile de rose a cr\u00e9\u00e9 une D\u00e9coration de No\u00ebl des Sapeurs Pompiers th\u00e8me rouge et vert, vous aussi contactez Rozebonbon pour vos soir\u00e9e \u00e0 th\u00e8me","robots":{"index":"index","follow":"follow","max-snippet":"max-snippet:-1","max-image-preview":"max-image-preview:large","max-video-preview":"max-video-preview:-1"},"canonical":"https:\/\/www.etoilederose.fr\/index.php\/quelques-realisations\/noel-des-sapeurs-pompiers","twitter_misc":{"Dur\u00e9e de lecture estim\u00e9e":"1 minute"},"schema":{"@context":"https:\/\/schema.org","@graph":[{"@type":"WebPage","@id":"https:\/\/www.etoilederose.fr\/index.php\/quelques-realisations\/noel-des-sapeurs-pompiers","url":"https:\/\/www.etoilederose.fr\/index.php\/quelques-realisations\/noel-des-sapeurs-pompiers","name":"No\u00ebl des Sapeurs Pompiers | Repas de No\u00ebl |","isPartOf":{"@id":"https:\/\/www.etoilederose.fr\/#website"},"datePublished":"2012-12-03T14:11:26+00:00","dateModified":"2020-10-31T22:01:21+00:00","description":"Etoile de rose a cr\u00e9\u00e9 une D\u00e9coration de No\u00ebl des Sapeurs Pompiers th\u00e8me rouge et vert, vous aussi contactez Rozebonbon pour vos soir\u00e9e \u00e0 th\u00e8me","breadcrumb":{"@id":"https:\/\/www.etoilederose.fr\/index.php\/quelques-realisations\/noel-des-sapeurs-pompiers#breadcrumb"},"inLanguage":"fr-FR","potentialAction":[{"@type":"ReadAction","target":["https:\/\/www.etoilederose.fr\/index.php\/quelques-realisations\/noel-des-sapeurs-pompiers"]}]},{"@type":"BreadcrumbList","@id":"https:\/\/www.etoilederose.fr\/index.php\/quelques-realisations\/noel-des-sapeurs-pompiers#breadcrumb","itemListElement":[{"@type":"ListItem","position":1,"name":"Home","item":"https:\/\/www.etoilederose.fr\/"},{"@type":"ListItem","position":2,"name":"R\u00e9alisations","item":"https:\/\/www.etoilederose.fr\/index.php\/quelques-realisations"},{"@type":"ListItem","position":3,"name":"No\u00ebl des Sapeurs Pompiers"}]},{"@type":"WebSite","@id":"https:\/\/www.etoilederose.fr\/#website","url":"https:\/\/www.etoilederose.fr\/","name":"Etoile de rose","description":"Etoile de rose D\u00e9coration \u00e9v\u00e9nementielle","publisher":{"@id":"https:\/\/www.etoilederose.fr\/#\/schema\/person\/2d9d1db00dba3c640fa38b8b1abbdcaf"},"potentialAction":[{"@type":"SearchAction","target":{"@type":"EntryPoint","urlTemplate":"https:\/\/www.etoilederose.fr\/?s={search_term_string}"},"query-input":"required name=search_term_string"}],"inLanguage":"fr-FR"},{"@type":["Person","Organization"],"@id":"https:\/\/www.etoilederose.fr\/#\/schema\/person\/2d9d1db00dba3c640fa38b8b1abbdcaf","name":"admin","image":{"@type":"ImageObject","inLanguage":"fr-FR","@id":"https:\/\/www.etoilederose.fr\/#\/schema\/person\/image\/","url":"https:\/\/www.etoilederose.fr\/wp-content\/uploads\/2026\/01\/logo_noir.jpg","contentUrl":"https:\/\/www.etoilederose.fr\/wp-content\/uploads\/2026\/01\/logo_noir.jpg","width":1150,"height":1150,"caption":"admin"},"logo":{"@id":"https:\/\/www.etoilederose.fr\/#\/schema\/person\/image\/"},"description":"D\u00e9coratrice \u00e9v\u00e9nementiel depuis 15 ans, je me suis dirig\u00e9e depuis 8 ans dans le domaine de la d\u00e9coration de vitrines de magasins.","sameAs":["http:\/\/www.etoilederose.fr","https:\/\/www.facebook.com\/etoilederose.fr\/?ref=aymt_homepage_panel","https:\/\/www.instagram.com\/etoile.de.rose\/","https:\/\/twitter.com\/https:\/\/twitter.com\/wwwetoilederose?lang=fr"]}]}},"_links":{"self":[{"href":"https:\/\/www.etoilederose.fr\/index.php\/wp-json\/wp\/v2\/pages\/677","targetHints":{"allow":["GET"]}}],"collection":[{"href":"https:\/\/www.etoilederose.fr\/index.php\/wp-json\/wp\/v2\/pages"}],"about":[{"href":"https:\/\/www.etoilederose.fr\/index.php\/wp-json\/wp\/v2\/types\/page"}],"author":[{"embeddable":true,"href":"https:\/\/www.etoilederose.fr\/index.php\/wp-json\/wp\/v2\/users\/1"}],"replies":[{"embeddable":true,"href":"https:\/\/www.etoilederose.fr\/index.php\/wp-json\/wp\/v2\/comments?post=677"}],"version-history":[{"count":56,"href":"https:\/\/www.etoilederose.fr\/index.php\/wp-json\/wp\/v2\/pages\/677\/revisions"}],"predecessor-version":[{"id":7376,"href":"https:\/\/www.etoilederose.fr\/index.php\/wp-json\/wp\/v2\/pages\/677\/revisions\/7376"}],"up":[{"embeddable":true,"href":"https:\/\/www.etoilederose.fr\/index.php\/wp-json\/wp\/v2\/pages\/25"}],"wp:attachment":[{"href":"https:\/\/www.etoilederose.fr\/index.php\/wp-json\/wp\/v2\/media?parent=677"}],"curies":[{"name":"wp","href":"https:\/\/api.w.org\/{rel}","templated":true}]}}