{"id":6185,"date":"2020-01-24T21:06:30","date_gmt":"2020-01-24T21:06:30","guid":{"rendered":"http:\/\/www.etoilederose.fr\/?page_id=6185"},"modified":"2022-02-10T14:22:53","modified_gmt":"2022-02-10T14:22:53","slug":"au-chateau-de-rumilly-les-vaudes","status":"publish","type":"page","link":"https:\/\/www.etoilederose.fr\/index.php\/quelques-realisations\/au-chateau-de-rumilly-les-vaudes","title":{"rendered":"Au ch\u00e2teau de Rumilly les Vaudes"},"content":{"rendered":"\n<figure class=\"wp-block-image\"><a href=\"https:\/\/www.etoilederose.fr\/index.php\/quelques-realisations\/au-chateau-de-rumilly-les-vaudes\/duval29\"><img loading=\"lazy\" decoding=\"async\" width=\"1024\" height=\"679\" src=\"https:\/\/www.etoilederose.fr\/wp-content\/uploads\/2020\/01\/Duval29-1024x679.jpg\" alt=\"Salle de r\u00e9ception du Ch\u00e2teau de Rumilly les Vaudes\" class=\"wp-image-6186\" srcset=\"https:\/\/www.etoilederose.fr\/wp-content\/uploads\/2020\/01\/Duval29-1024x679.jpg 1024w, https:\/\/www.etoilederose.fr\/wp-content\/uploads\/2020\/01\/Duval29-300x199.jpg 300w, https:\/\/www.etoilederose.fr\/wp-content\/uploads\/2020\/01\/Duval29-768x510.jpg 768w, https:\/\/www.etoilederose.fr\/wp-content\/uploads\/2020\/01\/Duval29.jpg 1700w\" sizes=\"auto, (max-width: 1024px) 100vw, 1024px\" \/><\/a><\/figure>\n\n\n\n<p>Nous voici au Ch\u00e2teau de <a href=\"https:\/\/fr.wikipedia.org\/wiki\/Rumilly-l%C3%A8s-Vaudes\">Rumilly les Vaudes<\/a> dans l&rsquo;Aube pour un th\u00e8me de mariage original: les boules japonaises en vert, bleu et rose. <\/p>\n\n\n\n<p>Dans un premier temps, d\u00e9couvrons l&rsquo;\u00e9glise de Nozay ( Aube) d\u00e9cor\u00e9e dans le th\u00e8me. D&rsquo;une part, un tapis blanc longe compl\u00e8tement le chemin menant vers l&rsquo;autel. Finalement, quelques p\u00e9tales, des boules japonaises, ainsi qu&rsquo;une composition de fleurs naturelles finissent le travail. Il semblerait que ces couleurs \u00e9gayent r\u00e9ellement l&rsquo;\u00e9glise.<\/p>\n\n\n\n<figure class=\"wp-block-image\"><a href=\"https:\/\/www.etoilederose.fr\/index.php\/quelques-realisations\/au-chateau-de-rumilly-les-vaudes\/eglise8\"><img loading=\"lazy\" decoding=\"async\" width=\"1024\" height=\"683\" src=\"https:\/\/www.etoilederose.fr\/wp-content\/uploads\/2020\/01\/Eglise8-1024x683.jpg\" alt=\"\u00c9glise d\u00e9cor\u00e9e en rose bleu vert th\u00e8me boules japonaises\" class=\"wp-image-6187\" srcset=\"https:\/\/www.etoilederose.fr\/wp-content\/uploads\/2020\/01\/Eglise8-1024x683.jpg 1024w, https:\/\/www.etoilederose.fr\/wp-content\/uploads\/2020\/01\/Eglise8-300x200.jpg 300w, https:\/\/www.etoilederose.fr\/wp-content\/uploads\/2020\/01\/Eglise8-768x512.jpg 768w, https:\/\/www.etoilederose.fr\/wp-content\/uploads\/2020\/01\/Eglise8.jpg 1200w\" sizes=\"auto, (max-width: 1024px) 100vw, 1024px\" \/><\/a><figcaption>\u00c9glise d\u00e9cor\u00e9e en rose bleu vert th\u00e8me boules japonaises<\/figcaption><\/figure>\n\n\n\nngg_shortcode_0_placeholder\n\n\n\n<p>J&rsquo;ai cr\u00e9\u00e9 un \u00ab\u00a0porte-d&rsquo;alliances sp\u00e9cialement pour ce th\u00e8me. Vous aussi vous pouvez sortir de l&rsquo;ordinaire, contactez moi<\/p>\n\n\n\n<figure class=\"wp-block-image\"><a href=\"https:\/\/www.etoilederose.fr\/index.php\/quelques-realisations\/au-chateau-de-rumilly-les-vaudes\/porte-alliances-2\"><img loading=\"lazy\" decoding=\"async\" width=\"1024\" height=\"1015\" src=\"https:\/\/www.etoilederose.fr\/wp-content\/uploads\/2020\/01\/Porte-alliances-2-1024x1015.jpg\" alt=\"Porte-alliances original th\u00e8me boule japonaise\" class=\"wp-image-6206\" srcset=\"https:\/\/www.etoilederose.fr\/wp-content\/uploads\/2020\/01\/Porte-alliances-2-1024x1015.jpg 1024w, https:\/\/www.etoilederose.fr\/wp-content\/uploads\/2020\/01\/Porte-alliances-2-150x150.jpg 150w, https:\/\/www.etoilederose.fr\/wp-content\/uploads\/2020\/01\/Porte-alliances-2-300x297.jpg 300w, https:\/\/www.etoilederose.fr\/wp-content\/uploads\/2020\/01\/Porte-alliances-2-768x761.jpg 768w, https:\/\/www.etoilederose.fr\/wp-content\/uploads\/2020\/01\/Porte-alliances-2.jpg 1200w\" sizes=\"auto, (max-width: 1024px) 100vw, 1024px\" \/><\/a><figcaption>Porte-alliances th\u00e8me boule japonaise<\/figcaption><\/figure>\n\n\n\n<p>Devant la salle, <a href=\"https:\/\/www.etoilederose.fr\/index.php\/tarifs-locations\">une arche en bois &nbsp;<\/a> est mont\u00e9e devant le ch\u00e2teau de Rumilly les Vaudes. De fait, les boules japonaises d\u00e9corent \u00e9galement l&rsquo;arche comme le th\u00e8me. Le plan de tables, \u00e9galement, aide les convives \u00e0 trouver leur place. Il est cr\u00e9\u00e9 et imprim\u00e9 sur une toile. La toile est ensuite pos\u00e9e sur le<a href=\"https:\/\/www.etoilederose.fr\/index.php\/tarifs-locations\"> chevalet propos\u00e9 en location<\/a><\/p>\n\n\n\n<p>Pendant le vin d&rsquo;honneur, le candy bar d\u00e9cor\u00e9 dans le th\u00e8me et les couleurs propose des friandises pour tous les invit\u00e9s. Le buffet de vin d&rsquo;honneur est d\u00e9cor\u00e9 avec go\u00fbt et fraicheur. <a href=\"https:\/\/www.etoilederose.fr\/index.php\/tarifs-locations\">La roue \u00e0 bonbons propos\u00e9e en location<\/a>, amuse \u00e9galement les adultes.<\/p>\n\n\n\n<h2 class=\"wp-block-heading\" id=\"le-candy-bar\">Le candy bar<\/h2>\n\n\n\n<p>Ce chariot \u00e0 bonbons d&rsquo;antan se d\u00e9core dans vos couleurs. Effectivement tr\u00e8s demand\u00e9, on le retrouve au vin d&rsquo;honneur de ce mariage.<\/p>\n\n\n\n<figure class=\"wp-block-image\"><a href=\"https:\/\/www.etoilederose.fr\/index.php\/quelques-realisations\/au-chateau-de-rumilly-les-vaudes\/duval17\"><img loading=\"lazy\" decoding=\"async\" width=\"684\" height=\"1024\" src=\"https:\/\/www.etoilederose.fr\/wp-content\/uploads\/2020\/01\/Duval17-684x1024.jpg\" alt=\"Candy bar d\u00e9cor\u00e9 dans le th\u00e8me du mariage\" class=\"wp-image-6203\" srcset=\"https:\/\/www.etoilederose.fr\/wp-content\/uploads\/2020\/01\/Duval17-684x1024.jpg 684w, https:\/\/www.etoilederose.fr\/wp-content\/uploads\/2020\/01\/Duval17-200x300.jpg 200w, https:\/\/www.etoilederose.fr\/wp-content\/uploads\/2020\/01\/Duval17-768x1149.jpg 768w\" sizes=\"auto, (max-width: 684px) 100vw, 684px\" \/><\/a><figcaption>Candy bar d\u00e9cor\u00e9 dans le th\u00e8me du mariage<\/figcaption><\/figure>\n\n\n\nngg_shortcode_1_placeholder\n\n\n\n<h3 class=\"wp-block-heading\" id=\"la-salle-de-reception\">La salle de r\u00e9ception<\/h3>\n\n\n\n<p>Dans la salle, des tentures et des boules japonaises habillent le plafond. Les tables rondes supportent des vases martini retourn\u00e9s. Ils sont d\u00e9cor\u00e9s de boules japonaises et de compositions artificielles.<\/p>\n\n\n\n<figure class=\"wp-block-image\"><a href=\"https:\/\/www.etoilederose.fr\/index.php\/quelques-realisations\/au-chateau-de-rumilly-les-vaudes\/duval31\"><img loading=\"lazy\" decoding=\"async\" width=\"1024\" height=\"683\" src=\"https:\/\/www.etoilederose.fr\/wp-content\/uploads\/2020\/01\/Duval31-1024x683.jpg\" alt=\"Salle du ch\u00e2teau de Rumilly les Vaudes\" class=\"wp-image-6205\" srcset=\"https:\/\/www.etoilederose.fr\/wp-content\/uploads\/2020\/01\/Duval31-1024x683.jpg 1024w, https:\/\/www.etoilederose.fr\/wp-content\/uploads\/2020\/01\/Duval31-300x200.jpg 300w, https:\/\/www.etoilederose.fr\/wp-content\/uploads\/2020\/01\/Duval31-768x512.jpg 768w, https:\/\/www.etoilederose.fr\/wp-content\/uploads\/2020\/01\/Duval31.jpg 1800w\" sizes=\"auto, (max-width: 1024px) 100vw, 1024px\" \/><\/a><figcaption>Composition vase martini retourn\u00e9<\/figcaption><\/figure>\n\n\n\n<h3 class=\"wp-block-heading\" id=\"l-urne-a-enveloppes\">L&rsquo;urne \u00e0 enveloppes<\/h3>\n\n\n\n<p>Au sujet de l&rsquo;urne \u00e0 enveloppes tr\u00e8s originale, elle a \u00e9t\u00e9 suspendue au dessus de la table des cadeaux. En fin de compte, une sph\u00e8re transparente \u00e0 d\u00e9couvrir !<\/p>\n\n\n\n<figure class=\"wp-block-image\"><img loading=\"lazy\" decoding=\"async\" width=\"1024\" height=\"1024\" src=\"https:\/\/www.etoilederose.fr\/wp-content\/uploads\/2020\/01\/Urne-boule-1-1024x1024.jpg\" alt=\"\" class=\"wp-image-6207\" srcset=\"https:\/\/www.etoilederose.fr\/wp-content\/uploads\/2020\/01\/Urne-boule-1-1024x1024.jpg 1024w, https:\/\/www.etoilederose.fr\/wp-content\/uploads\/2020\/01\/Urne-boule-1-150x150.jpg 150w, https:\/\/www.etoilederose.fr\/wp-content\/uploads\/2020\/01\/Urne-boule-1-300x300.jpg 300w, https:\/\/www.etoilederose.fr\/wp-content\/uploads\/2020\/01\/Urne-boule-1-768x768.jpg 768w, https:\/\/www.etoilederose.fr\/wp-content\/uploads\/2020\/01\/Urne-boule-1.jpg 1200w\" sizes=\"auto, (max-width: 1024px) 100vw, 1024px\" \/><figcaption>Urne \u00e0 enveloppes sph\u00e8re transparente<br><br><\/figcaption><\/figure>\n\n\n\n<p>A vrai dire, les mari\u00e9s ont lou\u00e9 eux-m\u00eames les chaises \u00ab\u00a0Napol\u00e9on\u00a0\u00bb. De surcroit, ils se sont occup\u00e9s des bo\u00eetes \u00e0 drag\u00e9es. Je vous laisse d\u00e9couvrir les photos de ce mariage original. Si vous souhaitez louer du mat\u00e9riel lourd comme les tables ou les chaises, contactez-moi, alors je vous dirigerai vers le bon prestataire.<\/p>\n\n\n\nngg_shortcode_2_placeholder\n","protected":false},"excerpt":{"rendered":"<p>Nous voici au Ch\u00e2teau de Rumilly les Vaudes dans l&rsquo;Aube pour un th\u00e8me de mariage original: les boules japonaises en vert, bleu et rose. Dans un premier temps, d\u00e9couvrons l&rsquo;\u00e9glise de Nozay ( Aube) d\u00e9cor\u00e9e dans le th\u00e8me. D&rsquo;une part, un tapis blanc longe compl\u00e8tement le chemin menant vers l&rsquo;autel. Finalement, quelques p\u00e9tales, des boules [&hellip;]<\/p>\n","protected":false},"author":1,"featured_media":0,"parent":25,"menu_order":22,"comment_status":"closed","ping_status":"closed","template":"","meta":{"ngg_post_thumbnail":0,"footnotes":"","_links_to":"","_links_to_target":""},"class_list":["post-6185","page","type-page","status-publish","hentry"],"yoast_head":"<!-- This site is optimized with the Yoast SEO plugin v21.5 - https:\/\/yoast.com\/wordpress\/plugins\/seo\/ -->\n<title>Au ch\u00e2teau de Rumilly les Vaudes | Etoile de rose Ch\u00e2teau de Rumilly<\/title>\n<meta name=\"description\" content=\"Mariage au ch\u00e2teau de Rumilly les Vaudes d\u00e9cor\u00e9 en vert bleu et rose th\u00e8me boules japonaises, arche devant la porte, demandez votre devis gratuit !\" \/>\n<meta name=\"robots\" content=\"index, follow, max-snippet:-1, max-image-preview:large, max-video-preview:-1\" \/>\n<link rel=\"canonical\" href=\"https:\/\/www.etoilederose.fr\/index.php\/quelques-realisations\/au-chateau-de-rumilly-les-vaudes\" \/>\n<meta name=\"twitter:label1\" content=\"Dur\u00e9e de lecture estim\u00e9e\" \/>\n\t<meta name=\"twitter:data1\" content=\"4 minutes\" \/>\n<script type=\"application\/ld+json\" class=\"yoast-schema-graph\">{\"@context\":\"https:\/\/schema.org\",\"@graph\":[{\"@type\":\"WebPage\",\"@id\":\"https:\/\/www.etoilederose.fr\/index.php\/quelques-realisations\/au-chateau-de-rumilly-les-vaudes\",\"url\":\"https:\/\/www.etoilederose.fr\/index.php\/quelques-realisations\/au-chateau-de-rumilly-les-vaudes\",\"name\":\"Au ch\u00e2teau de Rumilly les Vaudes | Etoile de rose Ch\u00e2teau de Rumilly\",\"isPartOf\":{\"@id\":\"https:\/\/www.etoilederose.fr\/#website\"},\"datePublished\":\"2020-01-24T21:06:30+00:00\",\"dateModified\":\"2022-02-10T14:22:53+00:00\",\"description\":\"Mariage au ch\u00e2teau de Rumilly les Vaudes d\u00e9cor\u00e9 en vert bleu et rose th\u00e8me boules japonaises, arche devant la porte, demandez votre devis gratuit !\",\"breadcrumb\":{\"@id\":\"https:\/\/www.etoilederose.fr\/index.php\/quelques-realisations\/au-chateau-de-rumilly-les-vaudes#breadcrumb\"},\"inLanguage\":\"fr-FR\",\"potentialAction\":[{\"@type\":\"ReadAction\",\"target\":[\"https:\/\/www.etoilederose.fr\/index.php\/quelques-realisations\/au-chateau-de-rumilly-les-vaudes\"]}]},{\"@type\":\"BreadcrumbList\",\"@id\":\"https:\/\/www.etoilederose.fr\/index.php\/quelques-realisations\/au-chateau-de-rumilly-les-vaudes#breadcrumb\",\"itemListElement\":[{\"@type\":\"ListItem\",\"position\":1,\"name\":\"Home\",\"item\":\"https:\/\/www.etoilederose.fr\/\"},{\"@type\":\"ListItem\",\"position\":2,\"name\":\"R\u00e9alisations\",\"item\":\"https:\/\/www.etoilederose.fr\/index.php\/quelques-realisations\"},{\"@type\":\"ListItem\",\"position\":3,\"name\":\"Au ch\u00e2teau de Rumilly les Vaudes\"}]},{\"@type\":\"WebSite\",\"@id\":\"https:\/\/www.etoilederose.fr\/#website\",\"url\":\"https:\/\/www.etoilederose.fr\/\",\"name\":\"Etoile de rose\",\"description\":\"Etoile de rose D\u00e9coration \u00e9v\u00e9nementielle\",\"publisher\":{\"@id\":\"https:\/\/www.etoilederose.fr\/#\/schema\/person\/2d9d1db00dba3c640fa38b8b1abbdcaf\"},\"potentialAction\":[{\"@type\":\"SearchAction\",\"target\":{\"@type\":\"EntryPoint\",\"urlTemplate\":\"https:\/\/www.etoilederose.fr\/?s={search_term_string}\"},\"query-input\":\"required name=search_term_string\"}],\"inLanguage\":\"fr-FR\"},{\"@type\":[\"Person\",\"Organization\"],\"@id\":\"https:\/\/www.etoilederose.fr\/#\/schema\/person\/2d9d1db00dba3c640fa38b8b1abbdcaf\",\"name\":\"admin\",\"image\":{\"@type\":\"ImageObject\",\"inLanguage\":\"fr-FR\",\"@id\":\"https:\/\/www.etoilederose.fr\/#\/schema\/person\/image\/\",\"url\":\"https:\/\/www.etoilederose.fr\/wp-content\/uploads\/2026\/01\/logo_noir.jpg\",\"contentUrl\":\"https:\/\/www.etoilederose.fr\/wp-content\/uploads\/2026\/01\/logo_noir.jpg\",\"width\":1150,\"height\":1150,\"caption\":\"admin\"},\"logo\":{\"@id\":\"https:\/\/www.etoilederose.fr\/#\/schema\/person\/image\/\"},\"description\":\"D\u00e9coratrice \u00e9v\u00e9nementiel depuis 15 ans, je me suis dirig\u00e9e depuis 8 ans dans le domaine de la d\u00e9coration de vitrines de magasins.\",\"sameAs\":[\"http:\/\/www.etoilederose.fr\",\"https:\/\/www.facebook.com\/etoilederose.fr\/?ref=aymt_homepage_panel\",\"https:\/\/www.instagram.com\/etoile.de.rose\/\",\"https:\/\/twitter.com\/https:\/\/twitter.com\/wwwetoilederose?lang=fr\"]}]}<\/script>\n<!-- \/ Yoast SEO plugin. -->","yoast_head_json":{"title":"Au ch\u00e2teau de Rumilly les Vaudes | Etoile de rose Ch\u00e2teau de Rumilly","description":"Mariage au ch\u00e2teau de Rumilly les Vaudes d\u00e9cor\u00e9 en vert bleu et rose th\u00e8me boules japonaises, arche devant la porte, demandez votre devis gratuit !","robots":{"index":"index","follow":"follow","max-snippet":"max-snippet:-1","max-image-preview":"max-image-preview:large","max-video-preview":"max-video-preview:-1"},"canonical":"https:\/\/www.etoilederose.fr\/index.php\/quelques-realisations\/au-chateau-de-rumilly-les-vaudes","twitter_misc":{"Dur\u00e9e de lecture estim\u00e9e":"4 minutes"},"schema":{"@context":"https:\/\/schema.org","@graph":[{"@type":"WebPage","@id":"https:\/\/www.etoilederose.fr\/index.php\/quelques-realisations\/au-chateau-de-rumilly-les-vaudes","url":"https:\/\/www.etoilederose.fr\/index.php\/quelques-realisations\/au-chateau-de-rumilly-les-vaudes","name":"Au ch\u00e2teau de Rumilly les Vaudes | Etoile de rose Ch\u00e2teau de Rumilly","isPartOf":{"@id":"https:\/\/www.etoilederose.fr\/#website"},"datePublished":"2020-01-24T21:06:30+00:00","dateModified":"2022-02-10T14:22:53+00:00","description":"Mariage au ch\u00e2teau de Rumilly les Vaudes d\u00e9cor\u00e9 en vert bleu et rose th\u00e8me boules japonaises, arche devant la porte, demandez votre devis gratuit !","breadcrumb":{"@id":"https:\/\/www.etoilederose.fr\/index.php\/quelques-realisations\/au-chateau-de-rumilly-les-vaudes#breadcrumb"},"inLanguage":"fr-FR","potentialAction":[{"@type":"ReadAction","target":["https:\/\/www.etoilederose.fr\/index.php\/quelques-realisations\/au-chateau-de-rumilly-les-vaudes"]}]},{"@type":"BreadcrumbList","@id":"https:\/\/www.etoilederose.fr\/index.php\/quelques-realisations\/au-chateau-de-rumilly-les-vaudes#breadcrumb","itemListElement":[{"@type":"ListItem","position":1,"name":"Home","item":"https:\/\/www.etoilederose.fr\/"},{"@type":"ListItem","position":2,"name":"R\u00e9alisations","item":"https:\/\/www.etoilederose.fr\/index.php\/quelques-realisations"},{"@type":"ListItem","position":3,"name":"Au ch\u00e2teau de Rumilly les Vaudes"}]},{"@type":"WebSite","@id":"https:\/\/www.etoilederose.fr\/#website","url":"https:\/\/www.etoilederose.fr\/","name":"Etoile de rose","description":"Etoile de rose D\u00e9coration \u00e9v\u00e9nementielle","publisher":{"@id":"https:\/\/www.etoilederose.fr\/#\/schema\/person\/2d9d1db00dba3c640fa38b8b1abbdcaf"},"potentialAction":[{"@type":"SearchAction","target":{"@type":"EntryPoint","urlTemplate":"https:\/\/www.etoilederose.fr\/?s={search_term_string}"},"query-input":"required name=search_term_string"}],"inLanguage":"fr-FR"},{"@type":["Person","Organization"],"@id":"https:\/\/www.etoilederose.fr\/#\/schema\/person\/2d9d1db00dba3c640fa38b8b1abbdcaf","name":"admin","image":{"@type":"ImageObject","inLanguage":"fr-FR","@id":"https:\/\/www.etoilederose.fr\/#\/schema\/person\/image\/","url":"https:\/\/www.etoilederose.fr\/wp-content\/uploads\/2026\/01\/logo_noir.jpg","contentUrl":"https:\/\/www.etoilederose.fr\/wp-content\/uploads\/2026\/01\/logo_noir.jpg","width":1150,"height":1150,"caption":"admin"},"logo":{"@id":"https:\/\/www.etoilederose.fr\/#\/schema\/person\/image\/"},"description":"D\u00e9coratrice \u00e9v\u00e9nementiel depuis 15 ans, je me suis dirig\u00e9e depuis 8 ans dans le domaine de la d\u00e9coration de vitrines de magasins.","sameAs":["http:\/\/www.etoilederose.fr","https:\/\/www.facebook.com\/etoilederose.fr\/?ref=aymt_homepage_panel","https:\/\/www.instagram.com\/etoile.de.rose\/","https:\/\/twitter.com\/https:\/\/twitter.com\/wwwetoilederose?lang=fr"]}]}},"_links":{"self":[{"href":"https:\/\/www.etoilederose.fr\/index.php\/wp-json\/wp\/v2\/pages\/6185","targetHints":{"allow":["GET"]}}],"collection":[{"href":"https:\/\/www.etoilederose.fr\/index.php\/wp-json\/wp\/v2\/pages"}],"about":[{"href":"https:\/\/www.etoilederose.fr\/index.php\/wp-json\/wp\/v2\/types\/page"}],"author":[{"embeddable":true,"href":"https:\/\/www.etoilederose.fr\/index.php\/wp-json\/wp\/v2\/users\/1"}],"replies":[{"embeddable":true,"href":"https:\/\/www.etoilederose.fr\/index.php\/wp-json\/wp\/v2\/comments?post=6185"}],"version-history":[{"count":26,"href":"https:\/\/www.etoilederose.fr\/index.php\/wp-json\/wp\/v2\/pages\/6185\/revisions"}],"predecessor-version":[{"id":7775,"href":"https:\/\/www.etoilederose.fr\/index.php\/wp-json\/wp\/v2\/pages\/6185\/revisions\/7775"}],"up":[{"embeddable":true,"href":"https:\/\/www.etoilederose.fr\/index.php\/wp-json\/wp\/v2\/pages\/25"}],"wp:attachment":[{"href":"https:\/\/www.etoilederose.fr\/index.php\/wp-json\/wp\/v2\/media?parent=6185"}],"curies":[{"name":"wp","href":"https:\/\/api.w.org\/{rel}","templated":true}]}}