{"id":6168,"date":"2020-01-24T19:17:38","date_gmt":"2020-01-24T19:17:38","guid":{"rendered":"http:\/\/www.etoilederose.fr\/?page_id=6168"},"modified":"2022-02-10T14:28:08","modified_gmt":"2022-02-10T14:28:08","slug":"mariage-au-chateau-de-vitry-la-ville","status":"publish","type":"page","link":"https:\/\/www.etoilederose.fr\/index.php\/quelques-realisations\/mariage-au-chateau-de-vitry-la-ville","title":{"rendered":"Mariage au ch\u00e2teau de Vitry la Ville"},"content":{"rendered":"\n<figure class=\"wp-block-image\"><img loading=\"lazy\" decoding=\"async\" width=\"1024\" height=\"683\" src=\"https:\/\/www.etoilederose.fr\/wp-content\/uploads\/2020\/01\/WenN10-1024x683.jpg\" alt=\"\" class=\"wp-image-6170\" srcset=\"https:\/\/www.etoilederose.fr\/wp-content\/uploads\/2020\/01\/WenN10-1024x683.jpg 1024w, https:\/\/www.etoilederose.fr\/wp-content\/uploads\/2020\/01\/WenN10-300x200.jpg 300w, https:\/\/www.etoilederose.fr\/wp-content\/uploads\/2020\/01\/WenN10-768x512.jpg 768w, https:\/\/www.etoilederose.fr\/wp-content\/uploads\/2020\/01\/WenN10.jpg 1200w\" sizes=\"auto, (max-width: 1024px) 100vw, 1024px\" \/><figcaption>Mariage au ch\u00e2teau de Vitry la Ville, en p\u00eache clair et blanc<\/figcaption><\/figure>\n\n\n\n<p>Tout d&rsquo;abord, Je vous pr\u00e9sente un mariage au <a href=\"https:\/\/www.google.com\/search?sxsrf=ACYBGNSbQIOmQ12SHZcRlEm9Cgv6wOYNJQ:1579881288727&amp;q=Ch%C3%A2teau+de+Vitry+la+Ville&amp;tbm=isch&amp;source=univ&amp;client=firefox-b-d&amp;sa=X&amp;ved=2ahUKEwiKvoG4zJznAhWInxQKHZysC3QQsAR6BAgKEAE&amp;biw=1620&amp;bih=857\">Ch\u00e2teau de Vitry la Ville<\/a>. Les couleurs sont p\u00eache clair et blanc. De plus, La mari\u00e9e tenait \u00e0 r\u00e9aliser une c\u00e9r\u00e9monie la\u00efque en ext\u00e9rieur, avec <a href=\"https:\/\/www.etoilederose.fr\/index.php\/tarifs-locations\">l&rsquo;arche en bois<\/a> pr\u00e9sent\u00e9e en location. La c\u00e9r\u00e9monie la\u00efque est d\u00e9cor\u00e9e comme suit: Un joli voile blanc l\u00e9ger sur l&rsquo;arche et les chaises des mari\u00e9s. Les fleurs dans les tons naturels accentuent le th\u00e8me.,et finalement un tapis blanc tr\u00e8s \u00e9pais pour se mouvoir en toute s\u00e9curit\u00e9.<\/p>\n\n\n\n<figure class=\"wp-block-image\"><img loading=\"lazy\" decoding=\"async\" width=\"1024\" height=\"683\" src=\"https:\/\/www.etoilederose.fr\/wp-content\/uploads\/2020\/01\/WenN6-1024x683.jpg\" alt=\"\" class=\"wp-image-6172\" srcset=\"https:\/\/www.etoilederose.fr\/wp-content\/uploads\/2020\/01\/WenN6-1024x683.jpg 1024w, https:\/\/www.etoilederose.fr\/wp-content\/uploads\/2020\/01\/WenN6-300x200.jpg 300w, https:\/\/www.etoilederose.fr\/wp-content\/uploads\/2020\/01\/WenN6-768x512.jpg 768w, https:\/\/www.etoilederose.fr\/wp-content\/uploads\/2020\/01\/WenN6.jpg 1500w\" sizes=\"auto, (max-width: 1024px) 100vw, 1024px\" \/><figcaption>C\u00e9r\u00e9monie la\u00efque au Ch\u00e2teau de Vitry la Ville<\/figcaption><\/figure>\n\n\n\n<p>A l&rsquo;entr\u00e9e du ch\u00e2teau de Vitry la Ville, un superbe escalier a \u00e9t\u00e9 mis en valeur avec des dizaines de bougies LEDS en cire. Ces LEDS sont donc sans danger, propos\u00e9es en location. j&rsquo;ai am\u00e9lior\u00e9 la d\u00e9coration avec du lierre v\u00e9ritables sur la rampe. J&rsquo;ai cr\u00e9\u00e9 une urne \u00e0 enveloppes d\u00e9cor\u00e9e avec de l&rsquo;eucalyptus artificiel. Elle est pr\u00e9sent\u00e9e \u00e0 l&rsquo;entr\u00e9e du ch\u00e2teau sur une table qui recevait les cadeaux des invit\u00e9s. A c\u00f4t\u00e9, les invit\u00e9s trouvent leur place gr\u00e2ce au plan de tables. <\/p>\n\n\n\n<figure class=\"wp-block-image\"><img loading=\"lazy\" decoding=\"async\" width=\"1024\" height=\"683\" src=\"https:\/\/www.etoilederose.fr\/wp-content\/uploads\/2020\/01\/WenN21-1-1024x683.jpg\" alt=\"\" class=\"wp-image-6181\" srcset=\"https:\/\/www.etoilederose.fr\/wp-content\/uploads\/2020\/01\/WenN21-1-1024x683.jpg 1024w, https:\/\/www.etoilederose.fr\/wp-content\/uploads\/2020\/01\/WenN21-1-300x200.jpg 300w, https:\/\/www.etoilederose.fr\/wp-content\/uploads\/2020\/01\/WenN21-1-768x512.jpg 768w, https:\/\/www.etoilederose.fr\/wp-content\/uploads\/2020\/01\/WenN21-1.jpg 1500w\" sizes=\"auto, (max-width: 1024px) 100vw, 1024px\" \/><figcaption>urne \u00e0 enveloppes c\u0153ur d\u00e9cor\u00e9e en accord avec le faire-part<\/figcaption><\/figure>\n\n\n\n<p>Dans la salle, ainsi que dans plusieurs salles du ch\u00e2teau, des tables rondes apportent du cachet et la sobri\u00e9t\u00e9 de la d\u00e9coration s&rsquo;\u00e9quilibre avec la d\u00e9coration du ch\u00e2teau. Des bougies en cire LED sont pos\u00e9es sur les bords de fen\u00eatre int\u00e9rieures du ch\u00e2teau donc rajoutent du romantisme<\/p>\n\n\n\n<p>Des housses en lycra habillent les chaises, mais encore un n\u0153ud en organza p\u00eache clair apporte le plus.<\/p>\n\n\n\n<h3 class=\"wp-block-heading\" id=\"sur-les-tables\">Sur les tables<\/h3>\n\n\n\n<p>Pour finir, sur les tables, j&rsquo;ai cr\u00e9\u00e9 un menu photophore apporte la touche lumineuse douce le soir. \u00c9galement, un centre de table en fleurs naturelles, dans les tons du th\u00e8me a \u00e9t\u00e9 con\u00e7u par la fleuriste de Vitry la ville. Des noms de plantes ou d&rsquo;arbres servent de marque-tables. Finalement, Les bo\u00eetes \u00e0 drag\u00e9es apportent la touche asiatique de ce mariage franco\/chinois<\/p>\n\n\n\n<p>Pour voir les photos en grand format, cliquez dessus<\/p>\n\n\n\n<p>ngg_shortcode_0_placeholder<br><\/p>\n","protected":false},"excerpt":{"rendered":"<p>Tout d&rsquo;abord, Je vous pr\u00e9sente un mariage au Ch\u00e2teau de Vitry la Ville. Les couleurs sont p\u00eache clair et blanc. De plus, La mari\u00e9e tenait \u00e0 r\u00e9aliser une c\u00e9r\u00e9monie la\u00efque en ext\u00e9rieur, avec l&rsquo;arche en bois pr\u00e9sent\u00e9e en location. La c\u00e9r\u00e9monie la\u00efque est d\u00e9cor\u00e9e comme suit: Un joli voile blanc l\u00e9ger sur l&rsquo;arche et les [&hellip;]<\/p>\n","protected":false},"author":1,"featured_media":0,"parent":25,"menu_order":60,"comment_status":"closed","ping_status":"closed","template":"","meta":{"ngg_post_thumbnail":0,"footnotes":"","_links_to":"","_links_to_target":""},"class_list":["post-6168","page","type-page","status-publish","hentry"],"yoast_head":"<!-- This site is optimized with the Yoast SEO plugin v21.5 - https:\/\/yoast.com\/wordpress\/plugins\/seo\/ -->\n<title>Mariage au ch\u00e2teau de Vitry la Ville | Etoile de rose D\u00e9coratrice Aube<\/title>\n<meta name=\"description\" content=\"Mariage au Ch\u00e2teau de Vitry la Ville d\u00e9cor\u00e9 en p\u00eache clair et blanc, c\u00e9r\u00e9monie la\u00efque dans le parc, vous aussi demandez votre devis gratuit !\" \/>\n<meta name=\"robots\" content=\"index, follow, max-snippet:-1, max-image-preview:large, max-video-preview:-1\" \/>\n<link rel=\"canonical\" href=\"https:\/\/www.etoilederose.fr\/index.php\/quelques-realisations\/mariage-au-chateau-de-vitry-la-ville\" \/>\n<meta name=\"twitter:label1\" content=\"Dur\u00e9e de lecture estim\u00e9e\" \/>\n\t<meta name=\"twitter:data1\" content=\"3 minutes\" \/>\n<script type=\"application\/ld+json\" class=\"yoast-schema-graph\">{\"@context\":\"https:\/\/schema.org\",\"@graph\":[{\"@type\":\"WebPage\",\"@id\":\"https:\/\/www.etoilederose.fr\/index.php\/quelques-realisations\/mariage-au-chateau-de-vitry-la-ville\",\"url\":\"https:\/\/www.etoilederose.fr\/index.php\/quelques-realisations\/mariage-au-chateau-de-vitry-la-ville\",\"name\":\"Mariage au ch\u00e2teau de Vitry la Ville | Etoile de rose D\u00e9coratrice Aube\",\"isPartOf\":{\"@id\":\"https:\/\/www.etoilederose.fr\/#website\"},\"datePublished\":\"2020-01-24T19:17:38+00:00\",\"dateModified\":\"2022-02-10T14:28:08+00:00\",\"description\":\"Mariage au Ch\u00e2teau de Vitry la Ville d\u00e9cor\u00e9 en p\u00eache clair et blanc, c\u00e9r\u00e9monie la\u00efque dans le parc, vous aussi demandez votre devis gratuit !\",\"breadcrumb\":{\"@id\":\"https:\/\/www.etoilederose.fr\/index.php\/quelques-realisations\/mariage-au-chateau-de-vitry-la-ville#breadcrumb\"},\"inLanguage\":\"fr-FR\",\"potentialAction\":[{\"@type\":\"ReadAction\",\"target\":[\"https:\/\/www.etoilederose.fr\/index.php\/quelques-realisations\/mariage-au-chateau-de-vitry-la-ville\"]}]},{\"@type\":\"BreadcrumbList\",\"@id\":\"https:\/\/www.etoilederose.fr\/index.php\/quelques-realisations\/mariage-au-chateau-de-vitry-la-ville#breadcrumb\",\"itemListElement\":[{\"@type\":\"ListItem\",\"position\":1,\"name\":\"Home\",\"item\":\"https:\/\/www.etoilederose.fr\/\"},{\"@type\":\"ListItem\",\"position\":2,\"name\":\"R\u00e9alisations\",\"item\":\"https:\/\/www.etoilederose.fr\/index.php\/quelques-realisations\"},{\"@type\":\"ListItem\",\"position\":3,\"name\":\"Mariage au ch\u00e2teau de Vitry la Ville\"}]},{\"@type\":\"WebSite\",\"@id\":\"https:\/\/www.etoilederose.fr\/#website\",\"url\":\"https:\/\/www.etoilederose.fr\/\",\"name\":\"Etoile de rose\",\"description\":\"Etoile de rose D\u00e9coration \u00e9v\u00e9nementielle\",\"publisher\":{\"@id\":\"https:\/\/www.etoilederose.fr\/#\/schema\/person\/2d9d1db00dba3c640fa38b8b1abbdcaf\"},\"potentialAction\":[{\"@type\":\"SearchAction\",\"target\":{\"@type\":\"EntryPoint\",\"urlTemplate\":\"https:\/\/www.etoilederose.fr\/?s={search_term_string}\"},\"query-input\":\"required name=search_term_string\"}],\"inLanguage\":\"fr-FR\"},{\"@type\":[\"Person\",\"Organization\"],\"@id\":\"https:\/\/www.etoilederose.fr\/#\/schema\/person\/2d9d1db00dba3c640fa38b8b1abbdcaf\",\"name\":\"admin\",\"image\":{\"@type\":\"ImageObject\",\"inLanguage\":\"fr-FR\",\"@id\":\"https:\/\/www.etoilederose.fr\/#\/schema\/person\/image\/\",\"url\":\"https:\/\/www.etoilederose.fr\/wp-content\/uploads\/2026\/01\/logo_noir.jpg\",\"contentUrl\":\"https:\/\/www.etoilederose.fr\/wp-content\/uploads\/2026\/01\/logo_noir.jpg\",\"width\":1150,\"height\":1150,\"caption\":\"admin\"},\"logo\":{\"@id\":\"https:\/\/www.etoilederose.fr\/#\/schema\/person\/image\/\"},\"description\":\"D\u00e9coratrice \u00e9v\u00e9nementiel depuis 15 ans, je me suis dirig\u00e9e depuis 8 ans dans le domaine de la d\u00e9coration de vitrines de magasins.\",\"sameAs\":[\"http:\/\/www.etoilederose.fr\",\"https:\/\/www.facebook.com\/etoilederose.fr\/?ref=aymt_homepage_panel\",\"https:\/\/www.instagram.com\/etoile.de.rose\/\",\"https:\/\/twitter.com\/https:\/\/twitter.com\/wwwetoilederose?lang=fr\"]}]}<\/script>\n<!-- \/ Yoast SEO plugin. -->","yoast_head_json":{"title":"Mariage au ch\u00e2teau de Vitry la Ville | Etoile de rose D\u00e9coratrice Aube","description":"Mariage au Ch\u00e2teau de Vitry la Ville d\u00e9cor\u00e9 en p\u00eache clair et blanc, c\u00e9r\u00e9monie la\u00efque dans le parc, vous aussi demandez votre devis gratuit !","robots":{"index":"index","follow":"follow","max-snippet":"max-snippet:-1","max-image-preview":"max-image-preview:large","max-video-preview":"max-video-preview:-1"},"canonical":"https:\/\/www.etoilederose.fr\/index.php\/quelques-realisations\/mariage-au-chateau-de-vitry-la-ville","twitter_misc":{"Dur\u00e9e de lecture estim\u00e9e":"3 minutes"},"schema":{"@context":"https:\/\/schema.org","@graph":[{"@type":"WebPage","@id":"https:\/\/www.etoilederose.fr\/index.php\/quelques-realisations\/mariage-au-chateau-de-vitry-la-ville","url":"https:\/\/www.etoilederose.fr\/index.php\/quelques-realisations\/mariage-au-chateau-de-vitry-la-ville","name":"Mariage au ch\u00e2teau de Vitry la Ville | Etoile de rose D\u00e9coratrice Aube","isPartOf":{"@id":"https:\/\/www.etoilederose.fr\/#website"},"datePublished":"2020-01-24T19:17:38+00:00","dateModified":"2022-02-10T14:28:08+00:00","description":"Mariage au Ch\u00e2teau de Vitry la Ville d\u00e9cor\u00e9 en p\u00eache clair et blanc, c\u00e9r\u00e9monie la\u00efque dans le parc, vous aussi demandez votre devis gratuit !","breadcrumb":{"@id":"https:\/\/www.etoilederose.fr\/index.php\/quelques-realisations\/mariage-au-chateau-de-vitry-la-ville#breadcrumb"},"inLanguage":"fr-FR","potentialAction":[{"@type":"ReadAction","target":["https:\/\/www.etoilederose.fr\/index.php\/quelques-realisations\/mariage-au-chateau-de-vitry-la-ville"]}]},{"@type":"BreadcrumbList","@id":"https:\/\/www.etoilederose.fr\/index.php\/quelques-realisations\/mariage-au-chateau-de-vitry-la-ville#breadcrumb","itemListElement":[{"@type":"ListItem","position":1,"name":"Home","item":"https:\/\/www.etoilederose.fr\/"},{"@type":"ListItem","position":2,"name":"R\u00e9alisations","item":"https:\/\/www.etoilederose.fr\/index.php\/quelques-realisations"},{"@type":"ListItem","position":3,"name":"Mariage au ch\u00e2teau de Vitry la Ville"}]},{"@type":"WebSite","@id":"https:\/\/www.etoilederose.fr\/#website","url":"https:\/\/www.etoilederose.fr\/","name":"Etoile de rose","description":"Etoile de rose D\u00e9coration \u00e9v\u00e9nementielle","publisher":{"@id":"https:\/\/www.etoilederose.fr\/#\/schema\/person\/2d9d1db00dba3c640fa38b8b1abbdcaf"},"potentialAction":[{"@type":"SearchAction","target":{"@type":"EntryPoint","urlTemplate":"https:\/\/www.etoilederose.fr\/?s={search_term_string}"},"query-input":"required name=search_term_string"}],"inLanguage":"fr-FR"},{"@type":["Person","Organization"],"@id":"https:\/\/www.etoilederose.fr\/#\/schema\/person\/2d9d1db00dba3c640fa38b8b1abbdcaf","name":"admin","image":{"@type":"ImageObject","inLanguage":"fr-FR","@id":"https:\/\/www.etoilederose.fr\/#\/schema\/person\/image\/","url":"https:\/\/www.etoilederose.fr\/wp-content\/uploads\/2026\/01\/logo_noir.jpg","contentUrl":"https:\/\/www.etoilederose.fr\/wp-content\/uploads\/2026\/01\/logo_noir.jpg","width":1150,"height":1150,"caption":"admin"},"logo":{"@id":"https:\/\/www.etoilederose.fr\/#\/schema\/person\/image\/"},"description":"D\u00e9coratrice \u00e9v\u00e9nementiel depuis 15 ans, je me suis dirig\u00e9e depuis 8 ans dans le domaine de la d\u00e9coration de vitrines de magasins.","sameAs":["http:\/\/www.etoilederose.fr","https:\/\/www.facebook.com\/etoilederose.fr\/?ref=aymt_homepage_panel","https:\/\/www.instagram.com\/etoile.de.rose\/","https:\/\/twitter.com\/https:\/\/twitter.com\/wwwetoilederose?lang=fr"]}]}},"_links":{"self":[{"href":"https:\/\/www.etoilederose.fr\/index.php\/wp-json\/wp\/v2\/pages\/6168","targetHints":{"allow":["GET"]}}],"collection":[{"href":"https:\/\/www.etoilederose.fr\/index.php\/wp-json\/wp\/v2\/pages"}],"about":[{"href":"https:\/\/www.etoilederose.fr\/index.php\/wp-json\/wp\/v2\/types\/page"}],"author":[{"embeddable":true,"href":"https:\/\/www.etoilederose.fr\/index.php\/wp-json\/wp\/v2\/users\/1"}],"replies":[{"embeddable":true,"href":"https:\/\/www.etoilederose.fr\/index.php\/wp-json\/wp\/v2\/comments?post=6168"}],"version-history":[{"count":17,"href":"https:\/\/www.etoilederose.fr\/index.php\/wp-json\/wp\/v2\/pages\/6168\/revisions"}],"predecessor-version":[{"id":7777,"href":"https:\/\/www.etoilederose.fr\/index.php\/wp-json\/wp\/v2\/pages\/6168\/revisions\/7777"}],"up":[{"embeddable":true,"href":"https:\/\/www.etoilederose.fr\/index.php\/wp-json\/wp\/v2\/pages\/25"}],"wp:attachment":[{"href":"https:\/\/www.etoilederose.fr\/index.php\/wp-json\/wp\/v2\/media?parent=6168"}],"curies":[{"name":"wp","href":"https:\/\/api.w.org\/{rel}","templated":true}]}}