{"id":5317,"date":"2019-05-20T08:11:44","date_gmt":"2019-05-20T08:11:44","guid":{"rendered":"http:\/\/www.etoilederose.fr\/?page_id=5317"},"modified":"2022-02-10T14:26:36","modified_gmt":"2022-02-10T14:26:36","slug":"mariage-au-mont-aime","status":"publish","type":"page","link":"https:\/\/www.etoilederose.fr\/index.php\/quelques-realisations\/mariage-au-mont-aime","title":{"rendered":"Mariage \u00e0 l&rsquo;Hostellerie des Dames de Champagne"},"content":{"rendered":"\n<figure class=\"wp-block-image\"><img loading=\"lazy\" decoding=\"async\" width=\"1024\" height=\"683\" src=\"https:\/\/www.etoilederose.fr\/wp-content\/uploads\/2019\/05\/Datteny-22-1024x683.jpg\" alt=\"Mariage \u00e0 l'Hostellerie des Dames de Champagne, avec l'Hostellerie Du Mont Aim\u00e9\" class=\"wp-image-5348\" srcset=\"https:\/\/www.etoilederose.fr\/wp-content\/uploads\/2019\/05\/Datteny-22-1024x683.jpg 1024w, https:\/\/www.etoilederose.fr\/wp-content\/uploads\/2019\/05\/Datteny-22-300x200.jpg 300w, https:\/\/www.etoilederose.fr\/wp-content\/uploads\/2019\/05\/Datteny-22-768x512.jpg 768w, https:\/\/www.etoilederose.fr\/wp-content\/uploads\/2019\/05\/Datteny-22.jpg 1200w\" sizes=\"auto, (max-width: 1024px) 100vw, 1024px\" \/><figcaption><a href=\"https:\/\/www.tripadvisor.fr\/Hotel_Review-g1209990-d606292-Reviews-Hostellerie_du_Mont_Aime_et_Hostellerie_des_Dames_de_Champagne-Bergeres_les_Vertus_Mar.html\">Salle de l&rsquo;Hostellerie des Dames <\/a>de Champagne, avec l&rsquo;Hostellerie Du Mont Aim\u00e9<\/figcaption><\/figure>\n\n\n\n<h3 class=\"wp-block-heading\" id=\"le-vin-d-honneur\">Le vin d&rsquo;honneur<\/h3>\n\n\n\n<p>Tout d&rsquo;abord, le vin d&rsquo;honneur se d\u00e9roule g\u00e9n\u00e9ralement dans le hall attenant \u00e0 la salle de l&rsquo;Hostellerie des Dames de Champagne. Une d\u00e9co tr\u00e8s design et dynamique vous y attend avant d&rsquo;entr\u00e9e dans la salle de r\u00e9ception.<\/p>\n\n\n\n<figure class=\"wp-block-image\"><img loading=\"lazy\" decoding=\"async\" width=\"1024\" height=\"683\" src=\"https:\/\/www.etoilederose.fr\/wp-content\/uploads\/2020\/01\/LesFestivitsJA-1963-1024x683.jpg\" alt=\"Hall d'entr\u00e9e de l'Hostellerie des Dames de Champagne\" class=\"wp-image-6414\" srcset=\"https:\/\/www.etoilederose.fr\/wp-content\/uploads\/2020\/01\/LesFestivitsJA-1963-1024x683.jpg 1024w, https:\/\/www.etoilederose.fr\/wp-content\/uploads\/2020\/01\/LesFestivitsJA-1963-300x200.jpg 300w, https:\/\/www.etoilederose.fr\/wp-content\/uploads\/2020\/01\/LesFestivitsJA-1963-768x512.jpg 768w\" sizes=\"auto, (max-width: 1024px) 100vw, 1024px\" \/><figcaption>Hall d&rsquo;entr\u00e9e de la salle<\/figcaption><\/figure>\n\n\n\n<p> Ce mariage \u00e0 <a href=\"https:\/\/www.tripadvisor.fr\/Hotel_Review-g1209990-d606292-Reviews-Hostellerie_du_Mont_Aime_et_Hostellerie_des_Dames_de_Champagne-Bergeres_les_Vertus_Mar.html\">l&rsquo;Hostellerie des Dames de Champagne<\/a>  \u00e0 Berg\u00e8res les Vertus, propos\u00e9e par <a href=\"https:\/\/www.hostellerie-mont-aime.com\/\">L&rsquo;hostellerie du Mont Aim\u00e9<\/a> est d\u00e9cor\u00e9 dans les couleurs pastelles. J&rsquo;ai apport\u00e9 ma pierre \u00e0 l&rsquo;\u00e9difice de ce mariage couleurs tendre et \u00e9crues en accord avec la mari\u00e9e qui s&rsquo;est beaucoup investie dans les d\u00e9tails de la d\u00e9coration . les fleurs sont naturelles et agr\u00e9ment\u00e9es notamment par les guirlandes de perles blanches suspendues sur le c\u00f4t\u00e9 des vases martini. Le restaurant Le mont Aim\u00e9 fournit les nappages. Les chaises ainsi que les housses font partie de la salle. Les housses sont en coton et arborent un n\u0153ud int\u00e9gr\u00e9 directement. <\/p>\n\n\n\n<figure class=\"wp-block-image\"><img loading=\"lazy\" decoding=\"async\" width=\"1024\" height=\"682\" src=\"https:\/\/www.etoilederose.fr\/wp-content\/uploads\/2020\/01\/Sk0keah6g1vPZamlqgZqP9MpiKY1lLbbz-wNsdjOtWIeJxFPc-1024x682.jpg\" alt=\"Plan de tables sur palette avec cadres photos\" class=\"wp-image-6411\" srcset=\"https:\/\/www.etoilederose.fr\/wp-content\/uploads\/2020\/01\/Sk0keah6g1vPZamlqgZqP9MpiKY1lLbbz-wNsdjOtWIeJxFPc-1024x682.jpg 1024w, https:\/\/www.etoilederose.fr\/wp-content\/uploads\/2020\/01\/Sk0keah6g1vPZamlqgZqP9MpiKY1lLbbz-wNsdjOtWIeJxFPc-300x200.jpg 300w, https:\/\/www.etoilederose.fr\/wp-content\/uploads\/2020\/01\/Sk0keah6g1vPZamlqgZqP9MpiKY1lLbbz-wNsdjOtWIeJxFPc-768x512.jpg 768w, https:\/\/www.etoilederose.fr\/wp-content\/uploads\/2020\/01\/Sk0keah6g1vPZamlqgZqP9MpiKY1lLbbz-wNsdjOtWIeJxFPc.jpg 1219w\" sizes=\"auto, (max-width: 1024px) 100vw, 1024px\" \/><\/figure>\n\n\n\n<p>A  l&rsquo;entr\u00e9e de la salle, le plan de tables dirige les invit\u00e9s au bon endroit. Par ailleurs, la mari\u00e9e a r\u00e9alis\u00e9 le plan de table ainsi que de nombreux d\u00e9tails dispos\u00e9s dans la salle. Je vous laisse d\u00e9couvrir son travail :<\/p>\n\n\nngg_shortcode_0_placeholder\n\n\n\n<h3 class=\"wp-block-heading\" id=\"la-decoration-de-salle\">La d\u00e9coration de salle<\/h3>\n\n\n\n<p>Mariage \u00e0 l&rsquo;Hostellerie des Dames de Champagne<\/p>\n\n\n\n<figure class=\"wp-block-image\"><img loading=\"lazy\" decoding=\"async\" width=\"1024\" height=\"682\" src=\"https:\/\/www.etoilederose.fr\/wp-content\/uploads\/2020\/01\/GPdgjY1pOdu7KkpSjkJcl3kGRegI4Tx-zf1cjYO3GYseJxFPc-1-1024x682.jpg\" alt=\"Vase martini fleurit avec guirlande de perles\" class=\"wp-image-6378\" srcset=\"https:\/\/www.etoilederose.fr\/wp-content\/uploads\/2020\/01\/GPdgjY1pOdu7KkpSjkJcl3kGRegI4Tx-zf1cjYO3GYseJxFPc-1-1024x682.jpg 1024w, https:\/\/www.etoilederose.fr\/wp-content\/uploads\/2020\/01\/GPdgjY1pOdu7KkpSjkJcl3kGRegI4Tx-zf1cjYO3GYseJxFPc-1-300x200.jpg 300w, https:\/\/www.etoilederose.fr\/wp-content\/uploads\/2020\/01\/GPdgjY1pOdu7KkpSjkJcl3kGRegI4Tx-zf1cjYO3GYseJxFPc-1-768x512.jpg 768w, https:\/\/www.etoilederose.fr\/wp-content\/uploads\/2020\/01\/GPdgjY1pOdu7KkpSjkJcl3kGRegI4Tx-zf1cjYO3GYseJxFPc-1.jpg 1219w\" sizes=\"auto, (max-width: 1024px) 100vw, 1024px\" \/><figcaption>Vase martini, Salle de l&rsquo;Hostellerie des Dames de Champagne<\/figcaption><\/figure>\n\n\nngg_shortcode_1_placeholder\n\n\n\n<h3 class=\"wp-block-heading\" id=\"le-candy-bar\">Le candy bar<\/h3>\n\n\n\n<p>Les couleurs de l&rsquo;\u00e9v\u00e9nement sont partout sur<a href=\"https:\/\/www.etoilederose.fr\/index.php\/tarifs-locations\"> Le candy bar<\/a>  comme pour chacun des \u00e9v\u00e9nement . Il pr\u00e9sente les diverses sucreries propos\u00e9es par les mari\u00e9s. Chaque bonbonni\u00e8re est personnalis\u00e9e, la d\u00e9coration du candy bar est accord\u00e9e au reste de la d\u00e9coration.<\/p>\n\n\n\n<figure class=\"wp-block-image\"><img loading=\"lazy\" decoding=\"async\" width=\"683\" height=\"1024\" src=\"https:\/\/www.etoilederose.fr\/wp-content\/uploads\/2019\/05\/Datteny-1-683x1024.jpg\" alt=\"Candy bar personnalis\u00e9\n\" class=\"wp-image-5358\" srcset=\"https:\/\/www.etoilederose.fr\/wp-content\/uploads\/2019\/05\/Datteny-1-683x1024.jpg 683w, https:\/\/www.etoilederose.fr\/wp-content\/uploads\/2019\/05\/Datteny-1-200x300.jpg 200w, https:\/\/www.etoilederose.fr\/wp-content\/uploads\/2019\/05\/Datteny-1-768x1152.jpg 768w, https:\/\/www.etoilederose.fr\/wp-content\/uploads\/2019\/05\/Datteny-1.jpg 1200w\" sizes=\"auto, (max-width: 683px) 100vw, 683px\" \/><figcaption>Le candy bar customis\u00e9 aux couleurs pastelles<\/figcaption><\/figure>\n\n\nngg_shortcode_2_placeholder\n\n\n\n<h4 class=\"wp-block-heading\" id=\"l-eglise\">L&rsquo;\u00e9glise<\/h4>\n\n\n\n<p>Tout d&rsquo;abord retrouvons l&rsquo;\u00e9glise de Mailly le Camp. Je l&rsquo;ai d\u00e9cor\u00e9e en toute simplicit\u00e9 avec du tulle et du gypsophile et une composition fleurie pastelle pour l&rsquo;Autel.<\/p>\n\n\n\n<figure class=\"wp-block-image\"><a href=\"https:\/\/www.etoilederose.fr\/index.php\/quelques-realisations\/mariage-au-mont-aime\/iaieqbleeghwirpmlh7azm5ah1o_klc-6r6zvjfbjsuejxfpc-2\"><img loading=\"lazy\" decoding=\"async\" width=\"1024\" height=\"682\" src=\"https:\/\/www.etoilederose.fr\/wp-content\/uploads\/2020\/01\/iAiEqblEegHwIRPmlh7AzM5aH1O_kLC-6R6zvjFbJsUeJxFPc-1-1024x682.jpg\" alt=\"D\u00e9coration de l'\u00e9glise de Mailly le Camp\" class=\"wp-image-6383\" srcset=\"https:\/\/www.etoilederose.fr\/wp-content\/uploads\/2020\/01\/iAiEqblEegHwIRPmlh7AzM5aH1O_kLC-6R6zvjFbJsUeJxFPc-1-1024x682.jpg 1024w, https:\/\/www.etoilederose.fr\/wp-content\/uploads\/2020\/01\/iAiEqblEegHwIRPmlh7AzM5aH1O_kLC-6R6zvjFbJsUeJxFPc-1-300x200.jpg 300w, https:\/\/www.etoilederose.fr\/wp-content\/uploads\/2020\/01\/iAiEqblEegHwIRPmlh7AzM5aH1O_kLC-6R6zvjFbJsUeJxFPc-1-768x512.jpg 768w, https:\/\/www.etoilederose.fr\/wp-content\/uploads\/2020\/01\/iAiEqblEegHwIRPmlh7AzM5aH1O_kLC-6R6zvjFbJsUeJxFPc-1.jpg 1280w\" sizes=\"auto, (max-width: 1024px) 100vw, 1024px\" \/><\/a><figcaption>\u00c9glise de Mailly le Camp<\/figcaption><\/figure>\n\n\nngg_shortcode_3_placeholder\n\n\n\n<p>Une jolie traction fleurie attendait les mari\u00e9s devant l&rsquo;\u00e9glise. La composition de fleurs est naturelle et accord\u00e9e au reste de la d\u00e9coration.<\/p>\n\n\n\n<figure class=\"wp-block-image\"><a href=\"https:\/\/www.etoilederose.fr\/index.php\/quelques-realisations\/mariage-au-mont-aime\/1yzely6bromwtcsimnyq00vneyrda2nruy30gpbdzweejxfpc\"><img loading=\"lazy\" decoding=\"async\" width=\"1024\" height=\"682\" src=\"https:\/\/www.etoilederose.fr\/wp-content\/uploads\/2020\/01\/1yZelY6broMwTCSImnYQ00VNEYRDa2NruY30GPbdzWEeJxFPc-1024x682.jpg\" alt=\"Traction avec composition de fleurs\" class=\"wp-image-6393\" srcset=\"https:\/\/www.etoilederose.fr\/wp-content\/uploads\/2020\/01\/1yZelY6broMwTCSImnYQ00VNEYRDa2NruY30GPbdzWEeJxFPc-1024x682.jpg 1024w, https:\/\/www.etoilederose.fr\/wp-content\/uploads\/2020\/01\/1yZelY6broMwTCSImnYQ00VNEYRDa2NruY30GPbdzWEeJxFPc-300x200.jpg 300w, https:\/\/www.etoilederose.fr\/wp-content\/uploads\/2020\/01\/1yZelY6broMwTCSImnYQ00VNEYRDa2NruY30GPbdzWEeJxFPc-768x512.jpg 768w, https:\/\/www.etoilederose.fr\/wp-content\/uploads\/2020\/01\/1yZelY6broMwTCSImnYQ00VNEYRDa2NruY30GPbdzWEeJxFPc.jpg 1219w\" sizes=\"auto, (max-width: 1024px) 100vw, 1024px\" \/><\/a><figcaption>Traction fleurie en couleurs pastelles<\/figcaption><\/figure>\n","protected":false},"excerpt":{"rendered":"<p>Le vin d&rsquo;honneur Tout d&rsquo;abord, le vin d&rsquo;honneur se d\u00e9roule g\u00e9n\u00e9ralement dans le hall attenant \u00e0 la salle de l&rsquo;Hostellerie des Dames de Champagne. Une d\u00e9co tr\u00e8s design et dynamique vous y attend avant d&rsquo;entr\u00e9e dans la salle de r\u00e9ception. Ce mariage \u00e0 l&rsquo;Hostellerie des Dames de Champagne \u00e0 Berg\u00e8res les Vertus, propos\u00e9e par L&rsquo;hostellerie [&hellip;]<\/p>\n","protected":false},"author":1,"featured_media":0,"parent":25,"menu_order":50,"comment_status":"closed","ping_status":"closed","template":"","meta":{"ngg_post_thumbnail":0,"footnotes":"","_links_to":"","_links_to_target":""},"class_list":["post-5317","page","type-page","status-publish","hentry"],"yoast_head":"<!-- This site is optimized with the Yoast SEO plugin v21.5 - https:\/\/yoast.com\/wordpress\/plugins\/seo\/ -->\n<title>Mariage \u00e0 l&#039;Hostellerie des Dames de Champagne| Etoile de rose<\/title>\n<meta name=\"description\" content=\"Mariage \u00e0 l&#039;Hostellerie des Dames de Champagne, \u00e0 Berg\u00e8res les Vertus. Mariage couleurs pastelles.Demandez \u00e9galement votre devis ! \u00c9toile de rose\" \/>\n<meta name=\"robots\" content=\"index, follow, max-snippet:-1, max-image-preview:large, max-video-preview:-1\" \/>\n<link rel=\"canonical\" href=\"https:\/\/www.etoilederose.fr\/index.php\/quelques-realisations\/mariage-au-mont-aime\" \/>\n<meta name=\"twitter:label1\" content=\"Dur\u00e9e de lecture estim\u00e9e\" \/>\n\t<meta name=\"twitter:data1\" content=\"4 minutes\" \/>\n<script type=\"application\/ld+json\" class=\"yoast-schema-graph\">{\"@context\":\"https:\/\/schema.org\",\"@graph\":[{\"@type\":\"WebPage\",\"@id\":\"https:\/\/www.etoilederose.fr\/index.php\/quelques-realisations\/mariage-au-mont-aime\",\"url\":\"https:\/\/www.etoilederose.fr\/index.php\/quelques-realisations\/mariage-au-mont-aime\",\"name\":\"Mariage \u00e0 l'Hostellerie des Dames de Champagne| Etoile de rose\",\"isPartOf\":{\"@id\":\"https:\/\/www.etoilederose.fr\/#website\"},\"datePublished\":\"2019-05-20T08:11:44+00:00\",\"dateModified\":\"2022-02-10T14:26:36+00:00\",\"description\":\"Mariage \u00e0 l'Hostellerie des Dames de Champagne, \u00e0 Berg\u00e8res les Vertus. Mariage couleurs pastelles.Demandez \u00e9galement votre devis ! \u00c9toile de rose\",\"breadcrumb\":{\"@id\":\"https:\/\/www.etoilederose.fr\/index.php\/quelques-realisations\/mariage-au-mont-aime#breadcrumb\"},\"inLanguage\":\"fr-FR\",\"potentialAction\":[{\"@type\":\"ReadAction\",\"target\":[\"https:\/\/www.etoilederose.fr\/index.php\/quelques-realisations\/mariage-au-mont-aime\"]}]},{\"@type\":\"BreadcrumbList\",\"@id\":\"https:\/\/www.etoilederose.fr\/index.php\/quelques-realisations\/mariage-au-mont-aime#breadcrumb\",\"itemListElement\":[{\"@type\":\"ListItem\",\"position\":1,\"name\":\"Home\",\"item\":\"https:\/\/www.etoilederose.fr\/\"},{\"@type\":\"ListItem\",\"position\":2,\"name\":\"R\u00e9alisations\",\"item\":\"https:\/\/www.etoilederose.fr\/index.php\/quelques-realisations\"},{\"@type\":\"ListItem\",\"position\":3,\"name\":\"Mariage \u00e0 l&rsquo;Hostellerie des Dames de Champagne\"}]},{\"@type\":\"WebSite\",\"@id\":\"https:\/\/www.etoilederose.fr\/#website\",\"url\":\"https:\/\/www.etoilederose.fr\/\",\"name\":\"Etoile de rose\",\"description\":\"Etoile de rose D\u00e9coration \u00e9v\u00e9nementielle\",\"publisher\":{\"@id\":\"https:\/\/www.etoilederose.fr\/#\/schema\/person\/2d9d1db00dba3c640fa38b8b1abbdcaf\"},\"potentialAction\":[{\"@type\":\"SearchAction\",\"target\":{\"@type\":\"EntryPoint\",\"urlTemplate\":\"https:\/\/www.etoilederose.fr\/?s={search_term_string}\"},\"query-input\":\"required name=search_term_string\"}],\"inLanguage\":\"fr-FR\"},{\"@type\":[\"Person\",\"Organization\"],\"@id\":\"https:\/\/www.etoilederose.fr\/#\/schema\/person\/2d9d1db00dba3c640fa38b8b1abbdcaf\",\"name\":\"admin\",\"image\":{\"@type\":\"ImageObject\",\"inLanguage\":\"fr-FR\",\"@id\":\"https:\/\/www.etoilederose.fr\/#\/schema\/person\/image\/\",\"url\":\"https:\/\/www.etoilederose.fr\/wp-content\/uploads\/2026\/01\/logo_noir.jpg\",\"contentUrl\":\"https:\/\/www.etoilederose.fr\/wp-content\/uploads\/2026\/01\/logo_noir.jpg\",\"width\":1150,\"height\":1150,\"caption\":\"admin\"},\"logo\":{\"@id\":\"https:\/\/www.etoilederose.fr\/#\/schema\/person\/image\/\"},\"description\":\"D\u00e9coratrice \u00e9v\u00e9nementiel depuis 15 ans, je me suis dirig\u00e9e depuis 8 ans dans le domaine de la d\u00e9coration de vitrines de magasins.\",\"sameAs\":[\"http:\/\/www.etoilederose.fr\",\"https:\/\/www.facebook.com\/etoilederose.fr\/?ref=aymt_homepage_panel\",\"https:\/\/www.instagram.com\/etoile.de.rose\/\",\"https:\/\/twitter.com\/https:\/\/twitter.com\/wwwetoilederose?lang=fr\"]}]}<\/script>\n<!-- \/ Yoast SEO plugin. -->","yoast_head_json":{"title":"Mariage \u00e0 l'Hostellerie des Dames de Champagne| Etoile de rose","description":"Mariage \u00e0 l'Hostellerie des Dames de Champagne, \u00e0 Berg\u00e8res les Vertus. Mariage couleurs pastelles.Demandez \u00e9galement votre devis ! \u00c9toile de rose","robots":{"index":"index","follow":"follow","max-snippet":"max-snippet:-1","max-image-preview":"max-image-preview:large","max-video-preview":"max-video-preview:-1"},"canonical":"https:\/\/www.etoilederose.fr\/index.php\/quelques-realisations\/mariage-au-mont-aime","twitter_misc":{"Dur\u00e9e de lecture estim\u00e9e":"4 minutes"},"schema":{"@context":"https:\/\/schema.org","@graph":[{"@type":"WebPage","@id":"https:\/\/www.etoilederose.fr\/index.php\/quelques-realisations\/mariage-au-mont-aime","url":"https:\/\/www.etoilederose.fr\/index.php\/quelques-realisations\/mariage-au-mont-aime","name":"Mariage \u00e0 l'Hostellerie des Dames de Champagne| Etoile de rose","isPartOf":{"@id":"https:\/\/www.etoilederose.fr\/#website"},"datePublished":"2019-05-20T08:11:44+00:00","dateModified":"2022-02-10T14:26:36+00:00","description":"Mariage \u00e0 l'Hostellerie des Dames de Champagne, \u00e0 Berg\u00e8res les Vertus. Mariage couleurs pastelles.Demandez \u00e9galement votre devis ! \u00c9toile de rose","breadcrumb":{"@id":"https:\/\/www.etoilederose.fr\/index.php\/quelques-realisations\/mariage-au-mont-aime#breadcrumb"},"inLanguage":"fr-FR","potentialAction":[{"@type":"ReadAction","target":["https:\/\/www.etoilederose.fr\/index.php\/quelques-realisations\/mariage-au-mont-aime"]}]},{"@type":"BreadcrumbList","@id":"https:\/\/www.etoilederose.fr\/index.php\/quelques-realisations\/mariage-au-mont-aime#breadcrumb","itemListElement":[{"@type":"ListItem","position":1,"name":"Home","item":"https:\/\/www.etoilederose.fr\/"},{"@type":"ListItem","position":2,"name":"R\u00e9alisations","item":"https:\/\/www.etoilederose.fr\/index.php\/quelques-realisations"},{"@type":"ListItem","position":3,"name":"Mariage \u00e0 l&rsquo;Hostellerie des Dames de Champagne"}]},{"@type":"WebSite","@id":"https:\/\/www.etoilederose.fr\/#website","url":"https:\/\/www.etoilederose.fr\/","name":"Etoile de rose","description":"Etoile de rose D\u00e9coration \u00e9v\u00e9nementielle","publisher":{"@id":"https:\/\/www.etoilederose.fr\/#\/schema\/person\/2d9d1db00dba3c640fa38b8b1abbdcaf"},"potentialAction":[{"@type":"SearchAction","target":{"@type":"EntryPoint","urlTemplate":"https:\/\/www.etoilederose.fr\/?s={search_term_string}"},"query-input":"required name=search_term_string"}],"inLanguage":"fr-FR"},{"@type":["Person","Organization"],"@id":"https:\/\/www.etoilederose.fr\/#\/schema\/person\/2d9d1db00dba3c640fa38b8b1abbdcaf","name":"admin","image":{"@type":"ImageObject","inLanguage":"fr-FR","@id":"https:\/\/www.etoilederose.fr\/#\/schema\/person\/image\/","url":"https:\/\/www.etoilederose.fr\/wp-content\/uploads\/2026\/01\/logo_noir.jpg","contentUrl":"https:\/\/www.etoilederose.fr\/wp-content\/uploads\/2026\/01\/logo_noir.jpg","width":1150,"height":1150,"caption":"admin"},"logo":{"@id":"https:\/\/www.etoilederose.fr\/#\/schema\/person\/image\/"},"description":"D\u00e9coratrice \u00e9v\u00e9nementiel depuis 15 ans, je me suis dirig\u00e9e depuis 8 ans dans le domaine de la d\u00e9coration de vitrines de magasins.","sameAs":["http:\/\/www.etoilederose.fr","https:\/\/www.facebook.com\/etoilederose.fr\/?ref=aymt_homepage_panel","https:\/\/www.instagram.com\/etoile.de.rose\/","https:\/\/twitter.com\/https:\/\/twitter.com\/wwwetoilederose?lang=fr"]}]}},"_links":{"self":[{"href":"https:\/\/www.etoilederose.fr\/index.php\/wp-json\/wp\/v2\/pages\/5317","targetHints":{"allow":["GET"]}}],"collection":[{"href":"https:\/\/www.etoilederose.fr\/index.php\/wp-json\/wp\/v2\/pages"}],"about":[{"href":"https:\/\/www.etoilederose.fr\/index.php\/wp-json\/wp\/v2\/types\/page"}],"author":[{"embeddable":true,"href":"https:\/\/www.etoilederose.fr\/index.php\/wp-json\/wp\/v2\/users\/1"}],"replies":[{"embeddable":true,"href":"https:\/\/www.etoilederose.fr\/index.php\/wp-json\/wp\/v2\/comments?post=5317"}],"version-history":[{"count":64,"href":"https:\/\/www.etoilederose.fr\/index.php\/wp-json\/wp\/v2\/pages\/5317\/revisions"}],"predecessor-version":[{"id":7776,"href":"https:\/\/www.etoilederose.fr\/index.php\/wp-json\/wp\/v2\/pages\/5317\/revisions\/7776"}],"up":[{"embeddable":true,"href":"https:\/\/www.etoilederose.fr\/index.php\/wp-json\/wp\/v2\/pages\/25"}],"wp:attachment":[{"href":"https:\/\/www.etoilederose.fr\/index.php\/wp-json\/wp\/v2\/media?parent=5317"}],"curies":[{"name":"wp","href":"https:\/\/api.w.org\/{rel}","templated":true}]}}