{"id":5048,"date":"2018-10-23T20:58:44","date_gmt":"2018-10-23T20:58:44","guid":{"rendered":"http:\/\/www.etoilederose.fr\/?page_id=5048"},"modified":"2022-02-10T21:08:32","modified_gmt":"2022-02-10T21:08:32","slug":"votre-devis","status":"publish","type":"page","link":"https:\/\/www.etoilederose.fr\/index.php\/tarifs-locations\/votre-devis","title":{"rendered":"Votre devis"},"content":{"rendered":"<h4><span style=\"color: #000000;\">R\u00e9pondez \u00e0 ce questionnaire pour recevoir votre devis sous 48h ouvr\u00e9es<br \/>\n<\/span><\/h4>\n<p>&nbsp;<\/p>\n<div role=\"form\" class=\"wpcf7\" id=\"wpcf7-f5040-o1\" lang=\"fr-FR\" dir=\"ltr\">\n<div class=\"screen-reader-response\"><p role=\"status\" aria-live=\"polite\" aria-atomic=\"true\"><\/p> <ul><\/ul><\/div>\n<form action=\"\/index.php\/wp-json\/wp\/v2\/pages\/5048#wpcf7-f5040-o1\" method=\"post\" class=\"wpcf7-form init\" novalidate=\"novalidate\" data-status=\"init\">\n<div style=\"display: none;\">\n<input type=\"hidden\" name=\"_wpcf7\" value=\"5040\" \/>\n<input type=\"hidden\" name=\"_wpcf7_version\" value=\"5.6\" \/>\n<input type=\"hidden\" name=\"_wpcf7_locale\" value=\"fr_FR\" \/>\n<input type=\"hidden\" name=\"_wpcf7_unit_tag\" value=\"wpcf7-f5040-o1\" \/>\n<input type=\"hidden\" name=\"_wpcf7_container_post\" value=\"0\" \/>\n<input type=\"hidden\" name=\"_wpcf7_posted_data_hash\" value=\"\" \/>\n<input type=\"hidden\" name=\"_wpcf7_recaptcha_response\" value=\"\" \/>\n<\/div>\n<p><label> Quels sont vos pr\u00e9nom et nom, et date de votre \u00e9v\u00e9nement ?<br \/>\n    <span class=\"wpcf7-form-control-wrap\" data-name=\"nom-prenom-date\"><input type=\"text\" name=\"nom-prenom-date\" value=\"\" size=\"40\" class=\"wpcf7-form-control wpcf7-text wpcf7-validates-as-required\" aria-required=\"true\" aria-invalid=\"false\" \/><\/span> <\/label><br \/>\n<label> Quel est le type d\u2019\u00e9v\u00e9nement que vous souhaitez d\u00e9corer ? ( mariage, anniversaire, bapt\u00eame\u2026)<br \/>\n    <span class=\"wpcf7-form-control-wrap\" data-name=\"type-evenement\"><input type=\"text\" name=\"type-evenement\" value=\"\" size=\"40\" class=\"wpcf7-form-control wpcf7-text wpcf7-validates-as-required\" aria-required=\"true\" aria-invalid=\"false\" \/><\/span> <\/label><br \/>\n<label> O\u00f9 se trouve le lieu de votre vin d\u2019honneur ? De votre repas ?<br \/>\n    <span class=\"wpcf7-form-control-wrap\" data-name=\"lieu-evenement\"><input type=\"text\" name=\"lieu-evenement\" value=\"\" size=\"40\" class=\"wpcf7-form-control wpcf7-text wpcf7-validates-as-required\" aria-required=\"true\" aria-invalid=\"false\" \/><\/span> <\/label><br \/>\n<label> Combien de personnes pensez-vous inviter au vin-d\u2019honneur ? au repas ?<br \/>\n    <span class=\"wpcf7-form-control-wrap\" data-name=\"nombre-personnes\"><input type=\"text\" name=\"nombre-personnes\" value=\"\" size=\"40\" class=\"wpcf7-form-control wpcf7-text wpcf7-validates-as-required\" aria-required=\"true\" aria-invalid=\"false\" \/><\/span> <\/label><br \/>\n<label> Avez-vous des photos de la salle ?<br \/>\n     <span class=\"wpcf7-form-control-wrap\" data-name=\"photos\"><input type=\"text\" name=\"photos\" value=\"\" size=\"40\" class=\"wpcf7-form-control wpcf7-text wpcf7-validates-as-required\" aria-required=\"true\" aria-invalid=\"false\" \/><\/span> <\/label><br \/>\n<label> Vos tables seront-elles rondes ? rectangles ? carr\u00e9es ? ovales ?<br \/>\n     <span class=\"wpcf7-form-control-wrap\" data-name=\"tables\"><input type=\"text\" name=\"tables\" value=\"\" size=\"40\" class=\"wpcf7-form-control wpcf7-text wpcf7-validates-as-required\" aria-required=\"true\" aria-invalid=\"false\" \/><\/span> <\/label><br \/>\n<label> Votre traiteur prend-il les nappages en charge ?<br \/>\n     <span class=\"wpcf7-form-control-wrap\" data-name=\"nappes\"><input type=\"text\" name=\"nappes\" value=\"\" size=\"40\" class=\"wpcf7-form-control wpcf7-text wpcf7-validates-as-required\" aria-required=\"true\" aria-invalid=\"false\" \/><\/span> <\/label><br \/>\n<label> Quel est votre th\u00e8me ? quelles sont les couleurs que vous avez choisies ?<br \/>\n    <span class=\"wpcf7-form-control-wrap\" data-name=\"theme\"><input type=\"text\" name=\"theme\" value=\"\" size=\"40\" class=\"wpcf7-form-control wpcf7-text wpcf7-validates-as-required\" aria-required=\"true\" aria-invalid=\"false\" \/><\/span> <\/label><br \/>\n<label> Quel centre de table choisissez-vous ? Combien ? (voir <a target=\"_blank\" href=\"http:\/\/www.etoilederose.fr\/index.php\/location\">page tarifs locations<\/a>)<br \/>\n    <span class=\"wpcf7-form-control-wrap\" data-name=\"centre\"><input type=\"text\" name=\"centre\" value=\"\" size=\"40\" class=\"wpcf7-form-control wpcf7-text wpcf7-validates-as-required\" aria-required=\"true\" aria-invalid=\"false\" \/><\/span> <\/label><br \/>\n<label> Souhaitez-vous des housses de chaises lycra, avec ou sans n\u0153uds de chaises en organza ? En toile de jute ?<br \/>\n    <span class=\"wpcf7-form-control-wrap\" data-name=\"housses-noeuds\"><input type=\"text\" name=\"housses-noeuds\" value=\"\" size=\"40\" class=\"wpcf7-form-control wpcf7-text wpcf7-validates-as-required\" aria-required=\"true\" aria-invalid=\"false\" \/><\/span> <\/label><br \/>\n<label> Souhaitez-vous des menus grav\u00e9s sur plexiglas, photophores ou cocotte en papier ?<br \/>\n    <span class=\"wpcf7-form-control-wrap\" data-name=\"menus\"><input type=\"text\" name=\"menus\" value=\"\" size=\"40\" class=\"wpcf7-form-control wpcf7-text wpcf7-validates-as-required\" aria-required=\"true\" aria-invalid=\"false\" \/><\/span> <\/label><br \/>\n<label> Souhaitez-vous la cr\u00e9ation de votre urne \u00e0 enveloppes, de votre livre d\u2019or ? (voir <a target=\"_blank\" href=\"http:\/\/www.etoilederose.fr\/index.php\/creations-urne-a-enveloppes-livre-dor\">page cr\u00e9ation<\/a>)<br \/>\n    <span class=\"wpcf7-form-control-wrap\" data-name=\"urne\"><input type=\"text\" name=\"urne\" value=\"\" size=\"40\" class=\"wpcf7-form-control wpcf7-text wpcf7-validates-as-required\" aria-required=\"true\" aria-invalid=\"false\" \/><\/span> <\/label><br \/>\n<label> Souhaitez-vous la pose compl\u00e8te de votre d\u00e9coration, ou partielle ? (avec votre aide)<br \/>\n    <span class=\"wpcf7-form-control-wrap\" data-name=\"pose\"><input type=\"text\" name=\"pose\" value=\"\" size=\"40\" class=\"wpcf7-form-control wpcf7-text wpcf7-validates-as-required\" aria-required=\"true\" aria-invalid=\"false\" \/><\/span> <\/label><br \/>\n<label> Avez-vous r\u00e9fl\u00e9chis \u00e0 votre d\u00e9coration personnalis\u00e9e ? Si oui, donnez-moi les d\u00e9tails qui vous tiendraient \u00e0 c\u0153ur.<br \/>\n     <span class=\"wpcf7-form-control-wrap\" data-name=\"personnalisation\"><input type=\"text\" name=\"personnalisation\" value=\"\" size=\"40\" class=\"wpcf7-form-control wpcf7-text wpcf7-validates-as-required\" aria-required=\"true\" aria-invalid=\"false\" \/><\/span> <\/label><br \/>\n<label> Concernant les tentures : les nouvelles normes de s\u00e9curit\u00e9, les r\u00e9novations de salles interdisent de plus en plus et\/ou compliquent la pose de tentures. C\u2019est pourquoi, \u00e0 partir de 2018, la pose de tentures sera syst\u00e9matiquement \u00e9tudi\u00e9e au cas par cas.<\/label> <\/p>\n<p><label> Votre adresse de messagerie (obligatoire)<br \/>\n    <span class=\"wpcf7-form-control-wrap\" data-name=\"your-email\"><input type=\"email\" name=\"your-email\" value=\"\" size=\"40\" class=\"wpcf7-form-control wpcf7-text wpcf7-email wpcf7-validates-as-required wpcf7-validates-as-email\" aria-required=\"true\" aria-invalid=\"false\" \/><\/span> <\/label><\/p>\n\n<p><input type=\"submit\" value=\"Envoyer\" class=\"wpcf7-form-control has-spinner wpcf7-submit\" \/><\/p>\n<p style=\"display: none !important;\" class=\"akismet-fields-container\" data-prefix=\"_wpcf7_ak_\"><label>&#916;<textarea name=\"_wpcf7_ak_hp_textarea\" cols=\"45\" rows=\"8\" maxlength=\"100\"><\/textarea><\/label><input type=\"hidden\" id=\"ak_js_1\" name=\"_wpcf7_ak_js\" value=\"39\"\/><script type=\"text\/javascript\">\n\/* <![CDATA[ *\/\ndocument.getElementById( \"ak_js_1\" ).setAttribute( \"value\", ( new Date() ).getTime() );\n\/* ]]> *\/\n<\/script>\n<\/p><div class=\"wpcf7-response-output\" aria-hidden=\"true\"><\/div><\/form><\/div>\n<p>&nbsp;<\/p>\n","protected":false},"excerpt":{"rendered":"<p>R\u00e9pondez \u00e0 ce questionnaire pour recevoir votre devis sous 48h ouvr\u00e9es &nbsp; &nbsp;<\/p>\n","protected":false},"author":1,"featured_media":0,"parent":458,"menu_order":71,"comment_status":"closed","ping_status":"closed","template":"","meta":{"ngg_post_thumbnail":0,"footnotes":"","_links_to":"","_links_to_target":""},"class_list":["post-5048","page","type-page","status-publish","hentry"],"yoast_head":"<!-- This site is optimized with the Yoast SEO plugin v21.5 - https:\/\/yoast.com\/wordpress\/plugins\/seo\/ -->\n<title>Votre projet | Votre devis sous 48h<\/title>\n<meta name=\"description\" content=\"En r\u00e9pondant au petit questionnaire, obtenez un devis en ligne sous 48h, par Etoile de rose\" \/>\n<meta name=\"robots\" content=\"index, follow, max-snippet:-1, max-image-preview:large, max-video-preview:-1\" \/>\n<link rel=\"canonical\" href=\"https:\/\/www.etoilederose.fr\/index.php\/tarifs-locations\/votre-devis\" \/>\n<meta name=\"twitter:label1\" content=\"Dur\u00e9e de lecture estim\u00e9e\" \/>\n\t<meta name=\"twitter:data1\" content=\"1 minute\" \/>\n<script type=\"application\/ld+json\" class=\"yoast-schema-graph\">{\"@context\":\"https:\/\/schema.org\",\"@graph\":[{\"@type\":\"WebPage\",\"@id\":\"https:\/\/www.etoilederose.fr\/index.php\/tarifs-locations\/votre-devis\",\"url\":\"https:\/\/www.etoilederose.fr\/index.php\/tarifs-locations\/votre-devis\",\"name\":\"Votre projet | Votre devis sous 48h\",\"isPartOf\":{\"@id\":\"https:\/\/www.etoilederose.fr\/#website\"},\"datePublished\":\"2018-10-23T20:58:44+00:00\",\"dateModified\":\"2022-02-10T21:08:32+00:00\",\"description\":\"En r\u00e9pondant au petit questionnaire, obtenez un devis en ligne sous 48h, par Etoile de rose\",\"breadcrumb\":{\"@id\":\"https:\/\/www.etoilederose.fr\/index.php\/tarifs-locations\/votre-devis#breadcrumb\"},\"inLanguage\":\"fr-FR\",\"potentialAction\":[{\"@type\":\"ReadAction\",\"target\":[\"https:\/\/www.etoilederose.fr\/index.php\/tarifs-locations\/votre-devis\"]}]},{\"@type\":\"BreadcrumbList\",\"@id\":\"https:\/\/www.etoilederose.fr\/index.php\/tarifs-locations\/votre-devis#breadcrumb\",\"itemListElement\":[{\"@type\":\"ListItem\",\"position\":1,\"name\":\"Home\",\"item\":\"https:\/\/www.etoilederose.fr\/\"},{\"@type\":\"ListItem\",\"position\":2,\"name\":\"Tarifs Locations\",\"item\":\"https:\/\/www.etoilederose.fr\/index.php\/tarifs-locations\"},{\"@type\":\"ListItem\",\"position\":3,\"name\":\"Votre devis\"}]},{\"@type\":\"WebSite\",\"@id\":\"https:\/\/www.etoilederose.fr\/#website\",\"url\":\"https:\/\/www.etoilederose.fr\/\",\"name\":\"Etoile de rose\",\"description\":\"Etoile de rose D\u00e9coration \u00e9v\u00e9nementielle\",\"publisher\":{\"@id\":\"https:\/\/www.etoilederose.fr\/#\/schema\/person\/2d9d1db00dba3c640fa38b8b1abbdcaf\"},\"potentialAction\":[{\"@type\":\"SearchAction\",\"target\":{\"@type\":\"EntryPoint\",\"urlTemplate\":\"https:\/\/www.etoilederose.fr\/?s={search_term_string}\"},\"query-input\":\"required name=search_term_string\"}],\"inLanguage\":\"fr-FR\"},{\"@type\":[\"Person\",\"Organization\"],\"@id\":\"https:\/\/www.etoilederose.fr\/#\/schema\/person\/2d9d1db00dba3c640fa38b8b1abbdcaf\",\"name\":\"admin\",\"image\":{\"@type\":\"ImageObject\",\"inLanguage\":\"fr-FR\",\"@id\":\"https:\/\/www.etoilederose.fr\/#\/schema\/person\/image\/\",\"url\":\"https:\/\/www.etoilederose.fr\/wp-content\/uploads\/2026\/01\/logo_noir.jpg\",\"contentUrl\":\"https:\/\/www.etoilederose.fr\/wp-content\/uploads\/2026\/01\/logo_noir.jpg\",\"width\":1150,\"height\":1150,\"caption\":\"admin\"},\"logo\":{\"@id\":\"https:\/\/www.etoilederose.fr\/#\/schema\/person\/image\/\"},\"description\":\"D\u00e9coratrice \u00e9v\u00e9nementiel depuis 15 ans, je me suis dirig\u00e9e depuis 8 ans dans le domaine de la d\u00e9coration de vitrines de magasins.\",\"sameAs\":[\"http:\/\/www.etoilederose.fr\",\"https:\/\/www.facebook.com\/etoilederose.fr\/?ref=aymt_homepage_panel\",\"https:\/\/www.instagram.com\/etoile.de.rose\/\",\"https:\/\/twitter.com\/https:\/\/twitter.com\/wwwetoilederose?lang=fr\"]}]}<\/script>\n<!-- \/ Yoast SEO plugin. -->","yoast_head_json":{"title":"Votre projet | Votre devis sous 48h","description":"En r\u00e9pondant au petit questionnaire, obtenez un devis en ligne sous 48h, par Etoile de rose","robots":{"index":"index","follow":"follow","max-snippet":"max-snippet:-1","max-image-preview":"max-image-preview:large","max-video-preview":"max-video-preview:-1"},"canonical":"https:\/\/www.etoilederose.fr\/index.php\/tarifs-locations\/votre-devis","twitter_misc":{"Dur\u00e9e de lecture estim\u00e9e":"1 minute"},"schema":{"@context":"https:\/\/schema.org","@graph":[{"@type":"WebPage","@id":"https:\/\/www.etoilederose.fr\/index.php\/tarifs-locations\/votre-devis","url":"https:\/\/www.etoilederose.fr\/index.php\/tarifs-locations\/votre-devis","name":"Votre projet | Votre devis sous 48h","isPartOf":{"@id":"https:\/\/www.etoilederose.fr\/#website"},"datePublished":"2018-10-23T20:58:44+00:00","dateModified":"2022-02-10T21:08:32+00:00","description":"En r\u00e9pondant au petit questionnaire, obtenez un devis en ligne sous 48h, par Etoile de rose","breadcrumb":{"@id":"https:\/\/www.etoilederose.fr\/index.php\/tarifs-locations\/votre-devis#breadcrumb"},"inLanguage":"fr-FR","potentialAction":[{"@type":"ReadAction","target":["https:\/\/www.etoilederose.fr\/index.php\/tarifs-locations\/votre-devis"]}]},{"@type":"BreadcrumbList","@id":"https:\/\/www.etoilederose.fr\/index.php\/tarifs-locations\/votre-devis#breadcrumb","itemListElement":[{"@type":"ListItem","position":1,"name":"Home","item":"https:\/\/www.etoilederose.fr\/"},{"@type":"ListItem","position":2,"name":"Tarifs Locations","item":"https:\/\/www.etoilederose.fr\/index.php\/tarifs-locations"},{"@type":"ListItem","position":3,"name":"Votre devis"}]},{"@type":"WebSite","@id":"https:\/\/www.etoilederose.fr\/#website","url":"https:\/\/www.etoilederose.fr\/","name":"Etoile de rose","description":"Etoile de rose D\u00e9coration \u00e9v\u00e9nementielle","publisher":{"@id":"https:\/\/www.etoilederose.fr\/#\/schema\/person\/2d9d1db00dba3c640fa38b8b1abbdcaf"},"potentialAction":[{"@type":"SearchAction","target":{"@type":"EntryPoint","urlTemplate":"https:\/\/www.etoilederose.fr\/?s={search_term_string}"},"query-input":"required name=search_term_string"}],"inLanguage":"fr-FR"},{"@type":["Person","Organization"],"@id":"https:\/\/www.etoilederose.fr\/#\/schema\/person\/2d9d1db00dba3c640fa38b8b1abbdcaf","name":"admin","image":{"@type":"ImageObject","inLanguage":"fr-FR","@id":"https:\/\/www.etoilederose.fr\/#\/schema\/person\/image\/","url":"https:\/\/www.etoilederose.fr\/wp-content\/uploads\/2026\/01\/logo_noir.jpg","contentUrl":"https:\/\/www.etoilederose.fr\/wp-content\/uploads\/2026\/01\/logo_noir.jpg","width":1150,"height":1150,"caption":"admin"},"logo":{"@id":"https:\/\/www.etoilederose.fr\/#\/schema\/person\/image\/"},"description":"D\u00e9coratrice \u00e9v\u00e9nementiel depuis 15 ans, je me suis dirig\u00e9e depuis 8 ans dans le domaine de la d\u00e9coration de vitrines de magasins.","sameAs":["http:\/\/www.etoilederose.fr","https:\/\/www.facebook.com\/etoilederose.fr\/?ref=aymt_homepage_panel","https:\/\/www.instagram.com\/etoile.de.rose\/","https:\/\/twitter.com\/https:\/\/twitter.com\/wwwetoilederose?lang=fr"]}]}},"_links":{"self":[{"href":"https:\/\/www.etoilederose.fr\/index.php\/wp-json\/wp\/v2\/pages\/5048","targetHints":{"allow":["GET"]}}],"collection":[{"href":"https:\/\/www.etoilederose.fr\/index.php\/wp-json\/wp\/v2\/pages"}],"about":[{"href":"https:\/\/www.etoilederose.fr\/index.php\/wp-json\/wp\/v2\/types\/page"}],"author":[{"embeddable":true,"href":"https:\/\/www.etoilederose.fr\/index.php\/wp-json\/wp\/v2\/users\/1"}],"replies":[{"embeddable":true,"href":"https:\/\/www.etoilederose.fr\/index.php\/wp-json\/wp\/v2\/comments?post=5048"}],"version-history":[{"count":10,"href":"https:\/\/www.etoilederose.fr\/index.php\/wp-json\/wp\/v2\/pages\/5048\/revisions"}],"predecessor-version":[{"id":5060,"href":"https:\/\/www.etoilederose.fr\/index.php\/wp-json\/wp\/v2\/pages\/5048\/revisions\/5060"}],"up":[{"embeddable":true,"href":"https:\/\/www.etoilederose.fr\/index.php\/wp-json\/wp\/v2\/pages\/458"}],"wp:attachment":[{"href":"https:\/\/www.etoilederose.fr\/index.php\/wp-json\/wp\/v2\/media?parent=5048"}],"curies":[{"name":"wp","href":"https:\/\/api.w.org\/{rel}","templated":true}]}}