{"id":4313,"date":"2016-08-14T11:21:28","date_gmt":"2016-08-14T11:21:28","guid":{"rendered":"http:\/\/www.etoilederose.fr\/?page_id=4313"},"modified":"2022-02-10T14:30:03","modified_gmt":"2022-02-10T14:30:03","slug":"mariage-rose-tendre-gris","status":"publish","type":"page","link":"https:\/\/www.etoilederose.fr\/index.php\/quelques-realisations\/mariage-rose-tendre-gris","title":{"rendered":"Mariage en rose tendre et gris"},"content":{"rendered":"<div id=\"attachment_4314\" style=\"width: 634px\" class=\"wp-caption aligncenter\"><a href=\"https:\/\/www.etoilederose.fr\/index.php\/quelques-realisations\/mariage-rose-tendre-gris\/allot2\" rel=\"Mariage \u00e0 l'Assiette Vall\u00e9e de l'Aube\"><img loading=\"lazy\" decoding=\"async\" aria-describedby=\"caption-attachment-4314\" class=\"Mariage \u00e0 l'Assiette Vall\u00e9e de l'Aube wp-image-4314\" title=\"Mariage \u00e0 l'Assiette Vall\u00e9e de l'Aube\" src=\"https:\/\/www.etoilederose.fr\/wp-content\/uploads\/2016\/08\/Allot2-1024x683.jpg\" alt=\"Mariage \u00e0 l'Assiette Vall\u00e9e de l'Aube\" width=\"624\" height=\"416\" srcset=\"https:\/\/www.etoilederose.fr\/wp-content\/uploads\/2016\/08\/Allot2-1024x683.jpg 1024w, https:\/\/www.etoilederose.fr\/wp-content\/uploads\/2016\/08\/Allot2-300x200.jpg 300w, https:\/\/www.etoilederose.fr\/wp-content\/uploads\/2016\/08\/Allot2-768x512.jpg 768w, https:\/\/www.etoilederose.fr\/wp-content\/uploads\/2016\/08\/Allot2.jpg 1200w\" sizes=\"auto, (max-width: 624px) 100vw, 624px\" \/><\/a><p id=\"caption-attachment-4314\" class=\"wp-caption-text\">Mariage \u00e0 l&rsquo;Assiette Vall\u00e9e de l&rsquo;Aube<\/p><\/div>\n<h3><span style=\"color: #000000;\">Mariage en rose tendre et gris<\/span><\/h3>\n<p>D\u00e9coration de mariage en rose tendre et gris \u00e0&nbsp; <a href=\"https:\/\/www.assiettevalleedelaube.fr\/\">l&rsquo;Assiette Vall\u00e9e de l&rsquo;Aube.&nbsp;<\/a>Le th\u00e8me Pierres pr\u00e9cieuses<\/p>\n<p>Dans un premier temps, les futurs mari\u00e9s m&rsquo;ont rencontr\u00e9 pour exprimer leurs envies. Ensuite, apr\u00e8s avoir choisit le lieu, nous avons discut\u00e9 de la d\u00e9coration du vin d&rsquo;honneur.&nbsp; Le th\u00e8me cirque est choisit pour le vin d&rsquo;honneur.<\/p>\nngg_shortcode_0_placeholder\n<h3>L&rsquo;\u00c9glise<\/h3>\n<p>De ce fait,&nbsp; l&rsquo;\u00e9glise d&rsquo;Arcis sur Aube a rev\u00eatu un drap\u00e9 blanc avec quelques d\u00e9corations de bancs artificiels qui rappellent le th\u00e8me pierres pr\u00e9cieuses et les couleurs du mariage.<\/p>\n<div id=\"attachment_4333\" style=\"width: 630px\" class=\"wp-caption aligncenter\"><a class=\"D\u00e9coration \u00e0 l'\u00e9glise d'Arcis sur Aube\" href=\"https:\/\/www.etoilederose.fr\/index.php\/quelques-realisations\/mariage-rose-tendre-gris\/allot13\" rel=\"D\u00e9coration \u00e0 l'\u00e9glise d'Arcis sur Aube\"><img loading=\"lazy\" decoding=\"async\" aria-describedby=\"caption-attachment-4333\" class=\"D\u00e9coration \u00e0 l'\u00e9glise d'Arcis sur Aube wp-image-4333\" title=\"D\u00e9coration \u00e0 l'\u00e9glise d'Arcis sur Aube\" src=\"https:\/\/www.etoilederose.fr\/wp-content\/uploads\/2016\/08\/Allot13-683x1024.jpg\" alt=\"D\u00e9coration \u00e0 l'\u00e9glise d'Arcis sur Aube\" width=\"620\" height=\"930\" srcset=\"https:\/\/www.etoilederose.fr\/wp-content\/uploads\/2016\/08\/Allot13-683x1024.jpg 683w, https:\/\/www.etoilederose.fr\/wp-content\/uploads\/2016\/08\/Allot13-200x300.jpg 200w, https:\/\/www.etoilederose.fr\/wp-content\/uploads\/2016\/08\/Allot13-768x1152.jpg 768w, https:\/\/www.etoilederose.fr\/wp-content\/uploads\/2016\/08\/Allot13.jpg 1200w\" sizes=\"auto, (max-width: 620px) 100vw, 620px\" \/><\/a><p id=\"caption-attachment-4333\" class=\"wp-caption-text\">D\u00e9coration \u00e0 l&rsquo;\u00e9glise d&rsquo;Arcis sur Aube<\/p><\/div>\nngg_shortcode_1_placeholder\n<h3><span style=\"color: #000000;\">Le vin d&rsquo;honneur<\/span><\/h3>\n<p><a href=\"https:\/\/www.etoilederose.fr\/index.php\/tarifs-locations\">Le candy bar<\/a> a \u00e9t\u00e9 habill\u00e9 en rouge et blanc th\u00e8me cirque. De plus,&nbsp; une belle grande rouge accueillait les bulles \u00e0 drag\u00e9es. pour finir,&nbsp; des pr\u00e9sentoirs pour les plats agr\u00e9mentaient le buffet.<\/p>\n<div id=\"attachment_4319\" style=\"width: 644px\" class=\"wp-caption aligncenter\"><a class=\"Grande roue \u00e0 drag\u00e9es\" href=\"https:\/\/www.etoilederose.fr\/index.php\/quelques-realisations\/mariage-rose-tendre-gris\/allot16\" rel=\"Grande roue \u00e0 drag\u00e9es\"><img loading=\"lazy\" decoding=\"async\" aria-describedby=\"caption-attachment-4319\" class=\"Grande roue \u00e0 drag\u00e9es wp-image-4319\" title=\"Grande roue \u00e0 drag\u00e9es\" src=\"https:\/\/www.etoilederose.fr\/wp-content\/uploads\/2016\/08\/Allot16-1024x683.jpg\" alt=\"Grande roue \u00e0 drag\u00e9es\" width=\"634\" height=\"423\" srcset=\"https:\/\/www.etoilederose.fr\/wp-content\/uploads\/2016\/08\/Allot16-1024x683.jpg 1024w, https:\/\/www.etoilederose.fr\/wp-content\/uploads\/2016\/08\/Allot16-300x200.jpg 300w, https:\/\/www.etoilederose.fr\/wp-content\/uploads\/2016\/08\/Allot16-768x512.jpg 768w, https:\/\/www.etoilederose.fr\/wp-content\/uploads\/2016\/08\/Allot16.jpg 1200w\" sizes=\"auto, (max-width: 634px) 100vw, 634px\" \/><\/a><p id=\"caption-attachment-4319\" class=\"wp-caption-text\">Grande roue \u00e0 drag\u00e9es<\/p><\/div>\nngg_shortcode_2_placeholder\n<h3><span style=\"color: #000000;\">La salle, le barnum<\/span><\/h3>\n<p>Avant tout, \u00e0 l&rsquo;entr\u00e9e de la salle, le plan de tables r\u00e9alis\u00e9 et imprim\u00e9 sur toile est pos\u00e9e sur le <a href=\"https:\/\/www.etoilederose.fr\/index.php\/tarifs-locations\">chevalet en location<\/a>. Plus pr\u00e9cis\u00e9ment, les noms des tables sont des noms de pierres pr\u00e9cieuses.<\/p>\n<p>La d\u00e9coration de salle est en rose tendre et gris. Le th\u00e8me \u00ab\u00a0pierres pr\u00e9cieuses\u00a0\u00bb ajoute du romantisme. Et puis, une composition de bl\u00e9 et de fleurs artificielles et naturelles m\u00eal\u00e9es est pos\u00e9e sur la table d&rsquo;honneur.<\/p>\n<p>Comme centre de tables, les invit\u00e9s d\u00e9couvrent un vase martini. (Propos\u00e9 en location avec <a href=\"https:\/\/www.etoilederose.fr\/index.php\/tarifs-locations\">la LED , ainsi que les billes de gel et les fleurs artificielles<\/a>). de surcroit, des pampilles ont \u00e9t\u00e9 ajout\u00e9es pour souligner le th\u00e8me \u00ab\u00a0Pierres pr\u00e9cieuses\u00a0\u00bb. Les noms de tables sont accroch\u00e9s sur les pampilles. Par ailleurs, la mari\u00e9e ajouta les bo\u00eetes \u00e0 drag\u00e9es ainsi que les appareils photos jetables. La mari\u00e9e a souhait\u00e9 un pliage de serviette sortant de l&rsquo;ordinaire.<\/p>\n<p>Les mari\u00e9s ont \u00e9galement sugg\u00e9r\u00e9 un texte symphatique \u00e0 \u00e9crire \u00e0 la place des menus. Vous aussi, vous pouvez me demander de cr\u00e9er vos menus photophores. Il suffit de m&rsquo;indiquer le texte et les couleurs. j&rsquo;en propose \u00e9galement sur <a href=\"https:\/\/www.etsy.com\/fr\/shop\/Etoilederosefr\">la boutique en ligne.<\/a><\/p>\n<div id=\"attachment_6795\" style=\"width: 581px\" class=\"wp-caption aligncenter\"><a href=\"https:\/\/www.etoilederose.fr\/index.php\/quelques-realisations\/mariage-rose-tendre-gris\/menu-photophore\" rel=\"attachment wp-att-6795\"><img loading=\"lazy\" decoding=\"async\" aria-describedby=\"caption-attachment-6795\" class=\"Menu photophore wp-image-6795\" title=\"Menu photophore\" src=\"https:\/\/www.etoilederose.fr\/wp-content\/uploads\/2020\/01\/Menu-photophore-683x1024.jpg\" alt=\"Menu photophore\" width=\"571\" height=\"857\" srcset=\"https:\/\/www.etoilederose.fr\/wp-content\/uploads\/2020\/01\/Menu-photophore-683x1024.jpg 683w, https:\/\/www.etoilederose.fr\/wp-content\/uploads\/2020\/01\/Menu-photophore-200x300.jpg 200w, https:\/\/www.etoilederose.fr\/wp-content\/uploads\/2020\/01\/Menu-photophore-768x1152.jpg 768w, https:\/\/www.etoilederose.fr\/wp-content\/uploads\/2020\/01\/Menu-photophore.jpg 1200w\" sizes=\"auto, (max-width: 571px) 100vw, 571px\" \/><\/a><p id=\"caption-attachment-6795\" class=\"wp-caption-text\">Menu photophore avec texte original<\/p><\/div>\n<p><a href=\"https:\/\/www.etoilederose.fr\/index.php\/tarifs-locations\">les noeuds en organza<\/a> gris \u00e9quilibrent et habillent les housses de chaises.<\/p>\n<p>La table des cadeaux pr\u00e9sentait \u00e9galement l&rsquo;urne \u00e0 enveloppes et le livre d&rsquo;or. Pour finir, une urne \u00ab\u00a0th\u00e8me cirque\u00a0\u00bb est cr\u00e9\u00e9e sp\u00e9cialement pour les enfants.<\/p>\n<div id=\"attachment_6796\" style=\"width: 573px\" class=\"wp-caption aligncenter\"><a class=\"Urne th\u00e8me cirque\" href=\"https:\/\/www.etoilederose.fr\/index.php\/quelques-realisations\/mariage-rose-tendre-gris\/urne-cirque-1\" rel=\"attachment wp-att-6796\"><img loading=\"lazy\" decoding=\"async\" aria-describedby=\"caption-attachment-6796\" class=\"Urne th\u00e8me cirque wp-image-6796\" title=\"Urne th\u00e8me cirque\" src=\"https:\/\/www.etoilederose.fr\/wp-content\/uploads\/2020\/01\/Urne-cirque-1-1015x1024.jpg\" alt=\"Urne th\u00e8me cirque\" width=\"563\" height=\"568\" srcset=\"https:\/\/www.etoilederose.fr\/wp-content\/uploads\/2020\/01\/Urne-cirque-1-1015x1024.jpg 1015w, https:\/\/www.etoilederose.fr\/wp-content\/uploads\/2020\/01\/Urne-cirque-1-150x150.jpg 150w, https:\/\/www.etoilederose.fr\/wp-content\/uploads\/2020\/01\/Urne-cirque-1-297x300.jpg 297w, https:\/\/www.etoilederose.fr\/wp-content\/uploads\/2020\/01\/Urne-cirque-1-768x775.jpg 768w, https:\/\/www.etoilederose.fr\/wp-content\/uploads\/2020\/01\/Urne-cirque-1.jpg 1200w\" sizes=\"auto, (max-width: 563px) 100vw, 563px\" \/><\/a><p id=\"caption-attachment-6796\" class=\"wp-caption-text\">Urne th\u00e8me cirque<\/p><\/div>\n<p><strong>D\u00e9coration des voitures<br \/>\n<\/strong><\/p>\n<p>Ainsi, la voiture de la mari\u00e9e se compose d&rsquo;un diad\u00e8me, puis d&rsquo;une bouche et de cils. Pour finir, la voiture du mari\u00e9 compred un chapeau g\u00e9ant, et une moustache !<\/p>\n<div id=\"attachment_4323\" style=\"width: 592px\" class=\"wp-caption aligncenter\"><a class=\"d\u00e9coration de voiture M&amp;Mrs\" href=\"https:\/\/www.etoilederose.fr\/index.php\/quelques-realisations\/mariage-rose-tendre-gris\/decoration-de-voiture-2\" rel=\"d\u00e9coration de voiture M&amp;Mrs\"><img loading=\"lazy\" decoding=\"async\" aria-describedby=\"caption-attachment-4323\" class=\"d\u00e9coration de voiture M&amp;Mrs wp-image-4323\" title=\"d\u00e9coration de voiture M&amp;Mrs\" src=\"https:\/\/www.etoilederose.fr\/wp-content\/uploads\/2016\/08\/d\u00e9coration-de-voiture-1024x683.jpg\" alt=\"d\u00e9coration de voiture M&amp;Mrs\" width=\"582\" height=\"388\" srcset=\"https:\/\/www.etoilederose.fr\/wp-content\/uploads\/2016\/08\/d\u00e9coration-de-voiture-1024x683.jpg 1024w, https:\/\/www.etoilederose.fr\/wp-content\/uploads\/2016\/08\/d\u00e9coration-de-voiture-300x200.jpg 300w, https:\/\/www.etoilederose.fr\/wp-content\/uploads\/2016\/08\/d\u00e9coration-de-voiture-768x512.jpg 768w, https:\/\/www.etoilederose.fr\/wp-content\/uploads\/2016\/08\/d\u00e9coration-de-voiture.jpg 1200w\" sizes=\"auto, (max-width: 582px) 100vw, 582px\" \/><\/a><p id=\"caption-attachment-4323\" class=\"wp-caption-text\">d\u00e9coration de voiture M&amp;Mrs<\/p><\/div>\n<p><strong>&nbsp;<\/strong><\/p>\n<p>&nbsp;<\/p>\n<p>&nbsp;<\/p>\n<p>&nbsp;<\/p>\n","protected":false},"excerpt":{"rendered":"<p>Mariage en rose tendre et gris D\u00e9coration de mariage en rose tendre et gris \u00e0&nbsp; l&rsquo;Assiette Vall\u00e9e de l&rsquo;Aube.&nbsp;Le th\u00e8me Pierres pr\u00e9cieuses Dans un premier temps, les futurs mari\u00e9s m&rsquo;ont rencontr\u00e9 pour exprimer leurs envies. Ensuite, apr\u00e8s avoir choisit le lieu, nous avons discut\u00e9 de la d\u00e9coration du vin d&rsquo;honneur.&nbsp; Le th\u00e8me cirque est choisit [&hellip;]<\/p>\n","protected":false},"author":1,"featured_media":0,"parent":25,"menu_order":75,"comment_status":"closed","ping_status":"closed","template":"","meta":{"ngg_post_thumbnail":0,"footnotes":"","_links_to":"","_links_to_target":""},"class_list":["post-4313","page","type-page","status-publish","hentry"],"yoast_head":"<!-- This site is optimized with the Yoast SEO plugin v21.5 - https:\/\/yoast.com\/wordpress\/plugins\/seo\/ -->\n<title>Mariage en rose tendre et gris | Assiette la Vall\u00e9e de l&#039;Aube | Etoile de rose<\/title>\n<meta name=\"description\" content=\"Etoile de rose a d\u00e9cor\u00e9 ce mariage en rose tendre et gris th\u00e8me Pierres pr\u00e9cieuses, + bapt\u00eame th\u00e8me Cirque, \u00e0 l&#039;Assiette la Vall\u00e9e de l&#039;Aube, \u00e0 d\u00e9couvrir !\" \/>\n<meta name=\"robots\" content=\"index, follow, max-snippet:-1, max-image-preview:large, max-video-preview:-1\" \/>\n<link rel=\"canonical\" href=\"https:\/\/www.etoilederose.fr\/index.php\/quelques-realisations\/mariage-rose-tendre-gris\" \/>\n<meta name=\"twitter:label1\" content=\"Dur\u00e9e de lecture estim\u00e9e\" \/>\n\t<meta name=\"twitter:data1\" content=\"4 minutes\" \/>\n<script type=\"application\/ld+json\" class=\"yoast-schema-graph\">{\"@context\":\"https:\/\/schema.org\",\"@graph\":[{\"@type\":\"WebPage\",\"@id\":\"https:\/\/www.etoilederose.fr\/index.php\/quelques-realisations\/mariage-rose-tendre-gris\",\"url\":\"https:\/\/www.etoilederose.fr\/index.php\/quelques-realisations\/mariage-rose-tendre-gris\",\"name\":\"Mariage en rose tendre et gris | Assiette la Vall\u00e9e de l'Aube | Etoile de rose\",\"isPartOf\":{\"@id\":\"https:\/\/www.etoilederose.fr\/#website\"},\"datePublished\":\"2016-08-14T11:21:28+00:00\",\"dateModified\":\"2022-02-10T14:30:03+00:00\",\"description\":\"Etoile de rose a d\u00e9cor\u00e9 ce mariage en rose tendre et gris th\u00e8me Pierres pr\u00e9cieuses, + bapt\u00eame th\u00e8me Cirque, \u00e0 l'Assiette la Vall\u00e9e de l'Aube, \u00e0 d\u00e9couvrir !\",\"breadcrumb\":{\"@id\":\"https:\/\/www.etoilederose.fr\/index.php\/quelques-realisations\/mariage-rose-tendre-gris#breadcrumb\"},\"inLanguage\":\"fr-FR\",\"potentialAction\":[{\"@type\":\"ReadAction\",\"target\":[\"https:\/\/www.etoilederose.fr\/index.php\/quelques-realisations\/mariage-rose-tendre-gris\"]}]},{\"@type\":\"BreadcrumbList\",\"@id\":\"https:\/\/www.etoilederose.fr\/index.php\/quelques-realisations\/mariage-rose-tendre-gris#breadcrumb\",\"itemListElement\":[{\"@type\":\"ListItem\",\"position\":1,\"name\":\"Home\",\"item\":\"https:\/\/www.etoilederose.fr\/\"},{\"@type\":\"ListItem\",\"position\":2,\"name\":\"R\u00e9alisations\",\"item\":\"https:\/\/www.etoilederose.fr\/index.php\/quelques-realisations\"},{\"@type\":\"ListItem\",\"position\":3,\"name\":\"Mariage en rose tendre et gris\"}]},{\"@type\":\"WebSite\",\"@id\":\"https:\/\/www.etoilederose.fr\/#website\",\"url\":\"https:\/\/www.etoilederose.fr\/\",\"name\":\"Etoile de rose\",\"description\":\"Etoile de rose D\u00e9coration \u00e9v\u00e9nementielle\",\"publisher\":{\"@id\":\"https:\/\/www.etoilederose.fr\/#\/schema\/person\/2d9d1db00dba3c640fa38b8b1abbdcaf\"},\"potentialAction\":[{\"@type\":\"SearchAction\",\"target\":{\"@type\":\"EntryPoint\",\"urlTemplate\":\"https:\/\/www.etoilederose.fr\/?s={search_term_string}\"},\"query-input\":\"required name=search_term_string\"}],\"inLanguage\":\"fr-FR\"},{\"@type\":[\"Person\",\"Organization\"],\"@id\":\"https:\/\/www.etoilederose.fr\/#\/schema\/person\/2d9d1db00dba3c640fa38b8b1abbdcaf\",\"name\":\"admin\",\"image\":{\"@type\":\"ImageObject\",\"inLanguage\":\"fr-FR\",\"@id\":\"https:\/\/www.etoilederose.fr\/#\/schema\/person\/image\/\",\"url\":\"https:\/\/www.etoilederose.fr\/wp-content\/uploads\/2026\/01\/logo_noir.jpg\",\"contentUrl\":\"https:\/\/www.etoilederose.fr\/wp-content\/uploads\/2026\/01\/logo_noir.jpg\",\"width\":1150,\"height\":1150,\"caption\":\"admin\"},\"logo\":{\"@id\":\"https:\/\/www.etoilederose.fr\/#\/schema\/person\/image\/\"},\"description\":\"D\u00e9coratrice \u00e9v\u00e9nementiel depuis 15 ans, je me suis dirig\u00e9e depuis 8 ans dans le domaine de la d\u00e9coration de vitrines de magasins.\",\"sameAs\":[\"http:\/\/www.etoilederose.fr\",\"https:\/\/www.facebook.com\/etoilederose.fr\/?ref=aymt_homepage_panel\",\"https:\/\/www.instagram.com\/etoile.de.rose\/\",\"https:\/\/twitter.com\/https:\/\/twitter.com\/wwwetoilederose?lang=fr\"]}]}<\/script>\n<!-- \/ Yoast SEO plugin. -->","yoast_head_json":{"title":"Mariage en rose tendre et gris | Assiette la Vall\u00e9e de l'Aube | Etoile de rose","description":"Etoile de rose a d\u00e9cor\u00e9 ce mariage en rose tendre et gris th\u00e8me Pierres pr\u00e9cieuses, + bapt\u00eame th\u00e8me Cirque, \u00e0 l'Assiette la Vall\u00e9e de l'Aube, \u00e0 d\u00e9couvrir !","robots":{"index":"index","follow":"follow","max-snippet":"max-snippet:-1","max-image-preview":"max-image-preview:large","max-video-preview":"max-video-preview:-1"},"canonical":"https:\/\/www.etoilederose.fr\/index.php\/quelques-realisations\/mariage-rose-tendre-gris","twitter_misc":{"Dur\u00e9e de lecture estim\u00e9e":"4 minutes"},"schema":{"@context":"https:\/\/schema.org","@graph":[{"@type":"WebPage","@id":"https:\/\/www.etoilederose.fr\/index.php\/quelques-realisations\/mariage-rose-tendre-gris","url":"https:\/\/www.etoilederose.fr\/index.php\/quelques-realisations\/mariage-rose-tendre-gris","name":"Mariage en rose tendre et gris | Assiette la Vall\u00e9e de l'Aube | Etoile de rose","isPartOf":{"@id":"https:\/\/www.etoilederose.fr\/#website"},"datePublished":"2016-08-14T11:21:28+00:00","dateModified":"2022-02-10T14:30:03+00:00","description":"Etoile de rose a d\u00e9cor\u00e9 ce mariage en rose tendre et gris th\u00e8me Pierres pr\u00e9cieuses, + bapt\u00eame th\u00e8me Cirque, \u00e0 l'Assiette la Vall\u00e9e de l'Aube, \u00e0 d\u00e9couvrir !","breadcrumb":{"@id":"https:\/\/www.etoilederose.fr\/index.php\/quelques-realisations\/mariage-rose-tendre-gris#breadcrumb"},"inLanguage":"fr-FR","potentialAction":[{"@type":"ReadAction","target":["https:\/\/www.etoilederose.fr\/index.php\/quelques-realisations\/mariage-rose-tendre-gris"]}]},{"@type":"BreadcrumbList","@id":"https:\/\/www.etoilederose.fr\/index.php\/quelques-realisations\/mariage-rose-tendre-gris#breadcrumb","itemListElement":[{"@type":"ListItem","position":1,"name":"Home","item":"https:\/\/www.etoilederose.fr\/"},{"@type":"ListItem","position":2,"name":"R\u00e9alisations","item":"https:\/\/www.etoilederose.fr\/index.php\/quelques-realisations"},{"@type":"ListItem","position":3,"name":"Mariage en rose tendre et gris"}]},{"@type":"WebSite","@id":"https:\/\/www.etoilederose.fr\/#website","url":"https:\/\/www.etoilederose.fr\/","name":"Etoile de rose","description":"Etoile de rose D\u00e9coration \u00e9v\u00e9nementielle","publisher":{"@id":"https:\/\/www.etoilederose.fr\/#\/schema\/person\/2d9d1db00dba3c640fa38b8b1abbdcaf"},"potentialAction":[{"@type":"SearchAction","target":{"@type":"EntryPoint","urlTemplate":"https:\/\/www.etoilederose.fr\/?s={search_term_string}"},"query-input":"required name=search_term_string"}],"inLanguage":"fr-FR"},{"@type":["Person","Organization"],"@id":"https:\/\/www.etoilederose.fr\/#\/schema\/person\/2d9d1db00dba3c640fa38b8b1abbdcaf","name":"admin","image":{"@type":"ImageObject","inLanguage":"fr-FR","@id":"https:\/\/www.etoilederose.fr\/#\/schema\/person\/image\/","url":"https:\/\/www.etoilederose.fr\/wp-content\/uploads\/2026\/01\/logo_noir.jpg","contentUrl":"https:\/\/www.etoilederose.fr\/wp-content\/uploads\/2026\/01\/logo_noir.jpg","width":1150,"height":1150,"caption":"admin"},"logo":{"@id":"https:\/\/www.etoilederose.fr\/#\/schema\/person\/image\/"},"description":"D\u00e9coratrice \u00e9v\u00e9nementiel depuis 15 ans, je me suis dirig\u00e9e depuis 8 ans dans le domaine de la d\u00e9coration de vitrines de magasins.","sameAs":["http:\/\/www.etoilederose.fr","https:\/\/www.facebook.com\/etoilederose.fr\/?ref=aymt_homepage_panel","https:\/\/www.instagram.com\/etoile.de.rose\/","https:\/\/twitter.com\/https:\/\/twitter.com\/wwwetoilederose?lang=fr"]}]}},"_links":{"self":[{"href":"https:\/\/www.etoilederose.fr\/index.php\/wp-json\/wp\/v2\/pages\/4313","targetHints":{"allow":["GET"]}}],"collection":[{"href":"https:\/\/www.etoilederose.fr\/index.php\/wp-json\/wp\/v2\/pages"}],"about":[{"href":"https:\/\/www.etoilederose.fr\/index.php\/wp-json\/wp\/v2\/types\/page"}],"author":[{"embeddable":true,"href":"https:\/\/www.etoilederose.fr\/index.php\/wp-json\/wp\/v2\/users\/1"}],"replies":[{"embeddable":true,"href":"https:\/\/www.etoilederose.fr\/index.php\/wp-json\/wp\/v2\/comments?post=4313"}],"version-history":[{"count":43,"href":"https:\/\/www.etoilederose.fr\/index.php\/wp-json\/wp\/v2\/pages\/4313\/revisions"}],"predecessor-version":[{"id":6838,"href":"https:\/\/www.etoilederose.fr\/index.php\/wp-json\/wp\/v2\/pages\/4313\/revisions\/6838"}],"up":[{"embeddable":true,"href":"https:\/\/www.etoilederose.fr\/index.php\/wp-json\/wp\/v2\/pages\/25"}],"wp:attachment":[{"href":"https:\/\/www.etoilederose.fr\/index.php\/wp-json\/wp\/v2\/media?parent=4313"}],"curies":[{"name":"wp","href":"https:\/\/api.w.org\/{rel}","templated":true}]}}