{"id":3794,"date":"2015-08-29T11:42:36","date_gmt":"2015-08-29T11:42:36","guid":{"rendered":"http:\/\/www.etoilederose.fr\/?page_id=3794"},"modified":"2022-02-10T14:34:00","modified_gmt":"2022-02-10T14:34:00","slug":"mariage-en-rose-et-or","status":"publish","type":"page","link":"https:\/\/www.etoilederose.fr\/index.php\/quelques-realisations\/mariage-en-rose-et-or","title":{"rendered":"Mariage en rose et or"},"content":{"rendered":"<h2><span style=\"color: #333333;\">Mariage en rose et or<br \/>\n<\/span><\/h2>\n<div id=\"attachment_3795\" style=\"width: 575px\" class=\"wp-caption aligncenter\"><a href=\"https:\/\/www.etoilederose.fr\/index.php\/quelques-realisations\/mariage-en-rose-et-or\/vr-11\" rel=\"attachment wp-att-3795\"><img loading=\"lazy\" decoding=\"async\" aria-describedby=\"caption-attachment-3795\" class=\"wp-image-3795 \" src=\"https:\/\/www.etoilederose.fr\/wp-content\/uploads\/2015\/08\/VR-11-802x1024.jpg\" alt=\"Vase martini en rose et or\" width=\"565\" height=\"721\" srcset=\"https:\/\/www.etoilederose.fr\/wp-content\/uploads\/2015\/08\/VR-11-802x1024.jpg 802w, https:\/\/www.etoilederose.fr\/wp-content\/uploads\/2015\/08\/VR-11-235x300.jpg 235w, https:\/\/www.etoilederose.fr\/wp-content\/uploads\/2015\/08\/VR-11.jpg 1200w\" sizes=\"auto, (max-width: 565px) 100vw, 565px\" \/><\/a><p id=\"caption-attachment-3795\" class=\"wp-caption-text\">&nbsp;&nbsp;&nbsp;&nbsp;&nbsp;&nbsp;&nbsp;&nbsp;&nbsp;&nbsp;&nbsp;&nbsp;&nbsp;&nbsp;&nbsp;&nbsp;&nbsp;&nbsp;&nbsp;&nbsp;&nbsp;&nbsp;&nbsp;&nbsp;&nbsp;&nbsp;&nbsp;&nbsp;&nbsp;&nbsp;&nbsp; Vase martini en rose et or<\/p><\/div>\n<p>&nbsp;<\/p>\n<p>Tout d&rsquo;abord, d\u00e9couvrons ce mariage en rose et or install\u00e9 dans la <a href=\"https:\/\/www.tourisme-troyes.com\/shopping\/commerces-et-services\/salle-des-fetes-de-pont-sainte-marie-890276\">salle des f\u00eates de Pont Ste Marie<\/a>.<\/p>\n<h3><span style=\"color: #000000;\">Dans la salle<\/span><\/h3>\n<p>Des tentures recouvrent le plafond pour un effet intimiste et pour apporter un support pour l&rsquo;habillage en lumi\u00e8re par l&rsquo;animateur. Les tentures sont en voile d&rsquo;hivernage, tr\u00e8s l\u00e9ger. Je peux vous guider pour acheter cela en rouleau, si vous souhaitez d\u00e9corer vos plafonds vous-m\u00eames.<\/p>\n<div id=\"attachment_6724\" style=\"width: 568px\" class=\"wp-caption aligncenter\"><a href=\"https:\/\/www.etoilederose.fr\/index.php\/quelques-realisations\/mariage-en-rose-et-or\/vr-9\" rel=\"attachment wp-att-6724\"><img loading=\"lazy\" decoding=\"async\" aria-describedby=\"caption-attachment-6724\" class=\" wp-image-6724\" src=\"https:\/\/www.etoilederose.fr\/wp-content\/uploads\/2020\/01\/VR-9-1024x753.jpg\" alt=\"\" width=\"558\" height=\"410\" srcset=\"https:\/\/www.etoilederose.fr\/wp-content\/uploads\/2020\/01\/VR-9-1024x753.jpg 1024w, https:\/\/www.etoilederose.fr\/wp-content\/uploads\/2020\/01\/VR-9-300x221.jpg 300w, https:\/\/www.etoilederose.fr\/wp-content\/uploads\/2020\/01\/VR-9-768x565.jpg 768w, https:\/\/www.etoilederose.fr\/wp-content\/uploads\/2020\/01\/VR-9.jpg 1200w\" sizes=\"auto, (max-width: 558px) 100vw, 558px\" \/><\/a><p id=\"caption-attachment-6724\" class=\"wp-caption-text\">Vue d&rsquo;ensemble de la salle de Pont Ste Marie<\/p><\/div>\n<p>&nbsp;<\/p>\n<p>De surcroit, vous apercevrez le rideau derri\u00e8re la table d&rsquo;honneur, le long des fen\u00eatres au fond de la salle. Il est propos\u00e9 <a href=\"https:\/\/www.etoilederose.fr\/index.php\/tarifs-locations\">en location<\/a> pour am\u00e9liorer un lieu disgracieux ou mettre en valeur un lieu important. De plus, les housses de chaises sont de nouveau, pr\u00e9sentes pour recouvrir les chaises disgracieuses d&rsquo;un salle. Des noeuds en organza or, pos\u00e9s \u00e0 ma fa\u00e7on apportent la couleur du mariage.<\/p>\n<h3><span style=\"color: #000000;\">Sur les tables<\/span><\/h3>\n<p>Par ailleurs, dans des vases martini, les LEDS illuminent les billes de gel transparentes. Contrairement \u00e0 l&rsquo;apparence r\u00e9aliste, c&rsquo;est une composition en fleurs artificielles. Quelques pampilles viennent ajouter de la classe \u00e0 la composition. En bref, Je propose des fleurs ou compositions de fleurs en location, n&rsquo;h\u00e9sitez pas \u00e0 demander un devis !<\/p>\n<p>Un chemin de table rose tendre en intiss\u00e9 rose traverse les tables.<\/p>\n<p>De surcroit, la mari\u00e9e s&rsquo;est charg\u00e9 des menus qui sont roul\u00e9s \u00e0 la fa\u00e7on de parchemins.<\/p>\n<h3><span style=\"color: #333333;\">D\u00e9couvrez les d\u00e9tails de cette d\u00e9coration<\/span><\/h3>\nngg_shortcode_0_placeholder\n","protected":false},"excerpt":{"rendered":"<p>Mariage en rose et or &nbsp; Tout d&rsquo;abord, d\u00e9couvrons ce mariage en rose et or install\u00e9 dans la salle des f\u00eates de Pont Ste Marie. Dans la salle Des tentures recouvrent le plafond pour un effet intimiste et pour apporter un support pour l&rsquo;habillage en lumi\u00e8re par l&rsquo;animateur. Les tentures sont en voile d&rsquo;hivernage, tr\u00e8s [&hellip;]<\/p>\n","protected":false},"author":1,"featured_media":0,"parent":25,"menu_order":100,"comment_status":"closed","ping_status":"closed","template":"","meta":{"ngg_post_thumbnail":0,"footnotes":"","_links_to":"","_links_to_target":""},"class_list":["post-3794","page","type-page","status-publish","hentry"],"yoast_head":"<!-- This site is optimized with the Yoast SEO plugin v21.5 - https:\/\/yoast.com\/wordpress\/plugins\/seo\/ -->\n<title>Mariage en rose et or | \u00c9toile de rose | Pont Sainte Marie |<\/title>\n<meta name=\"description\" content=\"Mariage en rose et or a \u00e9t\u00e9 d\u00e9cor\u00e9 par \u00c9toile de rose, dans la salle des f\u00eates de Pont Ste Marie. Demandez aussi votre devis gratuit !\" \/>\n<meta name=\"robots\" content=\"index, follow, max-snippet:-1, max-image-preview:large, max-video-preview:-1\" \/>\n<link rel=\"canonical\" href=\"https:\/\/www.etoilederose.fr\/index.php\/quelques-realisations\/mariage-en-rose-et-or\" \/>\n<meta name=\"twitter:label1\" content=\"Dur\u00e9e de lecture estim\u00e9e\" \/>\n\t<meta name=\"twitter:data1\" content=\"2 minutes\" \/>\n<script type=\"application\/ld+json\" class=\"yoast-schema-graph\">{\"@context\":\"https:\/\/schema.org\",\"@graph\":[{\"@type\":\"WebPage\",\"@id\":\"https:\/\/www.etoilederose.fr\/index.php\/quelques-realisations\/mariage-en-rose-et-or\",\"url\":\"https:\/\/www.etoilederose.fr\/index.php\/quelques-realisations\/mariage-en-rose-et-or\",\"name\":\"Mariage en rose et or | \u00c9toile de rose | Pont Sainte Marie |\",\"isPartOf\":{\"@id\":\"https:\/\/www.etoilederose.fr\/#website\"},\"datePublished\":\"2015-08-29T11:42:36+00:00\",\"dateModified\":\"2022-02-10T14:34:00+00:00\",\"description\":\"Mariage en rose et or a \u00e9t\u00e9 d\u00e9cor\u00e9 par \u00c9toile de rose, dans la salle des f\u00eates de Pont Ste Marie. Demandez aussi votre devis gratuit !\",\"breadcrumb\":{\"@id\":\"https:\/\/www.etoilederose.fr\/index.php\/quelques-realisations\/mariage-en-rose-et-or#breadcrumb\"},\"inLanguage\":\"fr-FR\",\"potentialAction\":[{\"@type\":\"ReadAction\",\"target\":[\"https:\/\/www.etoilederose.fr\/index.php\/quelques-realisations\/mariage-en-rose-et-or\"]}]},{\"@type\":\"BreadcrumbList\",\"@id\":\"https:\/\/www.etoilederose.fr\/index.php\/quelques-realisations\/mariage-en-rose-et-or#breadcrumb\",\"itemListElement\":[{\"@type\":\"ListItem\",\"position\":1,\"name\":\"Home\",\"item\":\"https:\/\/www.etoilederose.fr\/\"},{\"@type\":\"ListItem\",\"position\":2,\"name\":\"R\u00e9alisations\",\"item\":\"https:\/\/www.etoilederose.fr\/index.php\/quelques-realisations\"},{\"@type\":\"ListItem\",\"position\":3,\"name\":\"Mariage en rose et or\"}]},{\"@type\":\"WebSite\",\"@id\":\"https:\/\/www.etoilederose.fr\/#website\",\"url\":\"https:\/\/www.etoilederose.fr\/\",\"name\":\"Etoile de rose\",\"description\":\"Etoile de rose D\u00e9coration \u00e9v\u00e9nementielle\",\"publisher\":{\"@id\":\"https:\/\/www.etoilederose.fr\/#\/schema\/person\/2d9d1db00dba3c640fa38b8b1abbdcaf\"},\"potentialAction\":[{\"@type\":\"SearchAction\",\"target\":{\"@type\":\"EntryPoint\",\"urlTemplate\":\"https:\/\/www.etoilederose.fr\/?s={search_term_string}\"},\"query-input\":\"required name=search_term_string\"}],\"inLanguage\":\"fr-FR\"},{\"@type\":[\"Person\",\"Organization\"],\"@id\":\"https:\/\/www.etoilederose.fr\/#\/schema\/person\/2d9d1db00dba3c640fa38b8b1abbdcaf\",\"name\":\"admin\",\"image\":{\"@type\":\"ImageObject\",\"inLanguage\":\"fr-FR\",\"@id\":\"https:\/\/www.etoilederose.fr\/#\/schema\/person\/image\/\",\"url\":\"https:\/\/www.etoilederose.fr\/wp-content\/uploads\/2026\/01\/logo_noir.jpg\",\"contentUrl\":\"https:\/\/www.etoilederose.fr\/wp-content\/uploads\/2026\/01\/logo_noir.jpg\",\"width\":1150,\"height\":1150,\"caption\":\"admin\"},\"logo\":{\"@id\":\"https:\/\/www.etoilederose.fr\/#\/schema\/person\/image\/\"},\"description\":\"D\u00e9coratrice \u00e9v\u00e9nementiel depuis 15 ans, je me suis dirig\u00e9e depuis 8 ans dans le domaine de la d\u00e9coration de vitrines de magasins.\",\"sameAs\":[\"http:\/\/www.etoilederose.fr\",\"https:\/\/www.facebook.com\/etoilederose.fr\/?ref=aymt_homepage_panel\",\"https:\/\/www.instagram.com\/etoile.de.rose\/\",\"https:\/\/twitter.com\/https:\/\/twitter.com\/wwwetoilederose?lang=fr\"]}]}<\/script>\n<!-- \/ Yoast SEO plugin. -->","yoast_head_json":{"title":"Mariage en rose et or | \u00c9toile de rose | Pont Sainte Marie |","description":"Mariage en rose et or a \u00e9t\u00e9 d\u00e9cor\u00e9 par \u00c9toile de rose, dans la salle des f\u00eates de Pont Ste Marie. Demandez aussi votre devis gratuit !","robots":{"index":"index","follow":"follow","max-snippet":"max-snippet:-1","max-image-preview":"max-image-preview:large","max-video-preview":"max-video-preview:-1"},"canonical":"https:\/\/www.etoilederose.fr\/index.php\/quelques-realisations\/mariage-en-rose-et-or","twitter_misc":{"Dur\u00e9e de lecture estim\u00e9e":"2 minutes"},"schema":{"@context":"https:\/\/schema.org","@graph":[{"@type":"WebPage","@id":"https:\/\/www.etoilederose.fr\/index.php\/quelques-realisations\/mariage-en-rose-et-or","url":"https:\/\/www.etoilederose.fr\/index.php\/quelques-realisations\/mariage-en-rose-et-or","name":"Mariage en rose et or | \u00c9toile de rose | Pont Sainte Marie |","isPartOf":{"@id":"https:\/\/www.etoilederose.fr\/#website"},"datePublished":"2015-08-29T11:42:36+00:00","dateModified":"2022-02-10T14:34:00+00:00","description":"Mariage en rose et or a \u00e9t\u00e9 d\u00e9cor\u00e9 par \u00c9toile de rose, dans la salle des f\u00eates de Pont Ste Marie. Demandez aussi votre devis gratuit !","breadcrumb":{"@id":"https:\/\/www.etoilederose.fr\/index.php\/quelques-realisations\/mariage-en-rose-et-or#breadcrumb"},"inLanguage":"fr-FR","potentialAction":[{"@type":"ReadAction","target":["https:\/\/www.etoilederose.fr\/index.php\/quelques-realisations\/mariage-en-rose-et-or"]}]},{"@type":"BreadcrumbList","@id":"https:\/\/www.etoilederose.fr\/index.php\/quelques-realisations\/mariage-en-rose-et-or#breadcrumb","itemListElement":[{"@type":"ListItem","position":1,"name":"Home","item":"https:\/\/www.etoilederose.fr\/"},{"@type":"ListItem","position":2,"name":"R\u00e9alisations","item":"https:\/\/www.etoilederose.fr\/index.php\/quelques-realisations"},{"@type":"ListItem","position":3,"name":"Mariage en rose et or"}]},{"@type":"WebSite","@id":"https:\/\/www.etoilederose.fr\/#website","url":"https:\/\/www.etoilederose.fr\/","name":"Etoile de rose","description":"Etoile de rose D\u00e9coration \u00e9v\u00e9nementielle","publisher":{"@id":"https:\/\/www.etoilederose.fr\/#\/schema\/person\/2d9d1db00dba3c640fa38b8b1abbdcaf"},"potentialAction":[{"@type":"SearchAction","target":{"@type":"EntryPoint","urlTemplate":"https:\/\/www.etoilederose.fr\/?s={search_term_string}"},"query-input":"required name=search_term_string"}],"inLanguage":"fr-FR"},{"@type":["Person","Organization"],"@id":"https:\/\/www.etoilederose.fr\/#\/schema\/person\/2d9d1db00dba3c640fa38b8b1abbdcaf","name":"admin","image":{"@type":"ImageObject","inLanguage":"fr-FR","@id":"https:\/\/www.etoilederose.fr\/#\/schema\/person\/image\/","url":"https:\/\/www.etoilederose.fr\/wp-content\/uploads\/2026\/01\/logo_noir.jpg","contentUrl":"https:\/\/www.etoilederose.fr\/wp-content\/uploads\/2026\/01\/logo_noir.jpg","width":1150,"height":1150,"caption":"admin"},"logo":{"@id":"https:\/\/www.etoilederose.fr\/#\/schema\/person\/image\/"},"description":"D\u00e9coratrice \u00e9v\u00e9nementiel depuis 15 ans, je me suis dirig\u00e9e depuis 8 ans dans le domaine de la d\u00e9coration de vitrines de magasins.","sameAs":["http:\/\/www.etoilederose.fr","https:\/\/www.facebook.com\/etoilederose.fr\/?ref=aymt_homepage_panel","https:\/\/www.instagram.com\/etoile.de.rose\/","https:\/\/twitter.com\/https:\/\/twitter.com\/wwwetoilederose?lang=fr"]}]}},"_links":{"self":[{"href":"https:\/\/www.etoilederose.fr\/index.php\/wp-json\/wp\/v2\/pages\/3794","targetHints":{"allow":["GET"]}}],"collection":[{"href":"https:\/\/www.etoilederose.fr\/index.php\/wp-json\/wp\/v2\/pages"}],"about":[{"href":"https:\/\/www.etoilederose.fr\/index.php\/wp-json\/wp\/v2\/types\/page"}],"author":[{"embeddable":true,"href":"https:\/\/www.etoilederose.fr\/index.php\/wp-json\/wp\/v2\/users\/1"}],"replies":[{"embeddable":true,"href":"https:\/\/www.etoilederose.fr\/index.php\/wp-json\/wp\/v2\/comments?post=3794"}],"version-history":[{"count":25,"href":"https:\/\/www.etoilederose.fr\/index.php\/wp-json\/wp\/v2\/pages\/3794\/revisions"}],"predecessor-version":[{"id":6728,"href":"https:\/\/www.etoilederose.fr\/index.php\/wp-json\/wp\/v2\/pages\/3794\/revisions\/6728"}],"up":[{"embeddable":true,"href":"https:\/\/www.etoilederose.fr\/index.php\/wp-json\/wp\/v2\/pages\/25"}],"wp:attachment":[{"href":"https:\/\/www.etoilederose.fr\/index.php\/wp-json\/wp\/v2\/media?parent=3794"}],"curies":[{"name":"wp","href":"https:\/\/api.w.org\/{rel}","templated":true}]}}