{"id":3658,"date":"2015-06-27T21:25:05","date_gmt":"2015-06-27T21:25:05","guid":{"rendered":"http:\/\/www.etoilederose.fr\/?page_id=3658"},"modified":"2022-02-10T14:30:36","modified_gmt":"2022-02-10T14:30:36","slug":"mariage-romantique-rose-et-or","status":"publish","type":"page","link":"https:\/\/www.etoilederose.fr\/index.php\/quelques-realisations\/mariage-romantique-rose-et-or","title":{"rendered":"Mariage romantique rose et or"},"content":{"rendered":"<h4><span style=\"color: #000000;\">Trois versions sont pr\u00e9sent\u00e9es pour le th\u00e8me Mariage romantique rose et or :<br \/>\n<\/span><\/h4>\n<h3>1er exemple:<\/h3>\n<p>En premier lieu, l&rsquo;\u00e9glise de cette version a \u00e9t\u00e9 d\u00e9cor\u00e9e avec <a href=\"https:\/\/www.etoilederose.fr\/index.php\/tarifs-locations\">des noeuds \u00ab\u00a0vieux rose\u00a0\u00bb<\/a> . La mari\u00e9e a choisit des pivoines pour les bout de bancs. La mari\u00e9e a \u00e9galement souhait\u00e9 un tapis bordeaux. Elle a con\u00e7u \u00e9galement les livrets de messe, toujours avec l&rsquo;esprit \u00ab\u00a0pivoine, vieux rose et or\u00a0\u00bb. Ainsi vous savez que vous pouvez apporter votre touche d\u00e9co. Je me chargerai de l&rsquo;installer le jour J. pour finir, ce lieu est <a href=\"http:\/\/latypique3.fr\/\">l&rsquo;Atypique 3<\/a>, \u00e0 Pont Ste Marie.<\/p>\nngg_shortcode_0_placeholder\n<p>\u00c9toile de rose a install\u00e9 des tentures au plafond de la salle. Ainsi, une pose avec soin assure un peu de lumi\u00e8re sur le plafond sombre. A titre informatif, cette pose n\u00e9cessit\u00e9 une heure 30 de travail.<\/p>\n<p><a href=\"https:\/\/www.etoilederose.fr\/wp-content\/uploads\/2019\/06\/Lal222.jpg\" rel=\"lightbox[3658]\"><img loading=\"lazy\" decoding=\"async\" class=\"aligncenter  wp-image-5651\" src=\"https:\/\/www.etoilederose.fr\/wp-content\/uploads\/2019\/06\/Lal222-1024x683.jpg\" alt=\"\" width=\"569\" height=\"379\" srcset=\"https:\/\/www.etoilederose.fr\/wp-content\/uploads\/2019\/06\/Lal222-1024x683.jpg 1024w, https:\/\/www.etoilederose.fr\/wp-content\/uploads\/2019\/06\/Lal222-300x200.jpg 300w, https:\/\/www.etoilederose.fr\/wp-content\/uploads\/2019\/06\/Lal222-768x512.jpg 768w, https:\/\/www.etoilederose.fr\/wp-content\/uploads\/2019\/06\/Lal222.jpg 1200w\" sizes=\"auto, (max-width: 569px) 100vw, 569px\" \/><\/a><\/p>\n<p>La fleuriste a cr\u00e9\u00e9 ces cerceaux a accrocher au plafond au dessus de la table des mari\u00e9s.<\/p>\n<p><a href=\"https:\/\/www.etoilederose.fr\/wp-content\/uploads\/2019\/06\/Lal214.jpg\" rel=\"lightbox[3658]\"><img loading=\"lazy\" decoding=\"async\" class=\"aligncenter  wp-image-5653\" src=\"https:\/\/www.etoilederose.fr\/wp-content\/uploads\/2019\/06\/Lal214-683x1024.jpg\" alt=\"\" width=\"567\" height=\"851\" srcset=\"https:\/\/www.etoilederose.fr\/wp-content\/uploads\/2019\/06\/Lal214-683x1024.jpg 683w, https:\/\/www.etoilederose.fr\/wp-content\/uploads\/2019\/06\/Lal214-200x300.jpg 200w, https:\/\/www.etoilederose.fr\/wp-content\/uploads\/2019\/06\/Lal214-768x1152.jpg 768w, https:\/\/www.etoilederose.fr\/wp-content\/uploads\/2019\/06\/Lal214.jpg 1200w\" sizes=\"auto, (max-width: 567px) 100vw, 567px\" \/><\/a><\/p>\n<p>&nbsp;<\/p>\n<p>Les chaises \u00ab\u00a0Napol\u00e9on\u00a0\u00bbapportent beaucoup de romantisme et de classe. Pour information, cela ne n\u00e9cessite pas de pose de housses de chaises. Des fleurs naturelles diff\u00e9rentes d\u00e9corent les chaises de la mari\u00e9e et son \u00e9poux.<\/p>\n<p>j&rsquo;ai habill\u00e9 toute la cage dor\u00e9e avec du tissu organza pour la fermer un peu plus et \u00e9viter son acc\u00e8s int\u00e9rieur.<\/p>\n<p><a href=\"https:\/\/www.etoilederose.fr\/wp-content\/uploads\/2019\/06\/Lal211.jpg\" rel=\"lightbox[3658]\"><img loading=\"lazy\" decoding=\"async\" class=\"aligncenter  wp-image-5652\" src=\"https:\/\/www.etoilederose.fr\/wp-content\/uploads\/2019\/06\/Lal211-1024x683.jpg\" alt=\"\" width=\"570\" height=\"380\" srcset=\"https:\/\/www.etoilederose.fr\/wp-content\/uploads\/2019\/06\/Lal211-1024x683.jpg 1024w, https:\/\/www.etoilederose.fr\/wp-content\/uploads\/2019\/06\/Lal211-300x200.jpg 300w, https:\/\/www.etoilederose.fr\/wp-content\/uploads\/2019\/06\/Lal211-768x512.jpg 768w, https:\/\/www.etoilederose.fr\/wp-content\/uploads\/2019\/06\/Lal211.jpg 1200w\" sizes=\"auto, (max-width: 570px) 100vw, 570px\" \/><\/a><\/p>\n<p>Sur chaque table, on trouve des centres de tables diff\u00e9rents. Les invit\u00e9s trouvent leur place gr\u00e2ce aux marque-tables dor\u00e9s qui sont propos\u00e9s <a href=\"https:\/\/www.etoilederose.fr\/index.php\/tarifs-locations\">en location .<\/a><\/p>\n<div id=\"attachment_5654\" style=\"width: 581px\" class=\"wp-caption aligncenter\"><a class=\"Centre de table rose et or\" href=\"https:\/\/www.etoilederose.fr\/index.php\/quelques-realisations\/mariage-romantique-rose-et-or\/lal223\" rel=\"Centre de table rose et or\"><img loading=\"lazy\" decoding=\"async\" aria-describedby=\"caption-attachment-5654\" class=\"Centre de table rose et or wp-image-5654\" title=\"Centre de table rose et or\" src=\"https:\/\/www.etoilederose.fr\/wp-content\/uploads\/2019\/06\/Lal223-683x1024.jpg\" alt=\"Centre de table rose et or\" width=\"571\" height=\"857\" srcset=\"https:\/\/www.etoilederose.fr\/wp-content\/uploads\/2019\/06\/Lal223-683x1024.jpg 683w, https:\/\/www.etoilederose.fr\/wp-content\/uploads\/2019\/06\/Lal223-200x300.jpg 200w, https:\/\/www.etoilederose.fr\/wp-content\/uploads\/2019\/06\/Lal223-768x1152.jpg 768w, https:\/\/www.etoilederose.fr\/wp-content\/uploads\/2019\/06\/Lal223.jpg 1200w\" sizes=\"auto, (max-width: 571px) 100vw, 571px\" \/><\/a><p id=\"caption-attachment-5654\" class=\"wp-caption-text\">&nbsp;&nbsp;&nbsp;&nbsp;&nbsp;&nbsp;&nbsp;&nbsp;&nbsp;&nbsp;&nbsp;&nbsp;&nbsp;&nbsp;&nbsp;&nbsp;&nbsp;&nbsp;&nbsp;&nbsp;&nbsp;&nbsp;&nbsp;&nbsp;&nbsp;&nbsp;&nbsp;&nbsp;&nbsp;&nbsp;&nbsp;&nbsp;&nbsp;&nbsp; Centre de table rose et or<\/p><\/div>\n<div id=\"attachment_5655\" style=\"width: 582px\" class=\"wp-caption aligncenter\"><a class=\"Porte-nom de table en location\" href=\"https:\/\/www.etoilederose.fr\/index.php\/quelques-realisations\/mariage-romantique-rose-et-or\/lal225\" rel=\"Porte-nom de table en location\"><img loading=\"lazy\" decoding=\"async\" aria-describedby=\"caption-attachment-5655\" class=\"Porte-nom de table en location wp-image-5655\" title=\"Porte-nom de table en location\" src=\"https:\/\/www.etoilederose.fr\/wp-content\/uploads\/2019\/06\/Lal225-683x1024.jpg\" alt=\"Porte-nom de table en location\" width=\"572\" height=\"857\" srcset=\"https:\/\/www.etoilederose.fr\/wp-content\/uploads\/2019\/06\/Lal225-683x1024.jpg 683w, https:\/\/www.etoilederose.fr\/wp-content\/uploads\/2019\/06\/Lal225-200x300.jpg 200w, https:\/\/www.etoilederose.fr\/wp-content\/uploads\/2019\/06\/Lal225-768x1152.jpg 768w, https:\/\/www.etoilederose.fr\/wp-content\/uploads\/2019\/06\/Lal225.jpg 1200w\" sizes=\"auto, (max-width: 572px) 100vw, 572px\" \/><\/a><p id=\"caption-attachment-5655\" class=\"wp-caption-text\">&nbsp;&nbsp;&nbsp;&nbsp;&nbsp;&nbsp;&nbsp;&nbsp;&nbsp;&nbsp;&nbsp;&nbsp;&nbsp;&nbsp;&nbsp;&nbsp;&nbsp;&nbsp;&nbsp;&nbsp;&nbsp;&nbsp;&nbsp;&nbsp;&nbsp;&nbsp;&nbsp;&nbsp;&nbsp;&nbsp; Porte-nom de table en location<\/p><\/div>\n<p>A l&rsquo;ext\u00e9rieur, une arche de c\u00e9r\u00e9monie a \u00e9t\u00e9 customis\u00e9e avec un voilage vieux rose en mousseline de soie, et arbor\u00e9e de fleurs naturelles.<\/p>\n<p>Pour d\u00e9couvrir les photos en grand, cliquez dessus<\/p>\nngg_shortcode_1_placeholder\n<h3>2\u00e8me exemple<\/h3>\n<div id=\"attachment_4227\" style=\"width: 614px\" class=\"wp-caption aligncenter\"><a href=\"https:\/\/www.etoilederose.fr\/index.php\/quelques-realisations\/mariage-romantique-rose-et-or\/5-reception-1196\"><img loading=\"lazy\" decoding=\"async\" aria-describedby=\"caption-attachment-4227\" class=\"wp-image-4227\" title=\"D\u00e9coration de mariage rose et rose\" src=\"https:\/\/www.etoilederose.fr\/wp-content\/uploads\/2015\/06\/5-R\u00e9ception-1196.jpg\" alt=\"D\u00e9coration de mariage rose et rose\" width=\"604\" height=\"403\" srcset=\"https:\/\/www.etoilederose.fr\/wp-content\/uploads\/2015\/06\/5-R\u00e9ception-1196.jpg 979w, https:\/\/www.etoilederose.fr\/wp-content\/uploads\/2015\/06\/5-R\u00e9ception-1196-300x200.jpg 300w, https:\/\/www.etoilederose.fr\/wp-content\/uploads\/2015\/06\/5-R\u00e9ception-1196-768x512.jpg 768w\" sizes=\"auto, (max-width: 604px) 100vw, 604px\" \/><\/a><p id=\"caption-attachment-4227\" class=\"wp-caption-text\">&nbsp;&nbsp;&nbsp;&nbsp;&nbsp;&nbsp;&nbsp;&nbsp;&nbsp;&nbsp;&nbsp;&nbsp;&nbsp;&nbsp;&nbsp;&nbsp;&nbsp;&nbsp;&nbsp;&nbsp;&nbsp;&nbsp;&nbsp;&nbsp;&nbsp; D\u00e9coration de mariage rose et rose<\/p><\/div>\n<p>Dans cette salle moderne, tout proche du <a href=\"http:\/\/www.chateau-la-motte-tilly.fr\/\">Ch\u00e2teau de la Motte Tilly<\/a> , la d\u00e9coration est en rose et or. Des compositions de fleurs naturelles dans des <a href=\"https:\/\/www.etoilederose.fr\/index.php\/tarifs-locations\">vases martini<\/a>,&nbsp; sont pos\u00e9es sur les billes de gels et LEDS. Les LEDS se r\u00e8glent en couleur or pour obtenir cette illumination.<\/p>\n<p>Des plexiglass dor\u00e9s indiquent les menus. Par ailleurs, le plan de tables sur une cage, rappelle un peu la ligne directrice. les marques-places sont des cages en papier, ainsi que les bo\u00eetes \u00e0 drag\u00e9es ..<\/p>\n<p>Un centre de table a \u00e9t\u00e9 imagin\u00e9 pour les enfants. De plus, ils disposent de jeux individuels et de coloriages. J&rsquo;offre ce service pour tout contrat de d\u00e9coration compl\u00e8te.<\/p>\n<p>Le livre d&rsquo;or est en accord avec le th\u00e8me, \u00e0 d\u00e9couvrir dans le d\u00e9tails des photos.<\/p>\n<div id=\"attachment_4228\" style=\"width: 470px\" class=\"wp-caption aligncenter\"><a href=\"https:\/\/www.etoilederose.fr\/index.php\/quelques-realisations\/mariage-romantique-rose-et-or\/cage-1\"><img loading=\"lazy\" decoding=\"async\" aria-describedby=\"caption-attachment-4228\" class=\"wp-image-4228\" title=\"Plan de tables sur cage dor\u00e9e\" src=\"https:\/\/www.etoilederose.fr\/wp-content\/uploads\/2015\/06\/Cage-1-734x1024.jpg\" alt=\"Plan de tables sur cage dor\u00e9e\" width=\"460\" height=\"641\" srcset=\"https:\/\/www.etoilederose.fr\/wp-content\/uploads\/2015\/06\/Cage-1-734x1024.jpg 734w, https:\/\/www.etoilederose.fr\/wp-content\/uploads\/2015\/06\/Cage-1-215x300.jpg 215w, https:\/\/www.etoilederose.fr\/wp-content\/uploads\/2015\/06\/Cage-1-768x1072.jpg 768w\" sizes=\"auto, (max-width: 460px) 100vw, 460px\" \/><\/a><p id=\"caption-attachment-4228\" class=\"wp-caption-text\">Plan de tables sur cage dor\u00e9e<\/p><\/div>\n<h4><span style=\"color: #000000;\">En d\u00e9tails<\/span><\/h4>\nngg_shortcode_2_placeholder\n<h4><span style=\"color: #000000;\">Une autre version r\u00e9alis\u00e9e \u00e0 la Ferme du Vieux Ch\u00e2teau<\/span><\/h4>\n<p>&nbsp;<\/p>\n<div id=\"attachment_3659\" style=\"width: 616px\" class=\"wp-caption aligncenter\"><a href=\"https:\/\/www.etoilederose.fr\/wp-content\/uploads\/2015\/06\/Kraft10.jpg\" rel=\"lightbox[3658]\"><img loading=\"lazy\" decoding=\"async\" aria-describedby=\"caption-attachment-3659\" class=\"wp-image-3659\" title=\"Vase martini rose et or\" src=\"https:\/\/www.etoilederose.fr\/wp-content\/uploads\/2015\/06\/Kraft10-1024x683.jpg\" alt=\"Vase martini rose et or\" width=\"606\" height=\"404\" srcset=\"https:\/\/www.etoilederose.fr\/wp-content\/uploads\/2015\/06\/Kraft10-1024x683.jpg 1024w, https:\/\/www.etoilederose.fr\/wp-content\/uploads\/2015\/06\/Kraft10-300x200.jpg 300w, https:\/\/www.etoilederose.fr\/wp-content\/uploads\/2015\/06\/Kraft10.jpg 1200w\" sizes=\"auto, (max-width: 606px) 100vw, 606px\" \/><\/a><p id=\"caption-attachment-3659\" class=\"wp-caption-text\">Vase martini rose et or<\/p><\/div>\n<p>A propos de mariage romantique rose et or , celui-ci a \u00e9t\u00e9 install\u00e9 \u00e0 <a href=\"https:\/\/www.lafermeduvieuxchateau.fr\/\">la Ferme du Vieux Ch\u00e2teau<\/a> de Vanlay.<\/p>\n<p>Notons les compositions de vases martini avec fleurs artificielles en location. De surcroit,<a href=\"https:\/\/www.etoilederose.fr\/index.php\/tarifs-locations\"> les leds submersibles<\/a> illuminent les billes de gel en dor\u00e9. Enfin, du v\u00e9ritable lierre glacier avec les feuilles d\u00e9licatement accentu\u00e9es de blancheur courent le long des pieds des vases.<\/p>\n<p>En d\u00e9tail, un chemin de table en intiss\u00e9, tout en sobri\u00e9t\u00e9 traverse la table. Quelques perles de pluie or, p\u00e9tales en tissu, et LEDS en cire viennent apportent la touche romantique.<\/p>\n<p>Pour conclure, \u00e0 l&rsquo;entr\u00e9e de la salle, voici le plan de tables romantique avec de magnifiques et v\u00e9ritables clefs anciennes. Ainsi, chaque clef supporte une petite \u00e9tiquette repr\u00e9sentant la liste d&rsquo;invit\u00e9s par table.<\/p>\n<div id=\"attachment_3665\" style=\"width: 628px\" class=\"wp-caption aligncenter\"><a href=\"https:\/\/www.etoilederose.fr\/index.php\/quelques-realisations\/mariage-romantique-rose-et-or\/kraft22\"><img loading=\"lazy\" decoding=\"async\" aria-describedby=\"caption-attachment-3665\" class=\"wp-image-3665\" title=\"Plan de tables avec clefs anciennes\" src=\"https:\/\/www.etoilederose.fr\/wp-content\/uploads\/2015\/06\/Kraft22-758x1024.jpg\" alt=\"Plan de tables avec clefs anciennes\" width=\"618\" height=\"835\" srcset=\"https:\/\/www.etoilederose.fr\/wp-content\/uploads\/2015\/06\/Kraft22-758x1024.jpg 758w, https:\/\/www.etoilederose.fr\/wp-content\/uploads\/2015\/06\/Kraft22-222x300.jpg 222w, https:\/\/www.etoilederose.fr\/wp-content\/uploads\/2015\/06\/Kraft22.jpg 1200w\" sizes=\"auto, (max-width: 618px) 100vw, 618px\" \/><\/a><p id=\"caption-attachment-3665\" class=\"wp-caption-text\">Plan de tables avec clefs anciennes<\/p><\/div>\n<p>Pour conclure, retrouvez tous les d\u00e9tails de la d\u00e9coration des tables.\u00c9toile e rose cr\u00e9\u00e9 les marque-place pour y ins\u00e9rer les serviettes en tissu. N&rsquo;h\u00e9sitez pas vous aussi \u00e0 demander votre devis gratuit !<\/p>\nngg_shortcode_3_placeholder\n","protected":false},"excerpt":{"rendered":"<p>Trois versions sont pr\u00e9sent\u00e9es pour le th\u00e8me Mariage romantique rose et or : 1er exemple: En premier lieu, l&rsquo;\u00e9glise de cette version a \u00e9t\u00e9 d\u00e9cor\u00e9e avec des noeuds \u00ab\u00a0vieux rose\u00a0\u00bb . La mari\u00e9e a choisit des pivoines pour les bout de bancs. La mari\u00e9e a \u00e9galement souhait\u00e9 un tapis bordeaux. Elle a con\u00e7u \u00e9galement les [&hellip;]<\/p>\n","protected":false},"author":1,"featured_media":0,"parent":25,"menu_order":80,"comment_status":"closed","ping_status":"closed","template":"","meta":{"ngg_post_thumbnail":0,"footnotes":"","_links_to":"","_links_to_target":""},"class_list":["post-3658","page","type-page","status-publish","hentry"],"yoast_head":"<!-- This site is optimized with the Yoast SEO plugin v21.5 - https:\/\/yoast.com\/wordpress\/plugins\/seo\/ -->\n<title>Mariage romantique rose et or | Etoile de rose |<\/title>\n<meta name=\"description\" content=\"Etoile de rose a d\u00e9cor\u00e9 ce Mariage romantique rose et or avec des vases martinis illumin\u00e9s ! Vous aussi contacte-moi pour votre devis !\" \/>\n<meta name=\"robots\" content=\"index, follow, max-snippet:-1, max-image-preview:large, max-video-preview:-1\" \/>\n<link rel=\"canonical\" href=\"https:\/\/www.etoilederose.fr\/index.php\/quelques-realisations\/mariage-romantique-rose-et-or\" \/>\n<meta name=\"twitter:label1\" content=\"Dur\u00e9e de lecture estim\u00e9e\" \/>\n\t<meta name=\"twitter:data1\" content=\"6 minutes\" \/>\n<script type=\"application\/ld+json\" class=\"yoast-schema-graph\">{\"@context\":\"https:\/\/schema.org\",\"@graph\":[{\"@type\":\"WebPage\",\"@id\":\"https:\/\/www.etoilederose.fr\/index.php\/quelques-realisations\/mariage-romantique-rose-et-or\",\"url\":\"https:\/\/www.etoilederose.fr\/index.php\/quelques-realisations\/mariage-romantique-rose-et-or\",\"name\":\"Mariage romantique rose et or | Etoile de rose |\",\"isPartOf\":{\"@id\":\"https:\/\/www.etoilederose.fr\/#website\"},\"datePublished\":\"2015-06-27T21:25:05+00:00\",\"dateModified\":\"2022-02-10T14:30:36+00:00\",\"description\":\"Etoile de rose a d\u00e9cor\u00e9 ce Mariage romantique rose et or avec des vases martinis illumin\u00e9s ! Vous aussi contacte-moi pour votre devis !\",\"breadcrumb\":{\"@id\":\"https:\/\/www.etoilederose.fr\/index.php\/quelques-realisations\/mariage-romantique-rose-et-or#breadcrumb\"},\"inLanguage\":\"fr-FR\",\"potentialAction\":[{\"@type\":\"ReadAction\",\"target\":[\"https:\/\/www.etoilederose.fr\/index.php\/quelques-realisations\/mariage-romantique-rose-et-or\"]}]},{\"@type\":\"BreadcrumbList\",\"@id\":\"https:\/\/www.etoilederose.fr\/index.php\/quelques-realisations\/mariage-romantique-rose-et-or#breadcrumb\",\"itemListElement\":[{\"@type\":\"ListItem\",\"position\":1,\"name\":\"Home\",\"item\":\"https:\/\/www.etoilederose.fr\/\"},{\"@type\":\"ListItem\",\"position\":2,\"name\":\"R\u00e9alisations\",\"item\":\"https:\/\/www.etoilederose.fr\/index.php\/quelques-realisations\"},{\"@type\":\"ListItem\",\"position\":3,\"name\":\"Mariage romantique rose et or\"}]},{\"@type\":\"WebSite\",\"@id\":\"https:\/\/www.etoilederose.fr\/#website\",\"url\":\"https:\/\/www.etoilederose.fr\/\",\"name\":\"Etoile de rose\",\"description\":\"Etoile de rose D\u00e9coration \u00e9v\u00e9nementielle\",\"publisher\":{\"@id\":\"https:\/\/www.etoilederose.fr\/#\/schema\/person\/2d9d1db00dba3c640fa38b8b1abbdcaf\"},\"potentialAction\":[{\"@type\":\"SearchAction\",\"target\":{\"@type\":\"EntryPoint\",\"urlTemplate\":\"https:\/\/www.etoilederose.fr\/?s={search_term_string}\"},\"query-input\":\"required name=search_term_string\"}],\"inLanguage\":\"fr-FR\"},{\"@type\":[\"Person\",\"Organization\"],\"@id\":\"https:\/\/www.etoilederose.fr\/#\/schema\/person\/2d9d1db00dba3c640fa38b8b1abbdcaf\",\"name\":\"admin\",\"image\":{\"@type\":\"ImageObject\",\"inLanguage\":\"fr-FR\",\"@id\":\"https:\/\/www.etoilederose.fr\/#\/schema\/person\/image\/\",\"url\":\"https:\/\/www.etoilederose.fr\/wp-content\/uploads\/2026\/01\/logo_noir.jpg\",\"contentUrl\":\"https:\/\/www.etoilederose.fr\/wp-content\/uploads\/2026\/01\/logo_noir.jpg\",\"width\":1150,\"height\":1150,\"caption\":\"admin\"},\"logo\":{\"@id\":\"https:\/\/www.etoilederose.fr\/#\/schema\/person\/image\/\"},\"description\":\"D\u00e9coratrice \u00e9v\u00e9nementiel depuis 15 ans, je me suis dirig\u00e9e depuis 8 ans dans le domaine de la d\u00e9coration de vitrines de magasins.\",\"sameAs\":[\"http:\/\/www.etoilederose.fr\",\"https:\/\/www.facebook.com\/etoilederose.fr\/?ref=aymt_homepage_panel\",\"https:\/\/www.instagram.com\/etoile.de.rose\/\",\"https:\/\/twitter.com\/https:\/\/twitter.com\/wwwetoilederose?lang=fr\"]}]}<\/script>\n<!-- \/ Yoast SEO plugin. -->","yoast_head_json":{"title":"Mariage romantique rose et or | Etoile de rose |","description":"Etoile de rose a d\u00e9cor\u00e9 ce Mariage romantique rose et or avec des vases martinis illumin\u00e9s ! Vous aussi contacte-moi pour votre devis !","robots":{"index":"index","follow":"follow","max-snippet":"max-snippet:-1","max-image-preview":"max-image-preview:large","max-video-preview":"max-video-preview:-1"},"canonical":"https:\/\/www.etoilederose.fr\/index.php\/quelques-realisations\/mariage-romantique-rose-et-or","twitter_misc":{"Dur\u00e9e de lecture estim\u00e9e":"6 minutes"},"schema":{"@context":"https:\/\/schema.org","@graph":[{"@type":"WebPage","@id":"https:\/\/www.etoilederose.fr\/index.php\/quelques-realisations\/mariage-romantique-rose-et-or","url":"https:\/\/www.etoilederose.fr\/index.php\/quelques-realisations\/mariage-romantique-rose-et-or","name":"Mariage romantique rose et or | Etoile de rose |","isPartOf":{"@id":"https:\/\/www.etoilederose.fr\/#website"},"datePublished":"2015-06-27T21:25:05+00:00","dateModified":"2022-02-10T14:30:36+00:00","description":"Etoile de rose a d\u00e9cor\u00e9 ce Mariage romantique rose et or avec des vases martinis illumin\u00e9s ! Vous aussi contacte-moi pour votre devis !","breadcrumb":{"@id":"https:\/\/www.etoilederose.fr\/index.php\/quelques-realisations\/mariage-romantique-rose-et-or#breadcrumb"},"inLanguage":"fr-FR","potentialAction":[{"@type":"ReadAction","target":["https:\/\/www.etoilederose.fr\/index.php\/quelques-realisations\/mariage-romantique-rose-et-or"]}]},{"@type":"BreadcrumbList","@id":"https:\/\/www.etoilederose.fr\/index.php\/quelques-realisations\/mariage-romantique-rose-et-or#breadcrumb","itemListElement":[{"@type":"ListItem","position":1,"name":"Home","item":"https:\/\/www.etoilederose.fr\/"},{"@type":"ListItem","position":2,"name":"R\u00e9alisations","item":"https:\/\/www.etoilederose.fr\/index.php\/quelques-realisations"},{"@type":"ListItem","position":3,"name":"Mariage romantique rose et or"}]},{"@type":"WebSite","@id":"https:\/\/www.etoilederose.fr\/#website","url":"https:\/\/www.etoilederose.fr\/","name":"Etoile de rose","description":"Etoile de rose D\u00e9coration \u00e9v\u00e9nementielle","publisher":{"@id":"https:\/\/www.etoilederose.fr\/#\/schema\/person\/2d9d1db00dba3c640fa38b8b1abbdcaf"},"potentialAction":[{"@type":"SearchAction","target":{"@type":"EntryPoint","urlTemplate":"https:\/\/www.etoilederose.fr\/?s={search_term_string}"},"query-input":"required name=search_term_string"}],"inLanguage":"fr-FR"},{"@type":["Person","Organization"],"@id":"https:\/\/www.etoilederose.fr\/#\/schema\/person\/2d9d1db00dba3c640fa38b8b1abbdcaf","name":"admin","image":{"@type":"ImageObject","inLanguage":"fr-FR","@id":"https:\/\/www.etoilederose.fr\/#\/schema\/person\/image\/","url":"https:\/\/www.etoilederose.fr\/wp-content\/uploads\/2026\/01\/logo_noir.jpg","contentUrl":"https:\/\/www.etoilederose.fr\/wp-content\/uploads\/2026\/01\/logo_noir.jpg","width":1150,"height":1150,"caption":"admin"},"logo":{"@id":"https:\/\/www.etoilederose.fr\/#\/schema\/person\/image\/"},"description":"D\u00e9coratrice \u00e9v\u00e9nementiel depuis 15 ans, je me suis dirig\u00e9e depuis 8 ans dans le domaine de la d\u00e9coration de vitrines de magasins.","sameAs":["http:\/\/www.etoilederose.fr","https:\/\/www.facebook.com\/etoilederose.fr\/?ref=aymt_homepage_panel","https:\/\/www.instagram.com\/etoile.de.rose\/","https:\/\/twitter.com\/https:\/\/twitter.com\/wwwetoilederose?lang=fr"]}]}},"_links":{"self":[{"href":"https:\/\/www.etoilederose.fr\/index.php\/wp-json\/wp\/v2\/pages\/3658","targetHints":{"allow":["GET"]}}],"collection":[{"href":"https:\/\/www.etoilederose.fr\/index.php\/wp-json\/wp\/v2\/pages"}],"about":[{"href":"https:\/\/www.etoilederose.fr\/index.php\/wp-json\/wp\/v2\/types\/page"}],"author":[{"embeddable":true,"href":"https:\/\/www.etoilederose.fr\/index.php\/wp-json\/wp\/v2\/users\/1"}],"replies":[{"embeddable":true,"href":"https:\/\/www.etoilederose.fr\/index.php\/wp-json\/wp\/v2\/comments?post=3658"}],"version-history":[{"count":35,"href":"https:\/\/www.etoilederose.fr\/index.php\/wp-json\/wp\/v2\/pages\/3658\/revisions"}],"predecessor-version":[{"id":6598,"href":"https:\/\/www.etoilederose.fr\/index.php\/wp-json\/wp\/v2\/pages\/3658\/revisions\/6598"}],"up":[{"embeddable":true,"href":"https:\/\/www.etoilederose.fr\/index.php\/wp-json\/wp\/v2\/pages\/25"}],"wp:attachment":[{"href":"https:\/\/www.etoilederose.fr\/index.php\/wp-json\/wp\/v2\/media?parent=3658"}],"curies":[{"name":"wp","href":"https:\/\/api.w.org\/{rel}","templated":true}]}}