{"id":358,"date":"2012-03-18T10:48:13","date_gmt":"2012-03-18T10:48:13","guid":{"rendered":"http:\/\/www.etoilederose.fr\/index.php\/votre-evenement\/soiree-mickael-jackson-le-cinema"},"modified":"2022-02-10T14:37:11","modified_gmt":"2022-02-10T14:37:11","slug":"anniversaire-michael-jackson","status":"publish","type":"page","link":"https:\/\/www.etoilederose.fr\/index.php\/quelques-realisations\/anniversaire-michael-jackson","title":{"rendered":"Anniversaire Michael JACKSON"},"content":{"rendered":"<h2><span style=\"color: #000000;\">D\u00e9coration d&rsquo;une soir\u00e9e Anniversaire Michael JACKSON&nbsp;&amp; le cin\u00e9ma<\/span><\/h2>\n<div id=\"attachment_1230\" style=\"width: 588px\" class=\"wp-caption aligncenter\"><a href=\"https:\/\/www.etoilederose.fr\/index.php\/quelques-realisations\/anniversaire-michael-jackson\/eric-40ans-0004\" rel=\"attachment wp-att-1230\"><img loading=\"lazy\" decoding=\"async\" aria-describedby=\"caption-attachment-1230\" class=\" wp-image-1230\" src=\"https:\/\/www.etoilederose.fr\/wp-content\/uploads\/2012\/03\/Eric-40ANS-0004-682x1024.jpg\" alt=\"Centre de tables Michael Jackson\" width=\"578\" height=\"868\" srcset=\"https:\/\/www.etoilederose.fr\/wp-content\/uploads\/2012\/03\/Eric-40ANS-0004-682x1024.jpg 682w, https:\/\/www.etoilederose.fr\/wp-content\/uploads\/2012\/03\/Eric-40ANS-0004-200x300.jpg 200w, https:\/\/www.etoilederose.fr\/wp-content\/uploads\/2012\/03\/Eric-40ANS-0004.jpg 1000w\" sizes=\"auto, (max-width: 578px) 100vw, 578px\" \/><\/a><p id=\"caption-attachment-1230\" class=\"wp-caption-text\">Centre de tables Michael Jackson<\/p><\/div>\n<div id=\"attachment_7078\" style=\"width: 583px\" class=\"wp-caption aligncenter\"><a href=\"https:\/\/www.etoilederose.fr\/index.php\/quelques-realisations\/anniversaire-michael-jackson\/eric-40ans-0013\" rel=\"attachment wp-att-7078\"><img loading=\"lazy\" decoding=\"async\" aria-describedby=\"caption-attachment-7078\" class=\" wp-image-7078\" src=\"https:\/\/www.etoilederose.fr\/wp-content\/uploads\/2020\/01\/Eric-40ANS-0013-1024x681.jpg\" alt=\"D\u00e9coration Michael Jackson\" width=\"573\" height=\"381\" srcset=\"https:\/\/www.etoilederose.fr\/wp-content\/uploads\/2020\/01\/Eric-40ANS-0013-1024x681.jpg 1024w, https:\/\/www.etoilederose.fr\/wp-content\/uploads\/2020\/01\/Eric-40ANS-0013-300x200.jpg 300w, https:\/\/www.etoilederose.fr\/wp-content\/uploads\/2020\/01\/Eric-40ANS-0013-768x511.jpg 768w, https:\/\/www.etoilederose.fr\/wp-content\/uploads\/2020\/01\/Eric-40ANS-0013.jpg 1500w\" sizes=\"auto, (max-width: 573px) 100vw, 573px\" \/><\/a><p id=\"caption-attachment-7078\" class=\"wp-caption-text\">D\u00e9coration Michael Jackson<\/p><\/div>\n<p>Show MJLil Jackson sosie de M.J<\/p>\n<div id=\"attachment_7084\" style=\"width: 597px\" class=\"wp-caption aligncenter\"><a href=\"https:\/\/www.etoilederose.fr\/index.php\/quelques-realisations\/anniversaire-michael-jackson\/eric-40ans-0028\" rel=\"attachment wp-att-7084\"><img loading=\"lazy\" decoding=\"async\" aria-describedby=\"caption-attachment-7084\" class=\" wp-image-7084\" src=\"https:\/\/www.etoilederose.fr\/wp-content\/uploads\/2020\/01\/Eric-40ANS-0028-681x1024.jpg\" alt=\"Plan de table M.Jackson et le cin\u00e9ma\" width=\"587\" height=\"883\" srcset=\"https:\/\/www.etoilederose.fr\/wp-content\/uploads\/2020\/01\/Eric-40ANS-0028-681x1024.jpg 681w, https:\/\/www.etoilederose.fr\/wp-content\/uploads\/2020\/01\/Eric-40ANS-0028-200x300.jpg 200w, https:\/\/www.etoilederose.fr\/wp-content\/uploads\/2020\/01\/Eric-40ANS-0028-768x1154.jpg 768w, https:\/\/www.etoilederose.fr\/wp-content\/uploads\/2020\/01\/Eric-40ANS-0028.jpg 998w\" sizes=\"auto, (max-width: 587px) 100vw, 587px\" \/><\/a><p id=\"caption-attachment-7084\" class=\"wp-caption-text\">Plan de table M.J et le cin\u00e9ma<\/p><\/div>\n<div>Un an de pr\u00e9paration a \u00e9t\u00e9 n\u00e9cessaire pour <strong>Etoile de rose <\/strong>afin de :<\/div>\n<ul>\n<li>R\u00e9aliser des cartons d&rsquo;invitation uniques avec timbres M.J r\u00e9alis\u00e9s sur mesure,<\/li>\n<li>R\u00e9aliser une deuxi\u00e8me s\u00e9rie de d\u00e9pliants \u00e0 J-100 pour expliquer le but de la soir\u00e9e,<\/li>\n<li>Confectionner les housses de chaises<\/li>\n<li>Pr\u00e9voir les pliages de serviettes, et les plexiglas \u00e0 l&rsquo;effigie de Michael JACKSON&nbsp;aux centres de tables<\/li>\n<li>R\u00e9aliser les menus, sur papier photo, reproduisant de la bobine de film<\/li>\n<li>Concevoir deux d\u00e9cors de sc\u00e8ne pour le show de <span style=\"color: #ff00ff;\"><a title=\"MJ Lil Jackson\" href=\"http:\/\/www.mjlil.fr\/\"><span style=\"color: #ff00ff;\">MjLil Jackson<\/span><\/a><\/span><br \/>\n&#8211; D\u00e9cors n\u00b01 ax\u00e9s sur les ann\u00e9es 80<br \/>\n&#8211; D\u00e9cors N\u00b02 ax\u00e9s sur Thriller<\/li>\n<li>Organiser le repas<\/li>\n<li>Pr\u00e9voir des jeux sur le net pour faire gagner des cartes V.I.P donnant droit \u00e0 une photo d\u00e9dicac\u00e9e avec le sosie, d\u00e9velopp\u00e9e et offerte sur place<\/li>\n<li>Pr\u00e9parer la surprise concernant le professeur de Teakwondo qui a r\u00e9alis\u00e9 une d\u00e9mo de cet art cor\u00e9en sur&nbsp;sc\u00e8ne<\/li>\n<li>Pr\u00e9voir&nbsp;&nbsp;la d\u00e9co de la salle par la lumi\u00e8re, ainsi qu&rsquo;un tirage au sort avec tickets de cin\u00e9ma servant de num\u00e9ro de tombola,<br \/>\n&#8211;&nbsp;En gain : des coffrets en bois peints par mes soins offerts aux 12 gagnants tir\u00e9s au sort<\/li>\n<li>L&rsquo;apprentissage en acc\u00e9l\u00e9r\u00e9 pour la gestion de la poursuite par Johann, pour un r\u00e9sultat optimum<\/li>\n<li>Cr\u00e9er un DVD avec une \u00e9quipe de cam\u00e9ramans professionnels recrut\u00e9s pour l&rsquo;occasion (5 cam\u00e9ramans se fondant dans le d\u00e9cor pour une soir\u00e9e Cin\u00e9ma garantie !),<\/li>\n<li>G\u00e9rer la gestion des artifices de sc\u00e8ne, lumi\u00e8res, fum\u00e9e, flammes, par mes soins.<\/li>\n<\/ul>\n<p>Merci au photographe : S\u00e9bastien d&rsquo;<span style=\"color: #ff00ff;\"><a title=\"Isopixel\" href=\"http:\/\/www.isopixel.fr\/\" target=\"_blank\" rel=\"noopener\"><span style=\"color: #ff00ff;\">Isopixel<\/span><\/a><\/span> et \u00e0 l&rsquo;\u00e9quipe d&rsquo;<span style=\"color: #ff00ff;\"><a title=\"Maizieres Studio\" href=\"http:\/\/www.maizieres-studio.fr\/\" target=\"_blank\" rel=\"noopener\"><span style=\"color: #ff00ff;\">Asso Maizi\u00e8res Studio<\/span><\/a> !<br \/>\n<\/span><\/p>\n<p><a href=\"https:\/\/lyon.citycrunch.fr\/comment-jai-failli-feter-lalbum-history-au-cinema\/2015\/11\/26\/\">Un Anniversaire Michael JACKSON<\/a> avec passion !<\/p>\nngg_shortcode_0_placeholder\n<p>&nbsp;<\/p>\n","protected":false},"excerpt":{"rendered":"<p>D\u00e9coration d&rsquo;une soir\u00e9e Anniversaire Michael JACKSON&nbsp;&amp; le cin\u00e9ma Show MJLil Jackson sosie de M.J Un an de pr\u00e9paration a \u00e9t\u00e9 n\u00e9cessaire pour Etoile de rose afin de : R\u00e9aliser des cartons d&rsquo;invitation uniques avec timbres M.J r\u00e9alis\u00e9s sur mesure, R\u00e9aliser une deuxi\u00e8me s\u00e9rie de d\u00e9pliants \u00e0 J-100 pour expliquer le but de la soir\u00e9e, Confectionner [&hellip;]<\/p>\n","protected":false},"author":1,"featured_media":0,"parent":25,"menu_order":140,"comment_status":"closed","ping_status":"closed","template":"","meta":{"ngg_post_thumbnail":0,"footnotes":"","_links_to":"","_links_to_target":""},"class_list":["post-358","page","type-page","status-publish","hentry"],"yoast_head":"<!-- This site is optimized with the Yoast SEO plugin v21.5 - https:\/\/yoast.com\/wordpress\/plugins\/seo\/ -->\n<title>Anniversaire Michael JACKSON et le cin\u00e9ma | Etoile de rose|<\/title>\n<meta name=\"description\" content=\"Etoile de rose a d\u00e9cor\u00e9 cette soir\u00e9e Anniversaire Michael JACKSON et le cin\u00e9ma. Une d\u00e9coration unique avec show de sosie! demandez votre devis gratuit\" \/>\n<meta name=\"robots\" content=\"index, follow, max-snippet:-1, max-image-preview:large, max-video-preview:-1\" \/>\n<link rel=\"canonical\" href=\"https:\/\/www.etoilederose.fr\/index.php\/quelques-realisations\/anniversaire-michael-jackson\" \/>\n<meta name=\"twitter:label1\" content=\"Dur\u00e9e de lecture estim\u00e9e\" \/>\n\t<meta name=\"twitter:data1\" content=\"3 minutes\" \/>\n<script type=\"application\/ld+json\" class=\"yoast-schema-graph\">{\"@context\":\"https:\/\/schema.org\",\"@graph\":[{\"@type\":\"WebPage\",\"@id\":\"https:\/\/www.etoilederose.fr\/index.php\/quelques-realisations\/anniversaire-michael-jackson\",\"url\":\"https:\/\/www.etoilederose.fr\/index.php\/quelques-realisations\/anniversaire-michael-jackson\",\"name\":\"Anniversaire Michael JACKSON et le cin\u00e9ma | Etoile de rose|\",\"isPartOf\":{\"@id\":\"https:\/\/www.etoilederose.fr\/#website\"},\"datePublished\":\"2012-03-18T10:48:13+00:00\",\"dateModified\":\"2022-02-10T14:37:11+00:00\",\"description\":\"Etoile de rose a d\u00e9cor\u00e9 cette soir\u00e9e Anniversaire Michael JACKSON et le cin\u00e9ma. Une d\u00e9coration unique avec show de sosie! demandez votre devis gratuit\",\"breadcrumb\":{\"@id\":\"https:\/\/www.etoilederose.fr\/index.php\/quelques-realisations\/anniversaire-michael-jackson#breadcrumb\"},\"inLanguage\":\"fr-FR\",\"potentialAction\":[{\"@type\":\"ReadAction\",\"target\":[\"https:\/\/www.etoilederose.fr\/index.php\/quelques-realisations\/anniversaire-michael-jackson\"]}]},{\"@type\":\"BreadcrumbList\",\"@id\":\"https:\/\/www.etoilederose.fr\/index.php\/quelques-realisations\/anniversaire-michael-jackson#breadcrumb\",\"itemListElement\":[{\"@type\":\"ListItem\",\"position\":1,\"name\":\"Home\",\"item\":\"https:\/\/www.etoilederose.fr\/\"},{\"@type\":\"ListItem\",\"position\":2,\"name\":\"R\u00e9alisations\",\"item\":\"https:\/\/www.etoilederose.fr\/index.php\/quelques-realisations\"},{\"@type\":\"ListItem\",\"position\":3,\"name\":\"Anniversaire Michael JACKSON\"}]},{\"@type\":\"WebSite\",\"@id\":\"https:\/\/www.etoilederose.fr\/#website\",\"url\":\"https:\/\/www.etoilederose.fr\/\",\"name\":\"Etoile de rose\",\"description\":\"Etoile de rose D\u00e9coration \u00e9v\u00e9nementielle\",\"publisher\":{\"@id\":\"https:\/\/www.etoilederose.fr\/#\/schema\/person\/2d9d1db00dba3c640fa38b8b1abbdcaf\"},\"potentialAction\":[{\"@type\":\"SearchAction\",\"target\":{\"@type\":\"EntryPoint\",\"urlTemplate\":\"https:\/\/www.etoilederose.fr\/?s={search_term_string}\"},\"query-input\":\"required name=search_term_string\"}],\"inLanguage\":\"fr-FR\"},{\"@type\":[\"Person\",\"Organization\"],\"@id\":\"https:\/\/www.etoilederose.fr\/#\/schema\/person\/2d9d1db00dba3c640fa38b8b1abbdcaf\",\"name\":\"admin\",\"image\":{\"@type\":\"ImageObject\",\"inLanguage\":\"fr-FR\",\"@id\":\"https:\/\/www.etoilederose.fr\/#\/schema\/person\/image\/\",\"url\":\"https:\/\/www.etoilederose.fr\/wp-content\/uploads\/2026\/01\/logo_noir.jpg\",\"contentUrl\":\"https:\/\/www.etoilederose.fr\/wp-content\/uploads\/2026\/01\/logo_noir.jpg\",\"width\":1150,\"height\":1150,\"caption\":\"admin\"},\"logo\":{\"@id\":\"https:\/\/www.etoilederose.fr\/#\/schema\/person\/image\/\"},\"description\":\"D\u00e9coratrice \u00e9v\u00e9nementiel depuis 15 ans, je me suis dirig\u00e9e depuis 8 ans dans le domaine de la d\u00e9coration de vitrines de magasins.\",\"sameAs\":[\"http:\/\/www.etoilederose.fr\",\"https:\/\/www.facebook.com\/etoilederose.fr\/?ref=aymt_homepage_panel\",\"https:\/\/www.instagram.com\/etoile.de.rose\/\",\"https:\/\/twitter.com\/https:\/\/twitter.com\/wwwetoilederose?lang=fr\"]}]}<\/script>\n<!-- \/ Yoast SEO plugin. -->","yoast_head_json":{"title":"Anniversaire Michael JACKSON et le cin\u00e9ma | Etoile de rose|","description":"Etoile de rose a d\u00e9cor\u00e9 cette soir\u00e9e Anniversaire Michael JACKSON et le cin\u00e9ma. Une d\u00e9coration unique avec show de sosie! demandez votre devis gratuit","robots":{"index":"index","follow":"follow","max-snippet":"max-snippet:-1","max-image-preview":"max-image-preview:large","max-video-preview":"max-video-preview:-1"},"canonical":"https:\/\/www.etoilederose.fr\/index.php\/quelques-realisations\/anniversaire-michael-jackson","twitter_misc":{"Dur\u00e9e de lecture estim\u00e9e":"3 minutes"},"schema":{"@context":"https:\/\/schema.org","@graph":[{"@type":"WebPage","@id":"https:\/\/www.etoilederose.fr\/index.php\/quelques-realisations\/anniversaire-michael-jackson","url":"https:\/\/www.etoilederose.fr\/index.php\/quelques-realisations\/anniversaire-michael-jackson","name":"Anniversaire Michael JACKSON et le cin\u00e9ma | Etoile de rose|","isPartOf":{"@id":"https:\/\/www.etoilederose.fr\/#website"},"datePublished":"2012-03-18T10:48:13+00:00","dateModified":"2022-02-10T14:37:11+00:00","description":"Etoile de rose a d\u00e9cor\u00e9 cette soir\u00e9e Anniversaire Michael JACKSON et le cin\u00e9ma. Une d\u00e9coration unique avec show de sosie! demandez votre devis gratuit","breadcrumb":{"@id":"https:\/\/www.etoilederose.fr\/index.php\/quelques-realisations\/anniversaire-michael-jackson#breadcrumb"},"inLanguage":"fr-FR","potentialAction":[{"@type":"ReadAction","target":["https:\/\/www.etoilederose.fr\/index.php\/quelques-realisations\/anniversaire-michael-jackson"]}]},{"@type":"BreadcrumbList","@id":"https:\/\/www.etoilederose.fr\/index.php\/quelques-realisations\/anniversaire-michael-jackson#breadcrumb","itemListElement":[{"@type":"ListItem","position":1,"name":"Home","item":"https:\/\/www.etoilederose.fr\/"},{"@type":"ListItem","position":2,"name":"R\u00e9alisations","item":"https:\/\/www.etoilederose.fr\/index.php\/quelques-realisations"},{"@type":"ListItem","position":3,"name":"Anniversaire Michael JACKSON"}]},{"@type":"WebSite","@id":"https:\/\/www.etoilederose.fr\/#website","url":"https:\/\/www.etoilederose.fr\/","name":"Etoile de rose","description":"Etoile de rose D\u00e9coration \u00e9v\u00e9nementielle","publisher":{"@id":"https:\/\/www.etoilederose.fr\/#\/schema\/person\/2d9d1db00dba3c640fa38b8b1abbdcaf"},"potentialAction":[{"@type":"SearchAction","target":{"@type":"EntryPoint","urlTemplate":"https:\/\/www.etoilederose.fr\/?s={search_term_string}"},"query-input":"required name=search_term_string"}],"inLanguage":"fr-FR"},{"@type":["Person","Organization"],"@id":"https:\/\/www.etoilederose.fr\/#\/schema\/person\/2d9d1db00dba3c640fa38b8b1abbdcaf","name":"admin","image":{"@type":"ImageObject","inLanguage":"fr-FR","@id":"https:\/\/www.etoilederose.fr\/#\/schema\/person\/image\/","url":"https:\/\/www.etoilederose.fr\/wp-content\/uploads\/2026\/01\/logo_noir.jpg","contentUrl":"https:\/\/www.etoilederose.fr\/wp-content\/uploads\/2026\/01\/logo_noir.jpg","width":1150,"height":1150,"caption":"admin"},"logo":{"@id":"https:\/\/www.etoilederose.fr\/#\/schema\/person\/image\/"},"description":"D\u00e9coratrice \u00e9v\u00e9nementiel depuis 15 ans, je me suis dirig\u00e9e depuis 8 ans dans le domaine de la d\u00e9coration de vitrines de magasins.","sameAs":["http:\/\/www.etoilederose.fr","https:\/\/www.facebook.com\/etoilederose.fr\/?ref=aymt_homepage_panel","https:\/\/www.instagram.com\/etoile.de.rose\/","https:\/\/twitter.com\/https:\/\/twitter.com\/wwwetoilederose?lang=fr"]}]}},"_links":{"self":[{"href":"https:\/\/www.etoilederose.fr\/index.php\/wp-json\/wp\/v2\/pages\/358","targetHints":{"allow":["GET"]}}],"collection":[{"href":"https:\/\/www.etoilederose.fr\/index.php\/wp-json\/wp\/v2\/pages"}],"about":[{"href":"https:\/\/www.etoilederose.fr\/index.php\/wp-json\/wp\/v2\/types\/page"}],"author":[{"embeddable":true,"href":"https:\/\/www.etoilederose.fr\/index.php\/wp-json\/wp\/v2\/users\/1"}],"replies":[{"embeddable":true,"href":"https:\/\/www.etoilederose.fr\/index.php\/wp-json\/wp\/v2\/comments?post=358"}],"version-history":[{"count":66,"href":"https:\/\/www.etoilederose.fr\/index.php\/wp-json\/wp\/v2\/pages\/358\/revisions"}],"predecessor-version":[{"id":7100,"href":"https:\/\/www.etoilederose.fr\/index.php\/wp-json\/wp\/v2\/pages\/358\/revisions\/7100"}],"up":[{"embeddable":true,"href":"https:\/\/www.etoilederose.fr\/index.php\/wp-json\/wp\/v2\/pages\/25"}],"wp:attachment":[{"href":"https:\/\/www.etoilederose.fr\/index.php\/wp-json\/wp\/v2\/media?parent=358"}],"curies":[{"name":"wp","href":"https:\/\/api.w.org\/{rel}","templated":true}]}}