{"id":3209,"date":"2015-04-14T19:34:09","date_gmt":"2015-04-14T19:34:09","guid":{"rendered":"http:\/\/www.etoilederose.fr\/?page_id=3209"},"modified":"2022-02-10T14:36:37","modified_gmt":"2022-02-10T14:36:37","slug":"theme-gourmandises-dantan","status":"publish","type":"page","link":"https:\/\/www.etoilederose.fr\/index.php\/quelques-realisations\/theme-gourmandises-dantan","title":{"rendered":"Th\u00e8me gourmandises d&rsquo;antan"},"content":{"rendered":"<div id=\"attachment_3214\" style=\"width: 624px\" class=\"wp-caption aligncenter\"><a href=\"https:\/\/www.etoilederose.fr\/index.php\/quelques-realisations\/theme-gourmandises-dantan\/theme-gourmandise-1\" rel=\"attachment wp-att-3214\"><img loading=\"lazy\" decoding=\"async\" aria-describedby=\"caption-attachment-3214\" class=\"wp-image-3214\" src=\"https:\/\/www.etoilederose.fr\/wp-content\/uploads\/2015\/04\/th\u00e8me-gourmandise-1.jpg\" alt=\"Anniversaire th\u00e8me gourmandise \" width=\"614\" height=\"446\" srcset=\"https:\/\/www.etoilederose.fr\/wp-content\/uploads\/2015\/04\/th\u00e8me-gourmandise-1.jpg 800w, https:\/\/www.etoilederose.fr\/wp-content\/uploads\/2015\/04\/th\u00e8me-gourmandise-1-300x218.jpg 300w\" sizes=\"auto, (max-width: 614px) 100vw, 614px\" \/><\/a><p id=\"caption-attachment-3214\" class=\"wp-caption-text\">Anniversaire th\u00e8me gourmandise<\/p><\/div>\n<h2>Th\u00e8me gourmandises d&rsquo;antan<\/h2>\n<p>Th\u00e8me gourmandises d&rsquo;antan en rose tendre, ivoire et pointe de rouge, se trouvant \u00e0 <a href=\"https:\/\/www.sallesdesfetes.fr\/salle-des-fetes\/champagne-ardenne\/10-aube\/10700-pouan-les-vallees\/56bf48041ea7bee2018b494a\/salle-des-ftes-de-pouan-les-vallles\">Salle des f\u00eates de Pouan les Vall\u00e9es.<\/a><\/p>\n<h3><span style=\"color: #000000;\">La salle<\/span><\/h3>\n<p>Tout d&rsquo;abord, la pose de fanions rappelle l&rsquo;ambiance vintage des f\u00eates de famille. Souvent, on se souvient des&nbsp; f\u00eates foraines d&rsquo;antan et des gourmandises, sucettes cannes, roudoudoux..<\/p>\n<p>En tout premier lieu, une c\u00e9r\u00e9monie du sable est pr\u00e9vue. Dans une salle attenante, l\u00e9g\u00e8rement d\u00e9cor\u00e9e, les invit\u00e9s se retrouvent. Ainsi, quelques anecdotes du couple et de leurs amis animent le texte, les t\u00e9moignages divers et tire les rires et les larmes. De m\u00eame, L&rsquo;occasion pour les enfants de participer . De plus, \u00c9toile de rose a cr\u00e9\u00e9 un photobooth ( coin photo), o\u00f9 chacun est venu prendre la pose des souvenirs.<\/p>\n<p>En second lieu, au centre des tables, notons que les vases martini font penser \u00e0 de d\u00e9licieuses coupes de glace. Aussi, des menus sont imprim\u00e9s en forme de sucette . Ou bien, Le pliage de serviettes est r\u00e9fl\u00e9chit fa\u00e7on vintage. Par ailleurs, les serviettes ont \u00e9t\u00e9 chin\u00e9es et chacun y va de sa serviette unique. Certes, en papier, elles sont illustr\u00e9es de cupcakes, de boulangeries et de sucreries d&rsquo;antan. Dans le d\u00e9tail, un rond de serviette arbore des assiettes miniatures combl\u00e9es de parts de g\u00e2teaux .<\/p>\n<p><a href=\"https:\/\/www.etoilederose.fr\/index.php\/quelques-realisations\/theme-gourmandises-dantan\/dsc_0520\" rel=\"attachment wp-att-7041\"><img loading=\"lazy\" decoding=\"async\" class=\"aligncenter wp-image-7041\" src=\"https:\/\/www.etoilederose.fr\/wp-content\/uploads\/2020\/01\/DSC_0520-1024x682.jpg\" alt=\"Serviettes th\u00e8me gourmandises d'antan\" width=\"614\" height=\"409\" srcset=\"https:\/\/www.etoilederose.fr\/wp-content\/uploads\/2020\/01\/DSC_0520-1024x682.jpg 1024w, https:\/\/www.etoilederose.fr\/wp-content\/uploads\/2020\/01\/DSC_0520-300x200.jpg 300w, https:\/\/www.etoilederose.fr\/wp-content\/uploads\/2020\/01\/DSC_0520-768x512.jpg 768w, https:\/\/www.etoilederose.fr\/wp-content\/uploads\/2020\/01\/DSC_0520.jpg 1700w\" sizes=\"auto, (max-width: 614px) 100vw, 614px\" \/><\/a><\/p>\n<p>Les macarons marque-places sont ajust\u00e9s aux couleurs de fa\u00e7on artisanale. Pour finir, les \u00e9tiquettes rondes sont volontairement d\u00e9pareill\u00e9es pour avoir les nuances de ton sur les tables.<\/p>\n<p>&nbsp;<\/p>\n<p>(Cliquez sur les photos pour les d\u00e9couvrir en grand)<\/p>\n<h3>D\u00e9tails<\/h3>\nngg_shortcode_0_placeholder\n<h3>Le candy bar<\/h3>\n<p>Obligatoirement, pour ce th\u00e8me, <a href=\"https:\/\/www.etoilederose.fr\/index.php\/tarifs-locations\">le candy bar ou bar \u00e0 bonbons<\/a> est la star de la d\u00e9coration. de plus, Il obtient toujours un franc succ\u00e8s parmi les invit\u00e9s ! Quant \u00e0 vous, Vous pouvez louer le chariot et les bonbonni\u00e8res. Il est unique. Pr\u00e9cisons qu&rsquo;il sera enti\u00e8rement customis\u00e9 dans votre th\u00e8me et vos couleurs.<\/p>\n<div id=\"attachment_3216\" style=\"width: 624px\" class=\"wp-caption aligncenter\"><a href=\"https:\/\/www.etoilederose.fr\/index.php\/quelques-realisations\/theme-gourmandises-dantan\/theme-gourmandise-18\" rel=\"attachment wp-att-3216\"><img loading=\"lazy\" decoding=\"async\" aria-describedby=\"caption-attachment-3216\" class=\"wp-image-3216\" src=\"https:\/\/www.etoilederose.fr\/wp-content\/uploads\/2015\/04\/th\u00e8me-gourmandise-18-768x1024.jpg\" alt=\"Candy bar th\u00e8me gourmandises d'antan\" width=\"614\" height=\"819\" srcset=\"https:\/\/www.etoilederose.fr\/wp-content\/uploads\/2015\/04\/th\u00e8me-gourmandise-18-768x1024.jpg 768w, https:\/\/www.etoilederose.fr\/wp-content\/uploads\/2015\/04\/th\u00e8me-gourmandise-18-225x300.jpg 225w, https:\/\/www.etoilederose.fr\/wp-content\/uploads\/2015\/04\/th\u00e8me-gourmandise-18.jpg 900w\" sizes=\"auto, (max-width: 614px) 100vw, 614px\" \/><\/a><p id=\"caption-attachment-3216\" class=\"wp-caption-text\">Candy bar th\u00e8me gourmandises d&rsquo;antan<\/p><\/div>\n<p>&nbsp;<\/p>\n<h3>Le bouquet, les boutonni\u00e8res<\/h3>\n<p><a href=\"https:\/\/www.etoilederose.fr\/index.php\/quelques-realisations\/theme-gourmandises-dantan\/theme-gourmandise-11\" rel=\"attachment wp-att-3224\"><img loading=\"lazy\" decoding=\"async\" class=\"aligncenter wp-image-3224\" src=\"https:\/\/www.etoilederose.fr\/wp-content\/uploads\/2015\/04\/th\u00e8me-gourmandise-11-683x1024.jpg\" alt=\"Bouquet en sac \u00e0 main, th\u00e8me gourmandise\" width=\"614\" height=\"921\" srcset=\"https:\/\/www.etoilederose.fr\/wp-content\/uploads\/2015\/04\/th\u00e8me-gourmandise-11-683x1024.jpg 683w, https:\/\/www.etoilederose.fr\/wp-content\/uploads\/2015\/04\/th\u00e8me-gourmandise-11-200x300.jpg 200w, https:\/\/www.etoilederose.fr\/wp-content\/uploads\/2015\/04\/th\u00e8me-gourmandise-11.jpg 900w\" sizes=\"auto, (max-width: 614px) 100vw, 614px\" \/><\/a><\/p>\n<p>Bouquet en sac \u00e0 main, th\u00e8me gourmandise<\/p>\n<p>&nbsp;&nbsp;&nbsp;<\/p>\n<div id=\"attachment_3225\" style=\"width: 581px\" class=\"wp-caption aligncenter\"><a href=\"https:\/\/www.etoilederose.fr\/index.php\/quelques-realisations\/theme-gourmandises-dantan\/les-boutonnieres\" rel=\"attachment wp-att-3225\"><img loading=\"lazy\" decoding=\"async\" aria-describedby=\"caption-attachment-3225\" class=\" wp-image-3225\" src=\"https:\/\/www.etoilederose.fr\/wp-content\/uploads\/2015\/04\/Les-boutonni\u00e8res-683x1024.jpg\" alt=\"Boutonni\u00e8res th\u00e8me gourmandises d'antan\" width=\"571\" height=\"857\" srcset=\"https:\/\/www.etoilederose.fr\/wp-content\/uploads\/2015\/04\/Les-boutonni\u00e8res-683x1024.jpg 683w, https:\/\/www.etoilederose.fr\/wp-content\/uploads\/2015\/04\/Les-boutonni\u00e8res-200x300.jpg 200w, https:\/\/www.etoilederose.fr\/wp-content\/uploads\/2015\/04\/Les-boutonni\u00e8res.jpg 800w\" sizes=\"auto, (max-width: 571px) 100vw, 571px\" \/><\/a><p id=\"caption-attachment-3225\" class=\"wp-caption-text\">Les boutonni\u00e8res th\u00e8me gourmandises d&rsquo;antan<\/p><\/div>\n<p>R\u00e9alis\u00e9s par ( Marjolaine Fleurs Arcis sur Aube)<\/p>\n<div id=\"attachment_3230\" style=\"width: 844px\" class=\"wp-caption aligncenter\"><a href=\"https:\/\/www.etoilederose.fr\/index.php\/quelques-realisations\/theme-gourmandises-dantan\/theme-gourmandise-20\" rel=\"attachment wp-att-3230\"><img loading=\"lazy\" decoding=\"async\" aria-describedby=\"caption-attachment-3230\" class=\" wp-image-3230\" src=\"https:\/\/www.etoilederose.fr\/wp-content\/uploads\/2015\/04\/th\u00e8me-gourmandise-20.jpg\" alt=\"D\u00e9coration de salle gourmandises d'antan\" width=\"834\" height=\"556\" srcset=\"https:\/\/www.etoilederose.fr\/wp-content\/uploads\/2015\/04\/th\u00e8me-gourmandise-20.jpg 900w, https:\/\/www.etoilederose.fr\/wp-content\/uploads\/2015\/04\/th\u00e8me-gourmandise-20-300x200.jpg 300w\" sizes=\"auto, (max-width: 834px) 100vw, 834px\" \/><\/a><p id=\"caption-attachment-3230\" class=\"wp-caption-text\">D\u00e9coration de salle gourmandises d&rsquo;antan<\/p><\/div>\n<p>&nbsp;<\/p>\n<p>&nbsp;<\/p>\n","protected":false},"excerpt":{"rendered":"<p>Th\u00e8me gourmandises d&rsquo;antan Th\u00e8me gourmandises d&rsquo;antan en rose tendre, ivoire et pointe de rouge, se trouvant \u00e0 Salle des f\u00eates de Pouan les Vall\u00e9es. La salle Tout d&rsquo;abord, la pose de fanions rappelle l&rsquo;ambiance vintage des f\u00eates de famille. Souvent, on se souvient des&nbsp; f\u00eates foraines d&rsquo;antan et des gourmandises, sucettes cannes, roudoudoux.. En tout [&hellip;]<\/p>\n","protected":false},"author":1,"featured_media":0,"parent":25,"menu_order":130,"comment_status":"closed","ping_status":"closed","template":"","meta":{"ngg_post_thumbnail":0,"footnotes":"","_links_to":"","_links_to_target":""},"class_list":["post-3209","page","type-page","status-publish","hentry"],"yoast_head":"<!-- This site is optimized with the Yoast SEO plugin v21.5 - https:\/\/yoast.com\/wordpress\/plugins\/seo\/ -->\n<title>Th\u00e8me gourmandises d&#039;antan | \u00c9toile de rose | Anniversaire de mariage<\/title>\n<meta name=\"description\" content=\"Retrouvez la d\u00e9coration d&#039;un anniversaire de mariage th\u00e8me gourmandises d&#039;antan, par Etoile de rose. Vous aussi, demandez votre devis gratuit !\" \/>\n<meta name=\"robots\" content=\"index, follow, max-snippet:-1, max-image-preview:large, max-video-preview:-1\" \/>\n<link rel=\"canonical\" href=\"https:\/\/www.etoilederose.fr\/index.php\/quelques-realisations\/theme-gourmandises-dantan\" \/>\n<meta name=\"twitter:label1\" content=\"Dur\u00e9e de lecture estim\u00e9e\" \/>\n\t<meta name=\"twitter:data1\" content=\"4 minutes\" \/>\n<script type=\"application\/ld+json\" class=\"yoast-schema-graph\">{\"@context\":\"https:\/\/schema.org\",\"@graph\":[{\"@type\":\"WebPage\",\"@id\":\"https:\/\/www.etoilederose.fr\/index.php\/quelques-realisations\/theme-gourmandises-dantan\",\"url\":\"https:\/\/www.etoilederose.fr\/index.php\/quelques-realisations\/theme-gourmandises-dantan\",\"name\":\"Th\u00e8me gourmandises d'antan | \u00c9toile de rose | Anniversaire de mariage\",\"isPartOf\":{\"@id\":\"https:\/\/www.etoilederose.fr\/#website\"},\"datePublished\":\"2015-04-14T19:34:09+00:00\",\"dateModified\":\"2022-02-10T14:36:37+00:00\",\"description\":\"Retrouvez la d\u00e9coration d'un anniversaire de mariage th\u00e8me gourmandises d'antan, par Etoile de rose. Vous aussi, demandez votre devis gratuit !\",\"breadcrumb\":{\"@id\":\"https:\/\/www.etoilederose.fr\/index.php\/quelques-realisations\/theme-gourmandises-dantan#breadcrumb\"},\"inLanguage\":\"fr-FR\",\"potentialAction\":[{\"@type\":\"ReadAction\",\"target\":[\"https:\/\/www.etoilederose.fr\/index.php\/quelques-realisations\/theme-gourmandises-dantan\"]}]},{\"@type\":\"BreadcrumbList\",\"@id\":\"https:\/\/www.etoilederose.fr\/index.php\/quelques-realisations\/theme-gourmandises-dantan#breadcrumb\",\"itemListElement\":[{\"@type\":\"ListItem\",\"position\":1,\"name\":\"Home\",\"item\":\"https:\/\/www.etoilederose.fr\/\"},{\"@type\":\"ListItem\",\"position\":2,\"name\":\"R\u00e9alisations\",\"item\":\"https:\/\/www.etoilederose.fr\/index.php\/quelques-realisations\"},{\"@type\":\"ListItem\",\"position\":3,\"name\":\"Th\u00e8me gourmandises d&rsquo;antan\"}]},{\"@type\":\"WebSite\",\"@id\":\"https:\/\/www.etoilederose.fr\/#website\",\"url\":\"https:\/\/www.etoilederose.fr\/\",\"name\":\"Etoile de rose\",\"description\":\"Etoile de rose D\u00e9coration \u00e9v\u00e9nementielle\",\"publisher\":{\"@id\":\"https:\/\/www.etoilederose.fr\/#\/schema\/person\/2d9d1db00dba3c640fa38b8b1abbdcaf\"},\"potentialAction\":[{\"@type\":\"SearchAction\",\"target\":{\"@type\":\"EntryPoint\",\"urlTemplate\":\"https:\/\/www.etoilederose.fr\/?s={search_term_string}\"},\"query-input\":\"required name=search_term_string\"}],\"inLanguage\":\"fr-FR\"},{\"@type\":[\"Person\",\"Organization\"],\"@id\":\"https:\/\/www.etoilederose.fr\/#\/schema\/person\/2d9d1db00dba3c640fa38b8b1abbdcaf\",\"name\":\"admin\",\"image\":{\"@type\":\"ImageObject\",\"inLanguage\":\"fr-FR\",\"@id\":\"https:\/\/www.etoilederose.fr\/#\/schema\/person\/image\/\",\"url\":\"https:\/\/www.etoilederose.fr\/wp-content\/uploads\/2026\/01\/logo_noir.jpg\",\"contentUrl\":\"https:\/\/www.etoilederose.fr\/wp-content\/uploads\/2026\/01\/logo_noir.jpg\",\"width\":1150,\"height\":1150,\"caption\":\"admin\"},\"logo\":{\"@id\":\"https:\/\/www.etoilederose.fr\/#\/schema\/person\/image\/\"},\"description\":\"D\u00e9coratrice \u00e9v\u00e9nementiel depuis 15 ans, je me suis dirig\u00e9e depuis 8 ans dans le domaine de la d\u00e9coration de vitrines de magasins.\",\"sameAs\":[\"http:\/\/www.etoilederose.fr\",\"https:\/\/www.facebook.com\/etoilederose.fr\/?ref=aymt_homepage_panel\",\"https:\/\/www.instagram.com\/etoile.de.rose\/\",\"https:\/\/twitter.com\/https:\/\/twitter.com\/wwwetoilederose?lang=fr\"]}]}<\/script>\n<!-- \/ Yoast SEO plugin. -->","yoast_head_json":{"title":"Th\u00e8me gourmandises d'antan | \u00c9toile de rose | Anniversaire de mariage","description":"Retrouvez la d\u00e9coration d'un anniversaire de mariage th\u00e8me gourmandises d'antan, par Etoile de rose. Vous aussi, demandez votre devis gratuit !","robots":{"index":"index","follow":"follow","max-snippet":"max-snippet:-1","max-image-preview":"max-image-preview:large","max-video-preview":"max-video-preview:-1"},"canonical":"https:\/\/www.etoilederose.fr\/index.php\/quelques-realisations\/theme-gourmandises-dantan","twitter_misc":{"Dur\u00e9e de lecture estim\u00e9e":"4 minutes"},"schema":{"@context":"https:\/\/schema.org","@graph":[{"@type":"WebPage","@id":"https:\/\/www.etoilederose.fr\/index.php\/quelques-realisations\/theme-gourmandises-dantan","url":"https:\/\/www.etoilederose.fr\/index.php\/quelques-realisations\/theme-gourmandises-dantan","name":"Th\u00e8me gourmandises d'antan | \u00c9toile de rose | Anniversaire de mariage","isPartOf":{"@id":"https:\/\/www.etoilederose.fr\/#website"},"datePublished":"2015-04-14T19:34:09+00:00","dateModified":"2022-02-10T14:36:37+00:00","description":"Retrouvez la d\u00e9coration d'un anniversaire de mariage th\u00e8me gourmandises d'antan, par Etoile de rose. Vous aussi, demandez votre devis gratuit !","breadcrumb":{"@id":"https:\/\/www.etoilederose.fr\/index.php\/quelques-realisations\/theme-gourmandises-dantan#breadcrumb"},"inLanguage":"fr-FR","potentialAction":[{"@type":"ReadAction","target":["https:\/\/www.etoilederose.fr\/index.php\/quelques-realisations\/theme-gourmandises-dantan"]}]},{"@type":"BreadcrumbList","@id":"https:\/\/www.etoilederose.fr\/index.php\/quelques-realisations\/theme-gourmandises-dantan#breadcrumb","itemListElement":[{"@type":"ListItem","position":1,"name":"Home","item":"https:\/\/www.etoilederose.fr\/"},{"@type":"ListItem","position":2,"name":"R\u00e9alisations","item":"https:\/\/www.etoilederose.fr\/index.php\/quelques-realisations"},{"@type":"ListItem","position":3,"name":"Th\u00e8me gourmandises d&rsquo;antan"}]},{"@type":"WebSite","@id":"https:\/\/www.etoilederose.fr\/#website","url":"https:\/\/www.etoilederose.fr\/","name":"Etoile de rose","description":"Etoile de rose D\u00e9coration \u00e9v\u00e9nementielle","publisher":{"@id":"https:\/\/www.etoilederose.fr\/#\/schema\/person\/2d9d1db00dba3c640fa38b8b1abbdcaf"},"potentialAction":[{"@type":"SearchAction","target":{"@type":"EntryPoint","urlTemplate":"https:\/\/www.etoilederose.fr\/?s={search_term_string}"},"query-input":"required name=search_term_string"}],"inLanguage":"fr-FR"},{"@type":["Person","Organization"],"@id":"https:\/\/www.etoilederose.fr\/#\/schema\/person\/2d9d1db00dba3c640fa38b8b1abbdcaf","name":"admin","image":{"@type":"ImageObject","inLanguage":"fr-FR","@id":"https:\/\/www.etoilederose.fr\/#\/schema\/person\/image\/","url":"https:\/\/www.etoilederose.fr\/wp-content\/uploads\/2026\/01\/logo_noir.jpg","contentUrl":"https:\/\/www.etoilederose.fr\/wp-content\/uploads\/2026\/01\/logo_noir.jpg","width":1150,"height":1150,"caption":"admin"},"logo":{"@id":"https:\/\/www.etoilederose.fr\/#\/schema\/person\/image\/"},"description":"D\u00e9coratrice \u00e9v\u00e9nementiel depuis 15 ans, je me suis dirig\u00e9e depuis 8 ans dans le domaine de la d\u00e9coration de vitrines de magasins.","sameAs":["http:\/\/www.etoilederose.fr","https:\/\/www.facebook.com\/etoilederose.fr\/?ref=aymt_homepage_panel","https:\/\/www.instagram.com\/etoile.de.rose\/","https:\/\/twitter.com\/https:\/\/twitter.com\/wwwetoilederose?lang=fr"]}]}},"_links":{"self":[{"href":"https:\/\/www.etoilederose.fr\/index.php\/wp-json\/wp\/v2\/pages\/3209","targetHints":{"allow":["GET"]}}],"collection":[{"href":"https:\/\/www.etoilederose.fr\/index.php\/wp-json\/wp\/v2\/pages"}],"about":[{"href":"https:\/\/www.etoilederose.fr\/index.php\/wp-json\/wp\/v2\/types\/page"}],"author":[{"embeddable":true,"href":"https:\/\/www.etoilederose.fr\/index.php\/wp-json\/wp\/v2\/users\/1"}],"replies":[{"embeddable":true,"href":"https:\/\/www.etoilederose.fr\/index.php\/wp-json\/wp\/v2\/comments?post=3209"}],"version-history":[{"count":40,"href":"https:\/\/www.etoilederose.fr\/index.php\/wp-json\/wp\/v2\/pages\/3209\/revisions"}],"predecessor-version":[{"id":7057,"href":"https:\/\/www.etoilederose.fr\/index.php\/wp-json\/wp\/v2\/pages\/3209\/revisions\/7057"}],"up":[{"embeddable":true,"href":"https:\/\/www.etoilederose.fr\/index.php\/wp-json\/wp\/v2\/pages\/25"}],"wp:attachment":[{"href":"https:\/\/www.etoilederose.fr\/index.php\/wp-json\/wp\/v2\/media?parent=3209"}],"curies":[{"name":"wp","href":"https:\/\/api.w.org\/{rel}","templated":true}]}}