{"id":2083,"date":"2014-09-28T19:25:48","date_gmt":"2014-09-28T19:25:48","guid":{"rendered":"http:\/\/www.etoilederose.fr\/?page_id=2083"},"modified":"2022-02-10T14:28:46","modified_gmt":"2022-02-10T14:28:46","slug":"mariage-vert-et-blanc","status":"publish","type":"page","link":"https:\/\/www.etoilederose.fr\/index.php\/quelques-realisations\/mariage-vert-et-blanc","title":{"rendered":"Mariage vert et blanc"},"content":{"rendered":"\n<h2 class=\"wp-block-heading\" id=\"mariage-vert-et-blanc\">Mariage vert et blanc<\/h2>\n\n\n<div id=\"attachment_4204\" style=\"width: 623px\" class=\"wp-caption aligncenter\"><a href=\"https:\/\/www.etoilederose.fr\/wp-content\/uploads\/2014\/09\/Petit-Legros-1bis.jpg\" rel=\"lightbox[2083]\"><img loading=\"lazy\" decoding=\"async\" aria-describedby=\"caption-attachment-4204\" class=\"wp-image-4204\" title=\"Mariage vert et blanc \u00e0a la Ferme du Vieux Ch\u00e2teau\" src=\"https:\/\/www.etoilederose.fr\/wp-content\/uploads\/2014\/09\/Petit-Legros-1bis-1024x683.jpg\" alt=\"Mariage vert et blanc \u00e0a la Ferme du Vieux Ch\u00e2teau\" width=\"613\" height=\"409\" srcset=\"https:\/\/www.etoilederose.fr\/wp-content\/uploads\/2014\/09\/Petit-Legros-1bis-1024x683.jpg 1024w, https:\/\/www.etoilederose.fr\/wp-content\/uploads\/2014\/09\/Petit-Legros-1bis-300x200.jpg 300w, https:\/\/www.etoilederose.fr\/wp-content\/uploads\/2014\/09\/Petit-Legros-1bis-768x512.jpg 768w, https:\/\/www.etoilederose.fr\/wp-content\/uploads\/2014\/09\/Petit-Legros-1bis.jpg 1200w\" sizes=\"auto, (max-width: 613px) 100vw, 613px\" \/><\/a><p id=\"caption-attachment-4204\" class=\"wp-caption-text\">Mariage vert et blanc \u00e0 la Ferme du Vieux Ch\u00e2teau<\/p><\/div>\n<p>Bienvenue dans ce Mariage vert et blanc \u00e0 <a href=\"https:\/\/www.lafermeduvieuxchateau.fr\/\">la Ferme du Vieux ch\u00e2teau<\/a>, \u00ab\u00a0th\u00e8me danse\u00a0\u00bb.<\/p>\n<p><a href=\"https:\/\/www.etoilederose.fr\/index.php\/tarifs-locations\">les housses en lycra<\/a> s&rsquo;adaptent aux dossiers de chaises qui sont assez hauts.&nbsp;Des n\u0153uds en sizoweb anis sont nou\u00e9s sur les chaises, \u00e0 l&rsquo;arri\u00e8re de fa\u00e7on classique. enfin, Je pr\u00e9cise que les noeuds ont \u00e9t\u00e9 coup\u00e9s sp\u00e9cialement pour ce mariage. Le chemin de table \u00ab\u00a0Sizoweb\u00a0\u00bb est con\u00e7u en fibre de Polyester tr\u00e8s ajour\u00e9e. C&rsquo;est pourquoi il est id\u00e9al pour une table de r\u00e9ception chic et \u00e9l\u00e9gante. C&rsquo;est pourquoi Je l&rsquo;utilise tr\u00e8s souvent.<\/p>\n<h2>Sur les tables<\/h2>\n<p>Conform\u00e9ment \u00e0 la demande, nous retrouvons les vases martini et la composition que je propose en <a href=\"https:\/\/www.etoilederose.fr\/index.php\/tarifs-locations\">location compl\u00e8te ( vase+ billes de gel+ LED+ fleurs)<\/a>.<\/p>\n<p>Les vases martini sont l\u00e0 pour remplir l&rsquo;espace de la salle. les marque-tables sont install\u00e9s dans les vases martini . Les invit\u00e9s peuvent chercher leur emplacement \u00e0 table en utilisant cela. Par ailleurs, dans un souci d&rsquo;\u00e9quilibre budg\u00e9taire , les fleurs sont artificielles. Ainsi, elles peuvent \u00eatre lou\u00e9es autant que possible.<\/p>\n<p>Le lierre, quant \u00e0 lui est naturel. Par ailleurs, Il permet d&rsquo;apporter une touche nature et romantique d&rsquo;une part au vase et d&rsquo;autre part, de bluffer vos invit\u00e9s.<\/p>\n<p>Sur la table, j&rsquo;ai ajout\u00e9 des boules de rotin. Les mari\u00e9s ont fournit les bo\u00eetes \u00e0 drag\u00e9es carr\u00e9es. En effet, il est possible que vous apportiez votre touche d\u00e9co et que je l&rsquo;installe dans la salle de votre choix.<\/p>\n<p>Une LED submersible est plac\u00e9e dans le vase pour apporter la couleur verte le soir. Quand la salle s&rsquo;assombrit.. voici une id\u00e9e du r\u00e9sultat :<\/p>\n<div id=\"attachment_6481\" style=\"width: 579px\" class=\"wp-caption aligncenter\"><a title=\"Vase martini avec LED submersible\" href=\"https:\/\/www.etoilederose.fr\/wp-content\/uploads\/2020\/01\/Petit-Legros-9bis.jpg\" rel=\"lightbox[2083]\"><img loading=\"lazy\" decoding=\"async\" aria-describedby=\"caption-attachment-6481\" class=\"wp-image-6481\" title=\"Vase martini avec fleurs artificielles\" src=\"https:\/\/www.etoilederose.fr\/wp-content\/uploads\/2020\/01\/Petit-Legros-9bis-683x1024.jpg\" alt=\"Vase martini avec fleurs artificielles\" width=\"569\" height=\"854\" srcset=\"https:\/\/www.etoilederose.fr\/wp-content\/uploads\/2020\/01\/Petit-Legros-9bis-683x1024.jpg 683w, https:\/\/www.etoilederose.fr\/wp-content\/uploads\/2020\/01\/Petit-Legros-9bis-200x300.jpg 200w, https:\/\/www.etoilederose.fr\/wp-content\/uploads\/2020\/01\/Petit-Legros-9bis-768x1152.jpg 768w, https:\/\/www.etoilederose.fr\/wp-content\/uploads\/2020\/01\/Petit-Legros-9bis.jpg 1200w\" sizes=\"auto, (max-width: 569px) 100vw, 569px\" \/><\/a><p id=\"caption-attachment-6481\" class=\"wp-caption-text\">Vase martini avec fleurs artificielles<\/p><\/div>\n<p>Vase martini avec LED submersible<\/p>\n<p>Pour finir, le plafond arbore des tentures voiles et organza aux deux couleurs.<\/p>\n<div id=\"attachment_6474\" style=\"width: 587px\" class=\"wp-caption aligncenter\"><a href=\"https:\/\/www.etoilederose.fr\/wp-content\/uploads\/2020\/01\/Petit-Legros-12.jpg\" rel=\"lightbox[2083]\"><img loading=\"lazy\" decoding=\"async\" aria-describedby=\"caption-attachment-6474\" class=\"wp-image-6474\" title=\"Vase martini Th\u00e8me danse\" src=\"https:\/\/www.etoilederose.fr\/wp-content\/uploads\/2020\/01\/Petit-Legros-12-1011x1024.jpg\" alt=\"Vase martini Th\u00e8me danse\" width=\"577\" height=\"584\" srcset=\"https:\/\/www.etoilederose.fr\/wp-content\/uploads\/2020\/01\/Petit-Legros-12-1011x1024.jpg 1011w, https:\/\/www.etoilederose.fr\/wp-content\/uploads\/2020\/01\/Petit-Legros-12-296x300.jpg 296w, https:\/\/www.etoilederose.fr\/wp-content\/uploads\/2020\/01\/Petit-Legros-12-768x778.jpg 768w\" sizes=\"auto, (max-width: 577px) 100vw, 577px\" \/><\/a><p id=\"caption-attachment-6474\" class=\"wp-caption-text\">Vase martini Th\u00e8me danse<\/p><\/div>\n<p>&nbsp;<\/p>\n<p>Vous pouvez d\u00e9couvrir les d\u00e9tails dans la galerie de photos ci-dessous, <strong>cliquez sur les photos pour les agrandir<\/strong><\/p>\nngg_shortcode_0_placeholder\n<p>&nbsp;<\/p>\n<p>&nbsp;<\/p>","protected":false},"excerpt":{"rendered":"<p>Mariage vert et blanc Bienvenue dans ce Mariage vert et blanc \u00e0 la Ferme du Vieux ch\u00e2teau, \u00ab\u00a0th\u00e8me danse\u00a0\u00bb. les housses en lycra s&rsquo;adaptent aux dossiers de chaises qui sont assez hauts.&nbsp;Des n\u0153uds en sizoweb anis sont nou\u00e9s sur les chaises, \u00e0 l&rsquo;arri\u00e8re de fa\u00e7on classique. enfin, Je pr\u00e9cise que les noeuds ont \u00e9t\u00e9 coup\u00e9s [&hellip;]<\/p>\n","protected":false},"author":1,"featured_media":0,"parent":25,"menu_order":65,"comment_status":"closed","ping_status":"closed","template":"","meta":{"ngg_post_thumbnail":0,"footnotes":"","_links_to":"","_links_to_target":""},"class_list":["post-2083","page","type-page","status-publish","hentry"],"yoast_head":"<!-- This site is optimized with the Yoast SEO plugin v21.5 - https:\/\/yoast.com\/wordpress\/plugins\/seo\/ -->\n<title>Mariage vert et blanc | Etoile de rose | La Ferme du Vieux Ch\u00e2teau |<\/title>\n<meta name=\"description\" content=\"D\u00e9couvrez ce mariage vert et blanc d\u00e9cor\u00e9 dans la salle de la Ferme du Vieux Ch\u00e2teau . Vous aussi demandez un devis pour votre d\u00e9coration \u00e0 Etoile de rose !\" \/>\n<meta name=\"robots\" content=\"index, follow, max-snippet:-1, max-image-preview:large, max-video-preview:-1\" \/>\n<link rel=\"canonical\" href=\"https:\/\/www.etoilederose.fr\/index.php\/quelques-realisations\/mariage-vert-et-blanc\" \/>\n<meta name=\"twitter:label1\" content=\"Dur\u00e9e de lecture estim\u00e9e\" \/>\n\t<meta name=\"twitter:data1\" content=\"3 minutes\" \/>\n<script type=\"application\/ld+json\" class=\"yoast-schema-graph\">{\"@context\":\"https:\/\/schema.org\",\"@graph\":[{\"@type\":\"WebPage\",\"@id\":\"https:\/\/www.etoilederose.fr\/index.php\/quelques-realisations\/mariage-vert-et-blanc\",\"url\":\"https:\/\/www.etoilederose.fr\/index.php\/quelques-realisations\/mariage-vert-et-blanc\",\"name\":\"Mariage vert et blanc | Etoile de rose | La Ferme du Vieux Ch\u00e2teau |\",\"isPartOf\":{\"@id\":\"https:\/\/www.etoilederose.fr\/#website\"},\"datePublished\":\"2014-09-28T19:25:48+00:00\",\"dateModified\":\"2022-02-10T14:28:46+00:00\",\"description\":\"D\u00e9couvrez ce mariage vert et blanc d\u00e9cor\u00e9 dans la salle de la Ferme du Vieux Ch\u00e2teau . Vous aussi demandez un devis pour votre d\u00e9coration \u00e0 Etoile de rose !\",\"breadcrumb\":{\"@id\":\"https:\/\/www.etoilederose.fr\/index.php\/quelques-realisations\/mariage-vert-et-blanc#breadcrumb\"},\"inLanguage\":\"fr-FR\",\"potentialAction\":[{\"@type\":\"ReadAction\",\"target\":[\"https:\/\/www.etoilederose.fr\/index.php\/quelques-realisations\/mariage-vert-et-blanc\"]}]},{\"@type\":\"BreadcrumbList\",\"@id\":\"https:\/\/www.etoilederose.fr\/index.php\/quelques-realisations\/mariage-vert-et-blanc#breadcrumb\",\"itemListElement\":[{\"@type\":\"ListItem\",\"position\":1,\"name\":\"Home\",\"item\":\"https:\/\/www.etoilederose.fr\/\"},{\"@type\":\"ListItem\",\"position\":2,\"name\":\"R\u00e9alisations\",\"item\":\"https:\/\/www.etoilederose.fr\/index.php\/quelques-realisations\"},{\"@type\":\"ListItem\",\"position\":3,\"name\":\"Mariage vert et blanc\"}]},{\"@type\":\"WebSite\",\"@id\":\"https:\/\/www.etoilederose.fr\/#website\",\"url\":\"https:\/\/www.etoilederose.fr\/\",\"name\":\"Etoile de rose\",\"description\":\"Etoile de rose D\u00e9coration \u00e9v\u00e9nementielle\",\"publisher\":{\"@id\":\"https:\/\/www.etoilederose.fr\/#\/schema\/person\/2d9d1db00dba3c640fa38b8b1abbdcaf\"},\"potentialAction\":[{\"@type\":\"SearchAction\",\"target\":{\"@type\":\"EntryPoint\",\"urlTemplate\":\"https:\/\/www.etoilederose.fr\/?s={search_term_string}\"},\"query-input\":\"required name=search_term_string\"}],\"inLanguage\":\"fr-FR\"},{\"@type\":[\"Person\",\"Organization\"],\"@id\":\"https:\/\/www.etoilederose.fr\/#\/schema\/person\/2d9d1db00dba3c640fa38b8b1abbdcaf\",\"name\":\"admin\",\"image\":{\"@type\":\"ImageObject\",\"inLanguage\":\"fr-FR\",\"@id\":\"https:\/\/www.etoilederose.fr\/#\/schema\/person\/image\/\",\"url\":\"https:\/\/www.etoilederose.fr\/wp-content\/uploads\/2026\/01\/logo_noir.jpg\",\"contentUrl\":\"https:\/\/www.etoilederose.fr\/wp-content\/uploads\/2026\/01\/logo_noir.jpg\",\"width\":1150,\"height\":1150,\"caption\":\"admin\"},\"logo\":{\"@id\":\"https:\/\/www.etoilederose.fr\/#\/schema\/person\/image\/\"},\"description\":\"D\u00e9coratrice \u00e9v\u00e9nementiel depuis 15 ans, je me suis dirig\u00e9e depuis 8 ans dans le domaine de la d\u00e9coration de vitrines de magasins.\",\"sameAs\":[\"http:\/\/www.etoilederose.fr\",\"https:\/\/www.facebook.com\/etoilederose.fr\/?ref=aymt_homepage_panel\",\"https:\/\/www.instagram.com\/etoile.de.rose\/\",\"https:\/\/twitter.com\/https:\/\/twitter.com\/wwwetoilederose?lang=fr\"]}]}<\/script>\n<!-- \/ Yoast SEO plugin. -->","yoast_head_json":{"title":"Mariage vert et blanc | Etoile de rose | La Ferme du Vieux Ch\u00e2teau |","description":"D\u00e9couvrez ce mariage vert et blanc d\u00e9cor\u00e9 dans la salle de la Ferme du Vieux Ch\u00e2teau . Vous aussi demandez un devis pour votre d\u00e9coration \u00e0 Etoile de rose !","robots":{"index":"index","follow":"follow","max-snippet":"max-snippet:-1","max-image-preview":"max-image-preview:large","max-video-preview":"max-video-preview:-1"},"canonical":"https:\/\/www.etoilederose.fr\/index.php\/quelques-realisations\/mariage-vert-et-blanc","twitter_misc":{"Dur\u00e9e de lecture estim\u00e9e":"3 minutes"},"schema":{"@context":"https:\/\/schema.org","@graph":[{"@type":"WebPage","@id":"https:\/\/www.etoilederose.fr\/index.php\/quelques-realisations\/mariage-vert-et-blanc","url":"https:\/\/www.etoilederose.fr\/index.php\/quelques-realisations\/mariage-vert-et-blanc","name":"Mariage vert et blanc | Etoile de rose | La Ferme du Vieux Ch\u00e2teau |","isPartOf":{"@id":"https:\/\/www.etoilederose.fr\/#website"},"datePublished":"2014-09-28T19:25:48+00:00","dateModified":"2022-02-10T14:28:46+00:00","description":"D\u00e9couvrez ce mariage vert et blanc d\u00e9cor\u00e9 dans la salle de la Ferme du Vieux Ch\u00e2teau . Vous aussi demandez un devis pour votre d\u00e9coration \u00e0 Etoile de rose !","breadcrumb":{"@id":"https:\/\/www.etoilederose.fr\/index.php\/quelques-realisations\/mariage-vert-et-blanc#breadcrumb"},"inLanguage":"fr-FR","potentialAction":[{"@type":"ReadAction","target":["https:\/\/www.etoilederose.fr\/index.php\/quelques-realisations\/mariage-vert-et-blanc"]}]},{"@type":"BreadcrumbList","@id":"https:\/\/www.etoilederose.fr\/index.php\/quelques-realisations\/mariage-vert-et-blanc#breadcrumb","itemListElement":[{"@type":"ListItem","position":1,"name":"Home","item":"https:\/\/www.etoilederose.fr\/"},{"@type":"ListItem","position":2,"name":"R\u00e9alisations","item":"https:\/\/www.etoilederose.fr\/index.php\/quelques-realisations"},{"@type":"ListItem","position":3,"name":"Mariage vert et blanc"}]},{"@type":"WebSite","@id":"https:\/\/www.etoilederose.fr\/#website","url":"https:\/\/www.etoilederose.fr\/","name":"Etoile de rose","description":"Etoile de rose D\u00e9coration \u00e9v\u00e9nementielle","publisher":{"@id":"https:\/\/www.etoilederose.fr\/#\/schema\/person\/2d9d1db00dba3c640fa38b8b1abbdcaf"},"potentialAction":[{"@type":"SearchAction","target":{"@type":"EntryPoint","urlTemplate":"https:\/\/www.etoilederose.fr\/?s={search_term_string}"},"query-input":"required name=search_term_string"}],"inLanguage":"fr-FR"},{"@type":["Person","Organization"],"@id":"https:\/\/www.etoilederose.fr\/#\/schema\/person\/2d9d1db00dba3c640fa38b8b1abbdcaf","name":"admin","image":{"@type":"ImageObject","inLanguage":"fr-FR","@id":"https:\/\/www.etoilederose.fr\/#\/schema\/person\/image\/","url":"https:\/\/www.etoilederose.fr\/wp-content\/uploads\/2026\/01\/logo_noir.jpg","contentUrl":"https:\/\/www.etoilederose.fr\/wp-content\/uploads\/2026\/01\/logo_noir.jpg","width":1150,"height":1150,"caption":"admin"},"logo":{"@id":"https:\/\/www.etoilederose.fr\/#\/schema\/person\/image\/"},"description":"D\u00e9coratrice \u00e9v\u00e9nementiel depuis 15 ans, je me suis dirig\u00e9e depuis 8 ans dans le domaine de la d\u00e9coration de vitrines de magasins.","sameAs":["http:\/\/www.etoilederose.fr","https:\/\/www.facebook.com\/etoilederose.fr\/?ref=aymt_homepage_panel","https:\/\/www.instagram.com\/etoile.de.rose\/","https:\/\/twitter.com\/https:\/\/twitter.com\/wwwetoilederose?lang=fr"]}]}},"_links":{"self":[{"href":"https:\/\/www.etoilederose.fr\/index.php\/wp-json\/wp\/v2\/pages\/2083","targetHints":{"allow":["GET"]}}],"collection":[{"href":"https:\/\/www.etoilederose.fr\/index.php\/wp-json\/wp\/v2\/pages"}],"about":[{"href":"https:\/\/www.etoilederose.fr\/index.php\/wp-json\/wp\/v2\/types\/page"}],"author":[{"embeddable":true,"href":"https:\/\/www.etoilederose.fr\/index.php\/wp-json\/wp\/v2\/users\/1"}],"replies":[{"embeddable":true,"href":"https:\/\/www.etoilederose.fr\/index.php\/wp-json\/wp\/v2\/comments?post=2083"}],"version-history":[{"count":41,"href":"https:\/\/www.etoilederose.fr\/index.php\/wp-json\/wp\/v2\/pages\/2083\/revisions"}],"predecessor-version":[{"id":7778,"href":"https:\/\/www.etoilederose.fr\/index.php\/wp-json\/wp\/v2\/pages\/2083\/revisions\/7778"}],"up":[{"embeddable":true,"href":"https:\/\/www.etoilederose.fr\/index.php\/wp-json\/wp\/v2\/pages\/25"}],"wp:attachment":[{"href":"https:\/\/www.etoilederose.fr\/index.php\/wp-json\/wp\/v2\/media?parent=2083"}],"curies":[{"name":"wp","href":"https:\/\/api.w.org\/{rel}","templated":true}]}}