{"id":2029,"date":"2014-07-22T07:15:10","date_gmt":"2014-07-22T07:15:10","guid":{"rendered":"http:\/\/www.etoilederose.fr\/?page_id=2029"},"modified":"2020-07-24T05:30:05","modified_gmt":"2020-07-24T05:30:05","slug":"mariage-bordeaux-blanc","status":"publish","type":"page","link":"https:\/\/www.etoilederose.fr\/index.php\/quelques-realisations\/mariage-bordeaux-blanc","title":{"rendered":"Mariage bordeaux blanc"},"content":{"rendered":"<h2 style=\"text-align: justify;\">Mariage en bordeaux-blanc<\/h2>\n<p><a href=\"https:\/\/www.etoilederose.fr\/wp-content\/uploads\/2014\/07\/1.jpg\" rel=\"lightbox[2029]\"><img loading=\"lazy\" decoding=\"async\" class=\"aligncenter  wp-image-2035\" title=\"1\" src=\"https:\/\/www.etoilederose.fr\/wp-content\/uploads\/2014\/07\/1.jpg\" alt=\"\" width=\"616\" height=\"505\" srcset=\"https:\/\/www.etoilederose.fr\/wp-content\/uploads\/2014\/07\/1.jpg 1000w, https:\/\/www.etoilederose.fr\/wp-content\/uploads\/2014\/07\/1-300x246.jpg 300w\" sizes=\"auto, (max-width: 616px) 100vw, 616px\" \/><\/a><\/p>\n<p style=\"text-align: justify;\">Cette d\u00e9coration de&nbsp; Mariage bordeaux blanc accentue sur la simplicit\u00e9 et la sp\u00e9cialisation de la d\u00e9coration mise en place.<\/p>\n<p style=\"text-align: justify;\">Les chaises sont habill\u00e9es de housses de chaises et de n\u0153uds bordeaux. Les tables habill\u00e9es de nappages en intiss\u00e9 sont ornement\u00e9es de vases boules, avec billes de gel et fleurs artificielles haut de gamme. Quelques coupelles en verre on \u00e9t\u00e9 dispos\u00e9es en plus des ballotins de drag\u00e9es, sur les tables.<\/p>\n<p style=\"text-align: justify;\">Une d\u00e9coration de plafond a \u00e9t\u00e9 install\u00e9e avec des rubans et ballons, ainsi qu&rsquo;un d\u00e9cor de fond pour la table d&rsquo;honneur qui est accentu\u00e9e par deux compositions en vase martini.<\/p>\n<p style=\"text-align: justify;\">(Je pr\u00e9cise que la d\u00e9co du plafond a \u00e9t\u00e9 r\u00e9alis\u00e9e par une entreprise ind\u00e9pendante, non par Etoile de rose.)<\/p>\n<p style=\"text-align: justify;\">Les menus photophores, blanc avec \u00e9criture bordeaux, interpr\u00e8tent un long texte pour susciter l&rsquo;app\u00e9tit des invit\u00e9s, un menu par couple a \u00e9t\u00e9 pr\u00e9vu.<\/p>\n<p style=\"text-align: justify;\">ngg_shortcode_0_placeholder<\/p>\n<h2 style=\"text-align: justify;\"><span style=\"color: #000000;\">L&rsquo;urne et le livre d&rsquo;or<\/span><\/h2>\nngg_shortcode_1_placeholder\n","protected":false},"excerpt":{"rendered":"<p>Mariage en bordeaux-blanc Cette d\u00e9coration de&nbsp; Mariage bordeaux blanc accentue sur la simplicit\u00e9 et la sp\u00e9cialisation de la d\u00e9coration mise en place. Les chaises sont habill\u00e9es de housses de chaises et de n\u0153uds bordeaux. Les tables habill\u00e9es de nappages en intiss\u00e9 sont ornement\u00e9es de vases boules, avec billes de gel et fleurs artificielles haut de [&hellip;]<\/p>\n","protected":false},"author":1,"featured_media":0,"parent":25,"menu_order":110,"comment_status":"closed","ping_status":"closed","template":"","meta":{"ngg_post_thumbnail":0,"footnotes":"","_links_to":"","_links_to_target":""},"class_list":["post-2029","page","type-page","status-publish","hentry"],"yoast_head":"<!-- This site is optimized with the Yoast SEO plugin v21.5 - https:\/\/yoast.com\/wordpress\/plugins\/seo\/ -->\n<title>Mariage bordeaux blanc | Etoile de rose |<\/title>\n<meta name=\"description\" content=\"Cette d\u00e9coration de Mariage bordeaux blanc a \u00e9t\u00e9 r\u00e9alis\u00e9e par Etoile de rose. Vous aussi, demandez un devis pour votre \u00e9v\u00e9nement, \u00e0 Etoile de rose.\" \/>\n<meta name=\"robots\" content=\"index, follow, max-snippet:-1, max-image-preview:large, max-video-preview:-1\" \/>\n<link rel=\"canonical\" href=\"https:\/\/www.etoilederose.fr\/index.php\/quelques-realisations\/mariage-bordeaux-blanc\" \/>\n<meta name=\"twitter:label1\" content=\"Dur\u00e9e de lecture estim\u00e9e\" \/>\n\t<meta name=\"twitter:data1\" content=\"1 minute\" \/>\n<script type=\"application\/ld+json\" class=\"yoast-schema-graph\">{\"@context\":\"https:\/\/schema.org\",\"@graph\":[{\"@type\":\"WebPage\",\"@id\":\"https:\/\/www.etoilederose.fr\/index.php\/quelques-realisations\/mariage-bordeaux-blanc\",\"url\":\"https:\/\/www.etoilederose.fr\/index.php\/quelques-realisations\/mariage-bordeaux-blanc\",\"name\":\"Mariage bordeaux blanc | Etoile de rose |\",\"isPartOf\":{\"@id\":\"https:\/\/www.etoilederose.fr\/#website\"},\"datePublished\":\"2014-07-22T07:15:10+00:00\",\"dateModified\":\"2020-07-24T05:30:05+00:00\",\"description\":\"Cette d\u00e9coration de Mariage bordeaux blanc a \u00e9t\u00e9 r\u00e9alis\u00e9e par Etoile de rose. Vous aussi, demandez un devis pour votre \u00e9v\u00e9nement, \u00e0 Etoile de rose.\",\"breadcrumb\":{\"@id\":\"https:\/\/www.etoilederose.fr\/index.php\/quelques-realisations\/mariage-bordeaux-blanc#breadcrumb\"},\"inLanguage\":\"fr-FR\",\"potentialAction\":[{\"@type\":\"ReadAction\",\"target\":[\"https:\/\/www.etoilederose.fr\/index.php\/quelques-realisations\/mariage-bordeaux-blanc\"]}]},{\"@type\":\"BreadcrumbList\",\"@id\":\"https:\/\/www.etoilederose.fr\/index.php\/quelques-realisations\/mariage-bordeaux-blanc#breadcrumb\",\"itemListElement\":[{\"@type\":\"ListItem\",\"position\":1,\"name\":\"Home\",\"item\":\"https:\/\/www.etoilederose.fr\/\"},{\"@type\":\"ListItem\",\"position\":2,\"name\":\"R\u00e9alisations\",\"item\":\"https:\/\/www.etoilederose.fr\/index.php\/quelques-realisations\"},{\"@type\":\"ListItem\",\"position\":3,\"name\":\"Mariage bordeaux blanc\"}]},{\"@type\":\"WebSite\",\"@id\":\"https:\/\/www.etoilederose.fr\/#website\",\"url\":\"https:\/\/www.etoilederose.fr\/\",\"name\":\"Etoile de rose\",\"description\":\"Etoile de rose D\u00e9coration \u00e9v\u00e9nementielle\",\"publisher\":{\"@id\":\"https:\/\/www.etoilederose.fr\/#\/schema\/person\/2d9d1db00dba3c640fa38b8b1abbdcaf\"},\"potentialAction\":[{\"@type\":\"SearchAction\",\"target\":{\"@type\":\"EntryPoint\",\"urlTemplate\":\"https:\/\/www.etoilederose.fr\/?s={search_term_string}\"},\"query-input\":\"required name=search_term_string\"}],\"inLanguage\":\"fr-FR\"},{\"@type\":[\"Person\",\"Organization\"],\"@id\":\"https:\/\/www.etoilederose.fr\/#\/schema\/person\/2d9d1db00dba3c640fa38b8b1abbdcaf\",\"name\":\"admin\",\"image\":{\"@type\":\"ImageObject\",\"inLanguage\":\"fr-FR\",\"@id\":\"https:\/\/www.etoilederose.fr\/#\/schema\/person\/image\/\",\"url\":\"https:\/\/www.etoilederose.fr\/wp-content\/uploads\/2026\/01\/logo_noir.jpg\",\"contentUrl\":\"https:\/\/www.etoilederose.fr\/wp-content\/uploads\/2026\/01\/logo_noir.jpg\",\"width\":1150,\"height\":1150,\"caption\":\"admin\"},\"logo\":{\"@id\":\"https:\/\/www.etoilederose.fr\/#\/schema\/person\/image\/\"},\"description\":\"D\u00e9coratrice \u00e9v\u00e9nementiel depuis 15 ans, je me suis dirig\u00e9e depuis 8 ans dans le domaine de la d\u00e9coration de vitrines de magasins.\",\"sameAs\":[\"http:\/\/www.etoilederose.fr\",\"https:\/\/www.facebook.com\/etoilederose.fr\/?ref=aymt_homepage_panel\",\"https:\/\/www.instagram.com\/etoile.de.rose\/\",\"https:\/\/twitter.com\/https:\/\/twitter.com\/wwwetoilederose?lang=fr\"]}]}<\/script>\n<!-- \/ Yoast SEO plugin. -->","yoast_head_json":{"title":"Mariage bordeaux blanc | Etoile de rose |","description":"Cette d\u00e9coration de Mariage bordeaux blanc a \u00e9t\u00e9 r\u00e9alis\u00e9e par Etoile de rose. Vous aussi, demandez un devis pour votre \u00e9v\u00e9nement, \u00e0 Etoile de rose.","robots":{"index":"index","follow":"follow","max-snippet":"max-snippet:-1","max-image-preview":"max-image-preview:large","max-video-preview":"max-video-preview:-1"},"canonical":"https:\/\/www.etoilederose.fr\/index.php\/quelques-realisations\/mariage-bordeaux-blanc","twitter_misc":{"Dur\u00e9e de lecture estim\u00e9e":"1 minute"},"schema":{"@context":"https:\/\/schema.org","@graph":[{"@type":"WebPage","@id":"https:\/\/www.etoilederose.fr\/index.php\/quelques-realisations\/mariage-bordeaux-blanc","url":"https:\/\/www.etoilederose.fr\/index.php\/quelques-realisations\/mariage-bordeaux-blanc","name":"Mariage bordeaux blanc | Etoile de rose |","isPartOf":{"@id":"https:\/\/www.etoilederose.fr\/#website"},"datePublished":"2014-07-22T07:15:10+00:00","dateModified":"2020-07-24T05:30:05+00:00","description":"Cette d\u00e9coration de Mariage bordeaux blanc a \u00e9t\u00e9 r\u00e9alis\u00e9e par Etoile de rose. Vous aussi, demandez un devis pour votre \u00e9v\u00e9nement, \u00e0 Etoile de rose.","breadcrumb":{"@id":"https:\/\/www.etoilederose.fr\/index.php\/quelques-realisations\/mariage-bordeaux-blanc#breadcrumb"},"inLanguage":"fr-FR","potentialAction":[{"@type":"ReadAction","target":["https:\/\/www.etoilederose.fr\/index.php\/quelques-realisations\/mariage-bordeaux-blanc"]}]},{"@type":"BreadcrumbList","@id":"https:\/\/www.etoilederose.fr\/index.php\/quelques-realisations\/mariage-bordeaux-blanc#breadcrumb","itemListElement":[{"@type":"ListItem","position":1,"name":"Home","item":"https:\/\/www.etoilederose.fr\/"},{"@type":"ListItem","position":2,"name":"R\u00e9alisations","item":"https:\/\/www.etoilederose.fr\/index.php\/quelques-realisations"},{"@type":"ListItem","position":3,"name":"Mariage bordeaux blanc"}]},{"@type":"WebSite","@id":"https:\/\/www.etoilederose.fr\/#website","url":"https:\/\/www.etoilederose.fr\/","name":"Etoile de rose","description":"Etoile de rose D\u00e9coration \u00e9v\u00e9nementielle","publisher":{"@id":"https:\/\/www.etoilederose.fr\/#\/schema\/person\/2d9d1db00dba3c640fa38b8b1abbdcaf"},"potentialAction":[{"@type":"SearchAction","target":{"@type":"EntryPoint","urlTemplate":"https:\/\/www.etoilederose.fr\/?s={search_term_string}"},"query-input":"required name=search_term_string"}],"inLanguage":"fr-FR"},{"@type":["Person","Organization"],"@id":"https:\/\/www.etoilederose.fr\/#\/schema\/person\/2d9d1db00dba3c640fa38b8b1abbdcaf","name":"admin","image":{"@type":"ImageObject","inLanguage":"fr-FR","@id":"https:\/\/www.etoilederose.fr\/#\/schema\/person\/image\/","url":"https:\/\/www.etoilederose.fr\/wp-content\/uploads\/2026\/01\/logo_noir.jpg","contentUrl":"https:\/\/www.etoilederose.fr\/wp-content\/uploads\/2026\/01\/logo_noir.jpg","width":1150,"height":1150,"caption":"admin"},"logo":{"@id":"https:\/\/www.etoilederose.fr\/#\/schema\/person\/image\/"},"description":"D\u00e9coratrice \u00e9v\u00e9nementiel depuis 15 ans, je me suis dirig\u00e9e depuis 8 ans dans le domaine de la d\u00e9coration de vitrines de magasins.","sameAs":["http:\/\/www.etoilederose.fr","https:\/\/www.facebook.com\/etoilederose.fr\/?ref=aymt_homepage_panel","https:\/\/www.instagram.com\/etoile.de.rose\/","https:\/\/twitter.com\/https:\/\/twitter.com\/wwwetoilederose?lang=fr"]}]}},"_links":{"self":[{"href":"https:\/\/www.etoilederose.fr\/index.php\/wp-json\/wp\/v2\/pages\/2029","targetHints":{"allow":["GET"]}}],"collection":[{"href":"https:\/\/www.etoilederose.fr\/index.php\/wp-json\/wp\/v2\/pages"}],"about":[{"href":"https:\/\/www.etoilederose.fr\/index.php\/wp-json\/wp\/v2\/types\/page"}],"author":[{"embeddable":true,"href":"https:\/\/www.etoilederose.fr\/index.php\/wp-json\/wp\/v2\/users\/1"}],"replies":[{"embeddable":true,"href":"https:\/\/www.etoilederose.fr\/index.php\/wp-json\/wp\/v2\/comments?post=2029"}],"version-history":[{"count":15,"href":"https:\/\/www.etoilederose.fr\/index.php\/wp-json\/wp\/v2\/pages\/2029\/revisions"}],"predecessor-version":[{"id":7366,"href":"https:\/\/www.etoilederose.fr\/index.php\/wp-json\/wp\/v2\/pages\/2029\/revisions\/7366"}],"up":[{"embeddable":true,"href":"https:\/\/www.etoilederose.fr\/index.php\/wp-json\/wp\/v2\/pages\/25"}],"wp:attachment":[{"href":"https:\/\/www.etoilederose.fr\/index.php\/wp-json\/wp\/v2\/media?parent=2029"}],"curies":[{"name":"wp","href":"https:\/\/api.w.org\/{rel}","templated":true}]}}