{"id":2014,"date":"2014-07-22T06:25:26","date_gmt":"2014-07-22T06:25:26","guid":{"rendered":"http:\/\/www.etoilederose.fr\/?page_id=2014"},"modified":"2022-02-10T14:31:55","modified_gmt":"2022-02-10T14:31:55","slug":"mariage-cabaret-rouge-et-noir","status":"publish","type":"page","link":"https:\/\/www.etoilederose.fr\/index.php\/quelques-realisations\/mariage-cabaret-rouge-et-noir","title":{"rendered":"Mariage cabaret rouge et noir"},"content":{"rendered":"<div id=\"attachment_2017\" style=\"width: 852px\" class=\"wp-caption aligncenter\"><a href=\"https:\/\/www.etoilederose.fr\/index.php\/quelques-realisations\/mariage-cabaret-rouge-et-noir\/2b\" rel=\"attachment wp-att-2017\"><img loading=\"lazy\" decoding=\"async\" aria-describedby=\"caption-attachment-2017\" class=\" wp-image-2017\" src=\"https:\/\/www.etoilederose.fr\/wp-content\/uploads\/2014\/07\/2B.jpg\" alt=\"D\u00e9coration mariage th\u00e8me cabaret\" width=\"842\" height=\"563\" srcset=\"https:\/\/www.etoilederose.fr\/wp-content\/uploads\/2014\/07\/2B.jpg 1000w, https:\/\/www.etoilederose.fr\/wp-content\/uploads\/2014\/07\/2B-300x200.jpg 300w\" sizes=\"auto, (max-width: 842px) 100vw, 842px\" \/><\/a><p id=\"caption-attachment-2017\" class=\"wp-caption-text\">D\u00e9coration th\u00e8me cabaret<\/p><\/div>\n<h2><span style=\"color: #000000;\">Mariage cabaret rouge et noir<br \/>\n<\/span><\/h2>\n<p>&nbsp;<\/p>\n<h3><span style=\"color: #000000;\">Mariage cabaret rouge et noir<\/span><\/h3>\n<p>Voici un th\u00e8me tr\u00e8s pris\u00e9 pour cette d\u00e9coration de mariage cabaret rouge et noir. La d\u00e9coration est sous le signe de la plume ma\u00eetresse de cette d\u00e9coration tr\u00e8s sexy.<\/p>\n<p>Pour commencer, les vases martini sont garnis de billes de gel, leds, et plumes d&rsquo;autruches rouges. Ils sont plac\u00e9s en centres de tables.<\/p>\n<p>Regardons ensuite les d\u00e9tails de la d\u00e9coration :<\/p>\n<p>Chaque table porte un nom de cabaret arbor\u00e9 et illustr\u00e9. avec les affiches de ses cabarets respectifs. Ils sont coll\u00e9s sur les pampilles qui descendent des vases.<\/p>\n<p>Ensuite, nous retrouvons <a href=\"https:\/\/www.etoilederose.fr\/index.php\/tarifs-locations\">les sets de table en dentelle noire<\/a>, pour embellir la pose de la vaisselle. Ils sont propos\u00e9s en location.<\/p>\n<p>Ensuite, les menus photophores apportent la touche lumineuse des cabarets. Ambiance du soir typique ! Mais vous aussi, vous pouvez opter pour des <a href=\"https:\/\/www.etoilederose.fr\/index.php\/tarifs-locations\">menus photophores et les faire faire sur ma boutique en ligne<\/a>, si vous ne souhaitez que \u00e7a.<\/p>\n<p>Enfin, <a href=\"httphttps:\/\/www.etoilederose.fr\/wp-content\/uploads\/2019\/11\/housses-de-chaisesnew.jpg\" rel=\"lightbox[2014]\">les housses et les n\u0153uds rouges<\/a> ou noirs ajoutent de la classe \u00e0 la salle. Surtout ils permettent de cacher les chaises parfois tr\u00e8s disgracieuses d&rsquo;une salle.<\/p>\n<p><span style=\"text-decoration: underline;\">&nbsp;(Cliquez sur les photos afin de les voir en grand)<\/span><\/p>\nngg_shortcode_0_placeholder\n<p>Les marques places sont r\u00e9alis\u00e9s sur des mini chapeaux pour les hommes, et \u00e9galement cr\u00e9\u00e9s sur des mini corsets, pour les femmes. Ce sont des mod\u00e8le exclusifs par \u00c9toile de rose. pour conclure, je les r\u00e9alise sur demande ici. Vous \u00eates int\u00e9ress\u00e9 par la d\u00e9coration compl\u00e8te ou une partie, <a href=\"https:\/\/www.etoilederose.fr\/index.php\/contact\">contactez-moi !<\/a><\/p>\nngg_shortcode_1_placeholder\n<p>L&rsquo;urne \u00e0 enveloppes a \u00e9t\u00e9 r\u00e9alis\u00e9e enti\u00e8rement en corset,ainsi que le livre d&rsquo;or,&nbsp; et le plan de table sur mannequin habill\u00e9 et illustr\u00e9 dans ce th\u00e8me<\/p>\nngg_shortcode_2_placeholder\n<div id=\"attachment_2026\" style=\"width: 639px\" class=\"wp-caption aligncenter\"><a href=\"https:\/\/www.etoilederose.fr\/index.php\/quelques-realisations\/mariage-cabaret-rouge-et-noir\/urne-cabaret2-2\" rel=\"attachment wp-att-2026\"><img loading=\"lazy\" decoding=\"async\" aria-describedby=\"caption-attachment-2026\" class=\" wp-image-2026\" src=\"https:\/\/www.etoilederose.fr\/wp-content\/uploads\/2014\/07\/urne-cabaret2-1024x685.jpg\" alt=\"Urne th\u00e8me cabaret mod\u00e8le unique, sur demande\" width=\"629\" height=\"421\" srcset=\"https:\/\/www.etoilederose.fr\/wp-content\/uploads\/2014\/07\/urne-cabaret2-1024x685.jpg 1024w, https:\/\/www.etoilederose.fr\/wp-content\/uploads\/2014\/07\/urne-cabaret2-300x200.jpg 300w\" sizes=\"auto, (max-width: 629px) 100vw, 629px\" \/><\/a><p id=\"caption-attachment-2026\" class=\"wp-caption-text\">Urne th\u00e8me cabaret mod\u00e8le unique<\/p><\/div>\n<p>&nbsp;<\/p>\n","protected":false},"excerpt":{"rendered":"<p>Mariage cabaret rouge et noir &nbsp; Mariage cabaret rouge et noir Voici un th\u00e8me tr\u00e8s pris\u00e9 pour cette d\u00e9coration de mariage cabaret rouge et noir. La d\u00e9coration est sous le signe de la plume ma\u00eetresse de cette d\u00e9coration tr\u00e8s sexy. Pour commencer, les vases martini sont garnis de billes de gel, leds, et plumes d&rsquo;autruches [&hellip;]<\/p>\n","protected":false},"author":1,"featured_media":0,"parent":25,"menu_order":86,"comment_status":"closed","ping_status":"closed","template":"","meta":{"ngg_post_thumbnail":0,"footnotes":"","_links_to":"","_links_to_target":""},"class_list":["post-2014","page","type-page","status-publish","hentry"],"yoast_head":"<!-- This site is optimized with the Yoast SEO plugin v21.5 - https:\/\/yoast.com\/wordpress\/plugins\/seo\/ -->\n<title>Mariage cabaret rouge et noir | Etoile de rose | Vase martini |<\/title>\n<meta name=\"description\" content=\"Etoile de rose a d\u00e9cor\u00e9 ce mariage cabaret rouge et noir. Vous aussi, profitez de ses talents pour d\u00e9corer votre \u00e9v\u00e9nement ! Demandez un devis!\" \/>\n<meta name=\"robots\" content=\"index, follow, max-snippet:-1, max-image-preview:large, max-video-preview:-1\" \/>\n<link rel=\"canonical\" href=\"https:\/\/www.etoilederose.fr\/index.php\/quelques-realisations\/mariage-cabaret-rouge-et-noir\" \/>\n<meta name=\"twitter:label1\" content=\"Dur\u00e9e de lecture estim\u00e9e\" \/>\n\t<meta name=\"twitter:data1\" content=\"2 minutes\" \/>\n<script type=\"application\/ld+json\" class=\"yoast-schema-graph\">{\"@context\":\"https:\/\/schema.org\",\"@graph\":[{\"@type\":\"WebPage\",\"@id\":\"https:\/\/www.etoilederose.fr\/index.php\/quelques-realisations\/mariage-cabaret-rouge-et-noir\",\"url\":\"https:\/\/www.etoilederose.fr\/index.php\/quelques-realisations\/mariage-cabaret-rouge-et-noir\",\"name\":\"Mariage cabaret rouge et noir | Etoile de rose | Vase martini |\",\"isPartOf\":{\"@id\":\"https:\/\/www.etoilederose.fr\/#website\"},\"datePublished\":\"2014-07-22T06:25:26+00:00\",\"dateModified\":\"2022-02-10T14:31:55+00:00\",\"description\":\"Etoile de rose a d\u00e9cor\u00e9 ce mariage cabaret rouge et noir. Vous aussi, profitez de ses talents pour d\u00e9corer votre \u00e9v\u00e9nement ! Demandez un devis!\",\"breadcrumb\":{\"@id\":\"https:\/\/www.etoilederose.fr\/index.php\/quelques-realisations\/mariage-cabaret-rouge-et-noir#breadcrumb\"},\"inLanguage\":\"fr-FR\",\"potentialAction\":[{\"@type\":\"ReadAction\",\"target\":[\"https:\/\/www.etoilederose.fr\/index.php\/quelques-realisations\/mariage-cabaret-rouge-et-noir\"]}]},{\"@type\":\"BreadcrumbList\",\"@id\":\"https:\/\/www.etoilederose.fr\/index.php\/quelques-realisations\/mariage-cabaret-rouge-et-noir#breadcrumb\",\"itemListElement\":[{\"@type\":\"ListItem\",\"position\":1,\"name\":\"Home\",\"item\":\"https:\/\/www.etoilederose.fr\/\"},{\"@type\":\"ListItem\",\"position\":2,\"name\":\"R\u00e9alisations\",\"item\":\"https:\/\/www.etoilederose.fr\/index.php\/quelques-realisations\"},{\"@type\":\"ListItem\",\"position\":3,\"name\":\"Mariage cabaret rouge et noir\"}]},{\"@type\":\"WebSite\",\"@id\":\"https:\/\/www.etoilederose.fr\/#website\",\"url\":\"https:\/\/www.etoilederose.fr\/\",\"name\":\"Etoile de rose\",\"description\":\"Etoile de rose D\u00e9coration \u00e9v\u00e9nementielle\",\"publisher\":{\"@id\":\"https:\/\/www.etoilederose.fr\/#\/schema\/person\/2d9d1db00dba3c640fa38b8b1abbdcaf\"},\"potentialAction\":[{\"@type\":\"SearchAction\",\"target\":{\"@type\":\"EntryPoint\",\"urlTemplate\":\"https:\/\/www.etoilederose.fr\/?s={search_term_string}\"},\"query-input\":\"required name=search_term_string\"}],\"inLanguage\":\"fr-FR\"},{\"@type\":[\"Person\",\"Organization\"],\"@id\":\"https:\/\/www.etoilederose.fr\/#\/schema\/person\/2d9d1db00dba3c640fa38b8b1abbdcaf\",\"name\":\"admin\",\"image\":{\"@type\":\"ImageObject\",\"inLanguage\":\"fr-FR\",\"@id\":\"https:\/\/www.etoilederose.fr\/#\/schema\/person\/image\/\",\"url\":\"https:\/\/www.etoilederose.fr\/wp-content\/uploads\/2026\/01\/logo_noir.jpg\",\"contentUrl\":\"https:\/\/www.etoilederose.fr\/wp-content\/uploads\/2026\/01\/logo_noir.jpg\",\"width\":1150,\"height\":1150,\"caption\":\"admin\"},\"logo\":{\"@id\":\"https:\/\/www.etoilederose.fr\/#\/schema\/person\/image\/\"},\"description\":\"D\u00e9coratrice \u00e9v\u00e9nementiel depuis 15 ans, je me suis dirig\u00e9e depuis 8 ans dans le domaine de la d\u00e9coration de vitrines de magasins.\",\"sameAs\":[\"http:\/\/www.etoilederose.fr\",\"https:\/\/www.facebook.com\/etoilederose.fr\/?ref=aymt_homepage_panel\",\"https:\/\/www.instagram.com\/etoile.de.rose\/\",\"https:\/\/twitter.com\/https:\/\/twitter.com\/wwwetoilederose?lang=fr\"]}]}<\/script>\n<!-- \/ Yoast SEO plugin. -->","yoast_head_json":{"title":"Mariage cabaret rouge et noir | Etoile de rose | Vase martini |","description":"Etoile de rose a d\u00e9cor\u00e9 ce mariage cabaret rouge et noir. Vous aussi, profitez de ses talents pour d\u00e9corer votre \u00e9v\u00e9nement ! Demandez un devis!","robots":{"index":"index","follow":"follow","max-snippet":"max-snippet:-1","max-image-preview":"max-image-preview:large","max-video-preview":"max-video-preview:-1"},"canonical":"https:\/\/www.etoilederose.fr\/index.php\/quelques-realisations\/mariage-cabaret-rouge-et-noir","twitter_misc":{"Dur\u00e9e de lecture estim\u00e9e":"2 minutes"},"schema":{"@context":"https:\/\/schema.org","@graph":[{"@type":"WebPage","@id":"https:\/\/www.etoilederose.fr\/index.php\/quelques-realisations\/mariage-cabaret-rouge-et-noir","url":"https:\/\/www.etoilederose.fr\/index.php\/quelques-realisations\/mariage-cabaret-rouge-et-noir","name":"Mariage cabaret rouge et noir | Etoile de rose | Vase martini |","isPartOf":{"@id":"https:\/\/www.etoilederose.fr\/#website"},"datePublished":"2014-07-22T06:25:26+00:00","dateModified":"2022-02-10T14:31:55+00:00","description":"Etoile de rose a d\u00e9cor\u00e9 ce mariage cabaret rouge et noir. Vous aussi, profitez de ses talents pour d\u00e9corer votre \u00e9v\u00e9nement ! Demandez un devis!","breadcrumb":{"@id":"https:\/\/www.etoilederose.fr\/index.php\/quelques-realisations\/mariage-cabaret-rouge-et-noir#breadcrumb"},"inLanguage":"fr-FR","potentialAction":[{"@type":"ReadAction","target":["https:\/\/www.etoilederose.fr\/index.php\/quelques-realisations\/mariage-cabaret-rouge-et-noir"]}]},{"@type":"BreadcrumbList","@id":"https:\/\/www.etoilederose.fr\/index.php\/quelques-realisations\/mariage-cabaret-rouge-et-noir#breadcrumb","itemListElement":[{"@type":"ListItem","position":1,"name":"Home","item":"https:\/\/www.etoilederose.fr\/"},{"@type":"ListItem","position":2,"name":"R\u00e9alisations","item":"https:\/\/www.etoilederose.fr\/index.php\/quelques-realisations"},{"@type":"ListItem","position":3,"name":"Mariage cabaret rouge et noir"}]},{"@type":"WebSite","@id":"https:\/\/www.etoilederose.fr\/#website","url":"https:\/\/www.etoilederose.fr\/","name":"Etoile de rose","description":"Etoile de rose D\u00e9coration \u00e9v\u00e9nementielle","publisher":{"@id":"https:\/\/www.etoilederose.fr\/#\/schema\/person\/2d9d1db00dba3c640fa38b8b1abbdcaf"},"potentialAction":[{"@type":"SearchAction","target":{"@type":"EntryPoint","urlTemplate":"https:\/\/www.etoilederose.fr\/?s={search_term_string}"},"query-input":"required name=search_term_string"}],"inLanguage":"fr-FR"},{"@type":["Person","Organization"],"@id":"https:\/\/www.etoilederose.fr\/#\/schema\/person\/2d9d1db00dba3c640fa38b8b1abbdcaf","name":"admin","image":{"@type":"ImageObject","inLanguage":"fr-FR","@id":"https:\/\/www.etoilederose.fr\/#\/schema\/person\/image\/","url":"https:\/\/www.etoilederose.fr\/wp-content\/uploads\/2026\/01\/logo_noir.jpg","contentUrl":"https:\/\/www.etoilederose.fr\/wp-content\/uploads\/2026\/01\/logo_noir.jpg","width":1150,"height":1150,"caption":"admin"},"logo":{"@id":"https:\/\/www.etoilederose.fr\/#\/schema\/person\/image\/"},"description":"D\u00e9coratrice \u00e9v\u00e9nementiel depuis 15 ans, je me suis dirig\u00e9e depuis 8 ans dans le domaine de la d\u00e9coration de vitrines de magasins.","sameAs":["http:\/\/www.etoilederose.fr","https:\/\/www.facebook.com\/etoilederose.fr\/?ref=aymt_homepage_panel","https:\/\/www.instagram.com\/etoile.de.rose\/","https:\/\/twitter.com\/https:\/\/twitter.com\/wwwetoilederose?lang=fr"]}]}},"_links":{"self":[{"href":"https:\/\/www.etoilederose.fr\/index.php\/wp-json\/wp\/v2\/pages\/2014","targetHints":{"allow":["GET"]}}],"collection":[{"href":"https:\/\/www.etoilederose.fr\/index.php\/wp-json\/wp\/v2\/pages"}],"about":[{"href":"https:\/\/www.etoilederose.fr\/index.php\/wp-json\/wp\/v2\/types\/page"}],"author":[{"embeddable":true,"href":"https:\/\/www.etoilederose.fr\/index.php\/wp-json\/wp\/v2\/users\/1"}],"replies":[{"embeddable":true,"href":"https:\/\/www.etoilederose.fr\/index.php\/wp-json\/wp\/v2\/comments?post=2014"}],"version-history":[{"count":22,"href":"https:\/\/www.etoilederose.fr\/index.php\/wp-json\/wp\/v2\/pages\/2014\/revisions"}],"predecessor-version":[{"id":6980,"href":"https:\/\/www.etoilederose.fr\/index.php\/wp-json\/wp\/v2\/pages\/2014\/revisions\/6980"}],"up":[{"embeddable":true,"href":"https:\/\/www.etoilederose.fr\/index.php\/wp-json\/wp\/v2\/pages\/25"}],"wp:attachment":[{"href":"https:\/\/www.etoilederose.fr\/index.php\/wp-json\/wp\/v2\/media?parent=2014"}],"curies":[{"name":"wp","href":"https:\/\/api.w.org\/{rel}","templated":true}]}}