{"id":1966,"date":"2014-06-15T21:31:18","date_gmt":"2014-06-15T21:31:18","guid":{"rendered":"http:\/\/www.etoilederose.fr\/?page_id=1966"},"modified":"2022-02-10T14:22:10","modified_gmt":"2022-02-10T14:22:10","slug":"mariage-au-domaine-vermoise","status":"publish","type":"page","link":"https:\/\/www.etoilederose.fr\/index.php\/quelques-realisations\/mariage-au-domaine-vermoise","title":{"rendered":"Mariage au Domaine de Vermoise"},"content":{"rendered":"\n<p>Voici un 1er exemple de mariage tout en blanc au Domaine de Vermoise<\/p>\n\n\n<div id=\"attachment_4043\" style=\"width: 544px\" class=\"wp-caption aligncenter\"><img loading=\"lazy\" decoding=\"async\" aria-describedby=\"caption-attachment-4043\" class=\"wp-image-4043 size-full\" title=\"Mariage au Domaine de Vermoise\" src=\"https:\/\/www.etoilederose.fr\/wp-content\/uploads\/2014\/06\/20140529-164305-DSC_3972_800.jpg\" alt=\"Mariage au Domaine de Vermoise\" width=\"534\" height=\"800\" srcset=\"https:\/\/www.etoilederose.fr\/wp-content\/uploads\/2014\/06\/20140529-164305-DSC_3972_800.jpg 534w, https:\/\/www.etoilederose.fr\/wp-content\/uploads\/2014\/06\/20140529-164305-DSC_3972_800-200x300.jpg 200w\" sizes=\"auto, (max-width: 534px) 100vw, 534px\" \/><p id=\"caption-attachment-4043\" class=\"wp-caption-text\">Mariage au Domaine de Vermoise<\/p><\/div>\n<p><!--more--><\/p>\n<p>&nbsp;<\/p>\n<p>D\u00e9couvrez ce mariage au <a href=\"https:\/\/www.domaine-de-vermoise.fr\/\">Domaine de Vermoise<\/a> dans l&rsquo;Aube.<\/p>\n<p>La fleuriste a dispos\u00e9 les fleurs sur place, piqu\u00e9es dans les vases martini.<\/p>\n<p>20 centres de tables en vase martini sont n\u00e9cessaires pour les 20 tables du domaine de Vermoise. 200 personnes invit\u00e9es \u00e0 table en toute sobri\u00e9t\u00e9 dans la blancheur<\/p>\n<p>D\u00e9couvrez ci-dessous le montage des vases dans l&rsquo;ordre chronologique.<\/p>\n<h2>&nbsp;Montage de la d\u00e9co<\/h2>\n<p>Pendant que la fleuriste pr\u00e9pare les vases, j&rsquo;ai install\u00e9 le nappage, les housses.. Aucun menu sur les tables, aucun plan de tables, aucun marque-place.<\/p>\nngg_shortcode_0_placeholder\n<div id=\"attachment_6303\" style=\"width: 577px\" class=\"wp-caption alignnone\"><a href=\"https:\/\/www.etoilederose.fr\/index.php\/quelques-realisations\/mariage-au-domaine-vermoise\/7-6\"><img loading=\"lazy\" decoding=\"async\" aria-describedby=\"caption-attachment-6303\" class=\"wp-image-6303\" title=\"Composition libre en vase martini, avec billes de gel\" src=\"https:\/\/www.etoilederose.fr\/wp-content\/uploads\/2020\/01\/7-685x1024.jpg\" alt=\"Composition libre en vase martini, avec billes de gel\" width=\"567\" height=\"848\" srcset=\"https:\/\/www.etoilederose.fr\/wp-content\/uploads\/2020\/01\/7-685x1024.jpg 685w, https:\/\/www.etoilederose.fr\/wp-content\/uploads\/2020\/01\/7-201x300.jpg 201w, https:\/\/www.etoilederose.fr\/wp-content\/uploads\/2020\/01\/7-768x1147.jpg 768w, https:\/\/www.etoilederose.fr\/wp-content\/uploads\/2020\/01\/7.jpg 1000w\" sizes=\"auto, (max-width: 567px) 100vw, 567px\" \/><\/a><p id=\"caption-attachment-6303\" class=\"wp-caption-text\">Composition libre en vase martini, avec billes de gel<\/p><\/div>\n<p>Composition libre en vase martini, avec billes de gel<\/p>\n<p>Les vases sont compos\u00e9es avec les fleurs suivantes : arums, lys, roses buissons, mais aussi feuilles de beargrass, et foug\u00e8res. Des orchid\u00e9es sont finalement ajout\u00e9es pour identifier la table d&rsquo;honneur.<\/p>\n<p><a href=\"https:\/\/www.etoilederose.fr\/index.php\/tarifs-locations\">les housses de chaises en lycra<\/a> recouvrent les chaises du domaine. La mari\u00e9e a demand\u00e9 un petit plus: des capes de chaises que j&rsquo;ai d\u00e9coup\u00e9 sur place puis nou\u00e9 sur le dessus des housses. Les capes apportent du volume tandis que les tables sont r\u00e9duites au minimum de d\u00e9coraction<\/p>\n<p>&nbsp;<\/p>\n<h2>la houppa et c\u00e9r\u00e9monie<\/h2>\n<p>Ce mariage de 400 personnes dans le parc du domaine, d\u00e9bute avec une c\u00e9r\u00e9monie sp\u00e9cifique \u00e0 la religion des mari\u00e9s. La sobri\u00e9t\u00e9 de la couleur blanche domine la d\u00e9coration. Une composition est pr\u00e9vue \u00e9galement pour la houppa dans le parc pour la c\u00e9r\u00e9monie.<\/p>\n<div id=\"attachment_6335\" style=\"width: 575px\" class=\"wp-caption aligncenter\"><a href=\"https:\/\/www.etoilederose.fr\/wp-content\/uploads\/2020\/01\/18samoun.jpg\" rel=\"lightbox[1966]\"><img loading=\"lazy\" decoding=\"async\" aria-describedby=\"caption-attachment-6335\" class=\"wp-image-6335\" title=\"C\u00e9r\u00e9monie au Domaine de Vermoise\" src=\"https:\/\/www.etoilederose.fr\/wp-content\/uploads\/2020\/01\/18samoun.jpg\" alt=\"C\u00e9r\u00e9monie au Domaine de Vermoise\" width=\"565\" height=\"378\" srcset=\"https:\/\/www.etoilederose.fr\/wp-content\/uploads\/2020\/01\/18samoun.jpg 1000w, https:\/\/www.etoilederose.fr\/wp-content\/uploads\/2020\/01\/18samoun-300x201.jpg 300w, https:\/\/www.etoilederose.fr\/wp-content\/uploads\/2020\/01\/18samoun-768x514.jpg 768w\" sizes=\"auto, (max-width: 565px) 100vw, 565px\" \/><\/a><p id=\"caption-attachment-6335\" class=\"wp-caption-text\">C\u00e9r\u00e9monie au Domaine de Vermoise<\/p><\/div>\n<p>&nbsp;<\/p>\n<p style=\"text-align: left;\">Le tapis de c\u00e9r\u00e9monie en feutre \u00e9pais, bien accroch\u00e9 au sol, tr\u00e8s stable, pour un confort de marche sans probl\u00e8me. Il est possible d&rsquo;acquerir ce genre de tapis dans le colori souhait\u00e9, <a href=\"https:\/\/www.etoilederose.fr\/index.php\/contact\">renseignez-vous ici<\/a><\/p>\n<p>Finalement, chaque \u00e9l\u00e9ment est install\u00e9 avec soin. Les chaises de m\u00eame que le tapis sont align\u00e9s avec rigueur afin d&rsquo;accueillir un maximum de personnes pour la c\u00e9r\u00e9monie.<\/p>\n<h4>ngg_shortcode_1_placeholder<\/h4>\n<h2>Le vin d&rsquo;honneur<\/h2>\n<p>Sur ce point,&nbsp; le traiteur a jout\u00e9 une couleur romantique \u00e0 son buffet.<\/p>\nngg_shortcode_2_placeholder\n<h2>Les ext\u00e9rieurs du Domaine de Vermoise<\/h2>\nngg_shortcode_3_placeholder\n<h2><span style=\"color: #000000;\">Mariage au Domaine de Vermoise<\/span><\/h2>\n<p>Voici un 2eme exemple de mariage au Domaine de Vermoise :<\/p>\n<p>Tout d&rsquo;abord, les couleurs de ce mariage sont \u00ab\u00a0blanc et fuchsia\u00a0\u00bb.<\/p>\n<p>D\u00e9tail de la d\u00e9coration: <a href=\"https:\/\/www.etoilederose.fr\/index.php\/tarifs-locations\">Des housses en lycra<\/a> habillent joliment les chaises du domaine. &nbsp; Les noeuds sont en <a href=\"https:\/\/www.etoilederose.fr\/index.php\/tarifs-locations\">organza fuchsia<\/a> . Ainsi,&nbsp; le pliage des noeuds sur les chaises est une exclusivit\u00e9 \u00c9toile de rose depuis plusieurs ann\u00e9es. Cela donne du volume \u00e0 la d\u00e9coration ainsi qu&rsquo;un rappel de la couleur.<\/p>\n<h4>Sur la table<\/h4>\n<p>le centre de table en vase martini domine chaque table . Ensuite, les menus photophores, mais aussi un chemin de table en sizal fuchsia soulignent d&rsquo;avantage la couleur.<\/p>\n<p>Les fleurons d&rsquo;orchid\u00e9e, le gypsophile, les roses subliment les chandeliers argent\u00e9s.<\/p>\n<div id=\"attachment_4118\" style=\"width: 503px\" class=\"wp-caption aligncenter\"><a href=\"https:\/\/www.etoilederose.fr\/wp-content\/uploads\/2016\/04\/4-R\u00e9ception-1033.jpg\" rel=\"attachment wp-att-4118\" rel=\"lightbox[1966]\"><img loading=\"lazy\" decoding=\"async\" aria-describedby=\"caption-attachment-4118\" class=\"wp-image-4118 size-full\" src=\"https:\/\/www.etoilederose.fr\/wp-content\/uploads\/2016\/04\/4-R\u00e9ception-1033.jpg\" alt=\"Vase martini et chandelier 3 branches fleuris pour la table d'honneur\" width=\"493\" height=\"740\" srcset=\"https:\/\/www.etoilederose.fr\/wp-content\/uploads\/2016\/04\/4-R\u00e9ception-1033.jpg 493w, https:\/\/www.etoilederose.fr\/wp-content\/uploads\/2016\/04\/4-R\u00e9ception-1033-200x300.jpg 200w\" sizes=\"auto, (max-width: 493px) 100vw, 493px\" \/><\/a><p id=\"caption-attachment-4118\" class=\"wp-caption-text\">Vase martini et chandelier 3 branches fleuris pour la table d&rsquo;honneur<\/p><\/div>\n<p>Pour la table d&rsquo;honneur la table prend de l&rsquo;importance gr\u00e2ce au vase martini coupl\u00e9 du chandelier argent\u00e9. Des photophores fuchsia indiquent les menus . De plus petit menus photophores gris indiquent les vins. Pour finir, les p\u00e9tales de roses d\u00e9corent la table avec finesse.Quelques p\u00e9tales de roses et perles de pluies sont ajout\u00e9s sur cette table. La vaisselle vient terminer la d\u00e9coration avec raffinement.<\/p>\n<p>Dans le parc, une traction attendait les mari\u00e9s pour la Mairie et l&rsquo;\u00e9glise.<\/p>\n<div id=\"attachment_4120\" style=\"width: 649px\" class=\"wp-caption aligncenter\"><a href=\"https:\/\/www.etoilederose.fr\/wp-content\/uploads\/2016\/04\/voiture-traction.jpg\" rel=\"attachment wp-att-4120\" rel=\"lightbox[1966]\"><img loading=\"lazy\" decoding=\"async\" aria-describedby=\"caption-attachment-4120\" class=\"wp-image-4120\" src=\"https:\/\/www.etoilederose.fr\/wp-content\/uploads\/2016\/04\/voiture-traction-1024x733.jpg\" alt=\"Traction d\u00e9cor\u00e9e avec une composition fleurie\" width=\"639\" height=\"458\" srcset=\"https:\/\/www.etoilederose.fr\/wp-content\/uploads\/2016\/04\/voiture-traction-1024x733.jpg 1024w, https:\/\/www.etoilederose.fr\/wp-content\/uploads\/2016\/04\/voiture-traction-300x215.jpg 300w, https:\/\/www.etoilederose.fr\/wp-content\/uploads\/2016\/04\/voiture-traction-768x550.jpg 768w, https:\/\/www.etoilederose.fr\/wp-content\/uploads\/2016\/04\/voiture-traction.jpg 1034w\" sizes=\"auto, (max-width: 639px) 100vw, 639px\" \/><\/a><p id=\"caption-attachment-4120\" class=\"wp-caption-text\">Traction d\u00e9cor\u00e9e avec une composition fleurie<\/p><\/div>\n<p>Les invit\u00e9s arrivent par le tapis fuchsia dans l&rsquo;\u00e9glise. Des fleurs d\u00e9corent l&rsquo;autel ainsi que les chaises des mari\u00e9s \u00e9galement . Des petits bouquets de fleurs fra\u00eeches d\u00e9corent \u00e9galement les bancs. Finalement ,Tout est dispos\u00e9 avec soin.<\/p>\n<div id=\"attachment_4119\" style=\"width: 648px\" class=\"wp-caption aligncenter\"><a href=\"https:\/\/www.etoilederose.fr\/index.php\/quelques-realisations\/mariage-au-domaine-de-vermoise__trashed\/eglise\" rel=\"attachment wp-att-4119\"><img loading=\"lazy\" decoding=\"async\" aria-describedby=\"caption-attachment-4119\" class=\"wp-image-4119\" title=\"Eglise d\u00e9cor\u00e9e de fleurs pr\u00e8s du Domaine de Vermoise\" src=\"https:\/\/www.etoilederose.fr\/wp-content\/uploads\/2016\/04\/Eglise-1024x733.jpg\" alt=\"Eglise d\u00e9cor\u00e9e de fleurs pr\u00e8s du Domaine de Vermoise\" width=\"638\" height=\"457\" srcset=\"https:\/\/www.etoilederose.fr\/wp-content\/uploads\/2016\/04\/Eglise-1024x733.jpg 1024w, https:\/\/www.etoilederose.fr\/wp-content\/uploads\/2016\/04\/Eglise-300x215.jpg 300w, https:\/\/www.etoilederose.fr\/wp-content\/uploads\/2016\/04\/Eglise-768x550.jpg 768w, https:\/\/www.etoilederose.fr\/wp-content\/uploads\/2016\/04\/Eglise.jpg 1034w\" sizes=\"auto, (max-width: 638px) 100vw, 638px\" \/><\/a><p id=\"caption-attachment-4119\" class=\"wp-caption-text\">\u00c9glise d\u00e9cor\u00e9e de fleurs pr\u00e8s du Domaine de Vermoise<\/p><\/div>\n<p>Les marques-places, ainsi que l&rsquo;urne \u00e0 enveloppes, mais aussi le livre d&rsquo;or, et bien-s\u00fbr le plan de tables aussi sont cr\u00e9\u00e9s sur-mesure.&nbsp; Par cons\u00e9quent je vous invite a demander vous aussi votre devis personnalis\u00e9 gratuit depuis la page <a href=\"https:\/\/www.etoilederose.fr\/index.php\/contact\">Contact.<\/a><\/p>\n<p>Vous pouvez visionner en plus grand&nbsp; en cliquant sur les photos.<\/p>\nngg_shortcode_4_placeholder\n<p>&nbsp;<\/p>\n<p>&nbsp;<\/p>\n<p>&nbsp;<\/p>\n<p>&nbsp;<\/p>\n<p>&nbsp;<\/p>\n<p>&nbsp;<\/p>\n<p>&nbsp;<\/p>\n<p>&nbsp;<\/p>\n<p>&nbsp;<\/p>","protected":false},"excerpt":{"rendered":"<p>Voici un 1er exemple de mariage tout en blanc au Domaine de Vermoise<\/p>\n","protected":false},"author":1,"featured_media":0,"parent":25,"menu_order":15,"comment_status":"closed","ping_status":"closed","template":"","meta":{"ngg_post_thumbnail":0,"footnotes":"","_links_to":"","_links_to_target":""},"class_list":["post-1966","page","type-page","status-publish","hentry"],"yoast_head":"<!-- This site is optimized with the Yoast SEO plugin v21.5 - https:\/\/yoast.com\/wordpress\/plugins\/seo\/ -->\n<title>Mariage au Domaine de Vermoise | Etoile de rose |blanc ou fuchsia blanc<\/title>\n<meta name=\"description\" content=\"D\u00e9couvrez ce Mariage au Domaine de Vermoise, couleur blanc ou fuchsia\/blanc . D\u00e9coration r\u00e9alis\u00e9e par Etoile de rose. Demandez votre devis gratuit !\" \/>\n<meta name=\"robots\" content=\"index, follow, max-snippet:-1, max-image-preview:large, max-video-preview:-1\" \/>\n<link rel=\"canonical\" href=\"https:\/\/www.etoilederose.fr\/index.php\/quelques-realisations\/mariage-au-domaine-vermoise\" \/>\n<meta name=\"twitter:label1\" content=\"Dur\u00e9e de lecture estim\u00e9e\" \/>\n\t<meta name=\"twitter:data1\" content=\"5 minutes\" \/>\n<script type=\"application\/ld+json\" class=\"yoast-schema-graph\">{\"@context\":\"https:\/\/schema.org\",\"@graph\":[{\"@type\":\"WebPage\",\"@id\":\"https:\/\/www.etoilederose.fr\/index.php\/quelques-realisations\/mariage-au-domaine-vermoise\",\"url\":\"https:\/\/www.etoilederose.fr\/index.php\/quelques-realisations\/mariage-au-domaine-vermoise\",\"name\":\"Mariage au Domaine de Vermoise | Etoile de rose |blanc ou fuchsia blanc\",\"isPartOf\":{\"@id\":\"https:\/\/www.etoilederose.fr\/#website\"},\"datePublished\":\"2014-06-15T21:31:18+00:00\",\"dateModified\":\"2022-02-10T14:22:10+00:00\",\"description\":\"D\u00e9couvrez ce Mariage au Domaine de Vermoise, couleur blanc ou fuchsia\/blanc . D\u00e9coration r\u00e9alis\u00e9e par Etoile de rose. Demandez votre devis gratuit !\",\"breadcrumb\":{\"@id\":\"https:\/\/www.etoilederose.fr\/index.php\/quelques-realisations\/mariage-au-domaine-vermoise#breadcrumb\"},\"inLanguage\":\"fr-FR\",\"potentialAction\":[{\"@type\":\"ReadAction\",\"target\":[\"https:\/\/www.etoilederose.fr\/index.php\/quelques-realisations\/mariage-au-domaine-vermoise\"]}]},{\"@type\":\"BreadcrumbList\",\"@id\":\"https:\/\/www.etoilederose.fr\/index.php\/quelques-realisations\/mariage-au-domaine-vermoise#breadcrumb\",\"itemListElement\":[{\"@type\":\"ListItem\",\"position\":1,\"name\":\"Home\",\"item\":\"https:\/\/www.etoilederose.fr\/\"},{\"@type\":\"ListItem\",\"position\":2,\"name\":\"R\u00e9alisations\",\"item\":\"https:\/\/www.etoilederose.fr\/index.php\/quelques-realisations\"},{\"@type\":\"ListItem\",\"position\":3,\"name\":\"Mariage au Domaine de Vermoise\"}]},{\"@type\":\"WebSite\",\"@id\":\"https:\/\/www.etoilederose.fr\/#website\",\"url\":\"https:\/\/www.etoilederose.fr\/\",\"name\":\"Etoile de rose\",\"description\":\"Etoile de rose D\u00e9coration \u00e9v\u00e9nementielle\",\"publisher\":{\"@id\":\"https:\/\/www.etoilederose.fr\/#\/schema\/person\/2d9d1db00dba3c640fa38b8b1abbdcaf\"},\"potentialAction\":[{\"@type\":\"SearchAction\",\"target\":{\"@type\":\"EntryPoint\",\"urlTemplate\":\"https:\/\/www.etoilederose.fr\/?s={search_term_string}\"},\"query-input\":\"required name=search_term_string\"}],\"inLanguage\":\"fr-FR\"},{\"@type\":[\"Person\",\"Organization\"],\"@id\":\"https:\/\/www.etoilederose.fr\/#\/schema\/person\/2d9d1db00dba3c640fa38b8b1abbdcaf\",\"name\":\"admin\",\"image\":{\"@type\":\"ImageObject\",\"inLanguage\":\"fr-FR\",\"@id\":\"https:\/\/www.etoilederose.fr\/#\/schema\/person\/image\/\",\"url\":\"https:\/\/www.etoilederose.fr\/wp-content\/uploads\/2026\/01\/logo_noir.jpg\",\"contentUrl\":\"https:\/\/www.etoilederose.fr\/wp-content\/uploads\/2026\/01\/logo_noir.jpg\",\"width\":1150,\"height\":1150,\"caption\":\"admin\"},\"logo\":{\"@id\":\"https:\/\/www.etoilederose.fr\/#\/schema\/person\/image\/\"},\"description\":\"D\u00e9coratrice \u00e9v\u00e9nementiel depuis 15 ans, je me suis dirig\u00e9e depuis 8 ans dans le domaine de la d\u00e9coration de vitrines de magasins.\",\"sameAs\":[\"http:\/\/www.etoilederose.fr\",\"https:\/\/www.facebook.com\/etoilederose.fr\/?ref=aymt_homepage_panel\",\"https:\/\/www.instagram.com\/etoile.de.rose\/\",\"https:\/\/twitter.com\/https:\/\/twitter.com\/wwwetoilederose?lang=fr\"]}]}<\/script>\n<!-- \/ Yoast SEO plugin. -->","yoast_head_json":{"title":"Mariage au Domaine de Vermoise | Etoile de rose |blanc ou fuchsia blanc","description":"D\u00e9couvrez ce Mariage au Domaine de Vermoise, couleur blanc ou fuchsia\/blanc . D\u00e9coration r\u00e9alis\u00e9e par Etoile de rose. Demandez votre devis gratuit !","robots":{"index":"index","follow":"follow","max-snippet":"max-snippet:-1","max-image-preview":"max-image-preview:large","max-video-preview":"max-video-preview:-1"},"canonical":"https:\/\/www.etoilederose.fr\/index.php\/quelques-realisations\/mariage-au-domaine-vermoise","twitter_misc":{"Dur\u00e9e de lecture estim\u00e9e":"5 minutes"},"schema":{"@context":"https:\/\/schema.org","@graph":[{"@type":"WebPage","@id":"https:\/\/www.etoilederose.fr\/index.php\/quelques-realisations\/mariage-au-domaine-vermoise","url":"https:\/\/www.etoilederose.fr\/index.php\/quelques-realisations\/mariage-au-domaine-vermoise","name":"Mariage au Domaine de Vermoise | Etoile de rose |blanc ou fuchsia blanc","isPartOf":{"@id":"https:\/\/www.etoilederose.fr\/#website"},"datePublished":"2014-06-15T21:31:18+00:00","dateModified":"2022-02-10T14:22:10+00:00","description":"D\u00e9couvrez ce Mariage au Domaine de Vermoise, couleur blanc ou fuchsia\/blanc . D\u00e9coration r\u00e9alis\u00e9e par Etoile de rose. Demandez votre devis gratuit !","breadcrumb":{"@id":"https:\/\/www.etoilederose.fr\/index.php\/quelques-realisations\/mariage-au-domaine-vermoise#breadcrumb"},"inLanguage":"fr-FR","potentialAction":[{"@type":"ReadAction","target":["https:\/\/www.etoilederose.fr\/index.php\/quelques-realisations\/mariage-au-domaine-vermoise"]}]},{"@type":"BreadcrumbList","@id":"https:\/\/www.etoilederose.fr\/index.php\/quelques-realisations\/mariage-au-domaine-vermoise#breadcrumb","itemListElement":[{"@type":"ListItem","position":1,"name":"Home","item":"https:\/\/www.etoilederose.fr\/"},{"@type":"ListItem","position":2,"name":"R\u00e9alisations","item":"https:\/\/www.etoilederose.fr\/index.php\/quelques-realisations"},{"@type":"ListItem","position":3,"name":"Mariage au Domaine de Vermoise"}]},{"@type":"WebSite","@id":"https:\/\/www.etoilederose.fr\/#website","url":"https:\/\/www.etoilederose.fr\/","name":"Etoile de rose","description":"Etoile de rose D\u00e9coration \u00e9v\u00e9nementielle","publisher":{"@id":"https:\/\/www.etoilederose.fr\/#\/schema\/person\/2d9d1db00dba3c640fa38b8b1abbdcaf"},"potentialAction":[{"@type":"SearchAction","target":{"@type":"EntryPoint","urlTemplate":"https:\/\/www.etoilederose.fr\/?s={search_term_string}"},"query-input":"required name=search_term_string"}],"inLanguage":"fr-FR"},{"@type":["Person","Organization"],"@id":"https:\/\/www.etoilederose.fr\/#\/schema\/person\/2d9d1db00dba3c640fa38b8b1abbdcaf","name":"admin","image":{"@type":"ImageObject","inLanguage":"fr-FR","@id":"https:\/\/www.etoilederose.fr\/#\/schema\/person\/image\/","url":"https:\/\/www.etoilederose.fr\/wp-content\/uploads\/2026\/01\/logo_noir.jpg","contentUrl":"https:\/\/www.etoilederose.fr\/wp-content\/uploads\/2026\/01\/logo_noir.jpg","width":1150,"height":1150,"caption":"admin"},"logo":{"@id":"https:\/\/www.etoilederose.fr\/#\/schema\/person\/image\/"},"description":"D\u00e9coratrice \u00e9v\u00e9nementiel depuis 15 ans, je me suis dirig\u00e9e depuis 8 ans dans le domaine de la d\u00e9coration de vitrines de magasins.","sameAs":["http:\/\/www.etoilederose.fr","https:\/\/www.facebook.com\/etoilederose.fr\/?ref=aymt_homepage_panel","https:\/\/www.instagram.com\/etoile.de.rose\/","https:\/\/twitter.com\/https:\/\/twitter.com\/wwwetoilederose?lang=fr"]}]}},"_links":{"self":[{"href":"https:\/\/www.etoilederose.fr\/index.php\/wp-json\/wp\/v2\/pages\/1966","targetHints":{"allow":["GET"]}}],"collection":[{"href":"https:\/\/www.etoilederose.fr\/index.php\/wp-json\/wp\/v2\/pages"}],"about":[{"href":"https:\/\/www.etoilederose.fr\/index.php\/wp-json\/wp\/v2\/types\/page"}],"author":[{"embeddable":true,"href":"https:\/\/www.etoilederose.fr\/index.php\/wp-json\/wp\/v2\/users\/1"}],"replies":[{"embeddable":true,"href":"https:\/\/www.etoilederose.fr\/index.php\/wp-json\/wp\/v2\/comments?post=1966"}],"version-history":[{"count":75,"href":"https:\/\/www.etoilederose.fr\/index.php\/wp-json\/wp\/v2\/pages\/1966\/revisions"}],"predecessor-version":[{"id":6365,"href":"https:\/\/www.etoilederose.fr\/index.php\/wp-json\/wp\/v2\/pages\/1966\/revisions\/6365"}],"up":[{"embeddable":true,"href":"https:\/\/www.etoilederose.fr\/index.php\/wp-json\/wp\/v2\/pages\/25"}],"wp:attachment":[{"href":"https:\/\/www.etoilederose.fr\/index.php\/wp-json\/wp\/v2\/media?parent=1966"}],"curies":[{"name":"wp","href":"https:\/\/api.w.org\/{rel}","templated":true}]}}