{"id":1941,"date":"2014-06-15T20:46:53","date_gmt":"2014-06-15T20:46:53","guid":{"rendered":"http:\/\/www.etoilederose.fr\/?page_id=1941"},"modified":"2022-02-10T14:24:54","modified_gmt":"2022-02-10T14:24:54","slug":"mariage-au-cercle-colbert","status":"publish","type":"page","link":"https:\/\/www.etoilederose.fr\/index.php\/quelques-realisations\/mariage-au-cercle-colbert","title":{"rendered":"Mariage au Cercle Colbert"},"content":{"rendered":"<h2>Mariage au Cercle Colbert<\/h2>\n<p><a href=\"https:\/\/www.etoilederose.fr\/wp-content\/uploads\/2014\/06\/14.jpg\" rel=\"lightbox[1941]\"><img loading=\"lazy\" decoding=\"async\" class=\"aligncenter wp-image-1947\" title=\"14\" src=\"https:\/\/www.etoilederose.fr\/wp-content\/uploads\/2014\/06\/14-685x1024.jpg\" alt=\"\" width=\"603\" height=\"902\" srcset=\"https:\/\/www.etoilederose.fr\/wp-content\/uploads\/2014\/06\/14-685x1024.jpg 685w, https:\/\/www.etoilederose.fr\/wp-content\/uploads\/2014\/06\/14-200x300.jpg 200w, https:\/\/www.etoilederose.fr\/wp-content\/uploads\/2014\/06\/14.jpg 1000w\" sizes=\"auto, (max-width: 603px) 100vw, 603px\" \/><\/a><\/p>\n<p>Voici une d\u00e9coration de mariage au <a href=\"https:\/\/www.aleou.fr\/salle-seminaire\/2600-le-cercle-colbert.html\">Cercle Colbert&nbsp; <\/a>en rouge et or .Le th\u00e8me franco-indien se devait raffin\u00e9 et \u00e9l\u00e9gant, en apportant un \u00e9quilibre entre les deux nationalit\u00e9s.<\/p>\n<p>Les couleurs dominantes sont le rouge et or avec une touche de fuchsia. L&rsquo;ivoire y est \u00e9galement important par endroits sp\u00e9cifiques et choisit.<\/p>\n<p>La salle offre un standing qu&rsquo;il a fallu remanier \u00e9galement enti\u00e8rement dans son concept . En effet,&nbsp; m\u00eame les rideaux d&rsquo;origine ont \u00e9t\u00e9 retir\u00e9s et remplac\u00e9s par ceux cousus sp\u00e9cialement pour l&rsquo;occasion. Un clin d&rsquo;oeil \u00e0 la touche indienne a \u00e9t\u00e9 ajout\u00e9 avec les \u00e9l\u00e9phants plac\u00e9s en haut des escaliers.<\/p>\n<p>Le vin d&rsquo;honneur a \u00e9galement \u00e9t\u00e9 pens\u00e9 pour mettre en valeur les mets d&rsquo;exceptions pr\u00e9sent\u00e9s sous forme d&rsquo;animations diverses. Tout a \u00e9t\u00e9 d\u00e9cor\u00e9 dans les couleurs et le th\u00e8me du mariage.<\/p>\n<p>Toutes les compositions florales sont en fleurs exotiques fra\u00eeches.La mari\u00e9e a con\u00e7u les petites boites \u00e0 drag\u00e9es pour apporter la touche personnelle au th\u00e8me.<\/p>\n<div id=\"attachment_6231\" style=\"width: 584px\" class=\"wp-caption aligncenter\"><a href=\"https:\/\/www.etoilederose.fr\/wp-content\/uploads\/2020\/01\/22.jpg\" rel=\"lightbox[1941]\"><img loading=\"lazy\" decoding=\"async\" aria-describedby=\"caption-attachment-6231\" class=\"wp-image-6231\" src=\"https:\/\/www.etoilederose.fr\/wp-content\/uploads\/2020\/01\/22-685x1024.jpg\" alt=\"Bo\u00eete \u00e0 drag\u00e9es rouge indienne\" width=\"574\" height=\"858\" srcset=\"https:\/\/www.etoilederose.fr\/wp-content\/uploads\/2020\/01\/22-685x1024.jpg 685w, https:\/\/www.etoilederose.fr\/wp-content\/uploads\/2020\/01\/22-201x300.jpg 201w, https:\/\/www.etoilederose.fr\/wp-content\/uploads\/2020\/01\/22-768x1147.jpg 768w, https:\/\/www.etoilederose.fr\/wp-content\/uploads\/2020\/01\/22.jpg 1000w\" sizes=\"auto, (max-width: 574px) 100vw, 574px\" \/><\/a><p id=\"caption-attachment-6231\" class=\"wp-caption-text\">Bo\u00eete \u00e0 drag\u00e9es rouge indienne<\/p><\/div>\n<p>&nbsp;<\/p>\n<h2>&nbsp;La salle de repas<\/h2>\n<p>Avec cette photo avant\/apr\u00e8s, la diff\u00e9rence de d\u00e9coration de la salle du Cercle Colbert est \u00e9vidente.<\/p>\n<p><a href=\"https:\/\/www.etoilederose.fr\/wp-content\/uploads\/2014\/06\/DSC_0826.jpg\" rel=\"lightbox[1941]\"><img loading=\"lazy\" decoding=\"async\" class=\"aligncenter wp-image-1949\" title=\"DSC_0826\" src=\"https:\/\/www.etoilederose.fr\/wp-content\/uploads\/2014\/06\/DSC_0826-1024x808.jpg\" alt=\"la salle avant et apr\u00e8s\" width=\"699\" height=\"551\" srcset=\"https:\/\/www.etoilederose.fr\/wp-content\/uploads\/2014\/06\/DSC_0826-1024x808.jpg 1024w, https:\/\/www.etoilederose.fr\/wp-content\/uploads\/2014\/06\/DSC_0826-300x237.jpg 300w\" sizes=\"auto, (max-width: 699px) 100vw, 699px\" \/><\/a><\/p>\n<p>22 personnes \u00e9taient convi\u00e9es au repas. Chaque personne a pu profiter de fleurs fra\u00eeches en vases, ou dispos\u00e9es sur la table. Quelques bougies, lanternes, sont dispos\u00e9es parmi les menus photophores personnalis\u00e9s selon les menus v\u00e9g\u00e9tariens ou pas.<\/p>\nngg_shortcode_0_placeholder\n<h2>Le Vin d&rsquo;honneur<\/h2>\n<p>Dans le parc, en plein centre de Reims, un petit jardin de douceur a \u00e9t\u00e9 install\u00e9 pour mettre l\u2019accueil du vin d&rsquo;honneur . La qualit\u00e9 des mets et l&rsquo;\u00e9quilibre de la d\u00e9coration ont \u00e9t\u00e9 sublim\u00e9 par la d\u00e9coration cibl\u00e9e dans le th\u00e8me mais tout en sobri\u00e9t\u00e9.<\/p>\n<div id=\"attachment_1951\" style=\"width: 645px\" class=\"wp-caption aligncenter\"><a href=\"https:\/\/www.etoilederose.fr\/wp-content\/uploads\/2014\/06\/3.jpg\" rel=\"lightbox[1941]\"><img loading=\"lazy\" decoding=\"async\" aria-describedby=\"caption-attachment-1951\" class=\"wp-image-1951\" title=\"3\" src=\"https:\/\/www.etoilederose.fr\/wp-content\/uploads\/2014\/06\/3.jpg\" alt=\"\" width=\"635\" height=\"440\"><\/a><p id=\"caption-attachment-1951\" class=\"wp-caption-text\">&nbsp;&nbsp;&nbsp;&nbsp;&nbsp;&nbsp;&nbsp;&nbsp;&nbsp;&nbsp;&nbsp;&nbsp;&nbsp;&nbsp;&nbsp;&nbsp;&nbsp;&nbsp;&nbsp;&nbsp;&nbsp;&nbsp;&nbsp;&nbsp;&nbsp;&nbsp;&nbsp; Pr\u00e9sentation du vin d&rsquo;honneur d\u00e9cor\u00e9<\/p><\/div>\nngg_shortcode_1_placeholder\n<div id=\"attachment_1952\" style=\"width: 644px\" class=\"wp-caption aligncenter\"><a href=\"https:\/\/www.etoilederose.fr\/wp-content\/uploads\/2014\/06\/26.jpg\" rel=\"lightbox[1941]\"><img loading=\"lazy\" decoding=\"async\" aria-describedby=\"caption-attachment-1952\" class=\"wp-image-1952\" title=\"26\" src=\"https:\/\/www.etoilederose.fr\/wp-content\/uploads\/2014\/06\/26.jpg\" alt=\"Composition de fleurs fraiches pour le buffet de vin d'honneur\" width=\"634\" height=\"425\" srcset=\"https:\/\/www.etoilederose.fr\/wp-content\/uploads\/2014\/06\/26.jpg 1000w, https:\/\/www.etoilederose.fr\/wp-content\/uploads\/2014\/06\/26-300x200.jpg 300w\" sizes=\"auto, (max-width: 634px) 100vw, 634px\" \/><\/a><p id=\"caption-attachment-1952\" class=\"wp-caption-text\">Composition de fleurs fraiches pour le buffet de vin d&rsquo;honneur<\/p><\/div>\n<p style=\"text-align: center;\">&nbsp;<\/p>\n<p>Le mariage se terminant vers minuit, tout a \u00e9t\u00e9 remis comme avant dans la salle du Cercle Colbert et donc les rideaux repos\u00e9s etc<\/p>\n<p>&nbsp;<\/p>\n<p>&nbsp;<\/p>\n<p>&nbsp;<\/p>\n<p>&nbsp;<\/p>\n<p>&nbsp;<\/p>\n<p>&nbsp;<\/p>\n<p>&nbsp;<\/p>\n<p>&nbsp;<\/p>\n<p>&nbsp;<\/p>\n<p>&nbsp;<\/p>\n<p>&nbsp;<\/p>\n<p>&nbsp;<\/p>\n","protected":false},"excerpt":{"rendered":"<p>Mariage au Cercle Colbert Voici une d\u00e9coration de mariage au Cercle Colbert&nbsp; en rouge et or .Le th\u00e8me franco-indien se devait raffin\u00e9 et \u00e9l\u00e9gant, en apportant un \u00e9quilibre entre les deux nationalit\u00e9s. Les couleurs dominantes sont le rouge et or avec une touche de fuchsia. L&rsquo;ivoire y est \u00e9galement important par endroits sp\u00e9cifiques et choisit. [&hellip;]<\/p>\n","protected":false},"author":1,"featured_media":0,"parent":25,"menu_order":35,"comment_status":"closed","ping_status":"open","template":"","meta":{"ngg_post_thumbnail":0,"footnotes":"","_links_to":"","_links_to_target":""},"class_list":["post-1941","page","type-page","status-publish","hentry"],"yoast_head":"<!-- This site is optimized with the Yoast SEO plugin v21.5 - https:\/\/yoast.com\/wordpress\/plugins\/seo\/ -->\n<title>Mariage au Cercle Colbert | Rouge et or | Etoile de rose |<\/title>\n<meta name=\"description\" content=\"Etoile de rose a r\u00e9alis\u00e9 cette d\u00e9coration de Mariage au Cercle Colbert en rouge et or. Vous aussi, demandez votre devis en ligne !\" \/>\n<meta name=\"robots\" content=\"index, follow, max-snippet:-1, max-image-preview:large, max-video-preview:-1\" \/>\n<link rel=\"canonical\" href=\"https:\/\/www.etoilederose.fr\/index.php\/quelques-realisations\/mariage-au-cercle-colbert\" \/>\n<meta name=\"twitter:label1\" content=\"Dur\u00e9e de lecture estim\u00e9e\" \/>\n\t<meta name=\"twitter:data1\" content=\"3 minutes\" \/>\n<script type=\"application\/ld+json\" class=\"yoast-schema-graph\">{\"@context\":\"https:\/\/schema.org\",\"@graph\":[{\"@type\":\"WebPage\",\"@id\":\"https:\/\/www.etoilederose.fr\/index.php\/quelques-realisations\/mariage-au-cercle-colbert\",\"url\":\"https:\/\/www.etoilederose.fr\/index.php\/quelques-realisations\/mariage-au-cercle-colbert\",\"name\":\"Mariage au Cercle Colbert | Rouge et or | Etoile de rose |\",\"isPartOf\":{\"@id\":\"https:\/\/www.etoilederose.fr\/#website\"},\"datePublished\":\"2014-06-15T20:46:53+00:00\",\"dateModified\":\"2022-02-10T14:24:54+00:00\",\"description\":\"Etoile de rose a r\u00e9alis\u00e9 cette d\u00e9coration de Mariage au Cercle Colbert en rouge et or. Vous aussi, demandez votre devis en ligne !\",\"breadcrumb\":{\"@id\":\"https:\/\/www.etoilederose.fr\/index.php\/quelques-realisations\/mariage-au-cercle-colbert#breadcrumb\"},\"inLanguage\":\"fr-FR\",\"potentialAction\":[{\"@type\":\"ReadAction\",\"target\":[\"https:\/\/www.etoilederose.fr\/index.php\/quelques-realisations\/mariage-au-cercle-colbert\"]}]},{\"@type\":\"BreadcrumbList\",\"@id\":\"https:\/\/www.etoilederose.fr\/index.php\/quelques-realisations\/mariage-au-cercle-colbert#breadcrumb\",\"itemListElement\":[{\"@type\":\"ListItem\",\"position\":1,\"name\":\"Home\",\"item\":\"https:\/\/www.etoilederose.fr\/\"},{\"@type\":\"ListItem\",\"position\":2,\"name\":\"R\u00e9alisations\",\"item\":\"https:\/\/www.etoilederose.fr\/index.php\/quelques-realisations\"},{\"@type\":\"ListItem\",\"position\":3,\"name\":\"Mariage au Cercle Colbert\"}]},{\"@type\":\"WebSite\",\"@id\":\"https:\/\/www.etoilederose.fr\/#website\",\"url\":\"https:\/\/www.etoilederose.fr\/\",\"name\":\"Etoile de rose\",\"description\":\"Etoile de rose D\u00e9coration \u00e9v\u00e9nementielle\",\"publisher\":{\"@id\":\"https:\/\/www.etoilederose.fr\/#\/schema\/person\/2d9d1db00dba3c640fa38b8b1abbdcaf\"},\"potentialAction\":[{\"@type\":\"SearchAction\",\"target\":{\"@type\":\"EntryPoint\",\"urlTemplate\":\"https:\/\/www.etoilederose.fr\/?s={search_term_string}\"},\"query-input\":\"required name=search_term_string\"}],\"inLanguage\":\"fr-FR\"},{\"@type\":[\"Person\",\"Organization\"],\"@id\":\"https:\/\/www.etoilederose.fr\/#\/schema\/person\/2d9d1db00dba3c640fa38b8b1abbdcaf\",\"name\":\"admin\",\"image\":{\"@type\":\"ImageObject\",\"inLanguage\":\"fr-FR\",\"@id\":\"https:\/\/www.etoilederose.fr\/#\/schema\/person\/image\/\",\"url\":\"https:\/\/www.etoilederose.fr\/wp-content\/uploads\/2026\/01\/logo_noir.jpg\",\"contentUrl\":\"https:\/\/www.etoilederose.fr\/wp-content\/uploads\/2026\/01\/logo_noir.jpg\",\"width\":1150,\"height\":1150,\"caption\":\"admin\"},\"logo\":{\"@id\":\"https:\/\/www.etoilederose.fr\/#\/schema\/person\/image\/\"},\"description\":\"D\u00e9coratrice \u00e9v\u00e9nementiel depuis 15 ans, je me suis dirig\u00e9e depuis 8 ans dans le domaine de la d\u00e9coration de vitrines de magasins.\",\"sameAs\":[\"http:\/\/www.etoilederose.fr\",\"https:\/\/www.facebook.com\/etoilederose.fr\/?ref=aymt_homepage_panel\",\"https:\/\/www.instagram.com\/etoile.de.rose\/\",\"https:\/\/twitter.com\/https:\/\/twitter.com\/wwwetoilederose?lang=fr\"]}]}<\/script>\n<!-- \/ Yoast SEO plugin. -->","yoast_head_json":{"title":"Mariage au Cercle Colbert | Rouge et or | Etoile de rose |","description":"Etoile de rose a r\u00e9alis\u00e9 cette d\u00e9coration de Mariage au Cercle Colbert en rouge et or. Vous aussi, demandez votre devis en ligne !","robots":{"index":"index","follow":"follow","max-snippet":"max-snippet:-1","max-image-preview":"max-image-preview:large","max-video-preview":"max-video-preview:-1"},"canonical":"https:\/\/www.etoilederose.fr\/index.php\/quelques-realisations\/mariage-au-cercle-colbert","twitter_misc":{"Dur\u00e9e de lecture estim\u00e9e":"3 minutes"},"schema":{"@context":"https:\/\/schema.org","@graph":[{"@type":"WebPage","@id":"https:\/\/www.etoilederose.fr\/index.php\/quelques-realisations\/mariage-au-cercle-colbert","url":"https:\/\/www.etoilederose.fr\/index.php\/quelques-realisations\/mariage-au-cercle-colbert","name":"Mariage au Cercle Colbert | Rouge et or | Etoile de rose |","isPartOf":{"@id":"https:\/\/www.etoilederose.fr\/#website"},"datePublished":"2014-06-15T20:46:53+00:00","dateModified":"2022-02-10T14:24:54+00:00","description":"Etoile de rose a r\u00e9alis\u00e9 cette d\u00e9coration de Mariage au Cercle Colbert en rouge et or. Vous aussi, demandez votre devis en ligne !","breadcrumb":{"@id":"https:\/\/www.etoilederose.fr\/index.php\/quelques-realisations\/mariage-au-cercle-colbert#breadcrumb"},"inLanguage":"fr-FR","potentialAction":[{"@type":"ReadAction","target":["https:\/\/www.etoilederose.fr\/index.php\/quelques-realisations\/mariage-au-cercle-colbert"]}]},{"@type":"BreadcrumbList","@id":"https:\/\/www.etoilederose.fr\/index.php\/quelques-realisations\/mariage-au-cercle-colbert#breadcrumb","itemListElement":[{"@type":"ListItem","position":1,"name":"Home","item":"https:\/\/www.etoilederose.fr\/"},{"@type":"ListItem","position":2,"name":"R\u00e9alisations","item":"https:\/\/www.etoilederose.fr\/index.php\/quelques-realisations"},{"@type":"ListItem","position":3,"name":"Mariage au Cercle Colbert"}]},{"@type":"WebSite","@id":"https:\/\/www.etoilederose.fr\/#website","url":"https:\/\/www.etoilederose.fr\/","name":"Etoile de rose","description":"Etoile de rose D\u00e9coration \u00e9v\u00e9nementielle","publisher":{"@id":"https:\/\/www.etoilederose.fr\/#\/schema\/person\/2d9d1db00dba3c640fa38b8b1abbdcaf"},"potentialAction":[{"@type":"SearchAction","target":{"@type":"EntryPoint","urlTemplate":"https:\/\/www.etoilederose.fr\/?s={search_term_string}"},"query-input":"required name=search_term_string"}],"inLanguage":"fr-FR"},{"@type":["Person","Organization"],"@id":"https:\/\/www.etoilederose.fr\/#\/schema\/person\/2d9d1db00dba3c640fa38b8b1abbdcaf","name":"admin","image":{"@type":"ImageObject","inLanguage":"fr-FR","@id":"https:\/\/www.etoilederose.fr\/#\/schema\/person\/image\/","url":"https:\/\/www.etoilederose.fr\/wp-content\/uploads\/2026\/01\/logo_noir.jpg","contentUrl":"https:\/\/www.etoilederose.fr\/wp-content\/uploads\/2026\/01\/logo_noir.jpg","width":1150,"height":1150,"caption":"admin"},"logo":{"@id":"https:\/\/www.etoilederose.fr\/#\/schema\/person\/image\/"},"description":"D\u00e9coratrice \u00e9v\u00e9nementiel depuis 15 ans, je me suis dirig\u00e9e depuis 8 ans dans le domaine de la d\u00e9coration de vitrines de magasins.","sameAs":["http:\/\/www.etoilederose.fr","https:\/\/www.facebook.com\/etoilederose.fr\/?ref=aymt_homepage_panel","https:\/\/www.instagram.com\/etoile.de.rose\/","https:\/\/twitter.com\/https:\/\/twitter.com\/wwwetoilederose?lang=fr"]}]}},"_links":{"self":[{"href":"https:\/\/www.etoilederose.fr\/index.php\/wp-json\/wp\/v2\/pages\/1941","targetHints":{"allow":["GET"]}}],"collection":[{"href":"https:\/\/www.etoilederose.fr\/index.php\/wp-json\/wp\/v2\/pages"}],"about":[{"href":"https:\/\/www.etoilederose.fr\/index.php\/wp-json\/wp\/v2\/types\/page"}],"author":[{"embeddable":true,"href":"https:\/\/www.etoilederose.fr\/index.php\/wp-json\/wp\/v2\/users\/1"}],"replies":[{"embeddable":true,"href":"https:\/\/www.etoilederose.fr\/index.php\/wp-json\/wp\/v2\/comments?post=1941"}],"version-history":[{"count":34,"href":"https:\/\/www.etoilederose.fr\/index.php\/wp-json\/wp\/v2\/pages\/1941\/revisions"}],"predecessor-version":[{"id":6255,"href":"https:\/\/www.etoilederose.fr\/index.php\/wp-json\/wp\/v2\/pages\/1941\/revisions\/6255"}],"up":[{"embeddable":true,"href":"https:\/\/www.etoilederose.fr\/index.php\/wp-json\/wp\/v2\/pages\/25"}],"wp:attachment":[{"href":"https:\/\/www.etoilederose.fr\/index.php\/wp-json\/wp\/v2\/media?parent=1941"}],"curies":[{"name":"wp","href":"https:\/\/api.w.org\/{rel}","templated":true}]}}