{"id":1781,"date":"2013-12-27T13:50:25","date_gmt":"2013-12-27T13:50:25","guid":{"rendered":"http:\/\/www.etoilederose.fr\/?page_id=1781"},"modified":"2023-01-05T22:24:02","modified_gmt":"2023-01-05T22:24:02","slug":"mentions-legales","status":"publish","type":"page","link":"https:\/\/www.etoilederose.fr\/index.php\/mentions-legales","title":{"rendered":"Mentions l\u00e9gales"},"content":{"rendered":"<p>Le site etoilederose.fr est g\u00e9r\u00e9 par :<\/p>\n<p>Pascale CATT\u00c9<br \/>\nSIREN : 52502223200033<br \/>\nDirection : Pascale CATT\u00c9<br \/>\nSi\u00e8ge social : 5 rue du Poirier Au Loup 10220 Piney<\/p>\n<p>Agence: 13 rue de Paris 10700 Arcis sur Aube<\/p>\n<p>Tel: 06.35.21.31.89<br \/>\nSite : <a href=\"http:\/\/www.traceid.fr\" target=\"_blank\" rel=\"noopener noreferrer\"> www.etoilederose.fr<\/a><\/p>\n<h3>Edition et h\u00e9bergement<\/h3>\n<p>Le site www.etoilederose.fr&nbsp; est \u00e9dit\u00e9 et h\u00e9berg\u00e9 par :<br \/>\nonline.net<\/p>\n<h3>D\u00e9claration<\/h3>\n<p>Le site www.etoilederose.fr est d\u00e9clar\u00e9 \u00e0 la CNIL sous le n\u00b0 1474512 via la d\u00e9claration de norme simplifi\u00e9e NS-048<br \/>\nAucune donn\u00e9e personnelle n&rsquo;est collect\u00e9e \u00e0 l&rsquo;insu des visiteurs du site. Les seules donn\u00e9es personnelles susceptibles d&rsquo;\u00eatre collect\u00e9es sont des adresses de courrier \u00e9lectronique, des adresses postales. Elles ne sont recueillies qu&rsquo;\u00e0 la suite d&rsquo;une inscription volontaire par les internautes.<br \/>\nLe site www.etoilederose.fr s&rsquo;engage \u00e0 r\u00e9server ces adresses \u00e0 ce seul usage et garantit la confidentialit\u00e9 de ces donn\u00e9es, qui ne sont en aucun cas c\u00e9d\u00e9es ou rendues accessibles \u00e0 aucune entit\u00e9 tierce.<\/p>\n<p>Les informations recueillies sur ce site pourront \u00eatre utilis\u00e9es dans les cas suivants :<\/p>\n<ul id=\"s2h\">\n<li>\u00c9tablissement de document (devis, facture)<\/li>\n<\/ul>\n<ul id=\"s2h\">\n<li>R\u00e9ponse \u00e0 une demande de renseignement.<\/li>\n<\/ul>\n<h3>Droit d&rsquo;acc\u00e8s<\/h3>\n<p>Vous disposez d&rsquo;un droit d&rsquo;acc\u00e8s, de rectification, de modification et de suppression concernant les donn\u00e9es qui vous concernent. Vous pouvez exercer ce droit en nous contactant par courrier \u00e9lectronique ou par courrier postal \u00e0 l&rsquo;adresse mentionn\u00e9e en haut de page.<\/p>\n<h3>Recueil de donn\u00e9es statistiques<\/h3>\n<p>Ce site utilise Google Analytics, un service d&rsquo;analyse de site internet fourni par Google Inc. (\u00ab Google \u00bb).<br \/>\nGoogle Analytics utilise des cookies, qui sont des fichiers texte plac\u00e9s sur votre ordinateur, pour aider le site internet \u00e0 analyser l&rsquo;utilisation du site par ses utilisateurs.<br \/>\nLes donn\u00e9es g\u00e9n\u00e9r\u00e9es par les cookies concernant votre utilisation du site (y compris votre adresse IP) seront transmises et stock\u00e9es par Google sur des serveurs situ\u00e9s aux Etats-Unis.<br \/>\nGoogle utilisera cette information dans le but d&rsquo;\u00e9valuer votre utilisation du site, de compiler des rapports sur l&rsquo;activit\u00e9 du site \u00e0 destination de son \u00e9diteur et de fournir d&rsquo;autres services relatifs \u00e0 l&rsquo;activit\u00e9 du site et \u00e0 l&rsquo;utilisation d&rsquo;Internet.<br \/>\nGoogle est susceptible de communiquer ces donn\u00e9es \u00e0 des tiers en cas d&rsquo;obligation l\u00e9gale ou lorsque ces tiers traitent ces donn\u00e9es pour le compte de Google, y compris notamment l&rsquo;\u00e9diteur de ce site.<br \/>\nGoogle ne recoupera pas votre adresse IP avec toute autre donn\u00e9e d\u00e9tenue par Google.<br \/>\nVous pouvez d\u00e9sactiver l&rsquo;utilisation de cookies en s\u00e9lectionnant les param\u00e8tres appropri\u00e9s de votre navigateur. Cependant, une telle d\u00e9sactivation pourrait emp\u00eacher l&rsquo;utilisation de certaines fonctionnalit\u00e9s de ce site.<br \/>\nEn utilisant ce site internet, vous consentez express\u00e9ment au traitement de vos donn\u00e9es nominatives par Google dans les conditions et pour les finalit\u00e9s d\u00e9crites ci-dessus.<\/p>\n","protected":false},"excerpt":{"rendered":"<p>Le site etoilederose.fr est g\u00e9r\u00e9 par : Pascale CATT\u00c9 SIREN : 52502223200033 Direction : Pascale CATT\u00c9 Si\u00e8ge social : 5 rue du Poirier Au Loup 10220 Piney Agence: 13 rue de Paris 10700 Arcis sur Aube Tel: 06.35.21.31.89 Site : www.etoilederose.fr Edition et h\u00e9bergement Le site www.etoilederose.fr&nbsp; est \u00e9dit\u00e9 et h\u00e9berg\u00e9 par : online.net D\u00e9claration [&hellip;]<\/p>\n","protected":false},"author":1,"featured_media":0,"parent":0,"menu_order":0,"comment_status":"closed","ping_status":"closed","template":"","meta":{"ngg_post_thumbnail":0,"footnotes":"","_links_to":"","_links_to_target":""},"class_list":["post-1781","page","type-page","status-publish","hentry"],"yoast_head":"<!-- This site is optimized with the Yoast SEO plugin v21.5 - https:\/\/yoast.com\/wordpress\/plugins\/seo\/ -->\n<title>Mentions l\u00e9gales | Etoile de rose | Adresse<\/title>\n<meta name=\"description\" content=\"Mentions l\u00e9gales du site etoilederose.fr\" \/>\n<meta name=\"robots\" content=\"index, follow, max-snippet:-1, max-image-preview:large, max-video-preview:-1\" \/>\n<link rel=\"canonical\" href=\"https:\/\/www.etoilederose.fr\/index.php\/mentions-legales\" \/>\n<meta name=\"twitter:label1\" content=\"Dur\u00e9e de lecture estim\u00e9e\" \/>\n\t<meta name=\"twitter:data1\" content=\"3 minutes\" \/>\n<script type=\"application\/ld+json\" class=\"yoast-schema-graph\">{\"@context\":\"https:\/\/schema.org\",\"@graph\":[{\"@type\":\"WebPage\",\"@id\":\"https:\/\/www.etoilederose.fr\/index.php\/mentions-legales\",\"url\":\"https:\/\/www.etoilederose.fr\/index.php\/mentions-legales\",\"name\":\"Mentions l\u00e9gales | Etoile de rose | Adresse\",\"isPartOf\":{\"@id\":\"https:\/\/www.etoilederose.fr\/#website\"},\"datePublished\":\"2013-12-27T13:50:25+00:00\",\"dateModified\":\"2023-01-05T22:24:02+00:00\",\"description\":\"Mentions l\u00e9gales du site etoilederose.fr\",\"breadcrumb\":{\"@id\":\"https:\/\/www.etoilederose.fr\/index.php\/mentions-legales#breadcrumb\"},\"inLanguage\":\"fr-FR\",\"potentialAction\":[{\"@type\":\"ReadAction\",\"target\":[\"https:\/\/www.etoilederose.fr\/index.php\/mentions-legales\"]}]},{\"@type\":\"BreadcrumbList\",\"@id\":\"https:\/\/www.etoilederose.fr\/index.php\/mentions-legales#breadcrumb\",\"itemListElement\":[{\"@type\":\"ListItem\",\"position\":1,\"name\":\"Home\",\"item\":\"https:\/\/www.etoilederose.fr\/\"},{\"@type\":\"ListItem\",\"position\":2,\"name\":\"Mentions l\u00e9gales\"}]},{\"@type\":\"WebSite\",\"@id\":\"https:\/\/www.etoilederose.fr\/#website\",\"url\":\"https:\/\/www.etoilederose.fr\/\",\"name\":\"Etoile de rose\",\"description\":\"Etoile de rose D\u00e9coration \u00e9v\u00e9nementielle\",\"publisher\":{\"@id\":\"https:\/\/www.etoilederose.fr\/#\/schema\/person\/2d9d1db00dba3c640fa38b8b1abbdcaf\"},\"potentialAction\":[{\"@type\":\"SearchAction\",\"target\":{\"@type\":\"EntryPoint\",\"urlTemplate\":\"https:\/\/www.etoilederose.fr\/?s={search_term_string}\"},\"query-input\":\"required name=search_term_string\"}],\"inLanguage\":\"fr-FR\"},{\"@type\":[\"Person\",\"Organization\"],\"@id\":\"https:\/\/www.etoilederose.fr\/#\/schema\/person\/2d9d1db00dba3c640fa38b8b1abbdcaf\",\"name\":\"admin\",\"image\":{\"@type\":\"ImageObject\",\"inLanguage\":\"fr-FR\",\"@id\":\"https:\/\/www.etoilederose.fr\/#\/schema\/person\/image\/\",\"url\":\"https:\/\/www.etoilederose.fr\/wp-content\/uploads\/2026\/01\/logo_noir.jpg\",\"contentUrl\":\"https:\/\/www.etoilederose.fr\/wp-content\/uploads\/2026\/01\/logo_noir.jpg\",\"width\":1150,\"height\":1150,\"caption\":\"admin\"},\"logo\":{\"@id\":\"https:\/\/www.etoilederose.fr\/#\/schema\/person\/image\/\"},\"description\":\"D\u00e9coratrice \u00e9v\u00e9nementiel depuis 15 ans, je me suis dirig\u00e9e depuis 8 ans dans le domaine de la d\u00e9coration de vitrines de magasins.\",\"sameAs\":[\"http:\/\/www.etoilederose.fr\",\"https:\/\/www.facebook.com\/etoilederose.fr\/?ref=aymt_homepage_panel\",\"https:\/\/www.instagram.com\/etoile.de.rose\/\",\"https:\/\/twitter.com\/https:\/\/twitter.com\/wwwetoilederose?lang=fr\"]}]}<\/script>\n<!-- \/ Yoast SEO plugin. -->","yoast_head_json":{"title":"Mentions l\u00e9gales | Etoile de rose | Adresse","description":"Mentions l\u00e9gales du site etoilederose.fr","robots":{"index":"index","follow":"follow","max-snippet":"max-snippet:-1","max-image-preview":"max-image-preview:large","max-video-preview":"max-video-preview:-1"},"canonical":"https:\/\/www.etoilederose.fr\/index.php\/mentions-legales","twitter_misc":{"Dur\u00e9e de lecture estim\u00e9e":"3 minutes"},"schema":{"@context":"https:\/\/schema.org","@graph":[{"@type":"WebPage","@id":"https:\/\/www.etoilederose.fr\/index.php\/mentions-legales","url":"https:\/\/www.etoilederose.fr\/index.php\/mentions-legales","name":"Mentions l\u00e9gales | Etoile de rose | Adresse","isPartOf":{"@id":"https:\/\/www.etoilederose.fr\/#website"},"datePublished":"2013-12-27T13:50:25+00:00","dateModified":"2023-01-05T22:24:02+00:00","description":"Mentions l\u00e9gales du site etoilederose.fr","breadcrumb":{"@id":"https:\/\/www.etoilederose.fr\/index.php\/mentions-legales#breadcrumb"},"inLanguage":"fr-FR","potentialAction":[{"@type":"ReadAction","target":["https:\/\/www.etoilederose.fr\/index.php\/mentions-legales"]}]},{"@type":"BreadcrumbList","@id":"https:\/\/www.etoilederose.fr\/index.php\/mentions-legales#breadcrumb","itemListElement":[{"@type":"ListItem","position":1,"name":"Home","item":"https:\/\/www.etoilederose.fr\/"},{"@type":"ListItem","position":2,"name":"Mentions l\u00e9gales"}]},{"@type":"WebSite","@id":"https:\/\/www.etoilederose.fr\/#website","url":"https:\/\/www.etoilederose.fr\/","name":"Etoile de rose","description":"Etoile de rose D\u00e9coration \u00e9v\u00e9nementielle","publisher":{"@id":"https:\/\/www.etoilederose.fr\/#\/schema\/person\/2d9d1db00dba3c640fa38b8b1abbdcaf"},"potentialAction":[{"@type":"SearchAction","target":{"@type":"EntryPoint","urlTemplate":"https:\/\/www.etoilederose.fr\/?s={search_term_string}"},"query-input":"required name=search_term_string"}],"inLanguage":"fr-FR"},{"@type":["Person","Organization"],"@id":"https:\/\/www.etoilederose.fr\/#\/schema\/person\/2d9d1db00dba3c640fa38b8b1abbdcaf","name":"admin","image":{"@type":"ImageObject","inLanguage":"fr-FR","@id":"https:\/\/www.etoilederose.fr\/#\/schema\/person\/image\/","url":"https:\/\/www.etoilederose.fr\/wp-content\/uploads\/2026\/01\/logo_noir.jpg","contentUrl":"https:\/\/www.etoilederose.fr\/wp-content\/uploads\/2026\/01\/logo_noir.jpg","width":1150,"height":1150,"caption":"admin"},"logo":{"@id":"https:\/\/www.etoilederose.fr\/#\/schema\/person\/image\/"},"description":"D\u00e9coratrice \u00e9v\u00e9nementiel depuis 15 ans, je me suis dirig\u00e9e depuis 8 ans dans le domaine de la d\u00e9coration de vitrines de magasins.","sameAs":["http:\/\/www.etoilederose.fr","https:\/\/www.facebook.com\/etoilederose.fr\/?ref=aymt_homepage_panel","https:\/\/www.instagram.com\/etoile.de.rose\/","https:\/\/twitter.com\/https:\/\/twitter.com\/wwwetoilederose?lang=fr"]}]}},"_links":{"self":[{"href":"https:\/\/www.etoilederose.fr\/index.php\/wp-json\/wp\/v2\/pages\/1781","targetHints":{"allow":["GET"]}}],"collection":[{"href":"https:\/\/www.etoilederose.fr\/index.php\/wp-json\/wp\/v2\/pages"}],"about":[{"href":"https:\/\/www.etoilederose.fr\/index.php\/wp-json\/wp\/v2\/types\/page"}],"author":[{"embeddable":true,"href":"https:\/\/www.etoilederose.fr\/index.php\/wp-json\/wp\/v2\/users\/1"}],"replies":[{"embeddable":true,"href":"https:\/\/www.etoilederose.fr\/index.php\/wp-json\/wp\/v2\/comments?post=1781"}],"version-history":[{"count":18,"href":"https:\/\/www.etoilederose.fr\/index.php\/wp-json\/wp\/v2\/pages\/1781\/revisions"}],"predecessor-version":[{"id":8282,"href":"https:\/\/www.etoilederose.fr\/index.php\/wp-json\/wp\/v2\/pages\/1781\/revisions\/8282"}],"wp:attachment":[{"href":"https:\/\/www.etoilederose.fr\/index.php\/wp-json\/wp\/v2\/media?parent=1781"}],"curies":[{"name":"wp","href":"https:\/\/api.w.org\/{rel}","templated":true}]}}