{"id":1752,"date":"2013-12-09T20:57:48","date_gmt":"2013-12-09T20:57:48","guid":{"rendered":"http:\/\/www.etoilederose.fr\/?page_id=1752"},"modified":"2020-01-23T14:29:07","modified_gmt":"2020-01-23T14:29:07","slug":"miss-arcis-sur-aube-2014","status":"publish","type":"page","link":"https:\/\/www.etoilederose.fr\/index.php\/quelques-realisations\/miss-arcis-sur-aube-2014","title":{"rendered":"Miss Arcis sur Aube"},"content":{"rendered":"<div id=\"attachment_1753\" style=\"width: 623px\" class=\"wp-caption aligncenter\"><a href=\"https:\/\/www.etoilederose.fr\/wp-content\/uploads\/2013\/12\/20.jpg\" rel=\"lightbox[1752]\"><img loading=\"lazy\" decoding=\"async\" aria-describedby=\"caption-attachment-1753\" class=\"wp-image-1753\" title=\"20\" src=\"https:\/\/www.etoilederose.fr\/wp-content\/uploads\/2013\/12\/20.jpg\" alt=\"Miss Arcis sur Aube 2014\" width=\"613\" height=\"410\" srcset=\"https:\/\/www.etoilederose.fr\/wp-content\/uploads\/2013\/12\/20.jpg 1000w, https:\/\/www.etoilederose.fr\/wp-content\/uploads\/2013\/12\/20-300x200.jpg 300w\" sizes=\"auto, (max-width: 613px) 100vw, 613px\" \/><\/a><p id=\"caption-attachment-1753\" class=\"wp-caption-text\">D\u00e9cor de sc\u00e8ne de l&rsquo;\u00e9lection de Miss Arcis sur Aube 2014<\/p><\/div>\n<p>&nbsp;<\/p>\n<p>Vous trouverez ici une sc\u00e9nographie r\u00e9alis\u00e9e pour l&rsquo;\u00e9lection de Miss Arcis sur Aube 2014.<\/p>\n<p>Des voiles ont \u00e9t\u00e9 tendus, pour laisser entrevoir des bustes f\u00e9minins, ici un symbole repr\u00e9sentant la f\u00e9minit\u00e9, pour ce concours de Miss Arcis sur Aube pr\u00e9sent\u00e9 le 06 d\u00e9cembre 2013. Les plantes sont naturelles et ont \u00e9t\u00e9 pr\u00eat\u00e9es par MARJOLAINE fleurs \u00e0 Arcis sur Aube. L&rsquo;avanc\u00e9e a \u00e9t\u00e9 \u00e9galement habill\u00e9e d&rsquo;intiss\u00e9 noir, et de drap\u00e9s blancs, ainsi que de buis .<\/p>\n<p>Cette pr\u00e9sentation a \u00e9t\u00e9 r\u00e9alis\u00e9e b\u00e9n\u00e9volement au profit du T\u00e9l\u00e9thon.<\/p>\nngg_shortcode_0_placeholder\n<h2 style=\"text-align: center;\">Miss Arcis sur Aube 2014 et ses Dauphines<\/h2>\n<blockquote><p>&nbsp;<\/p><\/blockquote>\n<p>&nbsp;<\/p>\n<p>&nbsp;<\/p>\n","protected":false},"excerpt":{"rendered":"<p>&nbsp; Vous trouverez ici une sc\u00e9nographie r\u00e9alis\u00e9e pour l&rsquo;\u00e9lection de Miss Arcis sur Aube 2014. Des voiles ont \u00e9t\u00e9 tendus, pour laisser entrevoir des bustes f\u00e9minins, ici un symbole repr\u00e9sentant la f\u00e9minit\u00e9, pour ce concours de Miss Arcis sur Aube pr\u00e9sent\u00e9 le 06 d\u00e9cembre 2013. Les plantes sont naturelles et ont \u00e9t\u00e9 pr\u00eat\u00e9es par MARJOLAINE [&hellip;]<\/p>\n","protected":false},"author":1,"featured_media":0,"parent":25,"menu_order":125,"comment_status":"closed","ping_status":"closed","template":"","meta":{"ngg_post_thumbnail":0,"footnotes":"","_links_to":"","_links_to_target":""},"class_list":["post-1752","page","type-page","status-publish","hentry"],"yoast_head":"<!-- This site is optimized with the Yoast SEO plugin v21.5 - https:\/\/yoast.com\/wordpress\/plugins\/seo\/ -->\n<title>Miss Arcis sur Aube 2014| Etoile de rose | T\u00e9l\u00e9thon |<\/title>\n<meta name=\"description\" content=\"Un d\u00e9cor de sc\u00e8ne pour l&#039;\u00e9lection des Miss Arcis sur Aube 2014 \u00e0 d\u00e9couvrir ici. Vous aussi faites confiance \u00e0 Etoile de rose pour votre d\u00e9cor de sc\u00e8ne !\" \/>\n<meta name=\"robots\" content=\"index, follow, max-snippet:-1, max-image-preview:large, max-video-preview:-1\" \/>\n<link rel=\"canonical\" href=\"https:\/\/www.etoilederose.fr\/index.php\/quelques-realisations\/miss-arcis-sur-aube-2014\" \/>\n<meta name=\"twitter:label1\" content=\"Dur\u00e9e de lecture estim\u00e9e\" \/>\n\t<meta name=\"twitter:data1\" content=\"1 minute\" \/>\n<script type=\"application\/ld+json\" class=\"yoast-schema-graph\">{\"@context\":\"https:\/\/schema.org\",\"@graph\":[{\"@type\":\"WebPage\",\"@id\":\"https:\/\/www.etoilederose.fr\/index.php\/quelques-realisations\/miss-arcis-sur-aube-2014\",\"url\":\"https:\/\/www.etoilederose.fr\/index.php\/quelques-realisations\/miss-arcis-sur-aube-2014\",\"name\":\"Miss Arcis sur Aube 2014| Etoile de rose | T\u00e9l\u00e9thon |\",\"isPartOf\":{\"@id\":\"https:\/\/www.etoilederose.fr\/#website\"},\"datePublished\":\"2013-12-09T20:57:48+00:00\",\"dateModified\":\"2020-01-23T14:29:07+00:00\",\"description\":\"Un d\u00e9cor de sc\u00e8ne pour l'\u00e9lection des Miss Arcis sur Aube 2014 \u00e0 d\u00e9couvrir ici. Vous aussi faites confiance \u00e0 Etoile de rose pour votre d\u00e9cor de sc\u00e8ne !\",\"breadcrumb\":{\"@id\":\"https:\/\/www.etoilederose.fr\/index.php\/quelques-realisations\/miss-arcis-sur-aube-2014#breadcrumb\"},\"inLanguage\":\"fr-FR\",\"potentialAction\":[{\"@type\":\"ReadAction\",\"target\":[\"https:\/\/www.etoilederose.fr\/index.php\/quelques-realisations\/miss-arcis-sur-aube-2014\"]}]},{\"@type\":\"BreadcrumbList\",\"@id\":\"https:\/\/www.etoilederose.fr\/index.php\/quelques-realisations\/miss-arcis-sur-aube-2014#breadcrumb\",\"itemListElement\":[{\"@type\":\"ListItem\",\"position\":1,\"name\":\"Home\",\"item\":\"https:\/\/www.etoilederose.fr\/\"},{\"@type\":\"ListItem\",\"position\":2,\"name\":\"R\u00e9alisations\",\"item\":\"https:\/\/www.etoilederose.fr\/index.php\/quelques-realisations\"},{\"@type\":\"ListItem\",\"position\":3,\"name\":\"Miss Arcis sur Aube\"}]},{\"@type\":\"WebSite\",\"@id\":\"https:\/\/www.etoilederose.fr\/#website\",\"url\":\"https:\/\/www.etoilederose.fr\/\",\"name\":\"Etoile de rose\",\"description\":\"Etoile de rose D\u00e9coration \u00e9v\u00e9nementielle\",\"publisher\":{\"@id\":\"https:\/\/www.etoilederose.fr\/#\/schema\/person\/2d9d1db00dba3c640fa38b8b1abbdcaf\"},\"potentialAction\":[{\"@type\":\"SearchAction\",\"target\":{\"@type\":\"EntryPoint\",\"urlTemplate\":\"https:\/\/www.etoilederose.fr\/?s={search_term_string}\"},\"query-input\":\"required name=search_term_string\"}],\"inLanguage\":\"fr-FR\"},{\"@type\":[\"Person\",\"Organization\"],\"@id\":\"https:\/\/www.etoilederose.fr\/#\/schema\/person\/2d9d1db00dba3c640fa38b8b1abbdcaf\",\"name\":\"admin\",\"image\":{\"@type\":\"ImageObject\",\"inLanguage\":\"fr-FR\",\"@id\":\"https:\/\/www.etoilederose.fr\/#\/schema\/person\/image\/\",\"url\":\"https:\/\/www.etoilederose.fr\/wp-content\/uploads\/2026\/01\/logo_noir.jpg\",\"contentUrl\":\"https:\/\/www.etoilederose.fr\/wp-content\/uploads\/2026\/01\/logo_noir.jpg\",\"width\":1150,\"height\":1150,\"caption\":\"admin\"},\"logo\":{\"@id\":\"https:\/\/www.etoilederose.fr\/#\/schema\/person\/image\/\"},\"description\":\"D\u00e9coratrice \u00e9v\u00e9nementiel depuis 15 ans, je me suis dirig\u00e9e depuis 8 ans dans le domaine de la d\u00e9coration de vitrines de magasins.\",\"sameAs\":[\"http:\/\/www.etoilederose.fr\",\"https:\/\/www.facebook.com\/etoilederose.fr\/?ref=aymt_homepage_panel\",\"https:\/\/www.instagram.com\/etoile.de.rose\/\",\"https:\/\/twitter.com\/https:\/\/twitter.com\/wwwetoilederose?lang=fr\"]}]}<\/script>\n<!-- \/ Yoast SEO plugin. -->","yoast_head_json":{"title":"Miss Arcis sur Aube 2014| Etoile de rose | T\u00e9l\u00e9thon |","description":"Un d\u00e9cor de sc\u00e8ne pour l'\u00e9lection des Miss Arcis sur Aube 2014 \u00e0 d\u00e9couvrir ici. Vous aussi faites confiance \u00e0 Etoile de rose pour votre d\u00e9cor de sc\u00e8ne !","robots":{"index":"index","follow":"follow","max-snippet":"max-snippet:-1","max-image-preview":"max-image-preview:large","max-video-preview":"max-video-preview:-1"},"canonical":"https:\/\/www.etoilederose.fr\/index.php\/quelques-realisations\/miss-arcis-sur-aube-2014","twitter_misc":{"Dur\u00e9e de lecture estim\u00e9e":"1 minute"},"schema":{"@context":"https:\/\/schema.org","@graph":[{"@type":"WebPage","@id":"https:\/\/www.etoilederose.fr\/index.php\/quelques-realisations\/miss-arcis-sur-aube-2014","url":"https:\/\/www.etoilederose.fr\/index.php\/quelques-realisations\/miss-arcis-sur-aube-2014","name":"Miss Arcis sur Aube 2014| Etoile de rose | T\u00e9l\u00e9thon |","isPartOf":{"@id":"https:\/\/www.etoilederose.fr\/#website"},"datePublished":"2013-12-09T20:57:48+00:00","dateModified":"2020-01-23T14:29:07+00:00","description":"Un d\u00e9cor de sc\u00e8ne pour l'\u00e9lection des Miss Arcis sur Aube 2014 \u00e0 d\u00e9couvrir ici. Vous aussi faites confiance \u00e0 Etoile de rose pour votre d\u00e9cor de sc\u00e8ne !","breadcrumb":{"@id":"https:\/\/www.etoilederose.fr\/index.php\/quelques-realisations\/miss-arcis-sur-aube-2014#breadcrumb"},"inLanguage":"fr-FR","potentialAction":[{"@type":"ReadAction","target":["https:\/\/www.etoilederose.fr\/index.php\/quelques-realisations\/miss-arcis-sur-aube-2014"]}]},{"@type":"BreadcrumbList","@id":"https:\/\/www.etoilederose.fr\/index.php\/quelques-realisations\/miss-arcis-sur-aube-2014#breadcrumb","itemListElement":[{"@type":"ListItem","position":1,"name":"Home","item":"https:\/\/www.etoilederose.fr\/"},{"@type":"ListItem","position":2,"name":"R\u00e9alisations","item":"https:\/\/www.etoilederose.fr\/index.php\/quelques-realisations"},{"@type":"ListItem","position":3,"name":"Miss Arcis sur Aube"}]},{"@type":"WebSite","@id":"https:\/\/www.etoilederose.fr\/#website","url":"https:\/\/www.etoilederose.fr\/","name":"Etoile de rose","description":"Etoile de rose D\u00e9coration \u00e9v\u00e9nementielle","publisher":{"@id":"https:\/\/www.etoilederose.fr\/#\/schema\/person\/2d9d1db00dba3c640fa38b8b1abbdcaf"},"potentialAction":[{"@type":"SearchAction","target":{"@type":"EntryPoint","urlTemplate":"https:\/\/www.etoilederose.fr\/?s={search_term_string}"},"query-input":"required name=search_term_string"}],"inLanguage":"fr-FR"},{"@type":["Person","Organization"],"@id":"https:\/\/www.etoilederose.fr\/#\/schema\/person\/2d9d1db00dba3c640fa38b8b1abbdcaf","name":"admin","image":{"@type":"ImageObject","inLanguage":"fr-FR","@id":"https:\/\/www.etoilederose.fr\/#\/schema\/person\/image\/","url":"https:\/\/www.etoilederose.fr\/wp-content\/uploads\/2026\/01\/logo_noir.jpg","contentUrl":"https:\/\/www.etoilederose.fr\/wp-content\/uploads\/2026\/01\/logo_noir.jpg","width":1150,"height":1150,"caption":"admin"},"logo":{"@id":"https:\/\/www.etoilederose.fr\/#\/schema\/person\/image\/"},"description":"D\u00e9coratrice \u00e9v\u00e9nementiel depuis 15 ans, je me suis dirig\u00e9e depuis 8 ans dans le domaine de la d\u00e9coration de vitrines de magasins.","sameAs":["http:\/\/www.etoilederose.fr","https:\/\/www.facebook.com\/etoilederose.fr\/?ref=aymt_homepage_panel","https:\/\/www.instagram.com\/etoile.de.rose\/","https:\/\/twitter.com\/https:\/\/twitter.com\/wwwetoilederose?lang=fr"]}]}},"_links":{"self":[{"href":"https:\/\/www.etoilederose.fr\/index.php\/wp-json\/wp\/v2\/pages\/1752","targetHints":{"allow":["GET"]}}],"collection":[{"href":"https:\/\/www.etoilederose.fr\/index.php\/wp-json\/wp\/v2\/pages"}],"about":[{"href":"https:\/\/www.etoilederose.fr\/index.php\/wp-json\/wp\/v2\/types\/page"}],"author":[{"embeddable":true,"href":"https:\/\/www.etoilederose.fr\/index.php\/wp-json\/wp\/v2\/users\/1"}],"replies":[{"embeddable":true,"href":"https:\/\/www.etoilederose.fr\/index.php\/wp-json\/wp\/v2\/comments?post=1752"}],"version-history":[{"count":20,"href":"https:\/\/www.etoilederose.fr\/index.php\/wp-json\/wp\/v2\/pages\/1752\/revisions"}],"predecessor-version":[{"id":6054,"href":"https:\/\/www.etoilederose.fr\/index.php\/wp-json\/wp\/v2\/pages\/1752\/revisions\/6054"}],"up":[{"embeddable":true,"href":"https:\/\/www.etoilederose.fr\/index.php\/wp-json\/wp\/v2\/pages\/25"}],"wp:attachment":[{"href":"https:\/\/www.etoilederose.fr\/index.php\/wp-json\/wp\/v2\/media?parent=1752"}],"curies":[{"name":"wp","href":"https:\/\/api.w.org\/{rel}","templated":true}]}}