{"id":1612,"date":"2013-10-04T18:05:58","date_gmt":"2013-10-04T18:05:58","guid":{"rendered":"http:\/\/www.etoilederose.fr\/?page_id=1612"},"modified":"2022-02-10T14:29:33","modified_gmt":"2022-02-10T14:29:33","slug":"mariage-en-noir-blanc-argente","status":"publish","type":"page","link":"https:\/\/www.etoilederose.fr\/index.php\/quelques-realisations\/mariage-en-noir-blanc-argente","title":{"rendered":"Mariage en noir-blanc-argent\u00e9"},"content":{"rendered":"<p><a href=\"https:\/\/www.etoilederose.fr\/index.php\/quelques-realisations\/mariage-en-noir-blanc-argente\/site6\"><img loading=\"lazy\" decoding=\"async\" class=\"aligncenter wp-image-1617\" title=\"site6\" src=\"https:\/\/www.etoilederose.fr\/wp-content\/uploads\/2013\/10\/site6.jpg\" alt=\"\" width=\"616\" height=\"412\" srcset=\"https:\/\/www.etoilederose.fr\/wp-content\/uploads\/2013\/10\/site6.jpg 900w, https:\/\/www.etoilederose.fr\/wp-content\/uploads\/2013\/10\/site6-300x200.jpg 300w\" sizes=\"auto, (max-width: 616px) 100vw, 616px\" \/><\/a><\/p>\n<p><a href=\"https:\/\/www.etoilederose.fr\/wp-content\/uploads\/2013\/10\/Koffler-salle-et-table-1.jpg\" rel=\"lightbox[1612]\"><img loading=\"lazy\" decoding=\"async\" class=\"aligncenter  wp-image-3564\" src=\"https:\/\/www.etoilederose.fr\/wp-content\/uploads\/2013\/10\/Koffler-salle-et-table-1-1024x683.jpg\" alt=\"Koffler salle et table 1\" width=\"616\" height=\"410\" srcset=\"https:\/\/www.etoilederose.fr\/wp-content\/uploads\/2013\/10\/Koffler-salle-et-table-1-1024x683.jpg 1024w, https:\/\/www.etoilederose.fr\/wp-content\/uploads\/2013\/10\/Koffler-salle-et-table-1-300x200.jpg 300w, https:\/\/www.etoilederose.fr\/wp-content\/uploads\/2013\/10\/Koffler-salle-et-table-1.jpg 1200w\" sizes=\"auto, (max-width: 616px) 100vw, 616px\" \/><\/a><\/p>\n<h3>&nbsp;Mariage en noir-blanc-argent\u00e9 N\u00b01<\/h3>\n<p>&nbsp;<\/p>\n<p>Dans le 1er exemple, les tentures sont pos\u00e9es dans une salle ovale. Les tables rondes et carr\u00e9es sont mix\u00e9es dans la salle . les tables rectangles et carr\u00e9es sont couvertes de nappe en intiss\u00e9. Les tables rondes sont napp\u00e9es de nappes rondes en tissu.<\/p>\n<p>\u00c9toile de rose s&rsquo;est charg\u00e9 de tout, et m\u00eame de la cr\u00e9ation <a href=\"https:\/\/www.etoilederose.fr\/index.php\/tarifs-locations\">des sets de tables.<\/a> Mais aussi des chandeliers argent\u00e9s avec fleurs fra\u00eeches. J&rsquo;ai cr\u00e9\u00e9 \u00e9galement les porte-noms sur roses en bois blanches et noires.<\/p>\n<p>Tandis que les housses de chaises lycra sont blanches, les n\u0153uds en organza sont noirs. La mari\u00e9e souhaitais des porte-couteaux noirs. J&rsquo;ai repeins ces mod\u00e8les en ardoise .&nbsp; pour finir, les tables sont parsem\u00e9es de diamants, perles de pluie noires.<\/p>\n<p><a href=\"https:\/\/www.etsy.com\/fr\/listing\/544396137\/menu-photophore-personnalise?ref=shop_home_active_18&amp;crt=1\">Les menus photophores<\/a> sont pos\u00e9s sur des verres et garnis d&rsquo;une LED. Il a fallu fournir 100 menus photophores au total.<\/p>\n<p>Pour conclure, on y trouve \u00e9galement des miroirs supports de bougies, avec les noms des tables inscrit en relief . Au sol, les LEDS apporte un peu de rose pour att\u00e9nuer la duret\u00e9 du noir et blanc.<\/p>\n<h3>Vues d&rsquo;ensemble<\/h3>\nngg_shortcode_0_placeholder\n<h3>L&rsquo;\u00e9glise<\/h3>\n<p>\u00c9toile de rose propose la d\u00e9coration de votre lieu de c\u00e9r\u00e9monie, renseignez-vous !<\/p>\n<p><a href=\"https:\/\/www.etoilederose.fr\/wp-content\/uploads\/2020\/01\/Eglise-d\u00e9cor\u00e9e.jpg\" rel=\"lightbox[1612]\"><img loading=\"lazy\" decoding=\"async\" class=\"aligncenter  wp-image-6615\" src=\"https:\/\/www.etoilederose.fr\/wp-content\/uploads\/2020\/01\/Eglise-d\u00e9cor\u00e9e.jpg\" alt=\"\" width=\"563\" height=\"376\" srcset=\"https:\/\/www.etoilederose.fr\/wp-content\/uploads\/2020\/01\/Eglise-d\u00e9cor\u00e9e.jpg 900w, https:\/\/www.etoilederose.fr\/wp-content\/uploads\/2020\/01\/Eglise-d\u00e9cor\u00e9e-300x201.jpg 300w, https:\/\/www.etoilederose.fr\/wp-content\/uploads\/2020\/01\/Eglise-d\u00e9cor\u00e9e-768x514.jpg 768w\" sizes=\"auto, (max-width: 563px) 100vw, 563px\" \/><\/a><\/p>\nngg_shortcode_1_placeholder\n<h3>Quelques d\u00e9tails<\/h3>\n<p>En dernier lieu, je vous pr\u00e9sente ce plan de tables imprim\u00e9 sur une toile. J&rsquo;ai rajout\u00e9 des mini-miroirs qui repr\u00e9sentent les tables.<\/p>\n<div id=\"attachment_6628\" style=\"width: 586px\" class=\"wp-caption aligncenter\"><a href=\"https:\/\/www.etoilederose.fr\/wp-content\/uploads\/2020\/01\/Plan-de-tables-sur-toile.jpg\" rel=\"lightbox[1612]\"><img loading=\"lazy\" decoding=\"async\" aria-describedby=\"caption-attachment-6628\" class=\" wp-image-6628\" src=\"https:\/\/www.etoilederose.fr\/wp-content\/uploads\/2020\/01\/Plan-de-tables-sur-toile-685x1024.jpg\" alt=\"Plan de tables sur toile\" width=\"576\" height=\"861\" srcset=\"https:\/\/www.etoilederose.fr\/wp-content\/uploads\/2020\/01\/Plan-de-tables-sur-toile-685x1024.jpg 685w, https:\/\/www.etoilederose.fr\/wp-content\/uploads\/2020\/01\/Plan-de-tables-sur-toile-201x300.jpg 201w, https:\/\/www.etoilederose.fr\/wp-content\/uploads\/2020\/01\/Plan-de-tables-sur-toile-768x1147.jpg 768w\" sizes=\"auto, (max-width: 576px) 100vw, 576px\" \/><\/a><p id=\"caption-attachment-6628\" class=\"wp-caption-text\">Plan de tables sur toile<\/p><\/div>\nngg_shortcode_2_placeholder\n<p>&nbsp;<\/p>\n<h3>&nbsp;Mariage en noir-blanc-argent\u00e9 N\u00b02<\/h3>\n<p>Une vision tr\u00e8s moderne alliant les housses lycra noires et blanches avec n\u0153uds blanc et noirs de circonstances , ainsi que des nappages en satin altern\u00e9s en noir et blanc. N\u00e9anmoins, les vases martini se veulent sans fleur donc une cr\u00e9ation unique avec led a \u00e9t\u00e9 pens\u00e9e pour rappeler les diff\u00e9rents \u00e9l\u00e9ments de la robe de mari\u00e9e (arabesques sur le corset et tulle noir et blanc pour le jupon).<\/p>\n<p>Les tables ont \u00e9t\u00e9 habill\u00e9es par des chemins de tables en arabesques paillet\u00e9s et de bande de strass pour le c\u00f4t\u00e9 fun et argent\u00e9. Les miroirs du traiteur ont ajout\u00e9 la touche classe et brillante de la table. Chaque bo\u00eete \u00e0 drag\u00e9es arbore les noms d&rsquo;invit\u00e9s, diff\u00e9rentes pour hommes et femmes. Un menu grav\u00e9 sur plexiglas et am\u00e9lior\u00e9 avec une feuille calque noire vient souligner la ligne moderne de cette d\u00e9coration.<\/p>\n<h3><span style=\"color: #000000;\">Quelques d\u00e9tails<\/span><\/h3>\nngg_shortcode_3_placeholder\n<h3>L&rsquo;urne \u00e0 enveloppes, le livre d&rsquo;or<\/h3>\n<p>Selon votre demande, je peux cr\u00e9er tous les styles d&rsquo;urnes \u00e0 enveloppes, et le livre d&rsquo;or en accord.<\/p>\n<p>&nbsp;<\/p>\n<div id=\"attachment_6629\" style=\"width: 593px\" class=\"wp-caption aligncenter\"><a href=\"https:\/\/www.etoilederose.fr\/wp-content\/uploads\/2020\/01\/urne-noire-blanche3Koffler.jpg\" rel=\"lightbox[1612]\"><img loading=\"lazy\" decoding=\"async\" aria-describedby=\"caption-attachment-6629\" class=\" wp-image-6629\" src=\"https:\/\/www.etoilederose.fr\/wp-content\/uploads\/2020\/01\/urne-noire-blanche3Koffler-1024x663.jpg\" alt=\"Urne noire et blanche\" width=\"583\" height=\"377\" srcset=\"https:\/\/www.etoilederose.fr\/wp-content\/uploads\/2020\/01\/urne-noire-blanche3Koffler-1024x663.jpg 1024w, https:\/\/www.etoilederose.fr\/wp-content\/uploads\/2020\/01\/urne-noire-blanche3Koffler-300x194.jpg 300w, https:\/\/www.etoilederose.fr\/wp-content\/uploads\/2020\/01\/urne-noire-blanche3Koffler-768x497.jpg 768w, https:\/\/www.etoilederose.fr\/wp-content\/uploads\/2020\/01\/urne-noire-blanche3Koffler.jpg 1200w\" sizes=\"auto, (max-width: 583px) 100vw, 583px\" \/><\/a><p id=\"caption-attachment-6629\" class=\"wp-caption-text\">Urne noire et blanche<\/p><\/div>\nngg_shortcode_4_placeholder\n<p>&nbsp;<\/p>\n","protected":false},"excerpt":{"rendered":"<p>&nbsp;Mariage en noir-blanc-argent\u00e9 N\u00b01 &nbsp; Dans le 1er exemple, les tentures sont pos\u00e9es dans une salle ovale. Les tables rondes et carr\u00e9es sont mix\u00e9es dans la salle . les tables rectangles et carr\u00e9es sont couvertes de nappe en intiss\u00e9. Les tables rondes sont napp\u00e9es de nappes rondes en tissu. \u00c9toile de rose s&rsquo;est charg\u00e9 de [&hellip;]<\/p>\n","protected":false},"author":1,"featured_media":0,"parent":25,"menu_order":70,"comment_status":"closed","ping_status":"closed","template":"","meta":{"ngg_post_thumbnail":0,"footnotes":"","_links_to":"","_links_to_target":""},"class_list":["post-1612","page","type-page","status-publish","hentry"],"yoast_head":"<!-- This site is optimized with the Yoast SEO plugin v21.5 - https:\/\/yoast.com\/wordpress\/plugins\/seo\/ -->\n<title>Mariage en noir-blanc-argent\u00e9 | Etoile de rose | Devis gratuit<\/title>\n<meta name=\"description\" content=\"Mariage en noir-blanc-argent\u00e9. Vous aussi, profitez d&#039;un devis gratuit d&#039;Etoile de rose, pour la d\u00e9coration de votre \u00e9v\u00e9nement !\" \/>\n<meta name=\"robots\" content=\"index, follow, max-snippet:-1, max-image-preview:large, max-video-preview:-1\" \/>\n<link rel=\"canonical\" href=\"https:\/\/www.etoilederose.fr\/index.php\/quelques-realisations\/mariage-en-noir-blanc-argente\" \/>\n<meta name=\"twitter:label1\" content=\"Dur\u00e9e de lecture estim\u00e9e\" \/>\n\t<meta name=\"twitter:data1\" content=\"4 minutes\" \/>\n<script type=\"application\/ld+json\" class=\"yoast-schema-graph\">{\"@context\":\"https:\/\/schema.org\",\"@graph\":[{\"@type\":\"WebPage\",\"@id\":\"https:\/\/www.etoilederose.fr\/index.php\/quelques-realisations\/mariage-en-noir-blanc-argente\",\"url\":\"https:\/\/www.etoilederose.fr\/index.php\/quelques-realisations\/mariage-en-noir-blanc-argente\",\"name\":\"Mariage en noir-blanc-argent\u00e9 | Etoile de rose | Devis gratuit\",\"isPartOf\":{\"@id\":\"https:\/\/www.etoilederose.fr\/#website\"},\"datePublished\":\"2013-10-04T18:05:58+00:00\",\"dateModified\":\"2022-02-10T14:29:33+00:00\",\"description\":\"Mariage en noir-blanc-argent\u00e9. Vous aussi, profitez d'un devis gratuit d'Etoile de rose, pour la d\u00e9coration de votre \u00e9v\u00e9nement !\",\"breadcrumb\":{\"@id\":\"https:\/\/www.etoilederose.fr\/index.php\/quelques-realisations\/mariage-en-noir-blanc-argente#breadcrumb\"},\"inLanguage\":\"fr-FR\",\"potentialAction\":[{\"@type\":\"ReadAction\",\"target\":[\"https:\/\/www.etoilederose.fr\/index.php\/quelques-realisations\/mariage-en-noir-blanc-argente\"]}]},{\"@type\":\"BreadcrumbList\",\"@id\":\"https:\/\/www.etoilederose.fr\/index.php\/quelques-realisations\/mariage-en-noir-blanc-argente#breadcrumb\",\"itemListElement\":[{\"@type\":\"ListItem\",\"position\":1,\"name\":\"Home\",\"item\":\"https:\/\/www.etoilederose.fr\/\"},{\"@type\":\"ListItem\",\"position\":2,\"name\":\"R\u00e9alisations\",\"item\":\"https:\/\/www.etoilederose.fr\/index.php\/quelques-realisations\"},{\"@type\":\"ListItem\",\"position\":3,\"name\":\"Mariage en noir-blanc-argent\u00e9\"}]},{\"@type\":\"WebSite\",\"@id\":\"https:\/\/www.etoilederose.fr\/#website\",\"url\":\"https:\/\/www.etoilederose.fr\/\",\"name\":\"Etoile de rose\",\"description\":\"Etoile de rose D\u00e9coration \u00e9v\u00e9nementielle\",\"publisher\":{\"@id\":\"https:\/\/www.etoilederose.fr\/#\/schema\/person\/2d9d1db00dba3c640fa38b8b1abbdcaf\"},\"potentialAction\":[{\"@type\":\"SearchAction\",\"target\":{\"@type\":\"EntryPoint\",\"urlTemplate\":\"https:\/\/www.etoilederose.fr\/?s={search_term_string}\"},\"query-input\":\"required name=search_term_string\"}],\"inLanguage\":\"fr-FR\"},{\"@type\":[\"Person\",\"Organization\"],\"@id\":\"https:\/\/www.etoilederose.fr\/#\/schema\/person\/2d9d1db00dba3c640fa38b8b1abbdcaf\",\"name\":\"admin\",\"image\":{\"@type\":\"ImageObject\",\"inLanguage\":\"fr-FR\",\"@id\":\"https:\/\/www.etoilederose.fr\/#\/schema\/person\/image\/\",\"url\":\"https:\/\/www.etoilederose.fr\/wp-content\/uploads\/2026\/01\/logo_noir.jpg\",\"contentUrl\":\"https:\/\/www.etoilederose.fr\/wp-content\/uploads\/2026\/01\/logo_noir.jpg\",\"width\":1150,\"height\":1150,\"caption\":\"admin\"},\"logo\":{\"@id\":\"https:\/\/www.etoilederose.fr\/#\/schema\/person\/image\/\"},\"description\":\"D\u00e9coratrice \u00e9v\u00e9nementiel depuis 15 ans, je me suis dirig\u00e9e depuis 8 ans dans le domaine de la d\u00e9coration de vitrines de magasins.\",\"sameAs\":[\"http:\/\/www.etoilederose.fr\",\"https:\/\/www.facebook.com\/etoilederose.fr\/?ref=aymt_homepage_panel\",\"https:\/\/www.instagram.com\/etoile.de.rose\/\",\"https:\/\/twitter.com\/https:\/\/twitter.com\/wwwetoilederose?lang=fr\"]}]}<\/script>\n<!-- \/ Yoast SEO plugin. -->","yoast_head_json":{"title":"Mariage en noir-blanc-argent\u00e9 | Etoile de rose | Devis gratuit","description":"Mariage en noir-blanc-argent\u00e9. Vous aussi, profitez d'un devis gratuit d'Etoile de rose, pour la d\u00e9coration de votre \u00e9v\u00e9nement !","robots":{"index":"index","follow":"follow","max-snippet":"max-snippet:-1","max-image-preview":"max-image-preview:large","max-video-preview":"max-video-preview:-1"},"canonical":"https:\/\/www.etoilederose.fr\/index.php\/quelques-realisations\/mariage-en-noir-blanc-argente","twitter_misc":{"Dur\u00e9e de lecture estim\u00e9e":"4 minutes"},"schema":{"@context":"https:\/\/schema.org","@graph":[{"@type":"WebPage","@id":"https:\/\/www.etoilederose.fr\/index.php\/quelques-realisations\/mariage-en-noir-blanc-argente","url":"https:\/\/www.etoilederose.fr\/index.php\/quelques-realisations\/mariage-en-noir-blanc-argente","name":"Mariage en noir-blanc-argent\u00e9 | Etoile de rose | Devis gratuit","isPartOf":{"@id":"https:\/\/www.etoilederose.fr\/#website"},"datePublished":"2013-10-04T18:05:58+00:00","dateModified":"2022-02-10T14:29:33+00:00","description":"Mariage en noir-blanc-argent\u00e9. Vous aussi, profitez d'un devis gratuit d'Etoile de rose, pour la d\u00e9coration de votre \u00e9v\u00e9nement !","breadcrumb":{"@id":"https:\/\/www.etoilederose.fr\/index.php\/quelques-realisations\/mariage-en-noir-blanc-argente#breadcrumb"},"inLanguage":"fr-FR","potentialAction":[{"@type":"ReadAction","target":["https:\/\/www.etoilederose.fr\/index.php\/quelques-realisations\/mariage-en-noir-blanc-argente"]}]},{"@type":"BreadcrumbList","@id":"https:\/\/www.etoilederose.fr\/index.php\/quelques-realisations\/mariage-en-noir-blanc-argente#breadcrumb","itemListElement":[{"@type":"ListItem","position":1,"name":"Home","item":"https:\/\/www.etoilederose.fr\/"},{"@type":"ListItem","position":2,"name":"R\u00e9alisations","item":"https:\/\/www.etoilederose.fr\/index.php\/quelques-realisations"},{"@type":"ListItem","position":3,"name":"Mariage en noir-blanc-argent\u00e9"}]},{"@type":"WebSite","@id":"https:\/\/www.etoilederose.fr\/#website","url":"https:\/\/www.etoilederose.fr\/","name":"Etoile de rose","description":"Etoile de rose D\u00e9coration \u00e9v\u00e9nementielle","publisher":{"@id":"https:\/\/www.etoilederose.fr\/#\/schema\/person\/2d9d1db00dba3c640fa38b8b1abbdcaf"},"potentialAction":[{"@type":"SearchAction","target":{"@type":"EntryPoint","urlTemplate":"https:\/\/www.etoilederose.fr\/?s={search_term_string}"},"query-input":"required name=search_term_string"}],"inLanguage":"fr-FR"},{"@type":["Person","Organization"],"@id":"https:\/\/www.etoilederose.fr\/#\/schema\/person\/2d9d1db00dba3c640fa38b8b1abbdcaf","name":"admin","image":{"@type":"ImageObject","inLanguage":"fr-FR","@id":"https:\/\/www.etoilederose.fr\/#\/schema\/person\/image\/","url":"https:\/\/www.etoilederose.fr\/wp-content\/uploads\/2026\/01\/logo_noir.jpg","contentUrl":"https:\/\/www.etoilederose.fr\/wp-content\/uploads\/2026\/01\/logo_noir.jpg","width":1150,"height":1150,"caption":"admin"},"logo":{"@id":"https:\/\/www.etoilederose.fr\/#\/schema\/person\/image\/"},"description":"D\u00e9coratrice \u00e9v\u00e9nementiel depuis 15 ans, je me suis dirig\u00e9e depuis 8 ans dans le domaine de la d\u00e9coration de vitrines de magasins.","sameAs":["http:\/\/www.etoilederose.fr","https:\/\/www.facebook.com\/etoilederose.fr\/?ref=aymt_homepage_panel","https:\/\/www.instagram.com\/etoile.de.rose\/","https:\/\/twitter.com\/https:\/\/twitter.com\/wwwetoilederose?lang=fr"]}]}},"_links":{"self":[{"href":"https:\/\/www.etoilederose.fr\/index.php\/wp-json\/wp\/v2\/pages\/1612","targetHints":{"allow":["GET"]}}],"collection":[{"href":"https:\/\/www.etoilederose.fr\/index.php\/wp-json\/wp\/v2\/pages"}],"about":[{"href":"https:\/\/www.etoilederose.fr\/index.php\/wp-json\/wp\/v2\/types\/page"}],"author":[{"embeddable":true,"href":"https:\/\/www.etoilederose.fr\/index.php\/wp-json\/wp\/v2\/users\/1"}],"replies":[{"embeddable":true,"href":"https:\/\/www.etoilederose.fr\/index.php\/wp-json\/wp\/v2\/comments?post=1612"}],"version-history":[{"count":35,"href":"https:\/\/www.etoilederose.fr\/index.php\/wp-json\/wp\/v2\/pages\/1612\/revisions"}],"predecessor-version":[{"id":6940,"href":"https:\/\/www.etoilederose.fr\/index.php\/wp-json\/wp\/v2\/pages\/1612\/revisions\/6940"}],"up":[{"embeddable":true,"href":"https:\/\/www.etoilederose.fr\/index.php\/wp-json\/wp\/v2\/pages\/25"}],"wp:attachment":[{"href":"https:\/\/www.etoilederose.fr\/index.php\/wp-json\/wp\/v2\/media?parent=1612"}],"curies":[{"name":"wp","href":"https:\/\/api.w.org\/{rel}","templated":true}]}}