{"id":1605,"date":"2013-10-04T16:33:57","date_gmt":"2013-10-04T16:33:57","guid":{"rendered":"http:\/\/www.etoilederose.fr\/?page_id=1605"},"modified":"2022-02-10T14:36:04","modified_gmt":"2022-02-10T14:36:04","slug":"mariage-en-noir-et-blanc","status":"publish","type":"page","link":"https:\/\/www.etoilederose.fr\/index.php\/quelques-realisations\/mariage-en-noir-et-blanc","title":{"rendered":"Mariage en noir et blanc"},"content":{"rendered":"<div id=\"attachment_6772\" style=\"width: 596px\" class=\"wp-caption aligncenter\"><a href=\"https:\/\/www.etoilederose.fr\/index.php\/quelques-realisations\/mariage-en-noir-et-blanc\/mariage-noir-et-blanc\" rel=\"attachment wp-att-6772\"><img loading=\"lazy\" decoding=\"async\" aria-describedby=\"caption-attachment-6772\" class=\" wp-image-6772\" src=\"https:\/\/www.etoilederose.fr\/wp-content\/uploads\/2020\/01\/Mariage-noir-et-blanc.jpg\" alt=\"\" width=\"586\" height=\"392\" srcset=\"https:\/\/www.etoilederose.fr\/wp-content\/uploads\/2020\/01\/Mariage-noir-et-blanc.jpg 1000w, https:\/\/www.etoilederose.fr\/wp-content\/uploads\/2020\/01\/Mariage-noir-et-blanc-300x201.jpg 300w, https:\/\/www.etoilederose.fr\/wp-content\/uploads\/2020\/01\/Mariage-noir-et-blanc-768x514.jpg 768w\" sizes=\"auto, (max-width: 586px) 100vw, 586px\" \/><\/a><p id=\"caption-attachment-6772\" class=\"wp-caption-text\">Mariage noir et blanc<\/p><\/div>\n<p>Premi\u00e8rement, ce mariage en noir et blanc sort de l&rsquo;ordinaire. En effet le noir domine le blanc ce qui est peu commun pour ce genre d&rsquo;\u00e9v\u00e9nement.<\/p>\n<p>Lieu: Salle La \u00ab\u00a0Barca\u00a0\u00bb \u00e0 Qu\u00e9tigny<\/p>\n<p>Mentionnons qu&rsquo;au d\u00e9part la salle est recouverte de peinture orange sur les murs. La mari\u00e9e souhaitait que le maximum de choses soient en noir et blanc. Donc il a fallu recouvrir les murs de voile noir tr\u00e8s recouvrant.<\/p>\n<div id=\"attachment_6775\" style=\"width: 589px\" class=\"wp-caption aligncenter\"><a href=\"https:\/\/www.etoilederose.fr\/index.php\/quelques-realisations\/mariage-en-noir-et-blanc\/1-11\" rel=\"attachment wp-att-6775\"><img loading=\"lazy\" decoding=\"async\" aria-describedby=\"caption-attachment-6775\" class=\" wp-image-6775\" src=\"https:\/\/www.etoilederose.fr\/wp-content\/uploads\/2020\/01\/1-1024x685.jpg\" alt=\"La Barca \u00e0 Qu\u00e9tigny\" width=\"579\" height=\"388\" srcset=\"https:\/\/www.etoilederose.fr\/wp-content\/uploads\/2020\/01\/1-1024x685.jpg 1024w, https:\/\/www.etoilederose.fr\/wp-content\/uploads\/2020\/01\/1-300x201.jpg 300w, https:\/\/www.etoilederose.fr\/wp-content\/uploads\/2020\/01\/1-768x514.jpg 768w\" sizes=\"auto, (max-width: 579px) 100vw, 579px\" \/><\/a><p id=\"caption-attachment-6775\" class=\"wp-caption-text\">&nbsp;&nbsp;&nbsp;&nbsp;&nbsp;&nbsp;&nbsp;&nbsp;&nbsp;&nbsp;&nbsp;&nbsp;&nbsp;&nbsp;&nbsp;&nbsp;&nbsp;&nbsp;&nbsp;&nbsp;&nbsp;&nbsp;&nbsp;&nbsp;&nbsp;&nbsp;&nbsp;&nbsp;&nbsp;&nbsp;&nbsp;&nbsp;&nbsp;&nbsp;&nbsp;&nbsp;&nbsp;&nbsp;&nbsp; La Barca \u00e0 Qu\u00e9tigny<\/p><\/div>\n<div id=\"attachment_6778\" style=\"width: 583px\" class=\"wp-caption aligncenter\"><a href=\"https:\/\/www.etoilederose.fr\/index.php\/quelques-realisations\/mariage-en-noir-et-blanc\/salle-a-quetigny\" rel=\"attachment wp-att-6778\"><img loading=\"lazy\" decoding=\"async\" aria-describedby=\"caption-attachment-6778\" class=\" wp-image-6778\" src=\"https:\/\/www.etoilederose.fr\/wp-content\/uploads\/2020\/01\/Salle-\u00e0-Qu\u00e9tigny-1024x756.jpg\" alt=\"Salle \u00e0 Qu\u00e9tigny\" width=\"573\" height=\"423\" srcset=\"https:\/\/www.etoilederose.fr\/wp-content\/uploads\/2020\/01\/Salle-\u00e0-Qu\u00e9tigny-1024x756.jpg 1024w, https:\/\/www.etoilederose.fr\/wp-content\/uploads\/2020\/01\/Salle-\u00e0-Qu\u00e9tigny-300x221.jpg 300w, https:\/\/www.etoilederose.fr\/wp-content\/uploads\/2020\/01\/Salle-\u00e0-Qu\u00e9tigny-768x567.jpg 768w\" sizes=\"auto, (max-width: 573px) 100vw, 573px\" \/><\/a><p id=\"caption-attachment-6778\" class=\"wp-caption-text\">Salle \u00e0 Qu\u00e9tigny<\/p><\/div>\n<h3><span style=\"color: #000000;\">La table<\/span><\/h3>\n<p><a href=\"https:\/\/www.etoilederose.fr\/index.php\/tarifs-locations\">Les housses de chaises<\/a>&nbsp; en lycra extensibles noires, les n\u0153uds en satin blanc. Le nappage est en voie s\u00e8che qui est un tissu non tiss\u00e9, touch\u00e9 doux comme du tissu, mais qui reste jetable. Les chandeliers noirs en m\u00e9tal ne sont plus propos\u00e9s en location. <a href=\"https:\/\/www.etoilederose.fr\/index.php\/tarifs-locations\">Les sets de tables<\/a> exclusivit\u00e9 \u00c9toile de rose apportent le c\u00f4t\u00e9 f\u00e9minin baroque de la d\u00e9coration.<\/p>\n<p>Autrement dit: peu de fantaisie, tout est dans l&rsquo;essentiel : le noir dominant et une pointe de baroque.<\/p>\n<h3>les vues d&rsquo;ensemble et d\u00e9tails<\/h3>\nngg_shortcode_0_placeholder\n<h3>La structure de c\u00e9r\u00e9monie<\/h3>\n<p>De plus, une c\u00e9r\u00e9monie d&rsquo;engagement a \u00e9t\u00e9 donn\u00e9e dans le jardin du restaurant de la r\u00e9ception. En deuxi\u00e8me lieu, je me suis charg\u00e9e de la d\u00e9coration de la la structure . En elle m\u00eame je l&rsquo;ai laiss\u00e9e blanche, des housses de chaises noire habillent le lieu. De surcroit, des c\u00f4nes en bristol cr\u00e9\u00e9s pour l&rsquo;occasion contenaient les p\u00e9tales \u00e0 lancer sur l&rsquo;all\u00e9e principale. menant&nbsp; les mari\u00e9s devant le pupitre. les d\u00e9tails comme le sable, les contenants, le registre de c\u00e9r\u00e9monie, ont \u00e9t\u00e9 cr\u00e9\u00e9s \u00e9galement cr\u00e9\u00e9s par Etoile de rose. Je me suis charg\u00e9e \u00e9galement de toute la c\u00e9r\u00e9monie, ce qui n&rsquo;est pas une habitude.<\/p>\nngg_shortcode_1_placeholder\n<h3>Le livre d&rsquo;or et l&rsquo;urne \u00e0 enveloppes<\/h3>\n<p>Des mod\u00e8les uniques, imagin\u00e9s par Etoile de rose, cousus, sur leur supports, en dominance noire, avec une touche de baroque.<\/p>\nngg_shortcode_2_placeholder\n<p>&nbsp;<\/p>\n","protected":false},"excerpt":{"rendered":"<p>Premi\u00e8rement, ce mariage en noir et blanc sort de l&rsquo;ordinaire. En effet le noir domine le blanc ce qui est peu commun pour ce genre d&rsquo;\u00e9v\u00e9nement. Lieu: Salle La \u00ab\u00a0Barca\u00a0\u00bb \u00e0 Qu\u00e9tigny Mentionnons qu&rsquo;au d\u00e9part la salle est recouverte de peinture orange sur les murs. La mari\u00e9e souhaitait que le maximum de choses soient en [&hellip;]<\/p>\n","protected":false},"author":1,"featured_media":0,"parent":25,"menu_order":120,"comment_status":"closed","ping_status":"closed","template":"","meta":{"ngg_post_thumbnail":0,"footnotes":"","_links_to":"","_links_to_target":""},"class_list":["post-1605","page","type-page","status-publish","hentry"],"yoast_head":"<!-- This site is optimized with the Yoast SEO plugin v21.5 - https:\/\/yoast.com\/wordpress\/plugins\/seo\/ -->\n<title>Mariage en noir et blanc | Etoile de rose | Qu\u00e9tigny<\/title>\n<meta name=\"description\" content=\"Etoile de rose a d\u00e9cor\u00e9 ce Mariage en noir et blanc \u00e0 Qu\u00e9tigny. Vous aussi, profitez de ses talents pour d\u00e9corer votre \u00e9v\u00e9nement !\" \/>\n<meta name=\"robots\" content=\"index, follow, max-snippet:-1, max-image-preview:large, max-video-preview:-1\" \/>\n<link rel=\"canonical\" href=\"https:\/\/www.etoilederose.fr\/index.php\/quelques-realisations\/mariage-en-noir-et-blanc\" \/>\n<meta name=\"twitter:label1\" content=\"Dur\u00e9e de lecture estim\u00e9e\" \/>\n\t<meta name=\"twitter:data1\" content=\"3 minutes\" \/>\n<script type=\"application\/ld+json\" class=\"yoast-schema-graph\">{\"@context\":\"https:\/\/schema.org\",\"@graph\":[{\"@type\":\"WebPage\",\"@id\":\"https:\/\/www.etoilederose.fr\/index.php\/quelques-realisations\/mariage-en-noir-et-blanc\",\"url\":\"https:\/\/www.etoilederose.fr\/index.php\/quelques-realisations\/mariage-en-noir-et-blanc\",\"name\":\"Mariage en noir et blanc | Etoile de rose | Qu\u00e9tigny\",\"isPartOf\":{\"@id\":\"https:\/\/www.etoilederose.fr\/#website\"},\"datePublished\":\"2013-10-04T16:33:57+00:00\",\"dateModified\":\"2022-02-10T14:36:04+00:00\",\"description\":\"Etoile de rose a d\u00e9cor\u00e9 ce Mariage en noir et blanc \u00e0 Qu\u00e9tigny. Vous aussi, profitez de ses talents pour d\u00e9corer votre \u00e9v\u00e9nement !\",\"breadcrumb\":{\"@id\":\"https:\/\/www.etoilederose.fr\/index.php\/quelques-realisations\/mariage-en-noir-et-blanc#breadcrumb\"},\"inLanguage\":\"fr-FR\",\"potentialAction\":[{\"@type\":\"ReadAction\",\"target\":[\"https:\/\/www.etoilederose.fr\/index.php\/quelques-realisations\/mariage-en-noir-et-blanc\"]}]},{\"@type\":\"BreadcrumbList\",\"@id\":\"https:\/\/www.etoilederose.fr\/index.php\/quelques-realisations\/mariage-en-noir-et-blanc#breadcrumb\",\"itemListElement\":[{\"@type\":\"ListItem\",\"position\":1,\"name\":\"Home\",\"item\":\"https:\/\/www.etoilederose.fr\/\"},{\"@type\":\"ListItem\",\"position\":2,\"name\":\"R\u00e9alisations\",\"item\":\"https:\/\/www.etoilederose.fr\/index.php\/quelques-realisations\"},{\"@type\":\"ListItem\",\"position\":3,\"name\":\"Mariage en noir et blanc\"}]},{\"@type\":\"WebSite\",\"@id\":\"https:\/\/www.etoilederose.fr\/#website\",\"url\":\"https:\/\/www.etoilederose.fr\/\",\"name\":\"Etoile de rose\",\"description\":\"Etoile de rose D\u00e9coration \u00e9v\u00e9nementielle\",\"publisher\":{\"@id\":\"https:\/\/www.etoilederose.fr\/#\/schema\/person\/2d9d1db00dba3c640fa38b8b1abbdcaf\"},\"potentialAction\":[{\"@type\":\"SearchAction\",\"target\":{\"@type\":\"EntryPoint\",\"urlTemplate\":\"https:\/\/www.etoilederose.fr\/?s={search_term_string}\"},\"query-input\":\"required name=search_term_string\"}],\"inLanguage\":\"fr-FR\"},{\"@type\":[\"Person\",\"Organization\"],\"@id\":\"https:\/\/www.etoilederose.fr\/#\/schema\/person\/2d9d1db00dba3c640fa38b8b1abbdcaf\",\"name\":\"admin\",\"image\":{\"@type\":\"ImageObject\",\"inLanguage\":\"fr-FR\",\"@id\":\"https:\/\/www.etoilederose.fr\/#\/schema\/person\/image\/\",\"url\":\"https:\/\/www.etoilederose.fr\/wp-content\/uploads\/2026\/01\/logo_noir.jpg\",\"contentUrl\":\"https:\/\/www.etoilederose.fr\/wp-content\/uploads\/2026\/01\/logo_noir.jpg\",\"width\":1150,\"height\":1150,\"caption\":\"admin\"},\"logo\":{\"@id\":\"https:\/\/www.etoilederose.fr\/#\/schema\/person\/image\/\"},\"description\":\"D\u00e9coratrice \u00e9v\u00e9nementiel depuis 15 ans, je me suis dirig\u00e9e depuis 8 ans dans le domaine de la d\u00e9coration de vitrines de magasins.\",\"sameAs\":[\"http:\/\/www.etoilederose.fr\",\"https:\/\/www.facebook.com\/etoilederose.fr\/?ref=aymt_homepage_panel\",\"https:\/\/www.instagram.com\/etoile.de.rose\/\",\"https:\/\/twitter.com\/https:\/\/twitter.com\/wwwetoilederose?lang=fr\"]}]}<\/script>\n<!-- \/ Yoast SEO plugin. -->","yoast_head_json":{"title":"Mariage en noir et blanc | Etoile de rose | Qu\u00e9tigny","description":"Etoile de rose a d\u00e9cor\u00e9 ce Mariage en noir et blanc \u00e0 Qu\u00e9tigny. Vous aussi, profitez de ses talents pour d\u00e9corer votre \u00e9v\u00e9nement !","robots":{"index":"index","follow":"follow","max-snippet":"max-snippet:-1","max-image-preview":"max-image-preview:large","max-video-preview":"max-video-preview:-1"},"canonical":"https:\/\/www.etoilederose.fr\/index.php\/quelques-realisations\/mariage-en-noir-et-blanc","twitter_misc":{"Dur\u00e9e de lecture estim\u00e9e":"3 minutes"},"schema":{"@context":"https:\/\/schema.org","@graph":[{"@type":"WebPage","@id":"https:\/\/www.etoilederose.fr\/index.php\/quelques-realisations\/mariage-en-noir-et-blanc","url":"https:\/\/www.etoilederose.fr\/index.php\/quelques-realisations\/mariage-en-noir-et-blanc","name":"Mariage en noir et blanc | Etoile de rose | Qu\u00e9tigny","isPartOf":{"@id":"https:\/\/www.etoilederose.fr\/#website"},"datePublished":"2013-10-04T16:33:57+00:00","dateModified":"2022-02-10T14:36:04+00:00","description":"Etoile de rose a d\u00e9cor\u00e9 ce Mariage en noir et blanc \u00e0 Qu\u00e9tigny. Vous aussi, profitez de ses talents pour d\u00e9corer votre \u00e9v\u00e9nement !","breadcrumb":{"@id":"https:\/\/www.etoilederose.fr\/index.php\/quelques-realisations\/mariage-en-noir-et-blanc#breadcrumb"},"inLanguage":"fr-FR","potentialAction":[{"@type":"ReadAction","target":["https:\/\/www.etoilederose.fr\/index.php\/quelques-realisations\/mariage-en-noir-et-blanc"]}]},{"@type":"BreadcrumbList","@id":"https:\/\/www.etoilederose.fr\/index.php\/quelques-realisations\/mariage-en-noir-et-blanc#breadcrumb","itemListElement":[{"@type":"ListItem","position":1,"name":"Home","item":"https:\/\/www.etoilederose.fr\/"},{"@type":"ListItem","position":2,"name":"R\u00e9alisations","item":"https:\/\/www.etoilederose.fr\/index.php\/quelques-realisations"},{"@type":"ListItem","position":3,"name":"Mariage en noir et blanc"}]},{"@type":"WebSite","@id":"https:\/\/www.etoilederose.fr\/#website","url":"https:\/\/www.etoilederose.fr\/","name":"Etoile de rose","description":"Etoile de rose D\u00e9coration \u00e9v\u00e9nementielle","publisher":{"@id":"https:\/\/www.etoilederose.fr\/#\/schema\/person\/2d9d1db00dba3c640fa38b8b1abbdcaf"},"potentialAction":[{"@type":"SearchAction","target":{"@type":"EntryPoint","urlTemplate":"https:\/\/www.etoilederose.fr\/?s={search_term_string}"},"query-input":"required name=search_term_string"}],"inLanguage":"fr-FR"},{"@type":["Person","Organization"],"@id":"https:\/\/www.etoilederose.fr\/#\/schema\/person\/2d9d1db00dba3c640fa38b8b1abbdcaf","name":"admin","image":{"@type":"ImageObject","inLanguage":"fr-FR","@id":"https:\/\/www.etoilederose.fr\/#\/schema\/person\/image\/","url":"https:\/\/www.etoilederose.fr\/wp-content\/uploads\/2026\/01\/logo_noir.jpg","contentUrl":"https:\/\/www.etoilederose.fr\/wp-content\/uploads\/2026\/01\/logo_noir.jpg","width":1150,"height":1150,"caption":"admin"},"logo":{"@id":"https:\/\/www.etoilederose.fr\/#\/schema\/person\/image\/"},"description":"D\u00e9coratrice \u00e9v\u00e9nementiel depuis 15 ans, je me suis dirig\u00e9e depuis 8 ans dans le domaine de la d\u00e9coration de vitrines de magasins.","sameAs":["http:\/\/www.etoilederose.fr","https:\/\/www.facebook.com\/etoilederose.fr\/?ref=aymt_homepage_panel","https:\/\/www.instagram.com\/etoile.de.rose\/","https:\/\/twitter.com\/https:\/\/twitter.com\/wwwetoilederose?lang=fr"]}]}},"_links":{"self":[{"href":"https:\/\/www.etoilederose.fr\/index.php\/wp-json\/wp\/v2\/pages\/1605","targetHints":{"allow":["GET"]}}],"collection":[{"href":"https:\/\/www.etoilederose.fr\/index.php\/wp-json\/wp\/v2\/pages"}],"about":[{"href":"https:\/\/www.etoilederose.fr\/index.php\/wp-json\/wp\/v2\/types\/page"}],"author":[{"embeddable":true,"href":"https:\/\/www.etoilederose.fr\/index.php\/wp-json\/wp\/v2\/users\/1"}],"replies":[{"embeddable":true,"href":"https:\/\/www.etoilederose.fr\/index.php\/wp-json\/wp\/v2\/comments?post=1605"}],"version-history":[{"count":26,"href":"https:\/\/www.etoilederose.fr\/index.php\/wp-json\/wp\/v2\/pages\/1605\/revisions"}],"predecessor-version":[{"id":6781,"href":"https:\/\/www.etoilederose.fr\/index.php\/wp-json\/wp\/v2\/pages\/1605\/revisions\/6781"}],"up":[{"embeddable":true,"href":"https:\/\/www.etoilederose.fr\/index.php\/wp-json\/wp\/v2\/pages\/25"}],"wp:attachment":[{"href":"https:\/\/www.etoilederose.fr\/index.php\/wp-json\/wp\/v2\/media?parent=1605"}],"curies":[{"name":"wp","href":"https:\/\/api.w.org\/{rel}","templated":true}]}}