{"id":1493,"date":"2013-08-11T16:01:28","date_gmt":"2013-08-11T16:01:28","guid":{"rendered":"http:\/\/www.etoilederose.fr\/?page_id=1493"},"modified":"2022-02-10T14:27:26","modified_gmt":"2022-02-10T14:27:26","slug":"mariage-fuchsia-gris-blanc","status":"publish","type":"page","link":"https:\/\/www.etoilederose.fr\/index.php\/quelques-realisations\/mariage-fuchsia-gris-blanc","title":{"rendered":"Mariage fuchsia gris blanc"},"content":{"rendered":"<div id=\"attachment_1805\" style=\"width: 622px\" class=\"wp-caption aligncenter\"><a href=\"https:\/\/www.etoilederose.fr\/index.php\/quelques-realisations\/mariage-fuchsia-gris-blanc\/4lepotc\"><img loading=\"lazy\" decoding=\"async\" aria-describedby=\"caption-attachment-1805\" class=\"D\u00e9coration de table fuchsia gris blanc wp-image-1805\" title=\"D\u00e9coration de table fuchsia gris blanc\" src=\"https:\/\/www.etoilederose.fr\/wp-content\/uploads\/2013\/08\/4lepotC--1024x721.jpg\" alt=\"D\u00e9coration de table fuchsia gris blanc\" width=\"612\" height=\"431\" srcset=\"https:\/\/www.etoilederose.fr\/wp-content\/uploads\/2013\/08\/4lepotC--1024x721.jpg 1024w, https:\/\/www.etoilederose.fr\/wp-content\/uploads\/2013\/08\/4lepotC--300x211.jpg 300w\" sizes=\"auto, (max-width: 612px) 100vw, 612px\" \/><\/a><p id=\"caption-attachment-1805\" class=\"wp-caption-text\">D\u00e9coration de table fuchsia gris blanc<\/p><\/div>\n<h3><span style=\"color: #000000;\">Voici deux versions pour une d\u00e9coration pour un Mariage fuchsia gris blanc .<\/span><\/h3>\n<h3 style=\"text-align: center;\"><span style=\"text-decoration: underline; color: #000000;\">Version 1<\/span><\/h3>\n<p>Tout d&rsquo;abord, nous nous trouvons \u00e0 <a href=\"https:\/\/www.ot-paysbaumois.fr\/centre-daffaires-et-de-rencontres.html\">Au centre d&rsquo;affaires de Baume les Dames<\/a> pour ce mariage fuchsia gris blanc.<\/p>\n<p>Premi\u00e8rement, Les nappages sont en intiss\u00e9, les <a href=\"https:\/\/www.etoilederose.fr\/index.php\/tarifs-locations\">housses de chaises<\/a> en lycra extensible, les n\u0153uds en organza fuchsia.<\/p>\n<p>Les porte-noms sont cr\u00e9\u00e9s sur pliage de serviettes en \u00ab\u00a0voie s\u00e8che\u00a0\u00bb. De surcroit l&rsquo;impression des noms des invit\u00e9s est r\u00e9alis\u00e9e sur bristol. La mari\u00e9e m&rsquo;a fait conna\u00eetre cette fa\u00e7on de cr\u00e9er des marque-place.<\/p>\n<p>Les tentures pos\u00e9es \u00e0 10 m\u00e8tres de hauteur ont \u00e9t\u00e9 rehauss\u00e9es d&rsquo;une finition avec cercles et boules de plumes fa\u00e7on mobile.<\/p>\n<p>Des bulles en plexiglas contiennent les drag\u00e9es, par la mari\u00e9e qui a beaucoup particip\u00e9 \u00e0 la d\u00e9coration, les menus photophore \u00e9galement.<\/p>\n<p>Un petit ruban a \u00e9t\u00e9 pos\u00e9 sur les tables avec nappages gris, pour ajouter la petite touche de fuchsia, par dessus le chemin de table en abaca blanc.<\/p>\n<p>Les centres de tables sont propos\u00e9s en vase martini de 70 cm de haut, avec composition florale artificielle haut de gamme (touch\u00e9 se rapprochant beaucoup de la fleur naturelle), avec billes de gel fuchsia, et leds pour illuminer le volume de la salle, au dessus des tables.<\/p>\n<p>A priori, mes clients appr\u00e9cient beaucoup cette fa\u00e7on de d\u00e9corer un \u00e9v\u00e9nement.<\/p>\n<p><span style=\"text-decoration: underline;\">( Cliquer sur les photos pour agrandir)<\/span><\/p>\nngg_shortcode_0_placeholder\n<h2>Le buffet du vin d&rsquo;honneur<\/h2>\nngg_shortcode_1_placeholder\n<h2>La table des enfants<\/h2>\nngg_shortcode_2_placeholder\n<h2>Le livre d&rsquo;or, l&rsquo;urne \u00e0 enveloppes, le plan de table<\/h2>\nngg_shortcode_3_placeholder\n<p>La salle dans son ensemble vue depuis la table d&rsquo;honneur<\/p>\n<div id=\"attachment_1808\" style=\"width: 567px\" class=\"wp-caption aligncenter\"><a href=\"https:\/\/www.etoilederose.fr\/index.php\/quelques-realisations\/mariage-fuchsia-gris-blanc\/3lepotc\"><img loading=\"lazy\" decoding=\"async\" aria-describedby=\"caption-attachment-1808\" class=\"Vase martini et d\u00e9co de table fuchsia gris blanc wp-image-1808\" title=\"Vase martini et d\u00e9co de table fuchsia gris blanc\" src=\"https:\/\/www.etoilederose.fr\/wp-content\/uploads\/2013\/08\/3lepotC-685x1024.jpg\" alt=\"Vase martini et d\u00e9co de table fuchsia gris blanc\" width=\"557\" height=\"833\" srcset=\"https:\/\/www.etoilederose.fr\/wp-content\/uploads\/2013\/08\/3lepotC-685x1024.jpg 685w, https:\/\/www.etoilederose.fr\/wp-content\/uploads\/2013\/08\/3lepotC-200x300.jpg 200w\" sizes=\"auto, (max-width: 557px) 100vw, 557px\" \/><\/a><p id=\"caption-attachment-1808\" class=\"wp-caption-text\">Vase martini et d\u00e9co de table fuchsia gris blanc<\/p><\/div>\n<p>&nbsp;<\/p>\n<h3 style=\"text-align: center;\"><span style=\"text-decoration: underline; color: #000000;\">Version 2<\/span><\/h3>\n<div id=\"attachment_3890\" style=\"width: 572px\" class=\"wp-caption aligncenter\"><a href=\"https:\/\/www.etoilederose.fr\/index.php\/quelques-realisations\/mariage-fuchsia-gris-blanc\/attachment\/31\"><img loading=\"lazy\" decoding=\"async\" aria-describedby=\"caption-attachment-3890\" class=\"D\u00e9coration de table fuchsia gris blanc avec chandelier wp-image-3890\" title=\"D\u00e9coration de table fuchsia gris blanc avec chandelier\" src=\"https:\/\/www.etoilederose.fr\/wp-content\/uploads\/2013\/08\/31.-1024x683.jpg\" alt=\"D\u00e9coration de table fuchsia gris blanc avec chandelier\" width=\"562\" height=\"374\" srcset=\"https:\/\/www.etoilederose.fr\/wp-content\/uploads\/2013\/08\/31.-1024x683.jpg 1024w, https:\/\/www.etoilederose.fr\/wp-content\/uploads\/2013\/08\/31.-300x200.jpg 300w\" sizes=\"auto, (max-width: 562px) 100vw, 562px\" \/><\/a><p id=\"caption-attachment-3890\" class=\"wp-caption-text\">D\u00e9coration de table fuchsia gris blanc avec chandelier<\/p><\/div>\n<p>Par ailleurs , dans cette seconde version, les chemins de tables en sisal sont pos\u00e9s sur nappes intiss\u00e9es blanches. Ils sont d\u00e9coup\u00e9s en \u00ab\u00a0vague\u00a0\u00bb, et arbor\u00e9s de deux rubans fuchsia se croisant.<\/p>\n<p>Les serviettes sont en intiss\u00e9 pli\u00e9es en fleurs de lys. Quelques p\u00e9tales de tissu de couleurs m\u00e9lang\u00e9es ont \u00e9t\u00e9 dispos\u00e9s sur le chemin de table. De fait, il y a 2 menus photophores fuchsia par table pour \u00e9quilibrer la d\u00e9coration.<\/p>\n<p><a href=\"https:\/\/www.etoilederose.fr\/index.php\/tarifs-locations\">Les n\u0153uds des chaises<\/a> sont fuchsia pour les tables arborant un chandelier, et gris pour les tables avec vase martini. Nous avons \u00e9quiibr\u00e9 les couleurs de la salle avec les noeuds. Par ailleurs, toutes les fleurs sont naturelles, et ont \u00e9t\u00e9 pos\u00e9es sur la structure propos\u00e9e en location. Le feuillage est m\u00e9lang\u00e9 entre artificiel et naturel. la lumi\u00e8re de la LED illumine les billes de gel fuchsia.<\/p>\n<p><a href=\"https:\/\/www.etoilederose.fr\/wp-content\/uploads\/2013\/08\/2bis..jpg\" rel=\"lightbox[1493]\"><img loading=\"lazy\" decoding=\"async\" class=\"aligncenter wp-image-3891\" src=\"https:\/\/www.etoilederose.fr\/wp-content\/uploads\/2013\/08\/2bis.-683x1024.jpg\" alt=\"2bis.\" width=\"556\" height=\"834\" srcset=\"https:\/\/www.etoilederose.fr\/wp-content\/uploads\/2013\/08\/2bis.-683x1024.jpg 683w, https:\/\/www.etoilederose.fr\/wp-content\/uploads\/2013\/08\/2bis.-200x300.jpg 200w, https:\/\/www.etoilederose.fr\/wp-content\/uploads\/2013\/08\/2bis..jpg 1200w\" sizes=\"auto, (max-width: 556px) 100vw, 556px\" \/><\/a><\/p>\n<p>De plus, <a href=\"https:\/\/www.etoilederose.fr\/index.php\/tarifs-locations\">le rideau de salle<\/a> est pos\u00e9 derri\u00e8re la table d&rsquo;honneur pour la mettre en valeur. En plus, la famille a pos\u00e9 les c\u0153urs lumineux dessus.<\/p>\n<p>Pour finir, des ballons en forme de couple de mari\u00e9s sont mis en valeur derri\u00e8re le bar de la salle. les mari\u00e9s souhaitaient une ambiance romantique. Au sujet des centres de tables, j&rsquo;ai altern\u00e9 les vases martini et chandeliers de cette fa\u00e7on: Conform\u00e9ment \u00e0 la demande de la mari\u00e9e, des&nbsp; vases martini sont pos\u00e9s sur certaines tables, et des <a href=\"https:\/\/www.etoilederose.fr\/index.php\/tarifs-locations\">chandeliers 3 branches<\/a> sur d&rsquo;autres tables. Pour finir, 2 vases martini, sont pos\u00e9s sur la table d&rsquo;honneur. Finalement,&nbsp; beaucoup de mes nouveaux clients appr\u00e9cient particuli\u00e8rement cette d\u00e9coration peu commune.<\/p>\n<p>Enfin, la mari\u00e9e a confectionn\u00e9 les bo\u00eetes \u00e0 drag\u00e9es imitant des chaises comme cadeaux invit\u00e9s.<\/p>\n<h3><span style=\"color: #000000;\">Vous aussi&#8230;<\/span><\/h3>\n<p>D&rsquo;ailleurs, vous aussi, vous pouvez souhaiter que je pose vos bo\u00eetes \u00e0 drag\u00e9es ou vos cadeaux invit\u00e9s. Notamment, je n&rsquo;impose pas de tout cr\u00e9er. Pour r\u00e9aliser votre d\u00e9coration je me fie \u00e0 vos demandes particuli\u00e8res. Tandis que j&rsquo;installe certaines choses dans votre salle, vous pouvez \u00e9galement participer. Sur ce point, demandez un devis d\u00e9co gratuit !<\/p>\n<p>Je me ferai un plaisir de vous recevoir dans mon show-room sur rendez-vous.<\/p>\nngg_shortcode_4_placeholder\n<div id=\"attachment_3917\" style=\"width: 587px\" class=\"wp-caption aligncenter\"><a href=\"https:\/\/www.etoilederose.fr\/index.php\/quelques-realisations\/mariage-fuchsia-gris-blanc\/attachment\/35\" rel=\"Mariage fuchsia gris blanc\"><img loading=\"lazy\" decoding=\"async\" aria-describedby=\"caption-attachment-3917\" class=\"Mariage fuchsia gris blanc wp-image-3917\" title=\"Mariage fuchsia gris blanc\" src=\"https:\/\/www.etoilederose.fr\/wp-content\/uploads\/2013\/08\/35.-1024x605.jpg\" alt=\"Mariage fuchsia gris blanc\" width=\"577\" height=\"341\" srcset=\"https:\/\/www.etoilederose.fr\/wp-content\/uploads\/2013\/08\/35.-1024x605.jpg 1024w, https:\/\/www.etoilederose.fr\/wp-content\/uploads\/2013\/08\/35.-300x177.jpg 300w, https:\/\/www.etoilederose.fr\/wp-content\/uploads\/2013\/08\/35..jpg 1200w\" sizes=\"auto, (max-width: 577px) 100vw, 577px\" \/><\/a><p id=\"caption-attachment-3917\" class=\"wp-caption-text\">Mariage fuchsia gris blanc<\/p><\/div>\n","protected":false},"excerpt":{"rendered":"<p>Voici deux versions pour une d\u00e9coration pour un Mariage fuchsia gris blanc . Version 1 Tout d&rsquo;abord, nous nous trouvons \u00e0 Au centre d&rsquo;affaires de Baume les Dames pour ce mariage fuchsia gris blanc. Premi\u00e8rement, Les nappages sont en intiss\u00e9, les housses de chaises en lycra extensible, les n\u0153uds en organza fuchsia. Les porte-noms sont [&hellip;]<\/p>\n","protected":false},"author":1,"featured_media":0,"parent":25,"menu_order":55,"comment_status":"closed","ping_status":"closed","template":"","meta":{"ngg_post_thumbnail":0,"footnotes":"","_links_to":"","_links_to_target":""},"class_list":["post-1493","page","type-page","status-publish","hentry"],"yoast_head":"<!-- This site is optimized with the Yoast SEO plugin v21.5 - https:\/\/yoast.com\/wordpress\/plugins\/seo\/ -->\n<title>Mariage fuchsia gris blanc | Etoile de rose |<\/title>\n<meta name=\"description\" content=\"\u00c9toile de rose a d\u00e9cor\u00e9 ce mariage fuchsia gris blanc . Vous aussi, profitez de ses talents pour d\u00e9corer votre mariage ! Demandez votre devis gratuit\" \/>\n<meta name=\"robots\" content=\"index, follow, max-snippet:-1, max-image-preview:large, max-video-preview:-1\" \/>\n<link rel=\"canonical\" href=\"https:\/\/www.etoilederose.fr\/index.php\/quelques-realisations\/mariage-fuchsia-gris-blanc\" \/>\n<meta name=\"twitter:label1\" content=\"Dur\u00e9e de lecture estim\u00e9e\" \/>\n\t<meta name=\"twitter:data1\" content=\"5 minutes\" \/>\n<script type=\"application\/ld+json\" class=\"yoast-schema-graph\">{\"@context\":\"https:\/\/schema.org\",\"@graph\":[{\"@type\":\"WebPage\",\"@id\":\"https:\/\/www.etoilederose.fr\/index.php\/quelques-realisations\/mariage-fuchsia-gris-blanc\",\"url\":\"https:\/\/www.etoilederose.fr\/index.php\/quelques-realisations\/mariage-fuchsia-gris-blanc\",\"name\":\"Mariage fuchsia gris blanc | Etoile de rose |\",\"isPartOf\":{\"@id\":\"https:\/\/www.etoilederose.fr\/#website\"},\"datePublished\":\"2013-08-11T16:01:28+00:00\",\"dateModified\":\"2022-02-10T14:27:26+00:00\",\"description\":\"\u00c9toile de rose a d\u00e9cor\u00e9 ce mariage fuchsia gris blanc . Vous aussi, profitez de ses talents pour d\u00e9corer votre mariage ! Demandez votre devis gratuit\",\"breadcrumb\":{\"@id\":\"https:\/\/www.etoilederose.fr\/index.php\/quelques-realisations\/mariage-fuchsia-gris-blanc#breadcrumb\"},\"inLanguage\":\"fr-FR\",\"potentialAction\":[{\"@type\":\"ReadAction\",\"target\":[\"https:\/\/www.etoilederose.fr\/index.php\/quelques-realisations\/mariage-fuchsia-gris-blanc\"]}]},{\"@type\":\"BreadcrumbList\",\"@id\":\"https:\/\/www.etoilederose.fr\/index.php\/quelques-realisations\/mariage-fuchsia-gris-blanc#breadcrumb\",\"itemListElement\":[{\"@type\":\"ListItem\",\"position\":1,\"name\":\"Home\",\"item\":\"https:\/\/www.etoilederose.fr\/\"},{\"@type\":\"ListItem\",\"position\":2,\"name\":\"R\u00e9alisations\",\"item\":\"https:\/\/www.etoilederose.fr\/index.php\/quelques-realisations\"},{\"@type\":\"ListItem\",\"position\":3,\"name\":\"Mariage fuchsia gris blanc\"}]},{\"@type\":\"WebSite\",\"@id\":\"https:\/\/www.etoilederose.fr\/#website\",\"url\":\"https:\/\/www.etoilederose.fr\/\",\"name\":\"Etoile de rose\",\"description\":\"Etoile de rose D\u00e9coration \u00e9v\u00e9nementielle\",\"publisher\":{\"@id\":\"https:\/\/www.etoilederose.fr\/#\/schema\/person\/2d9d1db00dba3c640fa38b8b1abbdcaf\"},\"potentialAction\":[{\"@type\":\"SearchAction\",\"target\":{\"@type\":\"EntryPoint\",\"urlTemplate\":\"https:\/\/www.etoilederose.fr\/?s={search_term_string}\"},\"query-input\":\"required name=search_term_string\"}],\"inLanguage\":\"fr-FR\"},{\"@type\":[\"Person\",\"Organization\"],\"@id\":\"https:\/\/www.etoilederose.fr\/#\/schema\/person\/2d9d1db00dba3c640fa38b8b1abbdcaf\",\"name\":\"admin\",\"image\":{\"@type\":\"ImageObject\",\"inLanguage\":\"fr-FR\",\"@id\":\"https:\/\/www.etoilederose.fr\/#\/schema\/person\/image\/\",\"url\":\"https:\/\/www.etoilederose.fr\/wp-content\/uploads\/2026\/01\/logo_noir.jpg\",\"contentUrl\":\"https:\/\/www.etoilederose.fr\/wp-content\/uploads\/2026\/01\/logo_noir.jpg\",\"width\":1150,\"height\":1150,\"caption\":\"admin\"},\"logo\":{\"@id\":\"https:\/\/www.etoilederose.fr\/#\/schema\/person\/image\/\"},\"description\":\"D\u00e9coratrice \u00e9v\u00e9nementiel depuis 15 ans, je me suis dirig\u00e9e depuis 8 ans dans le domaine de la d\u00e9coration de vitrines de magasins.\",\"sameAs\":[\"http:\/\/www.etoilederose.fr\",\"https:\/\/www.facebook.com\/etoilederose.fr\/?ref=aymt_homepage_panel\",\"https:\/\/www.instagram.com\/etoile.de.rose\/\",\"https:\/\/twitter.com\/https:\/\/twitter.com\/wwwetoilederose?lang=fr\"]}]}<\/script>\n<!-- \/ Yoast SEO plugin. -->","yoast_head_json":{"title":"Mariage fuchsia gris blanc | Etoile de rose |","description":"\u00c9toile de rose a d\u00e9cor\u00e9 ce mariage fuchsia gris blanc . Vous aussi, profitez de ses talents pour d\u00e9corer votre mariage ! Demandez votre devis gratuit","robots":{"index":"index","follow":"follow","max-snippet":"max-snippet:-1","max-image-preview":"max-image-preview:large","max-video-preview":"max-video-preview:-1"},"canonical":"https:\/\/www.etoilederose.fr\/index.php\/quelques-realisations\/mariage-fuchsia-gris-blanc","twitter_misc":{"Dur\u00e9e de lecture estim\u00e9e":"5 minutes"},"schema":{"@context":"https:\/\/schema.org","@graph":[{"@type":"WebPage","@id":"https:\/\/www.etoilederose.fr\/index.php\/quelques-realisations\/mariage-fuchsia-gris-blanc","url":"https:\/\/www.etoilederose.fr\/index.php\/quelques-realisations\/mariage-fuchsia-gris-blanc","name":"Mariage fuchsia gris blanc | Etoile de rose |","isPartOf":{"@id":"https:\/\/www.etoilederose.fr\/#website"},"datePublished":"2013-08-11T16:01:28+00:00","dateModified":"2022-02-10T14:27:26+00:00","description":"\u00c9toile de rose a d\u00e9cor\u00e9 ce mariage fuchsia gris blanc . Vous aussi, profitez de ses talents pour d\u00e9corer votre mariage ! Demandez votre devis gratuit","breadcrumb":{"@id":"https:\/\/www.etoilederose.fr\/index.php\/quelques-realisations\/mariage-fuchsia-gris-blanc#breadcrumb"},"inLanguage":"fr-FR","potentialAction":[{"@type":"ReadAction","target":["https:\/\/www.etoilederose.fr\/index.php\/quelques-realisations\/mariage-fuchsia-gris-blanc"]}]},{"@type":"BreadcrumbList","@id":"https:\/\/www.etoilederose.fr\/index.php\/quelques-realisations\/mariage-fuchsia-gris-blanc#breadcrumb","itemListElement":[{"@type":"ListItem","position":1,"name":"Home","item":"https:\/\/www.etoilederose.fr\/"},{"@type":"ListItem","position":2,"name":"R\u00e9alisations","item":"https:\/\/www.etoilederose.fr\/index.php\/quelques-realisations"},{"@type":"ListItem","position":3,"name":"Mariage fuchsia gris blanc"}]},{"@type":"WebSite","@id":"https:\/\/www.etoilederose.fr\/#website","url":"https:\/\/www.etoilederose.fr\/","name":"Etoile de rose","description":"Etoile de rose D\u00e9coration \u00e9v\u00e9nementielle","publisher":{"@id":"https:\/\/www.etoilederose.fr\/#\/schema\/person\/2d9d1db00dba3c640fa38b8b1abbdcaf"},"potentialAction":[{"@type":"SearchAction","target":{"@type":"EntryPoint","urlTemplate":"https:\/\/www.etoilederose.fr\/?s={search_term_string}"},"query-input":"required name=search_term_string"}],"inLanguage":"fr-FR"},{"@type":["Person","Organization"],"@id":"https:\/\/www.etoilederose.fr\/#\/schema\/person\/2d9d1db00dba3c640fa38b8b1abbdcaf","name":"admin","image":{"@type":"ImageObject","inLanguage":"fr-FR","@id":"https:\/\/www.etoilederose.fr\/#\/schema\/person\/image\/","url":"https:\/\/www.etoilederose.fr\/wp-content\/uploads\/2026\/01\/logo_noir.jpg","contentUrl":"https:\/\/www.etoilederose.fr\/wp-content\/uploads\/2026\/01\/logo_noir.jpg","width":1150,"height":1150,"caption":"admin"},"logo":{"@id":"https:\/\/www.etoilederose.fr\/#\/schema\/person\/image\/"},"description":"D\u00e9coratrice \u00e9v\u00e9nementiel depuis 15 ans, je me suis dirig\u00e9e depuis 8 ans dans le domaine de la d\u00e9coration de vitrines de magasins.","sameAs":["http:\/\/www.etoilederose.fr","https:\/\/www.facebook.com\/etoilederose.fr\/?ref=aymt_homepage_panel","https:\/\/www.instagram.com\/etoile.de.rose\/","https:\/\/twitter.com\/https:\/\/twitter.com\/wwwetoilederose?lang=fr"]}]}},"_links":{"self":[{"href":"https:\/\/www.etoilederose.fr\/index.php\/wp-json\/wp\/v2\/pages\/1493","targetHints":{"allow":["GET"]}}],"collection":[{"href":"https:\/\/www.etoilederose.fr\/index.php\/wp-json\/wp\/v2\/pages"}],"about":[{"href":"https:\/\/www.etoilederose.fr\/index.php\/wp-json\/wp\/v2\/types\/page"}],"author":[{"embeddable":true,"href":"https:\/\/www.etoilederose.fr\/index.php\/wp-json\/wp\/v2\/users\/1"}],"replies":[{"embeddable":true,"href":"https:\/\/www.etoilederose.fr\/index.php\/wp-json\/wp\/v2\/comments?post=1493"}],"version-history":[{"count":78,"href":"https:\/\/www.etoilederose.fr\/index.php\/wp-json\/wp\/v2\/pages\/1493\/revisions"}],"predecessor-version":[{"id":6768,"href":"https:\/\/www.etoilederose.fr\/index.php\/wp-json\/wp\/v2\/pages\/1493\/revisions\/6768"}],"up":[{"embeddable":true,"href":"https:\/\/www.etoilederose.fr\/index.php\/wp-json\/wp\/v2\/pages\/25"}],"wp:attachment":[{"href":"https:\/\/www.etoilederose.fr\/index.php\/wp-json\/wp\/v2\/media?parent=1493"}],"curies":[{"name":"wp","href":"https:\/\/api.w.org\/{rel}","templated":true}]}}