{"id":1374,"date":"2013-07-15T20:21:10","date_gmt":"2013-07-15T20:21:10","guid":{"rendered":"http:\/\/www.etoilederose.fr\/?page_id=1374"},"modified":"2022-02-10T14:23:32","modified_gmt":"2022-02-10T14:23:32","slug":"mariage-taupe-et-rose-tendre-theme-champagne","status":"publish","type":"page","link":"https:\/\/www.etoilederose.fr\/index.php\/quelques-realisations\/mariage-taupe-et-rose-tendre-theme-champagne","title":{"rendered":"Mariage taupe et rose tendre, th\u00e8me Champagne"},"content":{"rendered":"<div id=\"attachment_4524\" style=\"width: 616px\" class=\"wp-caption aligncenter\"><a href=\"https:\/\/www.etoilederose.fr\/wp-content\/uploads\/2013\/07\/lamapix_66838348-site.jpg\" rel=\"lightbox[1374]\"><img loading=\"lazy\" decoding=\"async\" aria-describedby=\"caption-attachment-4524\" class=\"wp-image-4524\" title=\"Mariage th\u00e8me Champagne\" src=\"https:\/\/www.etoilederose.fr\/wp-content\/uploads\/2013\/07\/lamapix_66838348-site-1024x683.jpg\" alt=\"Mariage th\u00e8me Champagne\" width=\"606\" height=\"404\" srcset=\"https:\/\/www.etoilederose.fr\/wp-content\/uploads\/2013\/07\/lamapix_66838348-site-1024x683.jpg 1024w, https:\/\/www.etoilederose.fr\/wp-content\/uploads\/2013\/07\/lamapix_66838348-site-300x200.jpg 300w, https:\/\/www.etoilederose.fr\/wp-content\/uploads\/2013\/07\/lamapix_66838348-site-768x512.jpg 768w, https:\/\/www.etoilederose.fr\/wp-content\/uploads\/2013\/07\/lamapix_66838348-site.jpg 1200w\" sizes=\"auto, (max-width: 606px) 100vw, 606px\" \/><\/a><p id=\"caption-attachment-4524\" class=\"wp-caption-text\">&nbsp;&nbsp;&nbsp;&nbsp;&nbsp;&nbsp;&nbsp;&nbsp; Mariage taupe et rose tendre th\u00e8me Champagne<\/p><\/div>\n<p>Pour ce Mariage taupe et rose tendre th\u00e8me Champagne au Bois du Bon S\u00e9jour, nous retrouvons la salle du <a href=\"https:\/\/www.facebook.com\/pages\/category\/French-Restaurant\/Le-Bois-du-Bon-s%C3%A9jour-Traiteur-Restaurant-Lieu-de-r%C3%A9ception-100942099992688\/\">Bois du Bon S\u00e9jour<\/a> .<\/p>\n<p>Exceptionnellement, les n\u0153uds des chaises sont en satin. La mari\u00e9e a fournit ses propres noeuds.&nbsp; Je l&rsquo;ai ai install\u00e9s de fa\u00e7on classique \u00e0 l&rsquo;arri\u00e8re des chaises houss\u00e9es de blanc. De plus, les m\u00eames noeuds servent \u00e9galement de chemin de table. Par cons\u00e9quent, vous comprendrez que je pose \u00e9galement du mat\u00e9riel pouvant vous appartenir.<\/p>\n<p>Des capsules de bouchons de Champagne sont r\u00e9parties le long des chemins de tables.. Les marque-places sont des capsules de Champagne grav\u00e9s avec chaque pr\u00e9nom et la date de l&rsquo;\u00e9v\u00e9nement. Quelques perles de pluie couleur champagne apporte un peu de fraicheur.<\/p>\n<p>L&rsquo;orchid\u00e9e est la fleur de pr\u00e9dilection pour les compositions dans des flutes de Champagne g\u00e9antes. Elles sont naturelles et d&rsquo;un ros\u00e9 tendre. Pour l&rsquo;\u00e9glise nous avons opt\u00e9 pour des orchid\u00e9es naturelles blanches<\/p>\n<h2>L&rsquo;\u00e9glise<\/h2>\n<div id=\"attachment_4525\" style=\"width: 613px\" class=\"wp-caption aligncenter\"><a href=\"https:\/\/www.etoilederose.fr\/wp-content\/uploads\/2013\/07\/St\u00e9fania1.jpg\" rel=\"lightbox[1374]\"><img loading=\"lazy\" decoding=\"async\" aria-describedby=\"caption-attachment-4525\" class=\"wp-image-4525\" title=\"D\u00e9coration d'\u00e9glise en taupe et rose\" src=\"https:\/\/www.etoilederose.fr\/wp-content\/uploads\/2013\/07\/St\u00e9fania1-1024x713.jpg\" alt=\"D\u00e9coration d'\u00e9glise en taupe et rose\" width=\"603\" height=\"420\" srcset=\"https:\/\/www.etoilederose.fr\/wp-content\/uploads\/2013\/07\/St\u00e9fania1-1024x713.jpg 1024w, https:\/\/www.etoilederose.fr\/wp-content\/uploads\/2013\/07\/St\u00e9fania1-300x209.jpg 300w, https:\/\/www.etoilederose.fr\/wp-content\/uploads\/2013\/07\/St\u00e9fania1-768x535.jpg 768w\" sizes=\"auto, (max-width: 603px) 100vw, 603px\" \/><\/a><p id=\"caption-attachment-4525\" class=\"wp-caption-text\">D\u00e9coration d&rsquo;\u00e9glise en taupe et rose<\/p><\/div>\n<div id=\"attachment_4528\" style=\"width: 645px\" class=\"wp-caption aligncenter\"><a href=\"https:\/\/www.etoilederose.fr\/wp-content\/uploads\/2013\/07\/Eglise-site.jpg\" rel=\"lightbox[1374]\"><img loading=\"lazy\" decoding=\"async\" aria-describedby=\"caption-attachment-4528\" class=\"wp-image-4528\" title=\"D\u00e9coration d'\u00e9glise et coussin d'alliances\" src=\"https:\/\/www.etoilederose.fr\/wp-content\/uploads\/2013\/07\/Eglise-site-1024x696.jpg\" alt=\"D\u00e9coration d'\u00e9glise et coussin d'alliances\" width=\"635\" height=\"432\" srcset=\"https:\/\/www.etoilederose.fr\/wp-content\/uploads\/2013\/07\/Eglise-site-1024x696.jpg 1024w, https:\/\/www.etoilederose.fr\/wp-content\/uploads\/2013\/07\/Eglise-site-300x204.jpg 300w, https:\/\/www.etoilederose.fr\/wp-content\/uploads\/2013\/07\/Eglise-site-768x522.jpg 768w, https:\/\/www.etoilederose.fr\/wp-content\/uploads\/2013\/07\/Eglise-site.jpg 1200w\" sizes=\"auto, (max-width: 635px) 100vw, 635px\" \/><\/a><p id=\"caption-attachment-4528\" class=\"wp-caption-text\">D\u00e9coration d&rsquo;\u00e9glise et coussin d&rsquo;alliances<\/p><\/div>\n<p>Pour l&rsquo;\u00e9glise nous avons opt\u00e9 pour des orchid\u00e9es naturelles blanches, positionn\u00e9es sur des tulles blancs en bout de banc, et en rappelant la m\u00eame chose sur les chaises des mari\u00e9s. \u00c9toile de rose a cr\u00e9\u00e9 \u00e9galement le coussin d&rsquo;alliances, donc mod\u00e8le unique. Vous aussi, vous pouvez demander le v\u00f4tre.<\/p>\n<h2>&nbsp;La salle<\/h2>\n<div id=\"attachment_4530\" style=\"width: 622px\" class=\"wp-caption aligncenter\"><a href=\"https:\/\/www.etoilederose.fr\/wp-content\/uploads\/2013\/07\/lamapix_66839543-site.jpg\" rel=\"lightbox[1374]\"><img loading=\"lazy\" decoding=\"async\" aria-describedby=\"caption-attachment-4530\" class=\"wp-image-4530\" title=\"Mariage en taupe et rose\" src=\"https:\/\/www.etoilederose.fr\/wp-content\/uploads\/2013\/07\/lamapix_66839543-site-1024x683.jpg\" alt=\"Mariage en taupe et rose\" width=\"612\" height=\"408\" srcset=\"https:\/\/www.etoilederose.fr\/wp-content\/uploads\/2013\/07\/lamapix_66839543-site-1024x683.jpg 1024w, https:\/\/www.etoilederose.fr\/wp-content\/uploads\/2013\/07\/lamapix_66839543-site-300x200.jpg 300w, https:\/\/www.etoilederose.fr\/wp-content\/uploads\/2013\/07\/lamapix_66839543-site-768x512.jpg 768w, https:\/\/www.etoilederose.fr\/wp-content\/uploads\/2013\/07\/lamapix_66839543-site.jpg 1200w\" sizes=\"auto, (max-width: 612px) 100vw, 612px\" \/><\/a><p id=\"caption-attachment-4530\" class=\"wp-caption-text\">Au bois du bon s\u00e9jour<\/p><\/div>\n<p>J&rsquo;ai install\u00e9 des boulles japonaises au plafond de la salle tandis que les lumi\u00e8res de l&rsquo;animateur viennent apporter une atmosph\u00e8re ros\u00e9e. Un nom de Champagne sert de marque table sur les bouteilles pr\u00e9sent\u00e9es sur les tables.<\/p>\n<p>A propos des menus cartonn\u00e9s en italiens ou fran\u00e7ais selon les tables, ils glissent dans une pochette cr\u00e9\u00e9e sur mesure. La table d&rsquo;honneur est ovale n\u00e9anmoins le centre de table est diff\u00e9rent des autres tables qui sont rondes. Effectivement, Il se pr\u00e9sente avec une vase flute \u00e0 Champagne renvers\u00e9e. Le marque-table est la bouteille\u00a0\u00bbChampagne Salon\u00a0\u00bb. pour finir, les fleurs sortent du vase, comme si elles s&rsquo;\u00e9chapaient comme du Champagne.<\/p>\n<div id=\"attachment_4531\" style=\"width: 626px\" class=\"wp-caption aligncenter\"><a href=\"https:\/\/www.etoilederose.fr\/wp-content\/uploads\/2013\/07\/lamapix_66838529-site.jpg\" rel=\"lightbox[1374]\"><img loading=\"lazy\" decoding=\"async\" aria-describedby=\"caption-attachment-4531\" class=\"wp-image-4531\" title=\"centre de table th\u00e8me Champagne\" src=\"https:\/\/www.etoilederose.fr\/wp-content\/uploads\/2013\/07\/lamapix_66838529-site-1024x683.jpg\" alt=\"centre de table th\u00e8me Champagne\" width=\"616\" height=\"411\" srcset=\"https:\/\/www.etoilederose.fr\/wp-content\/uploads\/2013\/07\/lamapix_66838529-site-1024x683.jpg 1024w, https:\/\/www.etoilederose.fr\/wp-content\/uploads\/2013\/07\/lamapix_66838529-site-300x200.jpg 300w, https:\/\/www.etoilederose.fr\/wp-content\/uploads\/2013\/07\/lamapix_66838529-site-768x512.jpg 768w, https:\/\/www.etoilederose.fr\/wp-content\/uploads\/2013\/07\/lamapix_66838529-site.jpg 1200w\" sizes=\"auto, (max-width: 616px) 100vw, 616px\" \/><\/a><p id=\"caption-attachment-4531\" class=\"wp-caption-text\">centre de table th\u00e8me Champagne<\/p><\/div>\n<p>Cliquer sur les images pour agrandir<\/p>\nngg_shortcode_0_placeholder\n<h2>&nbsp;Le vin d&rsquo;honneur, le candy bar&nbsp;<\/h2>\n<div id=\"attachment_4556\" style=\"width: 631px\" class=\"wp-caption aligncenter\"><a href=\"https:\/\/www.etoilederose.fr\/wp-content\/uploads\/2013\/07\/lamapix_66823948-site.jpg\" rel=\"lightbox[1374]\"><img loading=\"lazy\" decoding=\"async\" aria-describedby=\"caption-attachment-4556\" class=\"wp-image-4556\" title=\"candy bar taupe et rose \" src=\"https:\/\/www.etoilederose.fr\/wp-content\/uploads\/2013\/07\/lamapix_66823948-site-1024x683.jpg\" alt=\"candy bar taupe et rose \" width=\"621\" height=\"414\" srcset=\"https:\/\/www.etoilederose.fr\/wp-content\/uploads\/2013\/07\/lamapix_66823948-site-1024x683.jpg 1024w, https:\/\/www.etoilederose.fr\/wp-content\/uploads\/2013\/07\/lamapix_66823948-site-300x200.jpg 300w, https:\/\/www.etoilederose.fr\/wp-content\/uploads\/2013\/07\/lamapix_66823948-site-768x512.jpg 768w, https:\/\/www.etoilederose.fr\/wp-content\/uploads\/2013\/07\/lamapix_66823948-site.jpg 1200w\" sizes=\"auto, (max-width: 621px) 100vw, 621px\" \/><\/a><p id=\"caption-attachment-4556\" class=\"wp-caption-text\">candy bar taupe et rose<\/p><\/div>\n<p>On retrouve <a href=\"https:\/\/www.etoilederose.fr\/index.php\/tarifs-locations\">le candy bar<\/a> dans le parc du restaurant .Les couleurs du mariage se retrouvent dans la d\u00e9coration du candy bar. On y d\u00e9couvre les \u00e9tiquettes personnalis\u00e9es avec les pr\u00e9noms des mari\u00e9s, ainsi que la date, et finalement les m\u00eames tons dans les objets d\u00e9coratifs.<\/p>\n<p>Cliquer sur les images pour agrandir<\/p>\nngg_shortcode_1_placeholder\n<h2>L&rsquo;urne \u00e0 enveloppes<\/h2>\n<p>J&rsquo;ai cr\u00e9\u00e9 ce tonneau servant d&rsquo;urne \u00e0 enveloppes. Gr\u00e2ce au th\u00e8me Champagne, la forme est toute trouv\u00e9e, avec quelques rubans satin, et l&rsquo;orchid\u00e9e en \u00ab\u00a0ligne directrice\u00a0\u00bb qu&rsquo;on retrouve aussi parmi les fleurs des vases. L&rsquo;urne est pr\u00e9sent\u00e9e dans le parc puis, pr\u00e9sent\u00e9e sur la table des cadeaux dans la salle.<\/p>\n<div id=\"attachment_4571\" style=\"width: 633px\" class=\"wp-caption aligncenter\"><a href=\"https:\/\/www.etoilederose.fr\/wp-content\/uploads\/2013\/07\/St\u00e9fania-et-Julien-16.jpg\" rel=\"lightbox[1374]\"><img loading=\"lazy\" decoding=\"async\" aria-describedby=\"caption-attachment-4571\" class=\"wp-image-4571\" title=\"Urne Champagne, en forme de tonneau\" src=\"https:\/\/www.etoilederose.fr\/wp-content\/uploads\/2013\/07\/St\u00e9fania-et-Julien-16-683x1024.jpg\" alt=\"Urne Champagne, en forme de tonneau\" width=\"623\" height=\"935\" srcset=\"https:\/\/www.etoilederose.fr\/wp-content\/uploads\/2013\/07\/St\u00e9fania-et-Julien-16-683x1024.jpg 683w, https:\/\/www.etoilederose.fr\/wp-content\/uploads\/2013\/07\/St\u00e9fania-et-Julien-16-200x300.jpg 200w, https:\/\/www.etoilederose.fr\/wp-content\/uploads\/2013\/07\/St\u00e9fania-et-Julien-16-768x1152.jpg 768w, https:\/\/www.etoilederose.fr\/wp-content\/uploads\/2013\/07\/St\u00e9fania-et-Julien-16.jpg 1200w\" sizes=\"auto, (max-width: 623px) 100vw, 623px\" \/><\/a><p id=\"caption-attachment-4571\" class=\"wp-caption-text\">&nbsp;&nbsp;&nbsp;&nbsp;&nbsp;&nbsp;&nbsp;&nbsp;&nbsp;&nbsp;&nbsp;&nbsp;&nbsp;&nbsp;&nbsp;&nbsp;&nbsp;&nbsp;&nbsp;&nbsp; Urne Champagne, en forme de tonneau<\/p><\/div>\n<h2>Le plan de tables bouchon de Champagne<\/h2>\n<div id=\"attachment_4578\" style=\"width: 630px\" class=\"wp-caption aligncenter\"><a href=\"https:\/\/www.etoilederose.fr\/wp-content\/uploads\/2013\/07\/St\u00e9fania-et-Julien-7.jpg\" rel=\"lightbox[1374]\"><img loading=\"lazy\" decoding=\"async\" aria-describedby=\"caption-attachment-4578\" class=\"wp-image-4578\" src=\"https:\/\/www.etoilederose.fr\/wp-content\/uploads\/2013\/07\/St\u00e9fania-et-Julien-7-1024x683.jpg\" alt=\"Plan de tables Champagne\" width=\"620\" height=\"414\" srcset=\"https:\/\/www.etoilederose.fr\/wp-content\/uploads\/2013\/07\/St\u00e9fania-et-Julien-7-1024x683.jpg 1024w, https:\/\/www.etoilederose.fr\/wp-content\/uploads\/2013\/07\/St\u00e9fania-et-Julien-7-300x200.jpg 300w, https:\/\/www.etoilederose.fr\/wp-content\/uploads\/2013\/07\/St\u00e9fania-et-Julien-7-768x512.jpg 768w, https:\/\/www.etoilederose.fr\/wp-content\/uploads\/2013\/07\/St\u00e9fania-et-Julien-7.jpg 1200w\" sizes=\"auto, (max-width: 620px) 100vw, 620px\" \/><\/a><p id=\"caption-attachment-4578\" class=\"wp-caption-text\">&nbsp;&nbsp;&nbsp;&nbsp;&nbsp;&nbsp;&nbsp;&nbsp;&nbsp;&nbsp;&nbsp;&nbsp;&nbsp;&nbsp;&nbsp;&nbsp;&nbsp;&nbsp;&nbsp;&nbsp;&nbsp;&nbsp;&nbsp;&nbsp;&nbsp;&nbsp;&nbsp;&nbsp;&nbsp;&nbsp;&nbsp;&nbsp;&nbsp;&nbsp;&nbsp;&nbsp;&nbsp;&nbsp;&nbsp;&nbsp;&nbsp;&nbsp;&nbsp;&nbsp;&nbsp; Bouchon de Champagne g\u00e9ant, plan de tables<\/p><\/div>\n<p>&nbsp;<\/p>\n<p>En conclusion, La famille des mari\u00e9s a fabriqu\u00e9 ce bouchon de Champagne g\u00e9ant pour constituer le plan de tables. Les bouteilles de Champagne servant de centre de tables sont toutes pr\u00e9sentes pour aiguiller les invit\u00e9s.<\/p>\n","protected":false},"excerpt":{"rendered":"<p>Pour ce Mariage taupe et rose tendre th\u00e8me Champagne au Bois du Bon S\u00e9jour, nous retrouvons la salle du Bois du Bon S\u00e9jour . Exceptionnellement, les n\u0153uds des chaises sont en satin. La mari\u00e9e a fournit ses propres noeuds.&nbsp; Je l&rsquo;ai ai install\u00e9s de fa\u00e7on classique \u00e0 l&rsquo;arri\u00e8re des chaises houss\u00e9es de blanc. De plus, [&hellip;]<\/p>\n","protected":false},"author":1,"featured_media":0,"parent":25,"menu_order":25,"comment_status":"closed","ping_status":"closed","template":"","meta":{"ngg_post_thumbnail":0,"footnotes":"","_links_to":"","_links_to_target":""},"class_list":["post-1374","page","type-page","status-publish","hentry"],"yoast_head":"<!-- This site is optimized with the Yoast SEO plugin v21.5 - https:\/\/yoast.com\/wordpress\/plugins\/seo\/ -->\n<title>Mariage taupe et rose tendre th\u00e8me Champagne | \u00c9toile de rose |<\/title>\n<meta name=\"description\" content=\"Mariage taupe et rose tendre th\u00e8me Champagne au Bois du Bon S\u00e9jour. Demandez un devis \u00c9toile de rose gratuit pour votre d\u00e9coration !\" \/>\n<meta name=\"robots\" content=\"index, follow, max-snippet:-1, max-image-preview:large, max-video-preview:-1\" \/>\n<link rel=\"canonical\" href=\"https:\/\/www.etoilederose.fr\/index.php\/quelques-realisations\/mariage-taupe-et-rose-tendre-theme-champagne\" \/>\n<meta name=\"twitter:label1\" content=\"Dur\u00e9e de lecture estim\u00e9e\" \/>\n\t<meta name=\"twitter:data1\" content=\"5 minutes\" \/>\n<script type=\"application\/ld+json\" class=\"yoast-schema-graph\">{\"@context\":\"https:\/\/schema.org\",\"@graph\":[{\"@type\":\"WebPage\",\"@id\":\"https:\/\/www.etoilederose.fr\/index.php\/quelques-realisations\/mariage-taupe-et-rose-tendre-theme-champagne\",\"url\":\"https:\/\/www.etoilederose.fr\/index.php\/quelques-realisations\/mariage-taupe-et-rose-tendre-theme-champagne\",\"name\":\"Mariage taupe et rose tendre th\u00e8me Champagne | \u00c9toile de rose |\",\"isPartOf\":{\"@id\":\"https:\/\/www.etoilederose.fr\/#website\"},\"datePublished\":\"2013-07-15T20:21:10+00:00\",\"dateModified\":\"2022-02-10T14:23:32+00:00\",\"description\":\"Mariage taupe et rose tendre th\u00e8me Champagne au Bois du Bon S\u00e9jour. Demandez un devis \u00c9toile de rose gratuit pour votre d\u00e9coration !\",\"breadcrumb\":{\"@id\":\"https:\/\/www.etoilederose.fr\/index.php\/quelques-realisations\/mariage-taupe-et-rose-tendre-theme-champagne#breadcrumb\"},\"inLanguage\":\"fr-FR\",\"potentialAction\":[{\"@type\":\"ReadAction\",\"target\":[\"https:\/\/www.etoilederose.fr\/index.php\/quelques-realisations\/mariage-taupe-et-rose-tendre-theme-champagne\"]}]},{\"@type\":\"BreadcrumbList\",\"@id\":\"https:\/\/www.etoilederose.fr\/index.php\/quelques-realisations\/mariage-taupe-et-rose-tendre-theme-champagne#breadcrumb\",\"itemListElement\":[{\"@type\":\"ListItem\",\"position\":1,\"name\":\"Home\",\"item\":\"https:\/\/www.etoilederose.fr\/\"},{\"@type\":\"ListItem\",\"position\":2,\"name\":\"R\u00e9alisations\",\"item\":\"https:\/\/www.etoilederose.fr\/index.php\/quelques-realisations\"},{\"@type\":\"ListItem\",\"position\":3,\"name\":\"Mariage taupe et rose tendre, th\u00e8me Champagne\"}]},{\"@type\":\"WebSite\",\"@id\":\"https:\/\/www.etoilederose.fr\/#website\",\"url\":\"https:\/\/www.etoilederose.fr\/\",\"name\":\"Etoile de rose\",\"description\":\"Etoile de rose D\u00e9coration \u00e9v\u00e9nementielle\",\"publisher\":{\"@id\":\"https:\/\/www.etoilederose.fr\/#\/schema\/person\/2d9d1db00dba3c640fa38b8b1abbdcaf\"},\"potentialAction\":[{\"@type\":\"SearchAction\",\"target\":{\"@type\":\"EntryPoint\",\"urlTemplate\":\"https:\/\/www.etoilederose.fr\/?s={search_term_string}\"},\"query-input\":\"required name=search_term_string\"}],\"inLanguage\":\"fr-FR\"},{\"@type\":[\"Person\",\"Organization\"],\"@id\":\"https:\/\/www.etoilederose.fr\/#\/schema\/person\/2d9d1db00dba3c640fa38b8b1abbdcaf\",\"name\":\"admin\",\"image\":{\"@type\":\"ImageObject\",\"inLanguage\":\"fr-FR\",\"@id\":\"https:\/\/www.etoilederose.fr\/#\/schema\/person\/image\/\",\"url\":\"https:\/\/www.etoilederose.fr\/wp-content\/uploads\/2026\/01\/logo_noir.jpg\",\"contentUrl\":\"https:\/\/www.etoilederose.fr\/wp-content\/uploads\/2026\/01\/logo_noir.jpg\",\"width\":1150,\"height\":1150,\"caption\":\"admin\"},\"logo\":{\"@id\":\"https:\/\/www.etoilederose.fr\/#\/schema\/person\/image\/\"},\"description\":\"D\u00e9coratrice \u00e9v\u00e9nementiel depuis 15 ans, je me suis dirig\u00e9e depuis 8 ans dans le domaine de la d\u00e9coration de vitrines de magasins.\",\"sameAs\":[\"http:\/\/www.etoilederose.fr\",\"https:\/\/www.facebook.com\/etoilederose.fr\/?ref=aymt_homepage_panel\",\"https:\/\/www.instagram.com\/etoile.de.rose\/\",\"https:\/\/twitter.com\/https:\/\/twitter.com\/wwwetoilederose?lang=fr\"]}]}<\/script>\n<!-- \/ Yoast SEO plugin. -->","yoast_head_json":{"title":"Mariage taupe et rose tendre th\u00e8me Champagne | \u00c9toile de rose |","description":"Mariage taupe et rose tendre th\u00e8me Champagne au Bois du Bon S\u00e9jour. Demandez un devis \u00c9toile de rose gratuit pour votre d\u00e9coration !","robots":{"index":"index","follow":"follow","max-snippet":"max-snippet:-1","max-image-preview":"max-image-preview:large","max-video-preview":"max-video-preview:-1"},"canonical":"https:\/\/www.etoilederose.fr\/index.php\/quelques-realisations\/mariage-taupe-et-rose-tendre-theme-champagne","twitter_misc":{"Dur\u00e9e de lecture estim\u00e9e":"5 minutes"},"schema":{"@context":"https:\/\/schema.org","@graph":[{"@type":"WebPage","@id":"https:\/\/www.etoilederose.fr\/index.php\/quelques-realisations\/mariage-taupe-et-rose-tendre-theme-champagne","url":"https:\/\/www.etoilederose.fr\/index.php\/quelques-realisations\/mariage-taupe-et-rose-tendre-theme-champagne","name":"Mariage taupe et rose tendre th\u00e8me Champagne | \u00c9toile de rose |","isPartOf":{"@id":"https:\/\/www.etoilederose.fr\/#website"},"datePublished":"2013-07-15T20:21:10+00:00","dateModified":"2022-02-10T14:23:32+00:00","description":"Mariage taupe et rose tendre th\u00e8me Champagne au Bois du Bon S\u00e9jour. Demandez un devis \u00c9toile de rose gratuit pour votre d\u00e9coration !","breadcrumb":{"@id":"https:\/\/www.etoilederose.fr\/index.php\/quelques-realisations\/mariage-taupe-et-rose-tendre-theme-champagne#breadcrumb"},"inLanguage":"fr-FR","potentialAction":[{"@type":"ReadAction","target":["https:\/\/www.etoilederose.fr\/index.php\/quelques-realisations\/mariage-taupe-et-rose-tendre-theme-champagne"]}]},{"@type":"BreadcrumbList","@id":"https:\/\/www.etoilederose.fr\/index.php\/quelques-realisations\/mariage-taupe-et-rose-tendre-theme-champagne#breadcrumb","itemListElement":[{"@type":"ListItem","position":1,"name":"Home","item":"https:\/\/www.etoilederose.fr\/"},{"@type":"ListItem","position":2,"name":"R\u00e9alisations","item":"https:\/\/www.etoilederose.fr\/index.php\/quelques-realisations"},{"@type":"ListItem","position":3,"name":"Mariage taupe et rose tendre, th\u00e8me Champagne"}]},{"@type":"WebSite","@id":"https:\/\/www.etoilederose.fr\/#website","url":"https:\/\/www.etoilederose.fr\/","name":"Etoile de rose","description":"Etoile de rose D\u00e9coration \u00e9v\u00e9nementielle","publisher":{"@id":"https:\/\/www.etoilederose.fr\/#\/schema\/person\/2d9d1db00dba3c640fa38b8b1abbdcaf"},"potentialAction":[{"@type":"SearchAction","target":{"@type":"EntryPoint","urlTemplate":"https:\/\/www.etoilederose.fr\/?s={search_term_string}"},"query-input":"required name=search_term_string"}],"inLanguage":"fr-FR"},{"@type":["Person","Organization"],"@id":"https:\/\/www.etoilederose.fr\/#\/schema\/person\/2d9d1db00dba3c640fa38b8b1abbdcaf","name":"admin","image":{"@type":"ImageObject","inLanguage":"fr-FR","@id":"https:\/\/www.etoilederose.fr\/#\/schema\/person\/image\/","url":"https:\/\/www.etoilederose.fr\/wp-content\/uploads\/2026\/01\/logo_noir.jpg","contentUrl":"https:\/\/www.etoilederose.fr\/wp-content\/uploads\/2026\/01\/logo_noir.jpg","width":1150,"height":1150,"caption":"admin"},"logo":{"@id":"https:\/\/www.etoilederose.fr\/#\/schema\/person\/image\/"},"description":"D\u00e9coratrice \u00e9v\u00e9nementiel depuis 15 ans, je me suis dirig\u00e9e depuis 8 ans dans le domaine de la d\u00e9coration de vitrines de magasins.","sameAs":["http:\/\/www.etoilederose.fr","https:\/\/www.facebook.com\/etoilederose.fr\/?ref=aymt_homepage_panel","https:\/\/www.instagram.com\/etoile.de.rose\/","https:\/\/twitter.com\/https:\/\/twitter.com\/wwwetoilederose?lang=fr"]}]}},"_links":{"self":[{"href":"https:\/\/www.etoilederose.fr\/index.php\/wp-json\/wp\/v2\/pages\/1374","targetHints":{"allow":["GET"]}}],"collection":[{"href":"https:\/\/www.etoilederose.fr\/index.php\/wp-json\/wp\/v2\/pages"}],"about":[{"href":"https:\/\/www.etoilederose.fr\/index.php\/wp-json\/wp\/v2\/types\/page"}],"author":[{"embeddable":true,"href":"https:\/\/www.etoilederose.fr\/index.php\/wp-json\/wp\/v2\/users\/1"}],"replies":[{"embeddable":true,"href":"https:\/\/www.etoilederose.fr\/index.php\/wp-json\/wp\/v2\/comments?post=1374"}],"version-history":[{"count":39,"href":"https:\/\/www.etoilederose.fr\/index.php\/wp-json\/wp\/v2\/pages\/1374\/revisions"}],"predecessor-version":[{"id":6562,"href":"https:\/\/www.etoilederose.fr\/index.php\/wp-json\/wp\/v2\/pages\/1374\/revisions\/6562"}],"up":[{"embeddable":true,"href":"https:\/\/www.etoilederose.fr\/index.php\/wp-json\/wp\/v2\/pages\/25"}],"wp:attachment":[{"href":"https:\/\/www.etoilederose.fr\/index.php\/wp-json\/wp\/v2\/media?parent=1374"}],"curies":[{"name":"wp","href":"https:\/\/api.w.org\/{rel}","templated":true}]}}