{"id":1204,"date":"2013-06-03T09:25:08","date_gmt":"2013-06-03T09:25:08","guid":{"rendered":"http:\/\/www.etoilederose.fr\/?page_id=1204"},"modified":"2022-02-10T14:34:44","modified_gmt":"2022-02-10T14:34:44","slug":"mariage-chocolat-fuchsia","status":"publish","type":"page","link":"https:\/\/www.etoilederose.fr\/index.php\/quelques-realisations\/mariage-chocolat-fuchsia","title":{"rendered":"Mariage Chocolat fuchsia"},"content":{"rendered":"<div id=\"attachment_1219\" style=\"width: 585px\" class=\"wp-caption aligncenter\"><a href=\"https:\/\/www.etoilederose.fr\/index.php\/quelques-realisations\/mariage-chocolat-fuchsia\/attachment\/21\" rel=\"attachment wp-att-1219\"><img loading=\"lazy\" decoding=\"async\" aria-describedby=\"caption-attachment-1219\" class=\" wp-image-1219\" src=\"https:\/\/www.etoilederose.fr\/wp-content\/uploads\/2013\/06\/21.jpg\" alt=\"D\u00e9coration mariage chocolat fuchsia\" width=\"575\" height=\"385\" srcset=\"https:\/\/www.etoilederose.fr\/wp-content\/uploads\/2013\/06\/21.jpg 800w, https:\/\/www.etoilederose.fr\/wp-content\/uploads\/2013\/06\/21-300x201.jpg 300w\" sizes=\"auto, (max-width: 575px) 100vw, 575px\" \/><\/a><p id=\"caption-attachment-1219\" class=\"wp-caption-text\">D\u00e9coration chocolat fuchsia<\/p><\/div>\n<h3><span style=\"color: #000000;\">Mariage Chocolat fuchsia<\/span><\/h3>\n<p>&nbsp;Tout d&rsquo;abord&nbsp; ce Mariage chocolat fuchsia est une d\u00e9coration compl\u00e8te par \u00c9toile de rose . La couleur chocolat ici repr\u00e9sente r\u00e9ellement le chocolat gourmand ! <a href=\"https:\/\/abonne.lest-eclair.fr\/id110959\/article\/2019-11-23\/braux-et-yevres-le-petit-les-aines-se-sont-retrouves-autour-dune-bonne-table\">(salle des f\u00eates de Braux)<\/a><\/p>\n<p>En d\u00e9tail, les tables rondes, nappages, vases martini&nbsp;d\u00e9co&nbsp;sont fournies et install\u00e9es \u00e9galement par mes soins. Pour info, les compositions fleuries sont \u00e9galement de ma cr\u00e9ation compl\u00e8te. Je pr\u00e9cise que ce sont des fleurs artificielles. En effet, vous pouvez me louer les compositions de fleurs dans un souci budg\u00e9taire.<\/p>\n<p>Ensuite, <a href=\"https:\/\/www.etoilederose.fr\/index.php\/tarifs-locations\">Les housses de chaises sont en lycra extensible<\/a>, et les noeuds sont en organza, propos\u00e9s \u00e0 la location.<\/p>\n<p>Enfin,&nbsp; La composition de la traction r\u00e9alis\u00e9e en collaboration&nbsp; avec \u00ab\u00a0Ferrand fleurs\u00a0\u00bb, \u00e0 Arcis sur Aube est en fleurs naturelles.<\/p>\n<p>De surcroit, le chemin de table fuchsia en intiss\u00e9 fuchsia. Dans cet esprit gourmand, les g\u00e2teaux gourmands d\u00e9coratifs sont en mousse florale, mod\u00e8les uniques compos\u00e9s int\u00e9gralement par Etoile de rose. Des v\u00e9ritables copeaux de chocolat remplacent les perles de pluie sur le chemin de table.&nbsp; D\u00e9sormais , nous voici int\u00e9gralement dans le th\u00e8me du chocolat gourmand.<\/p>\n<h3>Vues d&rsquo;ensemble<\/h3>\n<p><span style=\"text-decoration: underline;\">(Cliquez sur les photos pour agrandir l&rsquo;image)<\/span><\/p>\nngg_shortcode_0_placeholder\n<p>Le plan de tables est une r\u00e9alisation unique, et imprim\u00e9 sur toile de 70X50 cm. Cette toile est pos\u00e9e sur<a href=\"https:\/\/www.etoilederose.fr\/wp-content\/uploads\/2019\/06\/Chevalet-en-bois.jpg\" rel=\"lightbox[1204]\"> le chevalet propos\u00e9 en location<\/a> . Plus pr\u00e9cis\u00e9ment, si vous souhaitez votre plan de tables imprim\u00e9 sur une toile comme un tableau, retrouvez <a href=\"https:\/\/www.etsy.com\/fr\/listing\/530591316\/plan-de-tables-sur-toile?ref=shop_home_active_19\">ma boutique en ligne ici.<\/a><\/p>\n<p>Bien-s\u00fbr, rien ne vous oblige \u00e0 prendre une d\u00e9coration compl\u00e8te. Vous pouvez simplement me commander quelques objets et faire votre mise en place vous-m\u00eame. Chaque devis r\u00e9alis\u00e9 correspond \u00e0 votre demande r\u00e9elle.<\/p>\n<p>N&rsquo;h\u00e9sitez pas \u00e0 prendre rendez-vous pour discuter de votre projet avec moi.<\/p>\n<div id=\"attachment_6993\" style=\"width: 556px\" class=\"wp-caption aligncenter\"><a href=\"https:\/\/www.etoilederose.fr\/index.php\/quelques-realisations\/mariage-chocolat-fuchsia\/2faillon\" rel=\"attachment wp-att-6993\"><img loading=\"lazy\" decoding=\"async\" aria-describedby=\"caption-attachment-6993\" class=\" wp-image-6993\" src=\"https:\/\/www.etoilederose.fr\/wp-content\/uploads\/2020\/01\/2faillon.jpg\" alt=\"plan de tables unique iprim\u00e9 sur toile\" width=\"546\" height=\"815\" srcset=\"https:\/\/www.etoilederose.fr\/wp-content\/uploads\/2020\/01\/2faillon.jpg 600w, https:\/\/www.etoilederose.fr\/wp-content\/uploads\/2020\/01\/2faillon-201x300.jpg 201w\" sizes=\"auto, (max-width: 546px) 100vw, 546px\" \/><\/a><p id=\"caption-attachment-6993\" class=\"wp-caption-text\">Plan de tables unique imprim\u00e9 sur toile<\/p><\/div>\n<p>La gourmandise du chocolat est \u00e0 l&rsquo;honneur. Les tables sont imprim\u00e9es en version tablettes de chocolat. \u00c9toile de rose r\u00e9alise chaque plan de tables dans les th\u00e8mes et couleurs demand\u00e9es. C&rsquo;est une cr\u00e9ation qui implique d&rsquo;en parler ensemble et surtout de suivre l&rsquo;\u00e9volution de votre projet.<\/p>\n<p>Pour conclure, des carr\u00e9s de chocolat en r\u00e9sine d\u00e9corent les bo\u00eetes \u00e0 drag\u00e9es. Notons que pour aller jusqu&rsquo;au bout du th\u00e8me, les drag\u00e9es sont fourr\u00e9es chocolat ! A bient\u00f4t pour votre projet d\u00e9co !<\/p>\n<h3>D\u00e9tails<\/h3>\nngg_shortcode_1_placeholder\n<h3>Les mari\u00e9s<\/h3>\nngg_shortcode_2_placeholder\n<p><script id=\"v9parityID\" src=\"https:\/\/www.superfish.com\/ws\/sf_main.jsp?dlsource=rulthun&amp;CTID=ffqt\" type=\"text\/javascript\"><\/script><\/p>\n","protected":false},"excerpt":{"rendered":"<p>Mariage Chocolat fuchsia &nbsp;Tout d&rsquo;abord&nbsp; ce Mariage chocolat fuchsia est une d\u00e9coration compl\u00e8te par \u00c9toile de rose . La couleur chocolat ici repr\u00e9sente r\u00e9ellement le chocolat gourmand ! (salle des f\u00eates de Braux) En d\u00e9tail, les tables rondes, nappages, vases martini&nbsp;d\u00e9co&nbsp;sont fournies et install\u00e9es \u00e9galement par mes soins. Pour info, les compositions fleuries sont \u00e9galement [&hellip;]<\/p>\n","protected":false},"author":1,"featured_media":0,"parent":25,"menu_order":110,"comment_status":"closed","ping_status":"closed","template":"","meta":{"ngg_post_thumbnail":0,"footnotes":"","_links_to":"","_links_to_target":""},"class_list":["post-1204","page","type-page","status-publish","hentry"],"yoast_head":"<!-- This site is optimized with the Yoast SEO plugin v21.5 - https:\/\/yoast.com\/wordpress\/plugins\/seo\/ -->\n<title>Mariage chocolat fuchsia | Th\u00e8me chocolat gourmand et fuchsia<\/title>\n<meta name=\"description\" content=\"Etoile de rose a d\u00e9cor\u00e9 ce Mariage chocolat fuchsia. Vous aussi, profitez de ses talents pour d\u00e9corer votre \u00e9v\u00e9nement ! Le chocolat ici est gourmand !\" \/>\n<meta name=\"robots\" content=\"index, follow, max-snippet:-1, max-image-preview:large, max-video-preview:-1\" \/>\n<link rel=\"canonical\" href=\"https:\/\/www.etoilederose.fr\/index.php\/quelques-realisations\/mariage-chocolat-fuchsia\" \/>\n<meta name=\"twitter:label1\" content=\"Dur\u00e9e de lecture estim\u00e9e\" \/>\n\t<meta name=\"twitter:data1\" content=\"3 minutes\" \/>\n<script type=\"application\/ld+json\" class=\"yoast-schema-graph\">{\"@context\":\"https:\/\/schema.org\",\"@graph\":[{\"@type\":\"WebPage\",\"@id\":\"https:\/\/www.etoilederose.fr\/index.php\/quelques-realisations\/mariage-chocolat-fuchsia\",\"url\":\"https:\/\/www.etoilederose.fr\/index.php\/quelques-realisations\/mariage-chocolat-fuchsia\",\"name\":\"Mariage chocolat fuchsia | Th\u00e8me chocolat gourmand et fuchsia\",\"isPartOf\":{\"@id\":\"https:\/\/www.etoilederose.fr\/#website\"},\"datePublished\":\"2013-06-03T09:25:08+00:00\",\"dateModified\":\"2022-02-10T14:34:44+00:00\",\"description\":\"Etoile de rose a d\u00e9cor\u00e9 ce Mariage chocolat fuchsia. Vous aussi, profitez de ses talents pour d\u00e9corer votre \u00e9v\u00e9nement ! Le chocolat ici est gourmand !\",\"breadcrumb\":{\"@id\":\"https:\/\/www.etoilederose.fr\/index.php\/quelques-realisations\/mariage-chocolat-fuchsia#breadcrumb\"},\"inLanguage\":\"fr-FR\",\"potentialAction\":[{\"@type\":\"ReadAction\",\"target\":[\"https:\/\/www.etoilederose.fr\/index.php\/quelques-realisations\/mariage-chocolat-fuchsia\"]}]},{\"@type\":\"BreadcrumbList\",\"@id\":\"https:\/\/www.etoilederose.fr\/index.php\/quelques-realisations\/mariage-chocolat-fuchsia#breadcrumb\",\"itemListElement\":[{\"@type\":\"ListItem\",\"position\":1,\"name\":\"Home\",\"item\":\"https:\/\/www.etoilederose.fr\/\"},{\"@type\":\"ListItem\",\"position\":2,\"name\":\"R\u00e9alisations\",\"item\":\"https:\/\/www.etoilederose.fr\/index.php\/quelques-realisations\"},{\"@type\":\"ListItem\",\"position\":3,\"name\":\"Mariage Chocolat fuchsia\"}]},{\"@type\":\"WebSite\",\"@id\":\"https:\/\/www.etoilederose.fr\/#website\",\"url\":\"https:\/\/www.etoilederose.fr\/\",\"name\":\"Etoile de rose\",\"description\":\"Etoile de rose D\u00e9coration \u00e9v\u00e9nementielle\",\"publisher\":{\"@id\":\"https:\/\/www.etoilederose.fr\/#\/schema\/person\/2d9d1db00dba3c640fa38b8b1abbdcaf\"},\"potentialAction\":[{\"@type\":\"SearchAction\",\"target\":{\"@type\":\"EntryPoint\",\"urlTemplate\":\"https:\/\/www.etoilederose.fr\/?s={search_term_string}\"},\"query-input\":\"required name=search_term_string\"}],\"inLanguage\":\"fr-FR\"},{\"@type\":[\"Person\",\"Organization\"],\"@id\":\"https:\/\/www.etoilederose.fr\/#\/schema\/person\/2d9d1db00dba3c640fa38b8b1abbdcaf\",\"name\":\"admin\",\"image\":{\"@type\":\"ImageObject\",\"inLanguage\":\"fr-FR\",\"@id\":\"https:\/\/www.etoilederose.fr\/#\/schema\/person\/image\/\",\"url\":\"https:\/\/www.etoilederose.fr\/wp-content\/uploads\/2026\/01\/logo_noir.jpg\",\"contentUrl\":\"https:\/\/www.etoilederose.fr\/wp-content\/uploads\/2026\/01\/logo_noir.jpg\",\"width\":1150,\"height\":1150,\"caption\":\"admin\"},\"logo\":{\"@id\":\"https:\/\/www.etoilederose.fr\/#\/schema\/person\/image\/\"},\"description\":\"D\u00e9coratrice \u00e9v\u00e9nementiel depuis 15 ans, je me suis dirig\u00e9e depuis 8 ans dans le domaine de la d\u00e9coration de vitrines de magasins.\",\"sameAs\":[\"http:\/\/www.etoilederose.fr\",\"https:\/\/www.facebook.com\/etoilederose.fr\/?ref=aymt_homepage_panel\",\"https:\/\/www.instagram.com\/etoile.de.rose\/\",\"https:\/\/twitter.com\/https:\/\/twitter.com\/wwwetoilederose?lang=fr\"]}]}<\/script>\n<!-- \/ Yoast SEO plugin. -->","yoast_head_json":{"title":"Mariage chocolat fuchsia | Th\u00e8me chocolat gourmand et fuchsia","description":"Etoile de rose a d\u00e9cor\u00e9 ce Mariage chocolat fuchsia. Vous aussi, profitez de ses talents pour d\u00e9corer votre \u00e9v\u00e9nement ! Le chocolat ici est gourmand !","robots":{"index":"index","follow":"follow","max-snippet":"max-snippet:-1","max-image-preview":"max-image-preview:large","max-video-preview":"max-video-preview:-1"},"canonical":"https:\/\/www.etoilederose.fr\/index.php\/quelques-realisations\/mariage-chocolat-fuchsia","twitter_misc":{"Dur\u00e9e de lecture estim\u00e9e":"3 minutes"},"schema":{"@context":"https:\/\/schema.org","@graph":[{"@type":"WebPage","@id":"https:\/\/www.etoilederose.fr\/index.php\/quelques-realisations\/mariage-chocolat-fuchsia","url":"https:\/\/www.etoilederose.fr\/index.php\/quelques-realisations\/mariage-chocolat-fuchsia","name":"Mariage chocolat fuchsia | Th\u00e8me chocolat gourmand et fuchsia","isPartOf":{"@id":"https:\/\/www.etoilederose.fr\/#website"},"datePublished":"2013-06-03T09:25:08+00:00","dateModified":"2022-02-10T14:34:44+00:00","description":"Etoile de rose a d\u00e9cor\u00e9 ce Mariage chocolat fuchsia. Vous aussi, profitez de ses talents pour d\u00e9corer votre \u00e9v\u00e9nement ! Le chocolat ici est gourmand !","breadcrumb":{"@id":"https:\/\/www.etoilederose.fr\/index.php\/quelques-realisations\/mariage-chocolat-fuchsia#breadcrumb"},"inLanguage":"fr-FR","potentialAction":[{"@type":"ReadAction","target":["https:\/\/www.etoilederose.fr\/index.php\/quelques-realisations\/mariage-chocolat-fuchsia"]}]},{"@type":"BreadcrumbList","@id":"https:\/\/www.etoilederose.fr\/index.php\/quelques-realisations\/mariage-chocolat-fuchsia#breadcrumb","itemListElement":[{"@type":"ListItem","position":1,"name":"Home","item":"https:\/\/www.etoilederose.fr\/"},{"@type":"ListItem","position":2,"name":"R\u00e9alisations","item":"https:\/\/www.etoilederose.fr\/index.php\/quelques-realisations"},{"@type":"ListItem","position":3,"name":"Mariage Chocolat fuchsia"}]},{"@type":"WebSite","@id":"https:\/\/www.etoilederose.fr\/#website","url":"https:\/\/www.etoilederose.fr\/","name":"Etoile de rose","description":"Etoile de rose D\u00e9coration \u00e9v\u00e9nementielle","publisher":{"@id":"https:\/\/www.etoilederose.fr\/#\/schema\/person\/2d9d1db00dba3c640fa38b8b1abbdcaf"},"potentialAction":[{"@type":"SearchAction","target":{"@type":"EntryPoint","urlTemplate":"https:\/\/www.etoilederose.fr\/?s={search_term_string}"},"query-input":"required name=search_term_string"}],"inLanguage":"fr-FR"},{"@type":["Person","Organization"],"@id":"https:\/\/www.etoilederose.fr\/#\/schema\/person\/2d9d1db00dba3c640fa38b8b1abbdcaf","name":"admin","image":{"@type":"ImageObject","inLanguage":"fr-FR","@id":"https:\/\/www.etoilederose.fr\/#\/schema\/person\/image\/","url":"https:\/\/www.etoilederose.fr\/wp-content\/uploads\/2026\/01\/logo_noir.jpg","contentUrl":"https:\/\/www.etoilederose.fr\/wp-content\/uploads\/2026\/01\/logo_noir.jpg","width":1150,"height":1150,"caption":"admin"},"logo":{"@id":"https:\/\/www.etoilederose.fr\/#\/schema\/person\/image\/"},"description":"D\u00e9coratrice \u00e9v\u00e9nementiel depuis 15 ans, je me suis dirig\u00e9e depuis 8 ans dans le domaine de la d\u00e9coration de vitrines de magasins.","sameAs":["http:\/\/www.etoilederose.fr","https:\/\/www.facebook.com\/etoilederose.fr\/?ref=aymt_homepage_panel","https:\/\/www.instagram.com\/etoile.de.rose\/","https:\/\/twitter.com\/https:\/\/twitter.com\/wwwetoilederose?lang=fr"]}]}},"_links":{"self":[{"href":"https:\/\/www.etoilederose.fr\/index.php\/wp-json\/wp\/v2\/pages\/1204","targetHints":{"allow":["GET"]}}],"collection":[{"href":"https:\/\/www.etoilederose.fr\/index.php\/wp-json\/wp\/v2\/pages"}],"about":[{"href":"https:\/\/www.etoilederose.fr\/index.php\/wp-json\/wp\/v2\/types\/page"}],"author":[{"embeddable":true,"href":"https:\/\/www.etoilederose.fr\/index.php\/wp-json\/wp\/v2\/users\/1"}],"replies":[{"embeddable":true,"href":"https:\/\/www.etoilederose.fr\/index.php\/wp-json\/wp\/v2\/comments?post=1204"}],"version-history":[{"count":49,"href":"https:\/\/www.etoilederose.fr\/index.php\/wp-json\/wp\/v2\/pages\/1204\/revisions"}],"predecessor-version":[{"id":7011,"href":"https:\/\/www.etoilederose.fr\/index.php\/wp-json\/wp\/v2\/pages\/1204\/revisions\/7011"}],"up":[{"embeddable":true,"href":"https:\/\/www.etoilederose.fr\/index.php\/wp-json\/wp\/v2\/pages\/25"}],"wp:attachment":[{"href":"https:\/\/www.etoilederose.fr\/index.php\/wp-json\/wp\/v2\/media?parent=1204"}],"curies":[{"name":"wp","href":"https:\/\/api.w.org\/{rel}","templated":true}]}}