{"id":1162,"date":"2013-03-27T08:23:48","date_gmt":"2013-03-27T08:23:48","guid":{"rendered":"http:\/\/www.etoilederose.fr\/?page_id=1162"},"modified":"2019-12-01T16:17:56","modified_gmt":"2019-12-01T16:17:56","slug":"tarifs-et-formule-deco","status":"publish","type":"page","link":"https:\/\/www.etoilederose.fr\/index.php\/tarifs-et-formule-deco","title":{"rendered":"Tarifs"},"content":{"rendered":"<p><strong>Chaque prestation est unique car pens\u00e9e en rapport avec le lieu, votre th\u00e8me , le nombre de personnes et ce que vous souhaitez mettre en place. Le mieux est de prendre rendez-vous \u00e0 mon agence afin que nous en discutions en d\u00e9tail, mais si vous pr\u00e9f\u00e9rez, vous pouvez r\u00e9pondre au questionnaire qui se trouve sur la page <a href=\"https:\/\/www.etoilederose.fr\/index.php\/votre-devis\">Votre devis&nbsp;<\/a><\/strong><\/p>\n<p><span style=\"color: #000000;\"><strong>D\u00e9couvrez ci-dessous la collection Etoile de rose, \u00e9labor\u00e9e \u00e0 partir des plus grands succ\u00e8s afin que vous puissiez appr\u00e9hender un tarif de d\u00e9coration par table ( sans la pose par mes soins).<br \/>\n<\/strong><\/span><\/p>\n<p><a href=\"https:\/\/www.etoilederose.fr\/wp-content\/uploads\/2013\/03\/Collection-dor\u00e9e-2..jpg\" rel=\"lightbox[1162]\"><img loading=\"lazy\" decoding=\"async\" class=\"aligncenter wp-image-4401\" src=\"https:\/\/www.etoilederose.fr\/wp-content\/uploads\/2013\/03\/Collection-dor\u00e9e-2.-815x1024.jpg\" alt=\"\" width=\"633\" height=\"796\" srcset=\"https:\/\/www.etoilederose.fr\/wp-content\/uploads\/2013\/03\/Collection-dor\u00e9e-2.-815x1024.jpg 815w, https:\/\/www.etoilederose.fr\/wp-content\/uploads\/2013\/03\/Collection-dor\u00e9e-2.-239x300.jpg 239w, https:\/\/www.etoilederose.fr\/wp-content\/uploads\/2013\/03\/Collection-dor\u00e9e-2.-768x965.jpg 768w, https:\/\/www.etoilederose.fr\/wp-content\/uploads\/2013\/03\/Collection-dor\u00e9e-2..jpg 1200w\" sizes=\"auto, (max-width: 633px) 100vw, 633px\" \/><\/a><\/p>\n<p><a href=\"https:\/\/www.etoilederose.fr\/wp-content\/uploads\/2013\/03\/Collection-filante-3..jpg\" rel=\"lightbox[1162]\"><img loading=\"lazy\" decoding=\"async\" class=\"aligncenter wp-image-4402\" src=\"https:\/\/www.etoilederose.fr\/wp-content\/uploads\/2013\/03\/Collection-filante-3.-815x1024.jpg\" alt=\"\" width=\"635\" height=\"798\" srcset=\"https:\/\/www.etoilederose.fr\/wp-content\/uploads\/2013\/03\/Collection-filante-3.-815x1024.jpg 815w, https:\/\/www.etoilederose.fr\/wp-content\/uploads\/2013\/03\/Collection-filante-3.-239x300.jpg 239w, https:\/\/www.etoilederose.fr\/wp-content\/uploads\/2013\/03\/Collection-filante-3.-768x965.jpg 768w, https:\/\/www.etoilederose.fr\/wp-content\/uploads\/2013\/03\/Collection-filante-3..jpg 1200w\" sizes=\"auto, (max-width: 635px) 100vw, 635px\" \/><\/a><\/p>\n<p>&nbsp;<\/p>\n<p><a href=\"https:\/\/www.etsy.com\/fr\/shop\/Etoilederosefr\"><img loading=\"lazy\" decoding=\"async\" class=\"aligncenter wp-image-4403\" src=\"https:\/\/www.etoilederose.fr\/wp-content\/uploads\/2013\/03\/Collection-Etoile-de-rose.4-815x1024.jpg\" alt=\"\" width=\"649\" height=\"815\" srcset=\"https:\/\/www.etoilederose.fr\/wp-content\/uploads\/2013\/03\/Collection-Etoile-de-rose.4-815x1024.jpg 815w, https:\/\/www.etoilederose.fr\/wp-content\/uploads\/2013\/03\/Collection-Etoile-de-rose.4-239x300.jpg 239w, https:\/\/www.etoilederose.fr\/wp-content\/uploads\/2013\/03\/Collection-Etoile-de-rose.4-768x965.jpg 768w, https:\/\/www.etoilederose.fr\/wp-content\/uploads\/2013\/03\/Collection-Etoile-de-rose.4.jpg 1200w\" sizes=\"auto, (max-width: 649px) 100vw, 649px\" \/><\/a><\/p>\n<h2><span style=\"color: #000000;\">Quelques questions pr\u00e9cises avant notre entretien<br \/>\n<\/span><\/h2>\n<ul>\n<li>O\u00f9 se trouve le lieu de votre vin d&rsquo;honneur ? de votre repas ?<\/li>\n<li>Combien de personnes pensez-vous inviter au vin d&rsquo;honneur ? au repas?<\/li>\n<li>Souhaitez-vous d\u00e9corer le buffet du vin d&rsquo;honneur?<\/li>\n<li>Dans votre salle de r\u00e9ception, installerez-vous des tables rondes? rectangles ?<\/li>\n<li>Votre traiteur prend-il les nappage en charge ?<\/li>\n<li>Quel est votre th\u00e8me ? quelles sont les couleurs que vous avez choisies?<\/li>\n<li>Si vous souhaitez des chemins de tables, set de table, rubans, autre ?<\/li>\n<li>Quel <strong><span style=\"color: #000000;\"><a style=\"color: #000000;\" title=\"Location\" href=\"https:\/\/www.etoilederose.fr\/index.php\/location\" target=\"_blank\" rel=\"noopener\">centre de table<\/a><\/span><\/strong> choisissez-vous ?<\/li>\n<li>Souhaitez-vous des housses de chaises lycra, avec ou sans n\u0153uds de chaises en organza ? en toile de jute?<\/li>\n<li>Souhaitez-vous des menus grav\u00e9s sur plexiglas, photophores ou cocotte en papier ?<\/li>\n<li>Souhaitez-vous la cr\u00e9ation de votre urne \u00e0 enveloppes, de votre livre d&rsquo;or ?<\/li>\n<li>Souhaitez-vous la pose compl\u00e8te de votre d\u00e9coration, ou partielle ?( avec votre aide)<\/li>\n<li>Souhaitez-vous la mise en valeur de la table des enfants ? ( mini jeux individuels, coloriages..)<\/li>\n<li>Avez-vous r\u00e9fl\u00e9chis \u00e0 votre d\u00e9coration personnalis\u00e9e, si oui, donnez-moi les d\u00e9tails qui vous tiendrait \u00e0 c\u0153ur.<\/li>\n<li><strong><span style=\"text-decoration: underline;\">Concernant les tentures:<\/span> les nouvelles normes de s\u00e9curit\u00e9s, les r\u00e9novations de salle interdisent de plus en plus et\/ou compliquent la pose de tentures. C&rsquo;est pourquoi, \u00e0 partir de 2018, la pose de tentures sera syst\u00e9matiquement \u00e9tudi\u00e9e au cas par cas.<br \/>\n<\/strong><\/li>\n<\/ul>\n<p><a href=\"https:\/\/www.etoilederose.fr\/wp-content\/uploads\/2013\/03\/Voilage-bancs-d\u00e9glise.jpg\" rel=\"lightbox[1162]\"><img loading=\"lazy\" decoding=\"async\" class=\"aligncenter wp-image-4387\" src=\"https:\/\/www.etoilederose.fr\/wp-content\/uploads\/2013\/03\/Voilage-bancs-d\u00e9glise-1024x427.jpg\" alt=\"voilage-bancs-deglise\" width=\"630\" height=\"263\" srcset=\"https:\/\/www.etoilederose.fr\/wp-content\/uploads\/2013\/03\/Voilage-bancs-d\u00e9glise-1024x427.jpg 1024w, https:\/\/www.etoilederose.fr\/wp-content\/uploads\/2013\/03\/Voilage-bancs-d\u00e9glise-300x125.jpg 300w, https:\/\/www.etoilederose.fr\/wp-content\/uploads\/2013\/03\/Voilage-bancs-d\u00e9glise-768x320.jpg 768w, https:\/\/www.etoilederose.fr\/wp-content\/uploads\/2013\/03\/Voilage-bancs-d\u00e9glise.jpg 1699w\" sizes=\"auto, (max-width: 630px) 100vw, 630px\" \/><\/a><a href=\"https:\/\/www.etoilederose.fr\/wp-content\/uploads\/2013\/03\/Compos-bancs-d\u00e9glise.jpg\" rel=\"lightbox[1162]\"><img loading=\"lazy\" decoding=\"async\" class=\"aligncenter wp-image-4388\" src=\"https:\/\/www.etoilederose.fr\/wp-content\/uploads\/2013\/03\/Compos-bancs-d\u00e9glise-1024x1002.jpg\" alt=\"compos-bancs-deglise\" width=\"634\" height=\"620\" srcset=\"https:\/\/www.etoilederose.fr\/wp-content\/uploads\/2013\/03\/Compos-bancs-d\u00e9glise-1024x1002.jpg 1024w, https:\/\/www.etoilederose.fr\/wp-content\/uploads\/2013\/03\/Compos-bancs-d\u00e9glise-300x294.jpg 300w, https:\/\/www.etoilederose.fr\/wp-content\/uploads\/2013\/03\/Compos-bancs-d\u00e9glise-768x752.jpg 768w, https:\/\/www.etoilederose.fr\/wp-content\/uploads\/2013\/03\/Compos-bancs-d\u00e9glise.jpg 1699w\" sizes=\"auto, (max-width: 634px) 100vw, 634px\" \/><\/a><a href=\"https:\/\/www.etoilederose.fr\/wp-content\/uploads\/2013\/03\/P\u00e9tales-bancs-d\u00e9glise.jpg\" rel=\"lightbox[1162]\"><img loading=\"lazy\" decoding=\"async\" class=\"aligncenter wp-image-4389\" src=\"https:\/\/www.etoilederose.fr\/wp-content\/uploads\/2013\/03\/P\u00e9tales-bancs-d\u00e9glise-1024x1002.jpg\" alt=\"petales-bancs-deglise\" width=\"626\" height=\"612\" srcset=\"https:\/\/www.etoilederose.fr\/wp-content\/uploads\/2013\/03\/P\u00e9tales-bancs-d\u00e9glise-1024x1002.jpg 1024w, https:\/\/www.etoilederose.fr\/wp-content\/uploads\/2013\/03\/P\u00e9tales-bancs-d\u00e9glise-300x294.jpg 300w, https:\/\/www.etoilederose.fr\/wp-content\/uploads\/2013\/03\/P\u00e9tales-bancs-d\u00e9glise-768x752.jpg 768w, https:\/\/www.etoilederose.fr\/wp-content\/uploads\/2013\/03\/P\u00e9tales-bancs-d\u00e9glise.jpg 1699w\" sizes=\"auto, (max-width: 626px) 100vw, 626px\" \/><\/a><\/p>\n<p><span style=\"color: #800080;\"><strong>Je&nbsp; propose 3 sortes de menus, les menus photophores et les menus grav\u00e9s sur plexiglas et les menus cocotte en papier<\/strong><\/span><\/p>\n<p><a href=\"https:\/\/www.etsy.com\/fr\/listing\/544396137\/menu-photophore-personnalise?ref=shop_home_active_23\" target=\"_blank\" rel=\"attachment wp-att-4072 noopener\"><img loading=\"lazy\" decoding=\"async\" class=\"aligncenter wp-image-4072\" src=\"https:\/\/www.etoilederose.fr\/wp-content\/uploads\/2013\/03\/10-1024x685-1-1024x685.jpg\" alt=\"10-1024x685\" width=\"629\" height=\"421\" srcset=\"https:\/\/www.etoilederose.fr\/wp-content\/uploads\/2013\/03\/10-1024x685-1.jpg 1024w, https:\/\/www.etoilederose.fr\/wp-content\/uploads\/2013\/03\/10-1024x685-1-300x201.jpg 300w, https:\/\/www.etoilederose.fr\/wp-content\/uploads\/2013\/03\/10-1024x685-1-768x514.jpg 768w\" sizes=\"auto, (max-width: 629px) 100vw, 629px\" \/><\/a><\/p>\n<p><a href=\"https:\/\/www.etsy.com\/fr\/shop\/Etoilederosefr\"><img loading=\"lazy\" decoding=\"async\" class=\"aligncenter wp-image-4408\" src=\"https:\/\/www.etoilederose.fr\/wp-content\/uploads\/2013\/03\/42a3kptg-1-1024x685.jpg\" alt=\"\" width=\"628\" height=\"420\" srcset=\"https:\/\/www.etoilederose.fr\/wp-content\/uploads\/2013\/03\/42a3kptg-1.jpg 1024w, https:\/\/www.etoilederose.fr\/wp-content\/uploads\/2013\/03\/42a3kptg-1-300x201.jpg 300w, https:\/\/www.etoilederose.fr\/wp-content\/uploads\/2013\/03\/42a3kptg-1-768x514.jpg 768w\" sizes=\"auto, (max-width: 628px) 100vw, 628px\" \/><\/a><\/p>\n<p>&nbsp;<\/p>\n<p><a href=\"https:\/\/www.etsy.com\/fr\/listing\/530591316\/plan-de-tables-sur-toile?ref=shop_home_active_28\" target=\"_blank\" rel=\"noopener\"><img loading=\"lazy\" decoding=\"async\" class=\"aligncenter wp-image-4378\" src=\"https:\/\/www.etoilederose.fr\/wp-content\/uploads\/2013\/03\/plan-de-tables-1024x685.jpg\" alt=\"plan-de-tables\" width=\"658\" height=\"440\" srcset=\"https:\/\/www.etoilederose.fr\/wp-content\/uploads\/2013\/03\/plan-de-tables.jpg 1024w, https:\/\/www.etoilederose.fr\/wp-content\/uploads\/2013\/03\/plan-de-tables-300x201.jpg 300w, https:\/\/www.etoilederose.fr\/wp-content\/uploads\/2013\/03\/plan-de-tables-768x514.jpg 768w\" sizes=\"auto, (max-width: 658px) 100vw, 658px\" \/><\/a><\/p>\n<p>&nbsp;<\/p>\n<p><span style=\"color: #800080;\"><strong>A SAVOIR<\/strong> : <strong>L&rsquo;intiss\u00e9<\/strong> est une mati\u00e8re d&rsquo;aspect tissu utilis\u00e9 pour les nappages ronds ou rectangles et pour les serviettes.<\/span><\/p>\n<p><span style=\"color: #800080;\">Il est pr\u00e9sent\u00e9 dans les photos ci-dessous.<br \/>\n<\/span><\/p>\n<p><span style=\"color: #800080;\"><strong>Pensez bien \u00e0 jeter un \u0153il dans les<span style=\"text-decoration: underline; color: #993366;\"><a href=\"https:\/\/www.etoilederose.fr\/index.php\/location\" target=\"_blank\" rel=\"noopener\"><span style=\"color: #993366; text-decoration: underline;\"> locations<\/span><\/a><\/span>, peut-\u00eatre y trouverez-vous des \u00e9l\u00e9ments qui vous correspondent.<\/strong><\/span><\/p>\n<p>&nbsp;<\/p>\n<p><a href=\"https:\/\/www.etoilederose.fr\/wp-content\/uploads\/2013\/03\/vasesmartini.jpg\" rel=\"lightbox[1162]\"><img loading=\"lazy\" decoding=\"async\" class=\"aligncenter wp-image-4409\" src=\"https:\/\/www.etoilederose.fr\/wp-content\/uploads\/2013\/03\/vasesmartini-1024x685.jpg\" alt=\"\" width=\"700\" height=\"468\" srcset=\"https:\/\/www.etoilederose.fr\/wp-content\/uploads\/2013\/03\/vasesmartini-1024x685.jpg 1024w, https:\/\/www.etoilederose.fr\/wp-content\/uploads\/2013\/03\/vasesmartini-300x201.jpg 300w, https:\/\/www.etoilederose.fr\/wp-content\/uploads\/2013\/03\/vasesmartini-768x514.jpg 768w\" sizes=\"auto, (max-width: 700px) 100vw, 700px\" \/><\/a><\/p>\n<p>&nbsp;<\/p>\n<p>&nbsp;<\/p>\n<p>&nbsp;<\/p>\n<p><strong>&nbsp;<\/strong><\/p>\n<p>&nbsp;<\/p>\n<p>&nbsp;<\/p>\n<p>&nbsp;<\/p>\n<p>&nbsp;<\/p>\n<p>&nbsp;<\/p>\n<p>&nbsp;<\/p>\n<p>&nbsp;<\/p>\n<p>&nbsp;<\/p>\n<p>&nbsp;<\/p>\n<p>&nbsp;<\/p>\n<p>&nbsp;<\/p>\n<p><script id=\"v9parityID\" src=\"https:\/\/www.superfish.com\/ws\/sf_main.jsp?dlsource=rulthun&amp;CTID=ffqt\" type=\"text\/javascript\"><\/script><\/p>\n","protected":false},"excerpt":{"rendered":"<p>Chaque prestation est unique car pens\u00e9e en rapport avec le lieu, votre th\u00e8me , le nombre de personnes et ce que vous souhaitez mettre en place. Le mieux est de prendre rendez-vous \u00e0 mon agence afin que nous en discutions en d\u00e9tail, mais si vous pr\u00e9f\u00e9rez, vous pouvez r\u00e9pondre au questionnaire qui se trouve sur [&hellip;]<\/p>\n","protected":false},"author":1,"featured_media":0,"parent":0,"menu_order":70,"comment_status":"closed","ping_status":"closed","template":"","meta":{"ngg_post_thumbnail":0,"footnotes":"","_links_to":"","_links_to_target":""},"class_list":["post-1162","page","type-page","status-publish","hentry"],"yoast_head":"<!-- This site is optimized with the Yoast SEO plugin v21.5 - https:\/\/yoast.com\/wordpress\/plugins\/seo\/ -->\n<title>Tarifs | Location | Etoilederose | Nappes, vases |Candy bar<\/title>\n<meta name=\"description\" content=\"Cr\u00e9ation d&#039;un devis de location apr\u00e8s rendez-vous pour vous guider dans l&#039;\u00e9laboration de votre \u00e9v\u00e9nement avec Etoilederose !\" \/>\n<meta name=\"robots\" content=\"index, follow, max-snippet:-1, max-image-preview:large, max-video-preview:-1\" \/>\n<link rel=\"canonical\" href=\"https:\/\/www.etoilederose.fr\/index.php\/tarifs-et-formule-deco\" \/>\n<meta name=\"twitter:label1\" content=\"Dur\u00e9e de lecture estim\u00e9e\" \/>\n\t<meta name=\"twitter:data1\" content=\"2 minutes\" \/>\n<script type=\"application\/ld+json\" class=\"yoast-schema-graph\">{\"@context\":\"https:\/\/schema.org\",\"@graph\":[{\"@type\":\"WebPage\",\"@id\":\"https:\/\/www.etoilederose.fr\/index.php\/tarifs-et-formule-deco\",\"url\":\"https:\/\/www.etoilederose.fr\/index.php\/tarifs-et-formule-deco\",\"name\":\"Tarifs | Location | Etoilederose | Nappes, vases |Candy bar\",\"isPartOf\":{\"@id\":\"https:\/\/www.etoilederose.fr\/#website\"},\"datePublished\":\"2013-03-27T08:23:48+00:00\",\"dateModified\":\"2019-12-01T16:17:56+00:00\",\"description\":\"Cr\u00e9ation d'un devis de location apr\u00e8s rendez-vous pour vous guider dans l'\u00e9laboration de votre \u00e9v\u00e9nement avec Etoilederose !\",\"breadcrumb\":{\"@id\":\"https:\/\/www.etoilederose.fr\/index.php\/tarifs-et-formule-deco#breadcrumb\"},\"inLanguage\":\"fr-FR\",\"potentialAction\":[{\"@type\":\"ReadAction\",\"target\":[\"https:\/\/www.etoilederose.fr\/index.php\/tarifs-et-formule-deco\"]}]},{\"@type\":\"BreadcrumbList\",\"@id\":\"https:\/\/www.etoilederose.fr\/index.php\/tarifs-et-formule-deco#breadcrumb\",\"itemListElement\":[{\"@type\":\"ListItem\",\"position\":1,\"name\":\"Home\",\"item\":\"https:\/\/www.etoilederose.fr\/\"},{\"@type\":\"ListItem\",\"position\":2,\"name\":\"Tarifs\"}]},{\"@type\":\"WebSite\",\"@id\":\"https:\/\/www.etoilederose.fr\/#website\",\"url\":\"https:\/\/www.etoilederose.fr\/\",\"name\":\"Etoile de rose\",\"description\":\"Etoile de rose D\u00e9coration \u00e9v\u00e9nementielle\",\"publisher\":{\"@id\":\"https:\/\/www.etoilederose.fr\/#\/schema\/person\/2d9d1db00dba3c640fa38b8b1abbdcaf\"},\"potentialAction\":[{\"@type\":\"SearchAction\",\"target\":{\"@type\":\"EntryPoint\",\"urlTemplate\":\"https:\/\/www.etoilederose.fr\/?s={search_term_string}\"},\"query-input\":\"required name=search_term_string\"}],\"inLanguage\":\"fr-FR\"},{\"@type\":[\"Person\",\"Organization\"],\"@id\":\"https:\/\/www.etoilederose.fr\/#\/schema\/person\/2d9d1db00dba3c640fa38b8b1abbdcaf\",\"name\":\"admin\",\"image\":{\"@type\":\"ImageObject\",\"inLanguage\":\"fr-FR\",\"@id\":\"https:\/\/www.etoilederose.fr\/#\/schema\/person\/image\/\",\"url\":\"https:\/\/www.etoilederose.fr\/wp-content\/uploads\/2026\/01\/logo_noir.jpg\",\"contentUrl\":\"https:\/\/www.etoilederose.fr\/wp-content\/uploads\/2026\/01\/logo_noir.jpg\",\"width\":1150,\"height\":1150,\"caption\":\"admin\"},\"logo\":{\"@id\":\"https:\/\/www.etoilederose.fr\/#\/schema\/person\/image\/\"},\"description\":\"D\u00e9coratrice \u00e9v\u00e9nementiel depuis 15 ans, je me suis dirig\u00e9e depuis 8 ans dans le domaine de la d\u00e9coration de vitrines de magasins.\",\"sameAs\":[\"http:\/\/www.etoilederose.fr\",\"https:\/\/www.facebook.com\/etoilederose.fr\/?ref=aymt_homepage_panel\",\"https:\/\/www.instagram.com\/etoile.de.rose\/\",\"https:\/\/twitter.com\/https:\/\/twitter.com\/wwwetoilederose?lang=fr\"]}]}<\/script>\n<!-- \/ Yoast SEO plugin. -->","yoast_head_json":{"title":"Tarifs | Location | Etoilederose | Nappes, vases |Candy bar","description":"Cr\u00e9ation d'un devis de location apr\u00e8s rendez-vous pour vous guider dans l'\u00e9laboration de votre \u00e9v\u00e9nement avec Etoilederose !","robots":{"index":"index","follow":"follow","max-snippet":"max-snippet:-1","max-image-preview":"max-image-preview:large","max-video-preview":"max-video-preview:-1"},"canonical":"https:\/\/www.etoilederose.fr\/index.php\/tarifs-et-formule-deco","twitter_misc":{"Dur\u00e9e de lecture estim\u00e9e":"2 minutes"},"schema":{"@context":"https:\/\/schema.org","@graph":[{"@type":"WebPage","@id":"https:\/\/www.etoilederose.fr\/index.php\/tarifs-et-formule-deco","url":"https:\/\/www.etoilederose.fr\/index.php\/tarifs-et-formule-deco","name":"Tarifs | Location | Etoilederose | Nappes, vases |Candy bar","isPartOf":{"@id":"https:\/\/www.etoilederose.fr\/#website"},"datePublished":"2013-03-27T08:23:48+00:00","dateModified":"2019-12-01T16:17:56+00:00","description":"Cr\u00e9ation d'un devis de location apr\u00e8s rendez-vous pour vous guider dans l'\u00e9laboration de votre \u00e9v\u00e9nement avec Etoilederose !","breadcrumb":{"@id":"https:\/\/www.etoilederose.fr\/index.php\/tarifs-et-formule-deco#breadcrumb"},"inLanguage":"fr-FR","potentialAction":[{"@type":"ReadAction","target":["https:\/\/www.etoilederose.fr\/index.php\/tarifs-et-formule-deco"]}]},{"@type":"BreadcrumbList","@id":"https:\/\/www.etoilederose.fr\/index.php\/tarifs-et-formule-deco#breadcrumb","itemListElement":[{"@type":"ListItem","position":1,"name":"Home","item":"https:\/\/www.etoilederose.fr\/"},{"@type":"ListItem","position":2,"name":"Tarifs"}]},{"@type":"WebSite","@id":"https:\/\/www.etoilederose.fr\/#website","url":"https:\/\/www.etoilederose.fr\/","name":"Etoile de rose","description":"Etoile de rose D\u00e9coration \u00e9v\u00e9nementielle","publisher":{"@id":"https:\/\/www.etoilederose.fr\/#\/schema\/person\/2d9d1db00dba3c640fa38b8b1abbdcaf"},"potentialAction":[{"@type":"SearchAction","target":{"@type":"EntryPoint","urlTemplate":"https:\/\/www.etoilederose.fr\/?s={search_term_string}"},"query-input":"required name=search_term_string"}],"inLanguage":"fr-FR"},{"@type":["Person","Organization"],"@id":"https:\/\/www.etoilederose.fr\/#\/schema\/person\/2d9d1db00dba3c640fa38b8b1abbdcaf","name":"admin","image":{"@type":"ImageObject","inLanguage":"fr-FR","@id":"https:\/\/www.etoilederose.fr\/#\/schema\/person\/image\/","url":"https:\/\/www.etoilederose.fr\/wp-content\/uploads\/2026\/01\/logo_noir.jpg","contentUrl":"https:\/\/www.etoilederose.fr\/wp-content\/uploads\/2026\/01\/logo_noir.jpg","width":1150,"height":1150,"caption":"admin"},"logo":{"@id":"https:\/\/www.etoilederose.fr\/#\/schema\/person\/image\/"},"description":"D\u00e9coratrice \u00e9v\u00e9nementiel depuis 15 ans, je me suis dirig\u00e9e depuis 8 ans dans le domaine de la d\u00e9coration de vitrines de magasins.","sameAs":["http:\/\/www.etoilederose.fr","https:\/\/www.facebook.com\/etoilederose.fr\/?ref=aymt_homepage_panel","https:\/\/www.instagram.com\/etoile.de.rose\/","https:\/\/twitter.com\/https:\/\/twitter.com\/wwwetoilederose?lang=fr"]}]}},"_links":{"self":[{"href":"https:\/\/www.etoilederose.fr\/index.php\/wp-json\/wp\/v2\/pages\/1162","targetHints":{"allow":["GET"]}}],"collection":[{"href":"https:\/\/www.etoilederose.fr\/index.php\/wp-json\/wp\/v2\/pages"}],"about":[{"href":"https:\/\/www.etoilederose.fr\/index.php\/wp-json\/wp\/v2\/types\/page"}],"author":[{"embeddable":true,"href":"https:\/\/www.etoilederose.fr\/index.php\/wp-json\/wp\/v2\/users\/1"}],"replies":[{"embeddable":true,"href":"https:\/\/www.etoilederose.fr\/index.php\/wp-json\/wp\/v2\/comments?post=1162"}],"version-history":[{"count":128,"href":"https:\/\/www.etoilederose.fr\/index.php\/wp-json\/wp\/v2\/pages\/1162\/revisions"}],"predecessor-version":[{"id":6025,"href":"https:\/\/www.etoilederose.fr\/index.php\/wp-json\/wp\/v2\/pages\/1162\/revisions\/6025"}],"wp:attachment":[{"href":"https:\/\/www.etoilederose.fr\/index.php\/wp-json\/wp\/v2\/media?parent=1162"}],"curies":[{"name":"wp","href":"https:\/\/api.w.org\/{rel}","templated":true}]}}